{"id":291,"date":"2022-11-30T14:03:52","date_gmt":"2022-11-30T12:03:52","guid":{"rendered":"https:\/\/blog.edu.turku.fi\/oppimisen-tuki\/?page_id=291"},"modified":"2025-11-11T14:23:22","modified_gmt":"2025-11-11T12:23:22","slug":"perheneuvola","status":"publish","type":"page","link":"https:\/\/blog.edu.turku.fi\/oppimisen-tuki\/koulutusasteet\/varhaiskasvatus\/toimijat\/perheneuvola\/","title":{"rendered":"Perheneuvola"},"content":{"rendered":"<pre><em>Huom. Varhaiskasvatuksessa olevien lasten huoltajat voivat saada matalan kynnyksen keskusteluapua ja palveluohjausta lapsiperhearkeen my\u00f6s <a href=\"https:\/\/blog.edu.turku.fi\/oppimisen-tuki\/fi\/koulutusasteet\/varhaiskasvatus\/toimijat\/alueellinen-sosionomi\/\">alueelliselta sosionomilta<\/a>. Keskustelu alson kanssa onnistuu usein nopeasti. <\/em><em>Perheneuvolan asiakkaaksi hakeutuminen ei sulje pois alson palveluiden k\u00e4ytt\u00f6\u00e4.<\/em><\/pre>\n<p>Perheneuvola tarjoaa apua ja tukea lapsen ja nuoren psyykkiseen kehitykseen sek\u00e4 vanhemmuuteen liittyviss\u00e4 kysymyksiss\u00e4.\u00a0 Turun perheneuvola on osa Varhan (Varsinais-Suomen hyvinvointialue) palveluita.<\/p>\n<p><strong>Perheneuvolasta saa <\/strong><strong>tukea <\/strong><\/p>\n<ul>\n<li>kasvatukseen liittyviss\u00e4 pulmissa<\/li>\n<li>lapsen k\u00e4ytt\u00e4ytyminen tai tunne-el\u00e4m\u00e4n huolissa<\/li>\n<li>lapsen vaikeuksiin kavereiden kanssa tai sosiaalisissa suhteissa<\/li>\n<li>perheen vuorovaikutusongelmiin ja ristiriitatilanteiden selvittelyyn<\/li>\n<\/ul>\n<p><strong>Perheneuvolan palvelut lapsiperheille<\/strong><\/p>\n<ul>\n<li>lapsen ja perheen tilanteen kartoitus ja tukitoimien suunnittelu<\/li>\n<li>lasten ja vanhempien ja perheiden tukik\u00e4ynnit<\/li>\n<li>lasten ja nuorten psykologiset yksil\u00f6tutkimukset<\/li>\n<li>parisuhdek\u00e4ynnit<\/li>\n<li>perheasioiden sovittelu<\/li>\n<li>perheterapeuttinen ty\u00f6<\/li>\n<li>vauvaperheiden palvelut<\/li>\n<li>kriisiajat, kun perhett\u00e4 on kohdannut yll\u00e4tt\u00e4v\u00e4 ja traumaattinen tapahtuma<\/li>\n<li>yhteisty\u00f6 mm. varhaiskasvatuksen, koulujen ja lastensuojelun kanssa asiakkaan luvalla<\/li>\n<li>erilaiset ryhm\u00e4t asiakkaille<\/li>\n<\/ul>\n","protected":false},"excerpt":{"rendered":"<p>Perheneuvola on Turussa toimiva palvelu, jonka piiriin voidaan ohjata perheit\u00e4, mik\u00e4li perhe tarvitsee apua ja tukea lapsen ja nuoren psyykkiseen kehitykseen sek\u00e4 vanhemmuuteen liittyviss\u00e4 kysymyksiss\u00e4. Perheneuvolassa annetaan tukea perheiden vuo&#8230;<\/p>\n","protected":false},"author":56,"featured_media":0,"parent":359,"menu_order":0,"comment_status":"closed","ping_status":"closed","template":"","meta":{"footnotes":""},"class_list":["post-291","page","type-page","status-publish","hentry"],"_links":{"self":[{"href":"https:\/\/blog.edu.turku.fi\/oppimisen-tuki\/wp-json\/wp\/v2\/pages\/291","targetHints":{"allow":["GET"]}}],"collection":[{"href":"https:\/\/blog.edu.turku.fi\/oppimisen-tuki\/wp-json\/wp\/v2\/pages"}],"about":[{"href":"https:\/\/blog.edu.turku.fi\/oppimisen-tuki\/wp-json\/wp\/v2\/types\/page"}],"author":[{"embeddable":true,"href":"https:\/\/blog.edu.turku.fi\/oppimisen-tuki\/wp-json\/wp\/v2\/users\/56"}],"replies":[{"embeddable":true,"href":"https:\/\/blog.edu.turku.fi\/oppimisen-tuki\/wp-json\/wp\/v2\/comments?post=291"}],"version-history":[{"count":15,"href":"https:\/\/blog.edu.turku.fi\/oppimisen-tuki\/wp-json\/wp\/v2\/pages\/291\/revisions"}],"predecessor-version":[{"id":5445,"href":"https:\/\/blog.edu.turku.fi\/oppimisen-tuki\/wp-json\/wp\/v2\/pages\/291\/revisions\/5445"}],"up":[{"embeddable":true,"href":"https:\/\/blog.edu.turku.fi\/oppimisen-tuki\/wp-json\/wp\/v2\/pages\/359"}],"wp:attachment":[{"href":"https:\/\/blog.edu.turku.fi\/oppimisen-tuki\/wp-json\/wp\/v2\/media?parent=291"}],"curies":[{"name":"wp","href":"https:\/\/api.w.org\/{rel}","templated":true}]}}