{"id":2841,"date":"2023-08-04T08:51:36","date_gmt":"2023-08-04T05:51:36","guid":{"rendered":"https:\/\/blog.edu.turku.fi\/oppimisen-tuki\/?page_id=2841"},"modified":"2023-10-19T16:42:37","modified_gmt":"2023-10-19T13:42:37","slug":"pedagogisen-kirjoittamisen-suositukset","status":"publish","type":"page","link":"https:\/\/blog.edu.turku.fi\/oppimisen-tuki\/koulutusasteet\/varhaiskasvatus\/lisatiedot\/pedagogisen-kirjoittamisen-suositukset\/","title":{"rendered":"Pedagogisen kirjoittamisen suositukset"},"content":{"rendered":"<p>Lapsen vasuun kirjattavat tavoitteet, toimenpiteet ja arviointi on t\u00e4rke\u00e4 osa suunnitelmallista varhaiskasvatuksen pedagogiikkaa ja dokumentointia. Hyvin tehdyill\u00e4 pedagogisilla kirjauksilla varmistetaan my\u00f6s lapsen kasvun, oppimisen ja tuen jatkuvuutta siirtymiss\u00e4 ja nivelvaiheissa.<\/p>\n<p><strong>Kenelle lapsen varhaiskasvatussuunnitelma kirjoitetaan?<\/strong><\/p>\n<ol>\n<li><strong>Lapselle:\u00a0<\/strong>lapsen osallisuuden varmistaminen ja dokumentointi<\/li>\n<li><strong>Lapsen vanhemmille tai\u00a0muille huoltajille:\u00a0<\/strong>ty\u00f6v\u00e4line yhteisty\u00f6h\u00f6n ja yhdess\u00e4 sovittujen tavoitteiden asettamiseen<\/li>\n<li><strong>Ryhm\u00e4n ja tuen henkil\u00f6st\u00f6lle:\u00a0<\/strong>ty\u00f6v\u00e4line, joka ohjaa lapsen varhaiskasvatuksen suunnittelua, toteutusta ja arviointia<\/li>\n<li><strong>Lapsen tulevaan varhaiskasvatus- tai esiopetuspaikkaan:\u00a0<\/strong>dokumentti, joka rakentaa lapsen kasvun, oppimisen ja tuen jatkumoa<\/li>\n<li><strong>LATU-ty\u00f6ryhm\u00e4lle ja erityispalvelup\u00e4\u00e4llik\u00f6lle:\u00a0<\/strong>asiakirja, jota k\u00e4ytet\u00e4\u00e4n tuen p\u00e4\u00e4t\u00f6sten valmistelussa ja p\u00e4\u00e4t\u00f6ksenteossa<\/li>\n<\/ol>\n<p><strong>Tuen tarpeista kirjoittaminen<\/strong><\/p>\n<p>Lapsen vasuun tuen tarpeista kirjoitetaan lasta kunnioittavasti. Tekstist\u00e4 tulee n\u00e4ky\u00e4, mink\u00e4laisiin arjen tilanteisiin tuen tarve on sidoksissa. Huomiota kiinnitet\u00e4\u00e4n oppimisymp\u00e4rist\u00f6\u00f6n ja henkil\u00f6st\u00f6n pedagogiseen toimintaan, jotta n\u00e4it\u00e4 voidaan muokata lapsen tuen tarpeet huomioiviksi.<\/p>\n<p>Tuen tarpeesta kirjoittaessa pohdi seuraavia asioita:<\/p>\n<ul>\n<li>Miss\u00e4 ja milloin tuen tarve ilmenee?<\/li>\n<li>Kuvaile sek\u00e4 lapseen, ett\u00e4 tilanteeseen liittyv\u00e4t tekij\u00e4t<\/li>\n<li>Mit\u00e4 olemme jo kokeilleet?<\/li>\n<li>Mik\u00e4 auttaa ja miten?<\/li>\n<li>Miten tuki vaikuttaa lapsen toimintaan?<\/li>\n<li>Miss\u00e4 olosuhteissa ja millaisella tuella haastava asia onnistuu?<\/li>\n<\/ul>\n<pre>Diagnoosit ja lapsen tai perheen sosiaali- ja terveydenhuoltoon liittyv\u00e4t asiat eiv\u00e4t kuulu pedagogiseen asiakirjaan. \r\n\r\nLapsen vasussa voi kuitenkin joskus ilmet\u00e4 n\u00e4ihin liittyvi\u00e4 asioita (esim. lapsen hoidollisen tuen toteutus), jos ne ovat lapsen varhaiskasvatuksen toteuttamisen kannalta v\u00e4ltt\u00e4m\u00e4t\u00f6nt\u00e4 tietoa.<\/pre>\n<p><strong>Tavoitteet ja menetelm\u00e4t: konkreettiset, riitt\u00e4v\u00e4t tarkat ja saavutettavat<\/strong><\/p>\n<p>Lapsen vasussa asetettavien tavoitteiden tulee olla realistisia, selkeit\u00e4 ja riitt\u00e4v\u00e4n tarkkoja. Liian ep\u00e4m\u00e4\u00e4r\u00e4iset, yleisluontoiset tai laajat tavoitteet ei k\u00e4yt\u00e4nn\u00f6ss\u00e4 tue tavoitteellista pedagogiikkaa. Sama periaate p\u00e4tee menetelmiin. Tavoitteille on aina osoitettava menetelm\u00e4 tai menetelmi\u00e4, joilla tavoitteisiin pyrit\u00e4\u00e4n. Menetelmien tulee tulla realistisia ja toteuttamiskelpoisia sek\u00e4 riitt\u00e4v\u00e4n tarkasti kuvattu.<\/p>\n<p><strong>Lapsen ja huoltajien osallisuus: jokaisen \u00e4\u00e4ni kuuluviin<\/strong><\/p>\n<p>Pedagogisessa kirjoittamisessa on t\u00e4rke\u00e4\u00e4 tuoda esille varhaiskasvatuksen asiantuntijoiden n\u00e4kemysten lis\u00e4ksi lapsen ja lapsen huoltajien n\u00e4kemykset. Tavoite on, ett\u00e4 huoltajat ovat vasuprosessissa aidosti mukana lapsen varhaiskasvatuksen suunnittelussa ja asiakirjasta ilmenee my\u00f6s lapsen mielipide. Huoltajien n\u00e4k\u00f6kulmien huomioiminen on erityisen t\u00e4rke\u00e4\u00e4 tilanteissa, joissa lapsella on vahva tuen tarve ja tuen toteutus edellytt\u00e4\u00e4 eri toimijoiden v\u00e4list\u00e4 tiivist\u00e4 yhteisty\u00f6t\u00e4.<\/p>\n<p>L\u00e4hteet:<\/p>\n<p>Lapsen vasu tuen aikana OPH 2019, Lasten vasujen auditointitulokset Turun kaupunki 2023 Lasta kunnioittava pedagoginen kirjoittaminen vasu-miitti Turun kaupunki kev\u00e4t 2023<\/p>\n","protected":false},"excerpt":{"rendered":"<p>Lapsen varhaiskasvatussuunnitelmaan kirjattava arviointi ja dokumentointi on t\u00e4rke\u00e4 osa suunnitelmallista varhaiskasvatuksen pedagogiikkaa. Asiakirjoja laativien ammattilaisten on kuitenkin t\u00e4rke\u00e4\u00e4 tiedostaa, ett\u00e4 kirjauksilla voi olla kauaskantoisia&#8230;<\/p>\n","protected":false},"author":56,"featured_media":0,"parent":177,"menu_order":0,"comment_status":"closed","ping_status":"closed","template":"","meta":{"footnotes":""},"class_list":["post-2841","page","type-page","status-publish","hentry"],"_links":{"self":[{"href":"https:\/\/blog.edu.turku.fi\/oppimisen-tuki\/wp-json\/wp\/v2\/pages\/2841","targetHints":{"allow":["GET"]}}],"collection":[{"href":"https:\/\/blog.edu.turku.fi\/oppimisen-tuki\/wp-json\/wp\/v2\/pages"}],"about":[{"href":"https:\/\/blog.edu.turku.fi\/oppimisen-tuki\/wp-json\/wp\/v2\/types\/page"}],"author":[{"embeddable":true,"href":"https:\/\/blog.edu.turku.fi\/oppimisen-tuki\/wp-json\/wp\/v2\/users\/56"}],"replies":[{"embeddable":true,"href":"https:\/\/blog.edu.turku.fi\/oppimisen-tuki\/wp-json\/wp\/v2\/comments?post=2841"}],"version-history":[{"count":20,"href":"https:\/\/blog.edu.turku.fi\/oppimisen-tuki\/wp-json\/wp\/v2\/pages\/2841\/revisions"}],"predecessor-version":[{"id":3868,"href":"https:\/\/blog.edu.turku.fi\/oppimisen-tuki\/wp-json\/wp\/v2\/pages\/2841\/revisions\/3868"}],"up":[{"embeddable":true,"href":"https:\/\/blog.edu.turku.fi\/oppimisen-tuki\/wp-json\/wp\/v2\/pages\/177"}],"wp:attachment":[{"href":"https:\/\/blog.edu.turku.fi\/oppimisen-tuki\/wp-json\/wp\/v2\/media?parent=2841"}],"curies":[{"name":"wp","href":"https:\/\/api.w.org\/{rel}","templated":true}]}}