{"id":28,"date":"2022-04-26T09:38:10","date_gmt":"2022-04-26T06:38:10","guid":{"rendered":"https:\/\/blog.edu.turku.fi\/oppimisen-tuki\/?page_id=28"},"modified":"2025-11-13T13:52:38","modified_gmt":"2025-11-13T11:52:38","slug":"esiopetus","status":"publish","type":"page","link":"https:\/\/blog.edu.turku.fi\/oppimisen-tuki\/koulutusasteet\/esiopetus\/","title":{"rendered":"Esiopetus"},"content":{"rendered":"\n<div id=\"esiopetuskaavio\" class=\"kaavio\">\n<div id=\"keha-1\">\n<h2>Vastuut tuen j\u00e4rjest\u00e4misess\u00e4<\/h2>\n<a href=\"https:\/\/blog.edu.turku.fi\/oppimisen-tuki\/koulutusasteet\/varhaiskasvatus\/toimijat\/lapsi\/\">Lapsi<\/a>\n\n<\/div>\n<div id=\"keha-2\">\n<h3>Tiimi<\/h3>\n<p><a href=\"https:\/\/blog.edu.turku.fi\/oppimisen-tuki\/koulutusasteet\/esiopetus\/toimijat\/varhaiskasvatuksen-opettaja-esiopetusryhmassa\/\">Opettaja<\/a><br><a href=\"https:\/\/blog.edu.turku.fi\/oppimisen-tuki\/koulutusasteet\/esiopetus\/toimijat\/lastenhoitaja-esiopetusryhmassa\/\">Lastenhoitaja<\/a><br><a href=\"https:\/\/blog.edu.turku.fi\/oppimisen-tuki\/koulutusasteet\/esiopetus\/toimijat\/varhaiskasvatuksen-avustaja\/\">Avustaja<\/a><br><a href=\"https:\/\/blog.edu.turku.fi\/oppimisen-tuki\/koulutusasteet\/esiopetus\/toimijat\/varhaiskasvatuksen-erityisopettaja-esiopetuksessa\/\">Erityisopettaja<\/a><br><a href=\"https:\/\/blog.edu.turku.fi\/oppimisen-tuki\/koulutusasteet\/esiopetus\/toimijat\/sosionomi\/\">Sosionomi<\/a><\/p>\n\n<\/div>\n<div id=\"keha-3\">\n<h3>Kasvatusyhteis\u00f6<\/h3>\n<p><a class=\"eiAktiivinen\" href=\"#\">&#8212;<\/a><br><a class=\"eiAktiivinen\" href=\"#\">&#8212;<\/a><br><a class=\"eiAktiivinen\" href=\"#\">&#8212;<\/a><br><a href=\"https:\/\/blog.edu.turku.fi\/oppimisen-tuki\/koulutusasteet\/esiopetus\/toimijat\/helppi-tiimi\/\">Helppi-tiimi<\/a><br><a class=\"eiAktiivinen\" href=\"#\">&#8212;<\/a><br><a href=\"https:\/\/blog.edu.turku.fi\/oppimisen-tuki\/koulutusasteet\/esiopetus\/toimijat\/perusopetukseen-valmistavan-opetuksen-valmo-opettaja\/\">Valmistavan opetuksen<br>opettaja<\/a><br><a href=\"https:\/\/blog.edu.turku.fi\/oppimisen-tuki\/koulutusasteet\/esiopetus\/toimijat\/latu-tyoryhma\/\">LATU-ty\u00f6ryhm\u00e4<\/a><br><a href=\"https:\/\/blog.edu.turku.fi\/oppimisen-tuki\/fi\/koulutusasteet\/esiopetus\/toimijat\/alueellinen-erityisopettaja-kunnallinen\/\">Alueellinen erityisopettaja<br>(kunnallinen)<\/a><br><a href=\"https:\/\/blog.edu.turku.fi\/oppimisen-tuki\/koulutusasteet\/varhaiskasvatus\/toimijat\/paivakodin-johtaja\/\">P\u00e4iv\u00e4kodin johtaja<\/a><br><a href=\"https:\/\/blog.edu.turku.fi\/oppimisen-tuki\/koulutusasteet\/esiopetus\/toimijat\/paivakodin-erityisopettaja-kunnallinen\/\">P\u00e4iv\u00e4kodin erityisopettaja<br>(kunnallinen)<\/a><br><a href=\"https:\/\/blog.edu.turku.fi\/oppimisen-tuki\/koulutusasteet\/esiopetus\/toimijat\/monialainen-asiantuntijaryhma\/\">Monialainen asiantuntijaryhm\u00e4<br>(MAR)<\/a><br><a class=\"eiAktiivinen\" href=\"#\">&#8212;<\/a><br><a class=\"eiAktiivinen\" href=\"#\">&#8212;<\/a><br><a href=\"https:\/\/blog.edu.turku.fi\/oppimisen-tuki\/koulutusasteet\/esiopetus\/toimijat\/erityisopettaja-yksityinen\/\">Erityisopettaja<br>(yksityinen)<\/a><\/p>\n\n<\/div>\n<div id=\"keha-4\">\n<h3>Opiskeluhuollon ammattihenkil\u00f6t ja monialainen yhteisty\u00f6<\/h3>\n<p><a href=\"https:\/\/blog.edu.turku.fi\/oppimisen-tuki\/koulutusasteet\/varhaiskasvatus\/toimijat\/lastenneuvola\/\">Lastenneuvola<\/a><br><a href=\"hhttps:\/\/blog.edu.turku.fi\/oppimisen-tuki\/koulutusasteet\/varhaiskasvatus\/toimijat\/perheneuvola\/\">Perheneuvola<\/a><br><a href=\"https:\/\/blog.edu.turku.fi\/oppimisen-tuki\/koulutusasteet\/varhaiskasvatus\/toimijat\/sosiaalipalvelut\/\">Sosiaalipalvelut<\/a><br><a href=\"https:\/\/blog.edu.turku.fi\/oppimisen-tuki\/koulutusasteet\/varhaiskasvatus\/toimijat\/lapsen-kuntouttavat-tahot\/\">Lapsen kuntouttavat tahot<\/a><br><a href=\"https:\/\/blog.edu.turku.fi\/oppimisen-tuki\/koulutusasteet\/varhaiskasvatus\/toimijat\/muut-terveydenhuoltopalvelut\/\">Muut terveydenhuoltopalvelut<\/a><br><a href=\"https:\/\/blog.edu.turku.fi\/oppimisen-tuki\/koulutusasteet\/esiopetus\/toimijat\/esiopetuksen-kuraattori\/\">Esiopetuksen kuraattori<\/a><br><a class=\"eiAktiivinen\" href=\"#\">&#8212;<\/a><br><a href=\"https:\/\/blog.edu.turku.fi\/oppimisen-tuki\/koulutusasteet\/esiopetus\/toimijat\/koulupsykologi\/\">Koulupsykologi<\/a><\/p>\n<\/div>\n<\/div>\n\n\n\n<div class=\"kehakaavioselite\">\n<h2>Vastuut tuen j\u00e4rjest\u00e4misess\u00e4<\/h2>\n<h3>Tiimi (sis\u00e4keh\u00e4)<\/h3>\n<p>Tiimill\u00e4 tarkoitetaan lapsiryhm\u00e4n pysyv\u00e4\u00e4 henkil\u00f6st\u00f6\u00e4. Tiimin j\u00e4senet vastaavat lapsen tuen toteuttamisesta ryhm\u00e4n arjessa. Tiimin ty\u00f6skentely perustuu moniammatilliseen yhteisty\u00f6h\u00f6n, jossa jokainen tiimin j\u00e4sen tuo ammatillisen osaamisensa lapsiryhm\u00e4\u00e4n. Varhaiskasvatuslaki ja valtioneuvoston asetus varhaiskasvatuksesta m\u00e4\u00e4rittelev\u00e4t reunaehdot lapsiryhmien henkil\u00f6st\u00f6rakenteelle, mutta niiden rakenteet vaihtelevat.<\/p>\n<h3>Kasvatusyhteis\u00f6 (keskikeh\u00e4)<\/h3>\n<p>Kasvatusyhteis\u00f6\u00f6n kuuluvat p\u00e4iv\u00e4kodin lapsiryhmien kaikki tiimit sek\u00e4 muut varhaiskasvatuksen ja esiopetuksen ammattihenkil\u00f6t. Hallinnollisesti esiopetus on varhaiskasvatuksen alaista, mutta esiopetusryhmi\u00e4 toimii my\u00f6s koulujen yhteydess\u00e4. Kasvatusyhteis\u00f6n eri toimijat osallistuvat esiopetuksen ja siihen liittyv\u00e4n t\u00e4ydent\u00e4v\u00e4n varhaiskasvatuksen j\u00e4rjest\u00e4miseen, sek\u00e4 lasten tukitoimien suunnitteluun, toteutukseen ja arviointiin omien vastuidensa puitteissa. Henkil\u00f6st\u00f6rakenteet voivat vaihdella toimipaikoittain ja ryhmitt\u00e4in lasten tarpeiden mukaan.<\/p>\n<h3>Opiskeluhuollon ammattihenkil\u00f6t ja monialainen yhteisty\u00f6 (ulkokeh\u00e4)<\/h3>\n<p>Monialaista yhteisty\u00f6t\u00e4 tehd\u00e4\u00e4n sosiaali- ja terveyspalveluita j\u00e4rjest\u00e4vien tahojen kanssa. Hyvinvointialueen vastuulla oleviin palveluihin ohjaudutaan p\u00e4\u00e4asiassa lastenneuvolan kautta. Esiopetusik\u00e4isell\u00e4 lapsella on my\u00f6s oikeus yksil\u00f6kohtaiseen opiskeluhuoltoon, josta vastaavat opiskeluhuollon ammattihenkil\u00f6t (koulupsykologi, terveydenhoitaja, esiopetuksen kuraattori). Keh\u00e4ll\u00e4 on kuvattu yleisimm\u00e4t yhteisty\u00f6tahot, joiden kanssa esiopetuksessa ty\u00f6skentelev\u00e4 henkil\u00f6st\u00f6 Turussa tekee yhteisty\u00f6t\u00e4.<\/p>\n<\/div>\n","protected":false},"excerpt":{"rendered":"<p>Esiopettaja Lastenhoitaja Yksik\u00f6n yhteiset asiat Valmo-opettaj&#8230;<\/p>\n","protected":false},"author":56,"featured_media":0,"parent":309,"menu_order":2,"comment_status":"closed","ping_status":"closed","template":"","meta":{"footnotes":""},"class_list":["post-28","page","type-page","status-publish","hentry"],"_links":{"self":[{"href":"https:\/\/blog.edu.turku.fi\/oppimisen-tuki\/wp-json\/wp\/v2\/pages\/28","targetHints":{"allow":["GET"]}}],"collection":[{"href":"https:\/\/blog.edu.turku.fi\/oppimisen-tuki\/wp-json\/wp\/v2\/pages"}],"about":[{"href":"https:\/\/blog.edu.turku.fi\/oppimisen-tuki\/wp-json\/wp\/v2\/types\/page"}],"author":[{"embeddable":true,"href":"https:\/\/blog.edu.turku.fi\/oppimisen-tuki\/wp-json\/wp\/v2\/users\/56"}],"replies":[{"embeddable":true,"href":"https:\/\/blog.edu.turku.fi\/oppimisen-tuki\/wp-json\/wp\/v2\/comments?post=28"}],"version-history":[{"count":87,"href":"https:\/\/blog.edu.turku.fi\/oppimisen-tuki\/wp-json\/wp\/v2\/pages\/28\/revisions"}],"predecessor-version":[{"id":5486,"href":"https:\/\/blog.edu.turku.fi\/oppimisen-tuki\/wp-json\/wp\/v2\/pages\/28\/revisions\/5486"}],"up":[{"embeddable":true,"href":"https:\/\/blog.edu.turku.fi\/oppimisen-tuki\/wp-json\/wp\/v2\/pages\/309"}],"wp:attachment":[{"href":"https:\/\/blog.edu.turku.fi\/oppimisen-tuki\/wp-json\/wp\/v2\/media?parent=28"}],"curies":[{"name":"wp","href":"https:\/\/api.w.org\/{rel}","templated":true}]}}