{"id":2253,"date":"2023-06-23T13:14:08","date_gmt":"2023-06-23T10:14:08","guid":{"rendered":"https:\/\/blog.edu.turku.fi\/oppimisen-tuki\/?page_id=2253"},"modified":"2023-07-06T09:30:52","modified_gmt":"2023-07-06T06:30:52","slug":"aamu-ja-iltapaivatoiminnan-ohjaaja","status":"publish","type":"page","link":"https:\/\/blog.edu.turku.fi\/oppimisen-tuki\/koulutusasteet\/perusopetus\/toimijat\/aamu-ja-iltapaivatoiminnan-ohjaaja\/","title":{"rendered":"Aamu- ja iltap\u00e4iv\u00e4toiminnan ohjaaja"},"content":{"rendered":"<ul>\n<li>tukee ja kannustaa ryhm\u00e4ns\u00e4 lapsia<\/li>\n<li>mahdollistaa lasten osallistumisen aamu- ja iltap\u00e4iv\u00e4toimintaan<\/li>\n<li>suunnittelee, toteuttaa, arvioi ja kehitt\u00e4\u00e4 toimipaikkansa aamu- ja iltap\u00e4iv\u00e4toimintaa<\/li>\n<li>tekee kasvatusyhteisty\u00f6t\u00e4 kodin, koulun ja muiden yhteisty\u00f6tahojen kanssa<\/li>\n<li>toimii aamu- ja iltap\u00e4iv\u00e4toiminnan asiantuntijana moniammatillisessa yhteisty\u00f6ss\u00e4<\/li>\n<li>ottaa huomioon lasten erilaiset tuen tarpeet<\/li>\n<\/ul>\n","protected":false},"excerpt":{"rendered":"<p>Aamu- ja iltap\u00e4iv\u00e4toiminnan ohjaaja<\/p>\n<ul>\n<li>ohjaajan teht\u00e4v\u00e4n\u00e4 on tukea ja kannustaa lapsia ryhm\u00e4ss\u00e4 sek\u00e4 mahdollistaa lasten osallistumisensa aamu- ja iltap\u00e4iv\u00e4toimintaan<\/li>\n<li>ohjaaja suunnittelee, toteuttaa, arvioi ja kehitt\u00e4\u00e4 toimipaik&#8230;<br \/>\n","protected":false},"author":56,"featured_media":0,"parent":426,"menu_order":0,"comment_status":"closed","ping_status":"closed","template":"","meta":{"footnotes":""},"class_list":["post-2253","page","type-page","status-publish","hentry"],"_links":{"self":[{"href":"https:\/\/blog.edu.turku.fi\/oppimisen-tuki\/wp-json\/wp\/v2\/pages\/2253","targetHints":{"allow":["GET"]}}],"collection":[{"href":"https:\/\/blog.edu.turku.fi\/oppimisen-tuki\/wp-json\/wp\/v2\/pages"}],"about":[{"href":"https:\/\/blog.edu.turku.fi\/oppimisen-tuki\/wp-json\/wp\/v2\/types\/page"}],"author":[{"embeddable":true,"href":"https:\/\/blog.edu.turku.fi\/oppimisen-tuki\/wp-json\/wp\/v2\/users\/56"}],"replies":[{"embeddable":true,"href":"https:\/\/blog.edu.turku.fi\/oppimisen-tuki\/wp-json\/wp\/v2\/comments?post=2253"}],"version-history":[{"count":3,"href":"https:\/\/blog.edu.turku.fi\/oppimisen-tuki\/wp-json\/wp\/v2\/pages\/2253\/revisions"}],"predecessor-version":[{"id":2422,"href":"https:\/\/blog.edu.turku.fi\/oppimisen-tuki\/wp-json\/wp\/v2\/pages\/2253\/revisions\/2422"}],"up":[{"embeddable":true,"href":"https:\/\/blog.edu.turku.fi\/oppimisen-tuki\/wp-json\/wp\/v2\/pages\/426"}],"wp:attachment":[{"href":"https:\/\/blog.edu.turku.fi\/oppimisen-tuki\/wp-json\/wp\/v2\/media?parent=2253"}],"curies":[{"name":"wp","href":"https:\/\/api.w.org\/{rel}","templated":true}]}}