{"id":2135,"date":"2023-06-15T14:47:55","date_gmt":"2023-06-15T11:47:55","guid":{"rendered":"https:\/\/blog.edu.turku.fi\/oppimisen-tuki\/?page_id=2135"},"modified":"2024-09-18T10:06:14","modified_gmt":"2024-09-18T07:06:14","slug":"turvallinen-koulupaiva","status":"publish","type":"page","link":"https:\/\/blog.edu.turku.fi\/oppimisen-tuki\/koulutusasteet\/perusopetus\/lisatiedot\/turvallinen-koulupaiva\/","title":{"rendered":"Turvallinen koulup\u00e4iv\u00e4"},"content":{"rendered":"\n<p>Turvallisen koulup\u00e4iv\u00e4n mahdollistaminen on jokaisen kouluyhteis\u00f6n j\u00e4senen teht\u00e4v\u00e4. Aikuisten tulee olla tietoisia siit\u00e4, ett\u00e4 oma toiminta vaikuttaa vahvasti siihen, miten vuorovakaikutustilaneet muotoutuvat.<br>Turvallisessa koulussa tilanteita ennakoidaan ja tunne- ja vuorovaikutustaitoja harjoitellaan oppilaiden kanssa rauhallisissa tilanteissa. Oleellista on my\u00f6nteisen vuorovaikutuksen luominen, vahvistaminen sek\u00e4 yll\u00e4pit\u00e4minen.<\/p>\n\n\n\n<p>Turvallisuuden kokemus vaatii ty\u00f6t\u00e4. T\u00e4t\u00e4 ty\u00f6t\u00e4 ovat mm. ryhm\u00e4ytt\u00e4minen, yksil\u00f6llinen ohjaus, mahdollisuus lepoon, tilan ja ajan antaminen, vaihtoehtoisten toimintamallien etsiminen ja tarjoaminen sek\u00e4 tuki- ja turvasuunnitelmien tekeminen.<\/p>\n\n\n\n<p>Henkil\u00f6kunnan keskin\u00e4inen vuorovaikutus, luottamus ja yhteisty\u00f6 vaikuttavat koulun ilmapiiriin ja se toimii mallina oppilaille.<\/p>\n\n\n\n<table class=\"otsikkolinkit\">\n<tbody>\n<tr>\n<td><a href=\"https:\/\/blog.edu.turku.fi\/oppimisen-tuki\/koulutusasteet\/perusopetus\/lisatiedot\/turvallinen-koulupaiva\/turvallinen-opiskeluymparisto\/\">Turvallinen opiskeluymp\u00e4rist\u00f6<\/a><\/td>\n<td><a href=\"https:\/\/blog.edu.turku.fi\/oppimisen-tuki\/koulutusasteet\/perusopetus\/lisatiedot\/turvallinen-koulupaiva\/tyorauha\/\">Ty\u00f6rauha<\/a><\/td>\n<td><a href=\"https:\/\/blog.edu.turku.fi\/oppimisen-tuki\/files\/2023\/09\/kiusaamisen_vastainen_tyo_turun_kaupungin_kouluissa_-_opas.pdf\">Kiusaamisen vastainen ty\u00f6 (pdf)<\/a><\/td>\n<td><a href=\"https:\/\/blog.edu.turku.fi\/oppimisen-tuki\/koulutusasteet\/perusopetus\/lisatiedot\/turvallinen-koulupaiva\/kasvatuskeskustelu-kurinpidolliset-keinot-ja-turvaamistoimenpiteet\/\">Koulun kasvatuskeskustelu, kurinpidolliset toimet ja turvaamistoimet<\/a><\/td>\n<td><a href=\"https:\/\/blog.edu.turku.fi\/oppimisen-tuki\/koulutusasteet\/perusopetus\/lisatiedot\/turvallinen-koulupaiva\/fyysinen-rajoittaminen\/\">Fyysinen rajoittaminen<\/a><\/td>\n<td><a href=\"https:\/\/blog.edu.turku.fi\/oppimisen-tuki\/koulutusasteet\/perusopetus\/lisatiedot\/turvallinen-koulupaiva\/yhteistyo-poliisin-kanssa\/\">Yhteisty\u00f6 poliisin kanssa<\/a><\/td>\n<td><a href=\"https:\/\/blog.edu.turku.fi\/oppimisen-tuki\/koulutusasteet\/perusopetus\/lisatiedot\/turvallinen-koulupaiva\/yhteisollisyys-ja-osallisuus\/\">Yhteis\u00f6llisyys ja osallisuus<\/a><\/td>\n<td><a href=\"https:\/\/blog.edu.turku.fi\/oppimisen-tuki\/koulutusasteet\/perusopetus\/lisatiedot\/turvallinen-koulupaiva\/pitkaaikaissairaiden-oppilaiden-laakehoidon-toteuttaminen-koulupaivan-aikana\/\">Pitk\u00e4aikaissairaiden oppilaiden l\u00e4\u00e4kehoidon toteuttaminen koulup\u00e4iv\u00e4n aikana<\/a><\/td>\n<\/tr>\n<\/tbody>\n<\/table>\n","protected":false},"excerpt":{"rendered":"<p>Koulun kasvatuskeskustelu, kurinpidolliset toimet ja turvaamistoimet Poliisi &lt;&#8230;<\/p>\n","protected":false},"author":56,"featured_media":0,"parent":424,"menu_order":0,"comment_status":"closed","ping_status":"closed","template":"","meta":{"footnotes":""},"class_list":["post-2135","page","type-page","status-publish","hentry"],"_links":{"self":[{"href":"https:\/\/blog.edu.turku.fi\/oppimisen-tuki\/wp-json\/wp\/v2\/pages\/2135","targetHints":{"allow":["GET"]}}],"collection":[{"href":"https:\/\/blog.edu.turku.fi\/oppimisen-tuki\/wp-json\/wp\/v2\/pages"}],"about":[{"href":"https:\/\/blog.edu.turku.fi\/oppimisen-tuki\/wp-json\/wp\/v2\/types\/page"}],"author":[{"embeddable":true,"href":"https:\/\/blog.edu.turku.fi\/oppimisen-tuki\/wp-json\/wp\/v2\/users\/56"}],"replies":[{"embeddable":true,"href":"https:\/\/blog.edu.turku.fi\/oppimisen-tuki\/wp-json\/wp\/v2\/comments?post=2135"}],"version-history":[{"count":85,"href":"https:\/\/blog.edu.turku.fi\/oppimisen-tuki\/wp-json\/wp\/v2\/pages\/2135\/revisions"}],"predecessor-version":[{"id":4584,"href":"https:\/\/blog.edu.turku.fi\/oppimisen-tuki\/wp-json\/wp\/v2\/pages\/2135\/revisions\/4584"}],"up":[{"embeddable":true,"href":"https:\/\/blog.edu.turku.fi\/oppimisen-tuki\/wp-json\/wp\/v2\/pages\/424"}],"wp:attachment":[{"href":"https:\/\/blog.edu.turku.fi\/oppimisen-tuki\/wp-json\/wp\/v2\/media?parent=2135"}],"curies":[{"name":"wp","href":"https:\/\/api.w.org\/{rel}","templated":true}]}}