{"id":2127,"date":"2023-06-15T14:38:39","date_gmt":"2023-06-15T11:38:39","guid":{"rendered":"https:\/\/blog.edu.turku.fi\/oppimisen-tuki\/?page_id=2127"},"modified":"2024-09-03T09:40:17","modified_gmt":"2024-09-03T06:40:17","slug":"tuen-kirjaaminen","status":"publish","type":"page","link":"https:\/\/blog.edu.turku.fi\/oppimisen-tuki\/koulutusasteet\/perusopetus\/lisatiedot\/tuen-kirjaaminen\/","title":{"rendered":"Tuen kirjaaminen"},"content":{"rendered":"<ul>\n<li>Kaikki oppilaalle annettu tuki kirjataan. <\/li>\n<li>Tuen kirjaamisella on seuraavia merkityksi\u00e4:\n<ul>\n<li>kokonaisuus hahmottuu niin kodille kuin koululle<\/li>\n<li>tukitoimien kirjaaminen mahdollistaa annetun tuen riitt\u00e4vyyden seurannan ja arvioinnin <\/li>\n<li>tukitoimien kirjauksien kirjaaminen tukee pedagogisen arvion ja pedagogisen selvityksen laatimista<\/li>\n<li>annettu tuki on kirjattava oppilaan sek\u00e4 henkil\u00f6st\u00f6n oikeusturvan kannalta<\/li>\n<li> dokumentoituihin ja tallennettuihin tietoihin voidaan tarvittaessa palata oppivelvollisuuden p\u00e4\u00e4ttymisen j\u00e4lkeenkin<\/li>\n<\/ul>\n<ul>\n<li>Asiakirjat mahdollistavat tuen jatkumon.<\/li>\n<\/ul>\n<pre class=\"levea\">Huom! Tieto jatko-opintoihin oleellisesti vaikuttavasta psykososiaalisen tuen tarpeesta, jatko-opintoja rajoittavista terveyteen liittyvist\u00e4 tekij\u00f6ist\u00e4 ja kiusaamisselvittelyist\u00e4 tulee siirt\u00e4\u00e4 oppilaanohjaajalle, jos huoltaja tai oppilas ei sit\u00e4 erikseen kiell\u00e4.<\/pre>\n<ul>\n<li>Asiakirjojen kirjoittamiseen osallistuu kaikki oppilasta opettavat ja tarvittaessa opiskeluhuoltoa. Kuntoutustahot osallistuvat usein huoltajan luvalla palavereihin.<\/li>\n<li>Pedagogisiin asiakirjoihin ei kirjata oppilaan henkil\u00f6kohtaisia ominaisuuksia, diagnooseja, l\u00e4\u00e4kityksi\u00e4 (kuuluu terveydenhuollolle) tai oppilaan\/perheen sosiaali- ja terveydenhuoltoon liittyvi\u00e4 asioita.<\/li>\n<li>Pedagogisiin asiakirjoihin kirjataan, miten sairaus tai oireyhtym\u00e4 vaikuttaa k\u00e4yt\u00e4nn\u00f6ss\u00e4 oppimiseen ja koulunk\u00e4yntiin ja miten t\u00e4m\u00e4 otetaan huomioon oppilaan opetusta ja tukea j\u00e4rjestett\u00e4ess\u00e4.<\/li>\n<li>Oppilaan aiempia asiakirjoja hy\u00f6dynnet\u00e4\u00e4n uuden kirjoittamisessa.<\/li>\n<li>Opetusj\u00e4rjestelyihin kirjataan luokka, ryhm\u00e4n koko, k\u00e4yt\u00f6ss\u00e4 olevat apuv\u00e4lineet, samanaikaisopetus, joustavat opetusryhm\u00e4t, jakotunnit ja osallistuminen S2-opetukseen.<\/li>\n<li>Toteutuneen tuen kuvaamisessa riitt\u00e4\u00e4, kun kirjataan vuoden sis\u00e4ll\u00e4 annetut tukitoimet.<\/li>\n<li>Opiskeluhuollon asiantuntijan arvion tulee olla valmiina ennen oppilaan ja huoltajan antamia kommentteja.<\/li>\n<li>Opiskeluhuollon asiantuntijan arvion tulee olla huoltajalla tiedossa.<\/li>\n<\/ul>\n<ul>\n<li>Pedagogisessa asiakirjassa keskityt\u00e4\u00e4n kyseess\u00e4 olevaan oppilaaseen ja l\u00e4ht\u00f6kohtana on oppilaan oma yksil\u00f6llinen tilanne tarpeineen ja vahvuuksineen.<\/li>\n<li>Kuvaillaan oppilaan toimintaa.<\/li>\n<li>Oppilaan toiminnan kuvaamisella konkretisoidaan, miten vahvuudet ja haasteet ilmenev\u00e4t kouluarjessa. Pit\u00e4ydyt\u00e4\u00e4n vain tapahtuneen kuvaamisessa, eik\u00e4 tehd\u00e4 tulkintoja.<\/li>\n<li>Kirjataan asiat tavoitteiden muotoon.<\/li>\n<li>Asiakirjoihin kirjataan, mit\u00e4 taitoja oppilaalla jo on ja mitk\u00e4 ovat h\u00e4nen seuraavat tavoitteensa.<\/li>\n<li>Kirjataan n\u00e4kyviin, miten vahvuuksia hy\u00f6dynnet\u00e4\u00e4n oppimisen tukena ja miten oppilaalle annetaan systemaattisesti kannustavaa palautetta.<\/li>\n<li>Tavoitteet ja tukitoimet kirjataan konkreettisesti ja yksiselitteisesti.<\/li>\n<li>Tavoitteiden tulee olla saavutettavia.<\/li>\n<li>Selke\u00e4t tavoitteet auttavat oppilasta ymm\u00e4rt\u00e4m\u00e4\u00e4n, mit\u00e4 h\u00e4nelt\u00e4 odotetaan ja seuranta ja arviointi on helpompaa.<\/li>\n<li>Isommat tavoitekokonaisuudet pilkotaan pienempiin osatavoitteisiin. Tavoitteita voi lukuvuoden aikana lis\u00e4t\u00e4 ja muokata oppilaan tarpeen mukaan.<\/li>\n<li>Asiakirjoissa k\u00e4ytet\u00e4\u00e4n koulun arjen k\u00e4sitteit\u00e4 ja kuvataan k\u00e4yt\u00e4nn\u00f6t hyvin konkreettisesti ja riitt\u00e4v\u00e4n yksityiskohtaisesti.<\/li>\n<li>Kirjaukset tehd\u00e4\u00e4n k\u00e4ytt\u00e4en selke\u00e4\u00e4 kielt\u00e4 ja lyhyit\u00e4 lauseita.<\/li>\n<li>Pyrit\u00e4\u00e4n k\u00e4ytt\u00e4m\u00e4\u00e4n arkiel\u00e4m\u00e4n ilmaisuja ja kuvaamaan asiat k\u00e4yt\u00e4nn\u00f6nl\u00e4heisesti.<\/li>\n<li>Pedagogisen asiakirjan laatimisessa on kiinnitett\u00e4v\u00e4 erityist\u00e4 huomiota siihen, ett\u00e4 kirjoittaminen on oppilasta ja perhett\u00e4 kunnioittavaa. Sanoilla on v\u00e4li\u00e4.<\/li>\n<\/ul>\n","protected":false},"excerpt":{"rendered":"<p>Huom! Oppilaalle annettu tuki on kirjattava oppilaan oikeusturvan ja tuen jatkumisen varmistamiseksi. Erityisesti nivelvaiheissa, esim. oppilaan siirtyess\u00e4 toiselle asteelle, tuen kirjaamisella voi olla merkitt\u00e4v\u00e4 vaikutus oppilaan mahdollisuuks&#8230;<\/p>\n","protected":false},"author":56,"featured_media":0,"parent":424,"menu_order":0,"comment_status":"closed","ping_status":"closed","template":"","meta":{"footnotes":""},"class_list":["post-2127","page","type-page","status-publish","hentry"],"_links":{"self":[{"href":"https:\/\/blog.edu.turku.fi\/oppimisen-tuki\/wp-json\/wp\/v2\/pages\/2127","targetHints":{"allow":["GET"]}}],"collection":[{"href":"https:\/\/blog.edu.turku.fi\/oppimisen-tuki\/wp-json\/wp\/v2\/pages"}],"about":[{"href":"https:\/\/blog.edu.turku.fi\/oppimisen-tuki\/wp-json\/wp\/v2\/types\/page"}],"author":[{"embeddable":true,"href":"https:\/\/blog.edu.turku.fi\/oppimisen-tuki\/wp-json\/wp\/v2\/users\/56"}],"replies":[{"embeddable":true,"href":"https:\/\/blog.edu.turku.fi\/oppimisen-tuki\/wp-json\/wp\/v2\/comments?post=2127"}],"version-history":[{"count":25,"href":"https:\/\/blog.edu.turku.fi\/oppimisen-tuki\/wp-json\/wp\/v2\/pages\/2127\/revisions"}],"predecessor-version":[{"id":4426,"href":"https:\/\/blog.edu.turku.fi\/oppimisen-tuki\/wp-json\/wp\/v2\/pages\/2127\/revisions\/4426"}],"up":[{"embeddable":true,"href":"https:\/\/blog.edu.turku.fi\/oppimisen-tuki\/wp-json\/wp\/v2\/pages\/424"}],"wp:attachment":[{"href":"https:\/\/blog.edu.turku.fi\/oppimisen-tuki\/wp-json\/wp\/v2\/media?parent=2127"}],"curies":[{"name":"wp","href":"https:\/\/api.w.org\/{rel}","templated":true}]}}