{"id":200,"date":"2022-11-29T13:21:57","date_gmt":"2022-11-29T11:21:57","guid":{"rendered":"https:\/\/blog.edu.turku.fi\/oppimisen-tuki\/?page_id=200"},"modified":"2025-11-14T10:10:07","modified_gmt":"2025-11-14T08:10:07","slug":"tuen-tasot","status":"publish","type":"page","link":"https:\/\/blog.edu.turku.fi\/oppimisen-tuki\/koulutusasteet\/varhaiskasvatus\/lisatiedot\/tuen-tasot\/","title":{"rendered":"Tuen tasot"},"content":{"rendered":"<p>Varhaiskasvatuksessa k\u00e4ytett\u00e4v\u00e4t tuen tasot ovat yleinen tuki, tehostettu tuki ja erityinen tuki. Tuen taso arvioidaan aina tapauskohtaisesti. Tukitoimet aloitetaan lapsiryhm\u00e4ss\u00e4 heti tuen tarpeen ilmetess\u00e4.<\/p>\n<p>Mik\u00e4li yleinen tuki ei riit\u00e4 lapsen yksil\u00f6llisten tarpeiden tukemiseksi, tukea vahvistetaan. Aloite lapsen tuen vahvistamisesta voi tulla ryhm\u00e4n henkil\u00f6st\u00f6lt\u00e4, huoltajalta tai sosiaali- ja terveydenhuollon asiantuntijoilta. Tuen saanti ei edellyt\u00e4 l\u00e4\u00e4ketieteellist\u00e4 diagnoosia tai muuta terveydenhuollon tai sosiaalihuollon lausuntoa, mutta lapsen kuntoutussuunnitelmaa tai lausuntoja voidaan hy\u00f6dynt\u00e4\u00e4 tuen suunnittelussa ja tuen tason m\u00e4\u00e4rittelyss\u00e4.<\/p>\n<p>Lapsella on oikeus tarvitsemiinsa tukipalveluihin ja apuv\u00e4lineisiin kaikilla tuen tasoilla. Varhaiskasvatuksen palvelutuottaja vastaa siit\u00e4, ett\u00e4 lapsen oikeus saada varhaiskasvatuksen erityisopettajan palveluja sek\u00e4 varhaiskasvatukseen osallistumisen edellytt\u00e4mi\u00e4 tulkitsemis- ja avustamispalveluja ja apuv\u00e4lineit\u00e4 toteutuu.<\/p>\n<figure id=\"attachment_3811\" aria-describedby=\"caption-attachment-3811\" style=\"width: 1024px\" class=\"wp-caption aligncenter\"><a href=\"https:\/\/blog.edu.turku.fi\/oppimisen-tuki\/fi\/koulutusasteet\/varhaiskasvatus\/lisatiedot\/tuen-tasot\/oppimisen_tuki_kaavio-02-2\/\" rel=\"attachment wp-att-3811\"><img loading=\"lazy\" decoding=\"async\" class=\"wp-image-3811 size-large\" src=\"https:\/\/blog.edu.turku.fi\/oppimisen-tuki\/files\/2023\/10\/oppimisen_tuki_kaavio-02-1024x576.jpg\" alt=\"\" width=\"1024\" height=\"576\" srcset=\"https:\/\/blog.edu.turku.fi\/oppimisen-tuki\/files\/2023\/10\/oppimisen_tuki_kaavio-02.jpg 1024w, https:\/\/blog.edu.turku.fi\/oppimisen-tuki\/files\/2023\/10\/oppimisen_tuki_kaavio-02-300x169.jpg 300w\" sizes=\"auto, (max-width: 1024px) 100vw, 1024px\" \/><\/a><figcaption id=\"caption-attachment-3811\" class=\"wp-caption-text\">Tukitoimien m\u00e4\u00e4r\u00e4 ja intensiteetti kasvavat, kun tukea vahvistetaan. Kaikki tukitoimet ovat k\u00e4ytett\u00e4viss\u00e4 kaikilla tuen tasoilla. Tuen tasoilla liikutaan joustavasti. Erityinen tuki, tehostettu tuki sek\u00e4 yleisen tuen tukipalvelut edellytt\u00e4v\u00e4t hallintop\u00e4\u00e4t\u00f6st\u00e4.<\/figcaption><\/figure>\n<h2>Yleinen tuki<\/h2>\n<p>Yleist\u00e4 tukea annetaan osana varhaiskasvatuksen perustoimintaa viivytyksest\u00e4 heti tuen tarpeen ilmetty\u00e4. Tuen tarpeisiin vastataan suunnittelemalla lapsiryhm\u00e4n struktuureja, oppimisymp\u00e4rist\u00f6j\u00e4 ja pienryhm\u00e4toimintaa sek\u00e4 k\u00e4ytt\u00e4m\u00e4ll\u00e4 monipuolisesti erilaisia materiaaleja, v\u00e4lineit\u00e4, ty\u00f6tapoja ja opetusohjelmia.<\/p>\n<p>Yleinen tuki muodostuu yksitt\u00e4isist\u00e4 tuen muodoista, esimerkiksi yksitt\u00e4isist\u00e4 pedagogisista ratkaisuista sek\u00e4 tukitoimista, joilla tilanteeseen vaikutetaan mahdollisimman varhaisessa vaiheessa. Yleist\u00e4 tukea annetaan osana varhaiskasvatuksen perustoimintaa. Yleisess\u00e4 tuessa lapsen tuki on lyhytkestoista ja\/tai intensiteetilt\u00e4\u00e4n matalampaa verrattuna tehostettuun ja erityiseen tukeen.<\/p>\n<p>Yleinen tuki ei edellyt\u00e4 hallintop\u00e4\u00e4t\u00f6st\u00e4. Hallinnollinen p\u00e4\u00e4t\u00f6s tehd\u00e4\u00e4n kuitenkin mahdollisista tukipalveluista, kuten tulkitsemis- ja avustamispalveluista ja apuv\u00e4lineist\u00e4. Yleist\u00e4 tukea saava lapsi voi tarvita tukipalveluita esimerkiksi pitk\u00e4aikaissairauden, vamman tai tapaturman vuoksi.<\/p>\n<h2>Tehostettu tuki<\/h2>\n<p>Tehostettu tuki on intensiteetilt\u00e4\u00e4n voimakkaampaa ja yksil\u00f6llisemp\u00e4\u00e4 kuin yleinen tuki. Tukea annetaan joko lyhytkestoisesti tai pidemp\u00e4\u00e4n jatkuvana lapsen yksil\u00f6llisten tarpeiden mukaisesti. Tuki muodostuu s\u00e4\u00e4nn\u00f6llisist\u00e4 ja samanaikaisesti toteutettavista useista tuen muodoista. Tukitoimet aloitetaan viivytyksett\u00e4.<\/p>\n<p>Tehostettu tuki lapsen arjessa voi saada monia erilaisia muotoja. Lapsen tuen toteuttamisesta varhaiskasvatuksessa vastaa arjessa lapsiryhm\u00e4n henkil\u00f6st\u00f6. Ryhm\u00e4n henkil\u00f6st\u00f6n tukena toimii varhaiskasvatuksen erityisopettaja. Erityisopettaja voi suunnitella lapsen tukea yhdess\u00e4 lapsen opettajan kanssa ja konsultaoida henkil\u00f6st\u00f6n toimintaa.<\/p>\n<p>Pienryhm\u00e4toiminta ja mahdollisen avustajan ty\u00f6panoksen tai muun lis\u00e4resurssin k\u00e4ytt\u00f6 suunnitellaan ryhm\u00e4ss\u00e4 olevat tukea tarvitsevat lapset huomioon ottaen.<\/p>\n<p>Tehostettua tukea saava lapsi on otettava huomioon p\u00e4iv\u00e4kodin ja perhep\u00e4iv\u00e4hoidon henkil\u00f6st\u00f6n mitoituksessa, ellei lasta varten ole osoitettu avustajaresurssia.<\/p>\n<p>Tehostetun tuen antamisesta tehd\u00e4\u00e4n hallintop\u00e4\u00e4t\u00f6s.<\/p>\n<h2>Erityinen tuki<\/h2>\n<p>Erityinen tuki muodostuu useista tuen muodoista ja tukipalveluista, ja on jatkuvaa ja kokoaikaista. Erityist\u00e4 tukea voidaan antaa vammasta, sairaudesta, kehityksen viiv\u00e4stymisest\u00e4 tai muusta, merkitt\u00e4v\u00e4sti toimintakyky\u00e4 alentavasta lapsen oppimisen ja kehityksen tuen tarpeesta johtuen. Erityisell\u00e4 tuella lapsen tarve tukitoimille on jatkuvaa ja intensiivist\u00e4. Lapsen tuen tulee toteutua jokaisena varhaiskasvatusp\u00e4iv\u00e4n\u00e4 lapsen koko varhaiskasvatusp\u00e4iv\u00e4n ajan.<\/p>\n<p>Erityisell\u00e4 tuella varhaiskasvatuksen erityisopettaja on mukana lapsen tuen suunnittelussa ja toteutuksessa suunnitelmallisesti ja s\u00e4\u00e4nn\u00f6llisesti lapsen tarpeiden mukaan.<\/p>\n<p>Erityist\u00e4 tukea saava lapsi on otettava huomioon p\u00e4iv\u00e4kodin ja perhep\u00e4iv\u00e4hoidon henkil\u00f6st\u00f6n mitoituksessa, ellei lasta varten ole avustajaa.<\/p>\n<p>Erityisen tuen antamisesta tehd\u00e4\u00e4n hallintop\u00e4\u00e4t\u00f6s.<\/p>\n<p><strong>L\u00e4hteet:<\/strong><\/p>\n<p>Varhaiskasvatuslaki 2018\/540<\/p>\n<p>Varhaiskasvatussuunnitelman perusteet 2022<\/p>\n","protected":false},"excerpt":{"rendered":"<p>Varhaiskasvatuksessa k\u00e4ytett\u00e4v\u00e4t tuen tasot ovat yleinen tuki, tehostettu tuki ja erityinen tuki. Tuen tasojen v\u00e4lill\u00e4 siirryt\u00e4\u00e4n joustavasti ja tuen taso arvioidaan aina tapauskohtaisesti. Tukitoimet aloitetaan lapsiryhm\u00e4s&#8230;<\/p>\n","protected":false},"author":56,"featured_media":0,"parent":177,"menu_order":0,"comment_status":"closed","ping_status":"closed","template":"","meta":{"footnotes":""},"class_list":["post-200","page","type-page","status-publish","hentry"],"_links":{"self":[{"href":"https:\/\/blog.edu.turku.fi\/oppimisen-tuki\/wp-json\/wp\/v2\/pages\/200","targetHints":{"allow":["GET"]}}],"collection":[{"href":"https:\/\/blog.edu.turku.fi\/oppimisen-tuki\/wp-json\/wp\/v2\/pages"}],"about":[{"href":"https:\/\/blog.edu.turku.fi\/oppimisen-tuki\/wp-json\/wp\/v2\/types\/page"}],"author":[{"embeddable":true,"href":"https:\/\/blog.edu.turku.fi\/oppimisen-tuki\/wp-json\/wp\/v2\/users\/56"}],"replies":[{"embeddable":true,"href":"https:\/\/blog.edu.turku.fi\/oppimisen-tuki\/wp-json\/wp\/v2\/comments?post=200"}],"version-history":[{"count":18,"href":"https:\/\/blog.edu.turku.fi\/oppimisen-tuki\/wp-json\/wp\/v2\/pages\/200\/revisions"}],"predecessor-version":[{"id":5502,"href":"https:\/\/blog.edu.turku.fi\/oppimisen-tuki\/wp-json\/wp\/v2\/pages\/200\/revisions\/5502"}],"up":[{"embeddable":true,"href":"https:\/\/blog.edu.turku.fi\/oppimisen-tuki\/wp-json\/wp\/v2\/pages\/177"}],"wp:attachment":[{"href":"https:\/\/blog.edu.turku.fi\/oppimisen-tuki\/wp-json\/wp\/v2\/media?parent=200"}],"curies":[{"name":"wp","href":"https:\/\/api.w.org\/{rel}","templated":true}]}}