{"id":1944,"date":"2023-05-31T13:06:32","date_gmt":"2023-05-31T10:06:32","guid":{"rendered":"https:\/\/blog.edu.turku.fi\/oppimisen-tuki\/?page_id=1944"},"modified":"2023-06-27T08:15:42","modified_gmt":"2023-06-27T05:15:42","slug":"monialainen-asiantuntijaryhma","status":"publish","type":"page","link":"https:\/\/blog.edu.turku.fi\/oppimisen-tuki\/koulutusasteet\/esiopetus\/toimijat\/monialainen-asiantuntijaryhma\/","title":{"rendered":"Monialainen asiantuntijaryhm\u00e4 MAR"},"content":{"rendered":"<ul>\n<li>Yksitt\u00e4isen lapsen tuen tarpeen selvitt\u00e4miseen ja opiskeluhuollon palvelujen j\u00e4rjest\u00e4miseen liittyv\u00e4t asiat k\u00e4sitell\u00e4\u00e4n tapauskohtaisesti koottavassa monialaisessa asiantuntijaryhm\u00e4ss\u00e4 (MAR).<\/li>\n<li>MAR-ty\u00f6skentelyss\u00e4 p\u00e4\u00e4paino on keskustelussa ja tuen suunnittelussa, mutta kokouksesta kirjoitetaan my\u00f6s muistio (opiskeluhuoltokertomus).<\/li>\n<li>MAR-tapaamisen voi koota kuka tahansa opetus- tai opiskeluhuollon henkil\u00f6st\u00f6\u00f6n kuuluva, jolla her\u00e4\u00e4 huoli oppilaan voinnista ja oppimisesta. Koolle kutsuja voi olla esimerkiksi varhaiskasvatuksen opettaja, varhaiskasvatuksen erityisopettaja, terveydenhoitaja, psykologi tai kuraattori.<\/li>\n<li>Koolle kutsuja kutsuu MAR-ty\u00f6skentelyyn tarpeellisia asiantuntijoita tai lapsen l\u00e4heisi\u00e4 ja kokoontumista varten tarvitaan aina huoltajan kirjallinen suostumus. Suostumuksen on oltava yksil\u00f6ity eli kertomuksella yksil\u00f6id\u00e4\u00e4n tapaamiseen syy ja k\u00e4sitelt\u00e4v\u00e4 asia.<\/li>\n<li>Opiskeluhuoltoa toteutetaan aina yhteisty\u00f6ss\u00e4 lapsen ja h\u00e4nen huoltajansa kanssa. Lapsen omat toivomukset ja mielipiteet on otettava huomioon h\u00e4nt\u00e4 koskevissa toimenpiteiss\u00e4 ja ratkaisuissa h\u00e4nen ik\u00e4ns\u00e4, kehitystasonsa ja muiden henkil\u00f6kohteisten edellytystens\u00e4 mukaisesti. Huoltajalla ei kuitenkaan ole oikeutta kielt\u00e4\u00e4 alaik\u00e4ist\u00e4 k\u00e4ytt\u00e4m\u00e4st\u00e4 opiskeluhuollon palveluja.<\/li>\n<li>Monialaisen asiantuntijaryhm\u00e4n j\u00e4senill\u00e4 on lis\u00e4ksi oikeus pyyt\u00e4\u00e4 neuvoa oppilaan asiassa tarpeelliseksi katsomiltaan asiantuntijoilta lakien m\u00e4\u00e4rittelem\u00e4ll\u00e4 tavalla (ts. nimet\u00f6n tai nimellinen konsultaatio).<\/li>\n<li>Koolle kutsuja on vastuuhenkil\u00f6n\u00e4 siihen asti, kunnes monialainen asiantuntijaryhm\u00e4 valit-see keskuudestaan puheenjohtajan ja muistion kirjoittajan ty\u00f6skentely\u00e4 varten. Yleens\u00e4 puheenjohtajan ja muistion kirjoittajan teht\u00e4v\u00e4t kannattaa antaa eri henkil\u00f6ille ty\u00f6skentelyn suju-vuuden takaamiseksi kokoustilanteessa.<\/li>\n<li>MAR-kokouksen muistio kirjoitetaan Opiskeluhuoltokertomuslomakkeelle ja arkistoidaan p\u00e4iv\u00e4kodille. T\u00e4ss\u00e4 on t\u00e4rke\u00e4\u00e4 muistaa, ett\u00e4 kukin n\u00e4kee vain ne asiakirjat, jotka koskevat h\u00e4nen vastuullaan olevaa lasta.<\/li>\n<\/ul>\n","protected":false},"excerpt":{"rendered":"<ul>\n<li>Yksitt\u00e4isen oppilaan tuen tarpeen selvitt\u00e4miseen ja opiskeluhuollon palvelujen j\u00e4rjest\u00e4miseen liittyv\u00e4t asiat k\u00e4sitell\u00e4\u00e4n tapauskohtaisesti koottavassa monialaisessa asiantuntijaryhm\u00e4ss\u00e4 (MAR).<\/li>\n<li>MAR-ty\u00f6skentelyss\u00e4 p\u00e4\u00e4paino on k&#8230;<br \/>\n","protected":false},"author":56,"featured_media":0,"parent":1782,"menu_order":0,"comment_status":"closed","ping_status":"closed","template":"","meta":{"footnotes":""},"class_list":["post-1944","page","type-page","status-publish","hentry"],"_links":{"self":[{"href":"https:\/\/blog.edu.turku.fi\/oppimisen-tuki\/wp-json\/wp\/v2\/pages\/1944","targetHints":{"allow":["GET"]}}],"collection":[{"href":"https:\/\/blog.edu.turku.fi\/oppimisen-tuki\/wp-json\/wp\/v2\/pages"}],"about":[{"href":"https:\/\/blog.edu.turku.fi\/oppimisen-tuki\/wp-json\/wp\/v2\/types\/page"}],"author":[{"embeddable":true,"href":"https:\/\/blog.edu.turku.fi\/oppimisen-tuki\/wp-json\/wp\/v2\/users\/56"}],"replies":[{"embeddable":true,"href":"https:\/\/blog.edu.turku.fi\/oppimisen-tuki\/wp-json\/wp\/v2\/comments?post=1944"}],"version-history":[{"count":4,"href":"https:\/\/blog.edu.turku.fi\/oppimisen-tuki\/wp-json\/wp\/v2\/pages\/1944\/revisions"}],"predecessor-version":[{"id":2338,"href":"https:\/\/blog.edu.turku.fi\/oppimisen-tuki\/wp-json\/wp\/v2\/pages\/1944\/revisions\/2338"}],"up":[{"embeddable":true,"href":"https:\/\/blog.edu.turku.fi\/oppimisen-tuki\/wp-json\/wp\/v2\/pages\/1782"}],"wp:attachment":[{"href":"https:\/\/blog.edu.turku.fi\/oppimisen-tuki\/wp-json\/wp\/v2\/media?parent=1944"}],"curies":[{"name":"wp","href":"https:\/\/api.w.org\/{rel}","templated":true}]}}