{"id":1899,"date":"2023-05-30T15:40:37","date_gmt":"2023-05-30T12:40:37","guid":{"rendered":"https:\/\/blog.edu.turku.fi\/oppimisen-tuki\/?page_id=1899"},"modified":"2023-10-03T15:35:06","modified_gmt":"2023-10-03T12:35:06","slug":"yksityista-esiopetusta-koskevat-erilliset-ohjeistukset","status":"publish","type":"page","link":"https:\/\/blog.edu.turku.fi\/oppimisen-tuki\/koulutusasteet\/esiopetus\/lisatiedot\/yksityista-esiopetusta-koskevat-erilliset-ohjeistukset\/","title":{"rendered":"Yksityist\u00e4 esiopetusta koskevat erilliset ohjeistukset"},"content":{"rendered":"<p>Esiopetuksen ja varhaiskasvatuksen palveluntuottaja vastaa lapsen tuen ja tukipalveluiden j\u00e4rjest\u00e4misest\u00e4. Lapsen tarvitsema riitt\u00e4v\u00e4 tuki on j\u00e4rjestett\u00e4v\u00e4 viipym\u00e4tt\u00e4 heti kun lapsen tuen tarve on havaittu.<\/p>\n<p>Tuen malli on sama sek\u00e4 kunnallisessa ett\u00e4 yksityisess\u00e4 varhaiskasvatuksessa. Lapsen varhaiskasvatuksen tukea koskevat hallintop\u00e4\u00e4t\u00f6kset valmistellaan alueellisissa lapsen tuen ty\u00f6ryhmiss\u00e4 (LATU-ty\u00f6ryhm\u00e4t), joihin jokainen palveluntuottaja kuuluu oman alueensa mukaisesti.<\/p>\n<p>Turun kaupunki tukee tehostettua ja erityist\u00e4 tukea sek\u00e4 yleisen tuen tukipalveluita tarvitsevien lasten tuen j\u00e4rjest\u00e4mist\u00e4 palvelusetelis\u00e4\u00e4nt\u00f6kirjassa m\u00e4\u00e4riteltyjen kertoimien mukaisesti.<\/p>\n<p>Kun lapselle esitet\u00e4\u00e4n tehostettua tai erityist\u00e4 tukea tai yleisen tuen tukipalveluita, opettaja ottaa yhteytt\u00e4 p\u00e4iv\u00e4kodille\/palveluntuottajalle nimettyyn alueelliseen varhaiskasvatuksen erityisopettajaan (kunnallinen), joka toimii Turun kaupungin edustajana huoltajien kuulemisessa.<\/p>\n<p>Huoltajien kuulemisen hoitaa lapsen opettaja. Kuulemistilaisuudessa kunnallinen erityisopettaja kirjaa yl\u00f6s huoltajien mielipiteen lapsen tukea koskien. Kunnallinen veo ei konsultoi tai ota kantaa lapselle esitettyihin tukitoimiin, vaan ainoastaan kirjaa huoltajien mielipiteen lomakkeeseen.<\/p>\n","protected":false},"excerpt":{"rendered":"<p>Varhaiskasvatuksen palveluntuottaja vastaa lapsen tuen ja tukipalveluiden j\u00e4rjest\u00e4misest\u00e4. Lapsen tarvitsema riitt\u00e4v\u00e4 tuki on j\u00e4rjestett\u00e4v\u00e4 viipym\u00e4tt\u00e4 heti kun lapsen tuen tarve on havaittu. Varhaiskasvatuksen tuen malli on sama sek\u00e4 kunnallisessa&#8230;<\/p>\n","protected":false},"author":56,"featured_media":0,"parent":674,"menu_order":0,"comment_status":"closed","ping_status":"closed","template":"","meta":{"footnotes":""},"class_list":["post-1899","page","type-page","status-publish","hentry"],"_links":{"self":[{"href":"https:\/\/blog.edu.turku.fi\/oppimisen-tuki\/wp-json\/wp\/v2\/pages\/1899","targetHints":{"allow":["GET"]}}],"collection":[{"href":"https:\/\/blog.edu.turku.fi\/oppimisen-tuki\/wp-json\/wp\/v2\/pages"}],"about":[{"href":"https:\/\/blog.edu.turku.fi\/oppimisen-tuki\/wp-json\/wp\/v2\/types\/page"}],"author":[{"embeddable":true,"href":"https:\/\/blog.edu.turku.fi\/oppimisen-tuki\/wp-json\/wp\/v2\/users\/56"}],"replies":[{"embeddable":true,"href":"https:\/\/blog.edu.turku.fi\/oppimisen-tuki\/wp-json\/wp\/v2\/comments?post=1899"}],"version-history":[{"count":4,"href":"https:\/\/blog.edu.turku.fi\/oppimisen-tuki\/wp-json\/wp\/v2\/pages\/1899\/revisions"}],"predecessor-version":[{"id":3592,"href":"https:\/\/blog.edu.turku.fi\/oppimisen-tuki\/wp-json\/wp\/v2\/pages\/1899\/revisions\/3592"}],"up":[{"embeddable":true,"href":"https:\/\/blog.edu.turku.fi\/oppimisen-tuki\/wp-json\/wp\/v2\/pages\/674"}],"wp:attachment":[{"href":"https:\/\/blog.edu.turku.fi\/oppimisen-tuki\/wp-json\/wp\/v2\/media?parent=1899"}],"curies":[{"name":"wp","href":"https:\/\/api.w.org\/{rel}","templated":true}]}}