{"id":1868,"date":"2023-05-30T15:18:30","date_gmt":"2023-05-30T12:18:30","guid":{"rendered":"https:\/\/blog.edu.turku.fi\/oppimisen-tuki\/?page_id=1868"},"modified":"2025-11-11T11:09:51","modified_gmt":"2025-11-11T09:09:51","slug":"pedagogisten-asiakirjojen-vuosikello","status":"publish","type":"page","link":"https:\/\/blog.edu.turku.fi\/oppimisen-tuki\/koulutusasteet\/esiopetus\/lisatiedot\/pedagogisten-asiakirjojen-vuosikello\/","title":{"rendered":"Pedagogisten asiakirjojen vuosikello"},"content":{"rendered":"<p>Voit tarkistaa p\u00e4iv\u00e4m\u00e4\u00e4r\u00e4t Kolmitasoisen tuen uimaratamallista.\u200b<\/p>\n<table class=\"otsikkolinkit\">\n<tbody>\n<tr>\n<td><a href=\"#elokuu\">Elokuu<\/a><\/td>\n<td><a href=\"#syyskuu\">Syyskuu<\/a><\/td>\n<td><a href=\"#lokakuu\">Lokakuu<\/a><\/td>\n<td><a href=\"#joulukuu\">Joulukuu<\/a><\/td>\n<td><a href=\"#tammikuu\">Tammikuu<\/a><\/td>\n<td><a href=\"#helmikuu\">Helmikuu<\/a><\/td>\n<td><a href=\"#maaliskuu\">Maaliskuu<\/a><\/td>\n<td><a href=\"#huhtikuu\">Huhtikuu<\/a><\/td>\n<td><a href=\"#toukokuu\">Toukokuu<\/a><\/td>\n<\/tr>\n<\/tbody>\n<\/table>\n<h2 id=\"elokuu\" class=\"palkki\">Elokuu<\/h2>\n<p>Lapsen aiempaan vasuun perehtyminen. Pedagogisten asiakirjojen laatimisen aloittaminen.<\/p>\n<p>Ryhm\u00e4n pedagoginen toimintasuunnitelma<\/p>\n<h2 id=\"syyskuu\" class=\"palkki\">Syyskuu<\/h2>\n<p>Lapsen itsearviointimateriaalin syys-osan k\u00e4ytt\u00f6<\/p>\n<p>Kielipeda-arviointi monikielisille lapsille<\/p>\n<p>Tarvittaessa Lapsikohtaisen tuen tarpeen arviointi ja suunnitelma<\/p>\n<h2 id=\"lokakuu\" class=\"palkki\">Lokakuu<\/h2>\n<p>Lapsikohtaisen tuen tarpeen arvio ja suunnitelma tulee olla laadittuna 31.10. menness\u00e4.<\/p>\n<p>Alueellisen varhaiskasvatuksen erityisopettaja tapaa koulun laaja-alaisen erityisopettajan.<\/p>\n<h2 id=\"marraskuu\" class=\"palkki\">Marraskuu<\/h2>\n<p>Erityisopettajien marrastiimit erityisen tuen lapsista yhteisty\u00f6ss\u00e4 perusopetuksen kanssa.<\/p>\n<h2 id=\"joulukuu\" class=\"palkki\">Joulukuu<\/h2>\n<p>Monikielisten lasten huoltajien tiedottaminen S2-oppim\u00e4\u00e4r\u00e4n valinnasta (tiedote l\u00f6ytyy usealla kielell\u00e4).<\/p>\n<h2 id=\"tammikuu\" class=\"palkki\">Tammikuu<\/h2>\n<h2 id=\"helmikuu\" class=\"palkki\">Helmikuu<\/h2>\n<h2 id=\"maaliskuu\" class=\"palkki\">Maaliskuu<\/h2>\n<p>Kielipeda-arviointi monikielisille lapsille.<\/p>\n<h2 id=\"huhtikuu\" class=\"palkki\">Huhtikuu<\/h2>\n<p>Lapsen itsearviointi kev\u00e4t-osio<\/p>\n<h2 id=\"toukokuu\" class=\"palkki\">Toukokuu<\/h2>\n<p>Mahdolliset tiedonsiirtopalaverit perusopetuksen kanssa. Huoltajat ovat n\u00e4iss\u00e4 aina mukana.<\/p>\n<p>Mahdolliset tiedonsiirtopalaverit tulevista esiopetuksen lapsista. Huoltajat ovat n\u00e4iss\u00e4 mukana.<\/p>\n","protected":false},"excerpt":{"rendered":"<p>Elokuu Syyskuu Lokakuu Joulukuu Tammikuu&lt;\/td&#8230;<\/p>\n","protected":false},"author":56,"featured_media":0,"parent":674,"menu_order":0,"comment_status":"closed","ping_status":"closed","template":"","meta":{"footnotes":""},"class_list":["post-1868","page","type-page","status-publish","hentry"],"_links":{"self":[{"href":"https:\/\/blog.edu.turku.fi\/oppimisen-tuki\/wp-json\/wp\/v2\/pages\/1868","targetHints":{"allow":["GET"]}}],"collection":[{"href":"https:\/\/blog.edu.turku.fi\/oppimisen-tuki\/wp-json\/wp\/v2\/pages"}],"about":[{"href":"https:\/\/blog.edu.turku.fi\/oppimisen-tuki\/wp-json\/wp\/v2\/types\/page"}],"author":[{"embeddable":true,"href":"https:\/\/blog.edu.turku.fi\/oppimisen-tuki\/wp-json\/wp\/v2\/users\/56"}],"replies":[{"embeddable":true,"href":"https:\/\/blog.edu.turku.fi\/oppimisen-tuki\/wp-json\/wp\/v2\/comments?post=1868"}],"version-history":[{"count":16,"href":"https:\/\/blog.edu.turku.fi\/oppimisen-tuki\/wp-json\/wp\/v2\/pages\/1868\/revisions"}],"predecessor-version":[{"id":5434,"href":"https:\/\/blog.edu.turku.fi\/oppimisen-tuki\/wp-json\/wp\/v2\/pages\/1868\/revisions\/5434"}],"up":[{"embeddable":true,"href":"https:\/\/blog.edu.turku.fi\/oppimisen-tuki\/wp-json\/wp\/v2\/pages\/674"}],"wp:attachment":[{"href":"https:\/\/blog.edu.turku.fi\/oppimisen-tuki\/wp-json\/wp\/v2\/media?parent=1868"}],"curies":[{"name":"wp","href":"https:\/\/api.w.org\/{rel}","templated":true}]}}