{"id":1809,"date":"2023-05-29T14:03:44","date_gmt":"2023-05-29T11:03:44","guid":{"rendered":"https:\/\/blog.edu.turku.fi\/oppimisen-tuki\/?page_id=1809"},"modified":"2023-06-27T08:13:25","modified_gmt":"2023-06-27T05:13:25","slug":"varhaiskasvatuksen-avustaja","status":"publish","type":"page","link":"https:\/\/blog.edu.turku.fi\/oppimisen-tuki\/koulutusasteet\/esiopetus\/toimijat\/varhaiskasvatuksen-avustaja\/","title":{"rendered":"Varhaiskasvatuksen avustaja esiopetusryhm\u00e4ss\u00e4 (lapsikohtainen tai ryhm\u00e4kohtainen)\u202f"},"content":{"rendered":"<table class=\"kasitekaavio\">\n<tbody>\n<tr>\n<td><\/td>\n<\/tr>\n<tr>\n<td>Mahdollistaa lasten\/lapsen osallistumisen ryhm\u00e4n toimintaan<\/td>\n<\/tr>\n<tr>\n<td>Harkinnanvarainen lis\u00e4resurssi tiimiss\u00e4<\/td>\n<\/tr>\n<tr>\n<td>Tukee lapsia\/lasta ryhm\u00e4ss\u00e4<\/td>\n<\/tr>\n<tr>\n<td>Yhteisty\u00f6 huoltajien ja muiden tahojen kanssa<\/td>\n<\/tr>\n<\/tbody>\n<\/table>\n<p>Avustajasopimus ja liite<\/p>\n<ul>\n<li>avustajan teht\u00e4v\u00e4n\u00e4 on tukea lasta tai lapsia ryhm\u00e4ss\u00e4 sek\u00e4 mahdollistaa heid\u00e4n osallistumisensa toimintaan<\/li>\n<li>ryhm\u00e4kohtainen avustaja osoitetaan lapsiryhm\u00e4\u00e4n useamman lapsen tuen j\u00e4rjest\u00e4miseksi<\/li>\n<li>lapsikohtainen avustaja osoitetaan lapsiryhm\u00e4\u00e4n yksitt\u00e4isen lapsen tuen tarpeiden vuoksi<\/li>\n<li>avustajan vastuut lapsen tuen toteutuksessa sovitaan tiimin yhteisesti tekem\u00e4ss\u00e4 avustajasopimuksessa. Sopimuksen laatimisesta vastaa p\u00e4iv\u00e4kodin johtaja<\/li>\n<li>avustaja osallistuu yhteisty\u00f6h\u00f6n lasten huoltajien, varhaiskasvatuksen erityisopettajan ja muiden asiantuntijatahojen kanssa.<\/li>\n<li>avustajien teht\u00e4vien m\u00e4\u00e4rittely\u00e4 ja sijoittumista ohjaavat lasten ja ryhmien yksil\u00f6lliset ja vaihtelevat tarpeet<\/li>\n<li>avustajaa ei lasketa p\u00e4iv\u00e4kodin henkil\u00f6st\u00f6mitoitukseen (Varhaiskasvatuslaki 35 \u00a7). T\u00e4m\u00e4 on huomioitava tiimin ty\u00f6njakoa suunniteltaessa<\/li>\n<li>esiopetusryhm\u00e4ss\u00e4 toimiva avustaja osallistuu yhteis\u00f6lliseen opiskeluhuoltoty\u00f6h\u00f6n<\/li>\n<\/ul>\n","protected":false},"excerpt":{"rendered":"<p>Avustajasopimus ja liite<\/p>\n<ul>\n<li>avustajan teht\u00e4v\u00e4n\u00e4 on tukea lasta tai lapsia ryhm\u00e4ss\u00e4 sek\u00e4 mahdollistaa heid\u00e4n osallistumisensa toimintaan<\/li>\n<li>ryhm\u00e4kohtainen avustaja osoitetaan lapsiryhm\u00e4\u00e4n useamman lapsen varhaiskasvatuksen tuen j\u00e4rj&#8230;<br \/>\n","protected":false},"author":56,"featured_media":0,"parent":1782,"menu_order":0,"comment_status":"closed","ping_status":"closed","template":"","meta":{"footnotes":""},"class_list":["post-1809","page","type-page","status-publish","hentry"],"_links":{"self":[{"href":"https:\/\/blog.edu.turku.fi\/oppimisen-tuki\/wp-json\/wp\/v2\/pages\/1809","targetHints":{"allow":["GET"]}}],"collection":[{"href":"https:\/\/blog.edu.turku.fi\/oppimisen-tuki\/wp-json\/wp\/v2\/pages"}],"about":[{"href":"https:\/\/blog.edu.turku.fi\/oppimisen-tuki\/wp-json\/wp\/v2\/types\/page"}],"author":[{"embeddable":true,"href":"https:\/\/blog.edu.turku.fi\/oppimisen-tuki\/wp-json\/wp\/v2\/users\/56"}],"replies":[{"embeddable":true,"href":"https:\/\/blog.edu.turku.fi\/oppimisen-tuki\/wp-json\/wp\/v2\/comments?post=1809"}],"version-history":[{"count":5,"href":"https:\/\/blog.edu.turku.fi\/oppimisen-tuki\/wp-json\/wp\/v2\/pages\/1809\/revisions"}],"predecessor-version":[{"id":2336,"href":"https:\/\/blog.edu.turku.fi\/oppimisen-tuki\/wp-json\/wp\/v2\/pages\/1809\/revisions\/2336"}],"up":[{"embeddable":true,"href":"https:\/\/blog.edu.turku.fi\/oppimisen-tuki\/wp-json\/wp\/v2\/pages\/1782"}],"wp:attachment":[{"href":"https:\/\/blog.edu.turku.fi\/oppimisen-tuki\/wp-json\/wp\/v2\/media?parent=1809"}],"curies":[{"name":"wp","href":"https:\/\/api.w.org\/{rel}","templated":true}]}}