{"id":1805,"date":"2023-05-29T14:02:18","date_gmt":"2023-05-29T11:02:18","guid":{"rendered":"https:\/\/blog.edu.turku.fi\/oppimisen-tuki\/?page_id=1805"},"modified":"2023-05-29T14:02:23","modified_gmt":"2023-05-29T11:02:23","slug":"perusopetukseen-valmistavan-opetuksen-valmo-opettaja","status":"publish","type":"page","link":"https:\/\/blog.edu.turku.fi\/oppimisen-tuki\/koulutusasteet\/esiopetus\/toimijat\/perusopetukseen-valmistavan-opetuksen-valmo-opettaja\/","title":{"rendered":"Perusopetukseen valmistavan opetuksen (VALMO) opettaja"},"content":{"rendered":"<ul>\n<li>valmistavan opetuksen opettajat ovat varhaiskasvatuksen opettajia, jotka ty\u00f6skentelev\u00e4t useassa eri yksik\u00f6ss\u00e4 resurssiopettajina<\/li>\n<li>suunnittelee ja toteuttaa kaksi- ja monikielisten lasten suomen kielen opetusta niiss\u00e4 ryhmiss\u00e4, joissa on useita valmistavan opetuksen oppilaita<\/li>\n<li>konsultoi niit\u00e4 ryhmi\u00e4, joissa on yksitt\u00e4isi\u00e4 Valmo-oppilaita<\/li>\n<li>suunnittelee, arvioi ja kehitt\u00e4\u00e4 valmistavaa opetusta kaupungin tasolla<\/li>\n<li>ty\u00f6tapoina k\u00e4ytet\u00e4\u00e4n mm. pienryhm\u00e4opetusta, sek\u00e4 rinnakkais- ja samanaikaisopetusta, joita so-velletaan eri tavoilla eri ryhmiss\u00e4<\/li>\n<li>vie kent\u00e4lle tietoa kielitietoisen esiopetuksen merkityksest\u00e4 ja k\u00e4yt\u00e4nn\u00f6ist\u00e4<\/li>\n<li>on mukana pedagogisten asiakirjojen prosessissa tai lasta koskevissa keskusteluissa tarvittaessa<\/li>\n<li>osallistuu moniammatilliseen verkostoyhteisty\u00f6h\u00f6n<\/li>\n<li>osallistuu yhteis\u00f6lliseen opiskeluhuoltoty\u00f6h\u00f6n<\/li>\n<\/ul>\n","protected":false},"excerpt":{"rendered":"<ul>\n<li>valmistavan opetuksen opettajat ovat varhaiskasvatuksen opettajia, jotka ty\u00f6skentelev\u00e4t useassa eri yksik\u00f6ss\u00e4 resurssiopettajina<\/li>\n<li>suunnittelee ja toteuttaa kaksi- ja monikielisten lasten suomen kielen opetusta niiss\u00e4 ryhmiss\u00e4, &#8230;<br \/>\n","protected":false},"author":56,"featured_media":0,"parent":1782,"menu_order":0,"comment_status":"closed","ping_status":"closed","template":"","meta":{"footnotes":""},"class_list":["post-1805","page","type-page","status-publish","hentry"],"_links":{"self":[{"href":"https:\/\/blog.edu.turku.fi\/oppimisen-tuki\/wp-json\/wp\/v2\/pages\/1805","targetHints":{"allow":["GET"]}}],"collection":[{"href":"https:\/\/blog.edu.turku.fi\/oppimisen-tuki\/wp-json\/wp\/v2\/pages"}],"about":[{"href":"https:\/\/blog.edu.turku.fi\/oppimisen-tuki\/wp-json\/wp\/v2\/types\/page"}],"author":[{"embeddable":true,"href":"https:\/\/blog.edu.turku.fi\/oppimisen-tuki\/wp-json\/wp\/v2\/users\/56"}],"replies":[{"embeddable":true,"href":"https:\/\/blog.edu.turku.fi\/oppimisen-tuki\/wp-json\/wp\/v2\/comments?post=1805"}],"version-history":[{"count":2,"href":"https:\/\/blog.edu.turku.fi\/oppimisen-tuki\/wp-json\/wp\/v2\/pages\/1805\/revisions"}],"predecessor-version":[{"id":1807,"href":"https:\/\/blog.edu.turku.fi\/oppimisen-tuki\/wp-json\/wp\/v2\/pages\/1805\/revisions\/1807"}],"up":[{"embeddable":true,"href":"https:\/\/blog.edu.turku.fi\/oppimisen-tuki\/wp-json\/wp\/v2\/pages\/1782"}],"wp:attachment":[{"href":"https:\/\/blog.edu.turku.fi\/oppimisen-tuki\/wp-json\/wp\/v2\/media?parent=1805"}],"curies":[{"name":"wp","href":"https:\/\/api.w.org\/{rel}","templated":true}]}}