{"id":1799,"date":"2023-05-29T13:46:37","date_gmt":"2023-05-29T10:46:37","guid":{"rendered":"https:\/\/blog.edu.turku.fi\/oppimisen-tuki\/?page_id=1799"},"modified":"2023-05-29T14:01:15","modified_gmt":"2023-05-29T11:01:15","slug":"varhaiskasvatuksen-opettaja-esiopetusryhmassa","status":"publish","type":"page","link":"https:\/\/blog.edu.turku.fi\/oppimisen-tuki\/koulutusasteet\/esiopetus\/toimijat\/varhaiskasvatuksen-opettaja-esiopetusryhmassa\/","title":{"rendered":"Varhaiskasvatuksen opettaja (esiopetusryhm\u00e4ss\u00e4)"},"content":{"rendered":"<table class=\"kasitekaavio\">\n<tbody>\n<tr>\n<td><\/td>\n<\/tr>\n<tr>\n<td>Inklusiivisen pedagogiikan johtaminen lapsiryhm\u00e4ss\u00e4<\/td>\n<\/tr>\n<tr>\n<td>Monialainen yhteisty\u00f6<\/td>\n<\/tr>\n<tr>\n<td>Tuen tarpeen arviointi, tukitoimien suunnittelu ja toteutus<\/td>\n<\/tr>\n<tr>\n<td>Yhteisty\u00f6 huoltajien kanssa<\/td>\n<\/tr>\n<\/tbody>\n<\/table>\n<ul>\n<li>johtaa ryhm\u00e4n pedagogiikkaa ja toimintakulttuuria inklusiivisten periaatteiden ja arvojen (yhdenvertaisuus, tasa-arvo, syrjim\u00e4tt\u00f6myys, jokaisen lapsen sosiaalinen osallisuus ja moninaisuuden arvostaminen) mukaan<\/li>\n<li>havainnoi lasten toimintaa ja tuen tarpeita, sek\u00e4 suunnittelee struktuurit ja ty\u00f6tavat, jotka tukevat lapsia esiopetuksessa ja varhaiskasvatuksessa<\/li>\n<li>huolehtii, ett\u00e4 lasten tukitoimet aloitetaan lapsiryhm\u00e4ss\u00e4 viivytyksett\u00e4, heti kun tuen tarve on havaittu<\/li>\n<li>arvioi ja kehitt\u00e4\u00e4 ryhm\u00e4n toimintaa lasten yksil\u00f6lliset tuen tarpeet huomioiden<\/li>\n<li>vastaa oman ryhm\u00e4ns\u00e4 Valmo-opetuksesta<\/li>\n<li>edist\u00e4\u00e4 jokaisen tiimin j\u00e4senen osaamisen ja ammattitaidon hy\u00f6dynt\u00e4mist\u00e4 lasten tuen j\u00e4rjestelyiss\u00e4<\/li>\n<li>vastaa lapsen varhaiskasvatussuunnitelman ja muiden pedagogisten asiakirjojen laatimisesta<\/li>\n<li>vastaa monialaisesta yhteisty\u00f6st\u00e4 lapsen tukeen ja hyvinvointiin liittyviss\u00e4 asioissa<\/li>\n<li>ohjaa tarvittaessa huoltajia hakemaan apua, tukea tai tutkimuksia esimerkiksi neuvolasta, perheneuvolasta, esiopetuksen kuraattorilta tai koulupsykologilta<\/li>\n<li>osallistuu sovittuihin palavereihin, kirjoittaa ja t\u00e4ytt\u00e4\u00e4 tarvittavat selvitykset ja lomakkeet hoitavalle tai tutkivalle taholle<\/li>\n<li>osallistuu yhteis\u00f6lliseen opiskeluhuoltoty\u00f6h\u00f6n ja kokoaa tarvittaessa monialaisen asiantuntijaryhm\u00e4n (MAR) lapsen asioissa<\/li>\n<\/ul>\n","protected":false},"excerpt":{"rendered":"<ul>\n<li>johtaa ryhm\u00e4n pedagogiikkaa ja toimintakulttuuria inklusiivisten periaatteiden ja arvojen (yhdenvertaisuus, tasa-arvo, syrjim\u00e4tt\u00f6myys, jokaisen lapsen sosiaalinen osallisuus ja moninaisuuden arvostaminen) mukaan<\/li>\n<li>havainnoi last&#8230;<br \/>\n","protected":false},"author":56,"featured_media":0,"parent":1782,"menu_order":0,"comment_status":"closed","ping_status":"closed","template":"","meta":{"footnotes":""},"class_list":["post-1799","page","type-page","status-publish","hentry"],"_links":{"self":[{"href":"https:\/\/blog.edu.turku.fi\/oppimisen-tuki\/wp-json\/wp\/v2\/pages\/1799","targetHints":{"allow":["GET"]}}],"collection":[{"href":"https:\/\/blog.edu.turku.fi\/oppimisen-tuki\/wp-json\/wp\/v2\/pages"}],"about":[{"href":"https:\/\/blog.edu.turku.fi\/oppimisen-tuki\/wp-json\/wp\/v2\/types\/page"}],"author":[{"embeddable":true,"href":"https:\/\/blog.edu.turku.fi\/oppimisen-tuki\/wp-json\/wp\/v2\/users\/56"}],"replies":[{"embeddable":true,"href":"https:\/\/blog.edu.turku.fi\/oppimisen-tuki\/wp-json\/wp\/v2\/comments?post=1799"}],"version-history":[{"count":4,"href":"https:\/\/blog.edu.turku.fi\/oppimisen-tuki\/wp-json\/wp\/v2\/pages\/1799\/revisions"}],"predecessor-version":[{"id":1804,"href":"https:\/\/blog.edu.turku.fi\/oppimisen-tuki\/wp-json\/wp\/v2\/pages\/1799\/revisions\/1804"}],"up":[{"embeddable":true,"href":"https:\/\/blog.edu.turku.fi\/oppimisen-tuki\/wp-json\/wp\/v2\/pages\/1782"}],"wp:attachment":[{"href":"https:\/\/blog.edu.turku.fi\/oppimisen-tuki\/wp-json\/wp\/v2\/media?parent=1799"}],"curies":[{"name":"wp","href":"https:\/\/api.w.org\/{rel}","templated":true}]}}