{"id":1789,"date":"2023-05-29T08:44:43","date_gmt":"2023-05-29T05:44:43","guid":{"rendered":"https:\/\/blog.edu.turku.fi\/oppimisen-tuki\/?page_id=1789"},"modified":"2023-05-29T08:51:27","modified_gmt":"2023-05-29T05:51:27","slug":"esiopetuksen-kuraattori","status":"publish","type":"page","link":"https:\/\/blog.edu.turku.fi\/oppimisen-tuki\/koulutusasteet\/esiopetus\/toimijat\/esiopetuksen-kuraattori\/","title":{"rendered":"Esiopetuksen kuraattori"},"content":{"rendered":"<ul>\n<li>edist\u00e4\u00e4 lasten ja yhteis\u00f6n hyvinvointia<\/li>\n<li>tukee psykososiaalista kasvua ja oppimista yksil\u00f6k\u00e4yntien ja ryh-m\u00e4\u00e4n tai koko yhteis\u00f6\u00f6n kohdistuvien toimien kautta<\/li>\n<li>on esiopetuksen sosiaality\u00f6ntekij\u00e4<\/li>\n<li>tukee lapsen el\u00e4m\u00e4ntilannetta, esiopetukseen osallistumista, kaveri-suhteita, tunnetaitoja, kiusaamista, perhetilannetta ja vapaa-aikaa kos-kevissa asioissa<\/li>\n<li>toimii yhteisty\u00f6ss\u00e4 lapsen, huoltajien, esiopetusyhteis\u00f6n ja muiden verkostojen kanssa.<\/li>\n<li>osallistuu tarvittaessa monialaisen asiantuntijaryhm\u00e4n ty\u00f6skentelyyn sek\u00e4 monialaiseen yhteisty\u00f6h\u00f6n lapsen tuen suunnittelussa<\/li>\n<li>osallistuu kiusaamisen vastaiseen ty\u00f6h\u00f6n<\/li>\n<li>osallistuu yhteis\u00f6lliseen opiskeluhuoltoty\u00f6h\u00f6n alueellisesti ja yksik\u00f6i-den tarpeen mukaan<\/li>\n<\/ul>\n","protected":false},"excerpt":{"rendered":"<p>Esiopetuksen kuraattori<\/p>\n<ul>\n<li>edist\u00e4\u00e4 lasten ja yhteis\u00f6n hyvinvointia<\/li>\n<li>tukee psykososiaalista kasvua ja oppimista yksil\u00f6k\u00e4yntien ja ryh-m\u00e4\u00e4n tai koko yhteis\u00f6\u00f6n kohdistuvien toimien kautta<\/li>\n<li>on esiopetuksen sosiaality\u00f6nteki&#8230;<br \/>\n","protected":false},"author":56,"featured_media":0,"parent":1782,"menu_order":0,"comment_status":"closed","ping_status":"closed","template":"","meta":{"footnotes":""},"class_list":["post-1789","page","type-page","status-publish","hentry"],"_links":{"self":[{"href":"https:\/\/blog.edu.turku.fi\/oppimisen-tuki\/wp-json\/wp\/v2\/pages\/1789","targetHints":{"allow":["GET"]}}],"collection":[{"href":"https:\/\/blog.edu.turku.fi\/oppimisen-tuki\/wp-json\/wp\/v2\/pages"}],"about":[{"href":"https:\/\/blog.edu.turku.fi\/oppimisen-tuki\/wp-json\/wp\/v2\/types\/page"}],"author":[{"embeddable":true,"href":"https:\/\/blog.edu.turku.fi\/oppimisen-tuki\/wp-json\/wp\/v2\/users\/56"}],"replies":[{"embeddable":true,"href":"https:\/\/blog.edu.turku.fi\/oppimisen-tuki\/wp-json\/wp\/v2\/comments?post=1789"}],"version-history":[{"count":2,"href":"https:\/\/blog.edu.turku.fi\/oppimisen-tuki\/wp-json\/wp\/v2\/pages\/1789\/revisions"}],"predecessor-version":[{"id":1798,"href":"https:\/\/blog.edu.turku.fi\/oppimisen-tuki\/wp-json\/wp\/v2\/pages\/1789\/revisions\/1798"}],"up":[{"embeddable":true,"href":"https:\/\/blog.edu.turku.fi\/oppimisen-tuki\/wp-json\/wp\/v2\/pages\/1782"}],"wp:attachment":[{"href":"https:\/\/blog.edu.turku.fi\/oppimisen-tuki\/wp-json\/wp\/v2\/media?parent=1789"}],"curies":[{"name":"wp","href":"https:\/\/api.w.org\/{rel}","templated":true}]}}