{"id":1784,"date":"2023-05-29T08:39:50","date_gmt":"2023-05-29T05:39:50","guid":{"rendered":"https:\/\/blog.edu.turku.fi\/oppimisen-tuki\/?page_id=1784"},"modified":"2023-05-29T08:50:40","modified_gmt":"2023-05-29T05:50:40","slug":"koulupsykologi","status":"publish","type":"page","link":"https:\/\/blog.edu.turku.fi\/oppimisen-tuki\/koulutusasteet\/esiopetus\/toimijat\/koulupsykologi\/","title":{"rendered":"Koulupsykologi"},"content":{"rendered":"<p>Koulupsykologi esiopetuksessa<\/p>\n<ul>\n<li>edist\u00e4\u00e4 lasten psyykkist\u00e4 hyvinvointia ja oppimista yksil\u00f6k\u00e4yntien ja ryhm\u00e4\u00e4n tai koko yhteis\u00f6\u00f6n kohdistuvien toimien kautta.<\/li>\n<li>tukee lapsia henkiseen hyvinvointiin, kasvuun ja kehitykseen liittyviss\u00e4 asioissa, esim. stressi, mieliala, j\u00e4nnitt\u00e4minen, univaikeudet ym.<\/li>\n<li>tukee lapsia oppimiseen ja keskittymiseen liittyviss\u00e4 asioissa<\/li>\n<li>tekee lasten oppimiseen ja henkiseen hyvinvointiin liittyv\u00e4t psykologiset tutkimukset ja arviot ja ohjaa tarvittaessa muiden palveluiden piiriin<\/li>\n<li>konsultoi tarvittaessa opettajia ja muuta henkil\u00f6st\u00f6\u00e4<\/li>\n<li>ohjaa ja neuvoo lapsia ja huoltajia oppimiseen ja henkiseen hyvinvointiin liittyviss\u00e4 asioissa<\/li>\n<li>osallistuu tarvittaessa monialaisen asiantuntijaryhm\u00e4n ja esiopetuksen alueellisen yhteis\u00f6llisen opiskeluhuoltoryhm\u00e4n toimintaan<\/li>\n<\/ul>\n","protected":false},"excerpt":{"rendered":"<p>Koulupsykologi esiopetuksessa<\/p>\n<ul>\n<li>edist\u00e4\u00e4 lasten psyykkist\u00e4 hyvinvointia ja oppimista yksil\u00f6k\u00e4yntien ja ryhm\u00e4\u00e4n tai koko yhteis\u00f6\u00f6n kohdistuvien toimien kautta.<\/li>\n<li>tukee lapsia henkiseen hyvinvointiin, kasvuun ja kehitykseen liittyvi&#8230;<br \/>\n","protected":false},"author":56,"featured_media":0,"parent":1782,"menu_order":0,"comment_status":"closed","ping_status":"closed","template":"","meta":{"footnotes":""},"class_list":["post-1784","page","type-page","status-publish","hentry"],"_links":{"self":[{"href":"https:\/\/blog.edu.turku.fi\/oppimisen-tuki\/wp-json\/wp\/v2\/pages\/1784","targetHints":{"allow":["GET"]}}],"collection":[{"href":"https:\/\/blog.edu.turku.fi\/oppimisen-tuki\/wp-json\/wp\/v2\/pages"}],"about":[{"href":"https:\/\/blog.edu.turku.fi\/oppimisen-tuki\/wp-json\/wp\/v2\/types\/page"}],"author":[{"embeddable":true,"href":"https:\/\/blog.edu.turku.fi\/oppimisen-tuki\/wp-json\/wp\/v2\/users\/56"}],"replies":[{"embeddable":true,"href":"https:\/\/blog.edu.turku.fi\/oppimisen-tuki\/wp-json\/wp\/v2\/comments?post=1784"}],"version-history":[{"count":2,"href":"https:\/\/blog.edu.turku.fi\/oppimisen-tuki\/wp-json\/wp\/v2\/pages\/1784\/revisions"}],"predecessor-version":[{"id":1797,"href":"https:\/\/blog.edu.turku.fi\/oppimisen-tuki\/wp-json\/wp\/v2\/pages\/1784\/revisions\/1797"}],"up":[{"embeddable":true,"href":"https:\/\/blog.edu.turku.fi\/oppimisen-tuki\/wp-json\/wp\/v2\/pages\/1782"}],"wp:attachment":[{"href":"https:\/\/blog.edu.turku.fi\/oppimisen-tuki\/wp-json\/wp\/v2\/media?parent=1784"}],"curies":[{"name":"wp","href":"https:\/\/api.w.org\/{rel}","templated":true}]}}