{"id":1742,"date":"2023-05-19T15:52:19","date_gmt":"2023-05-19T12:52:19","guid":{"rendered":"https:\/\/blog.edu.turku.fi\/oppimisen-tuki\/?page_id=1742"},"modified":"2023-05-23T14:32:00","modified_gmt":"2023-05-23T11:32:00","slug":"paivakodin-erityisopettaja-kunnallinen","status":"publish","type":"page","link":"https:\/\/blog.edu.turku.fi\/oppimisen-tuki\/koulutusasteet\/varhaiskasvatus\/toimijat\/paivakodin-erityisopettaja-kunnallinen\/","title":{"rendered":"P\u00e4iv\u00e4kodin erityisopettaja (kunnallinen)"},"content":{"rendered":"<ul>\n<li>kehitt\u00e4\u00e4 p\u00e4iv\u00e4kodin pedagogiikkaa, oppimisymp\u00e4rist\u00f6j\u00e4 ja toimintakulttuuria inklusiivisten periaatteiden ja arvojen (yhdenvertaisuus, tasa-arvo, syrjim\u00e4tt\u00f6myys, jokaisen lapsen sosiaalinen osallisuus ja moninaisuuden arvostaminen) mukaan<\/li>\n<li>toteuttaa yhteis- ja samanaikaisopettajuutta lapsiryhmiss\u00e4 ja havainnoi lasten ja lapsiryhmien tuen tarpeita ja ryhmien peruspedagogiikan toteutumista<\/li>\n<li>toteuttaa yksil\u00f6- ja pienryhm\u00e4opetusta osa-aikaisena erityisopetuksena lasten tarpeiden mukaan<\/li>\n<li>ohjaa ryhmien henkil\u00f6st\u00f6\u00e4 pedagogisten ja erityispedagogisten ty\u00f6skentelymenetelmien, materiaalien ja apuv\u00e4lineiden k\u00e4ytt\u00e4misess\u00e4<\/li>\n<li>toimii kolmitasoisen tuen ja erityisopetuksen asiantuntijana omassa p\u00e4iv\u00e4kodissaan yhteisty\u00f6ss\u00e4 alueellisen varhaiskasvatuksen erityisopettajan kanssa<\/li>\n<li>konsultoi lapsiryhmien henkil\u00f6st\u00f6\u00e4 ja huoltajia tuen asioissa<\/li>\n<li>osallistuu sovitusti lapsen vasukeskusteluihin yhdess\u00e4 lapsen varhaiskasvatussuunnitelman laativan opettajan kanssa ja ohjaa p\u00e4iv\u00e4kodin henkil\u00f6st\u00f6\u00e4 monialaiseen yhteisty\u00f6h\u00f6n<\/li>\n<li>on mukana lapsi- ja ryhm\u00e4kohtaisten avustajien avustajasopimuksen laatimisessa ja pedagogisessa ohjauksessa<\/li>\n<\/ul>\n<table class=\"kasitekaavio\">\n<tbody>\n<tr>\n<td><\/td>\n<\/tr>\n<tr>\n<td>Yhteisopettajuus, osa-aikainen erityisopetus<\/td>\n<\/tr>\n<tr>\n<td>Tuen k\u00e4yt\u00e4nt\u00f6jen ohjaaminen ja kehitt\u00e4minen<\/td>\n<\/tr>\n<tr>\n<td>P\u00e4iv\u00e4kodin pedagogiikan ja oppimisymp\u00e4rist\u00f6jen kehitt\u00e4minen<\/td>\n<\/tr>\n<tr>\n<td>Monialainen yhteisty\u00f6, huoltajayhteisty\u00f6<\/td>\n<\/tr>\n<\/tbody>\n<\/table>\n<p>&nbsp;<\/p>\n","protected":false},"excerpt":{"rendered":"<ul>\n<li>kehitt\u00e4\u00e4 p\u00e4iv\u00e4kodin pedagogiikkaa, oppimisymp\u00e4rist\u00f6j\u00e4 ja toimintakulttuuria inklusiivisten periaatteiden ja arvojen (yhdenvertaisuus, tasa-arvo, syrjim\u00e4tt\u00f6myys, jokaisen lapsen sosiaalinen osallisuus ja moninaisuuden arvostaminen) mukaan&lt;&#8230;<br \/>\n","protected":false},"author":56,"featured_media":0,"parent":359,"menu_order":0,"comment_status":"closed","ping_status":"closed","template":"","meta":{"footnotes":""},"class_list":["post-1742","page","type-page","status-publish","hentry"],"_links":{"self":[{"href":"https:\/\/blog.edu.turku.fi\/oppimisen-tuki\/wp-json\/wp\/v2\/pages\/1742","targetHints":{"allow":["GET"]}}],"collection":[{"href":"https:\/\/blog.edu.turku.fi\/oppimisen-tuki\/wp-json\/wp\/v2\/pages"}],"about":[{"href":"https:\/\/blog.edu.turku.fi\/oppimisen-tuki\/wp-json\/wp\/v2\/types\/page"}],"author":[{"embeddable":true,"href":"https:\/\/blog.edu.turku.fi\/oppimisen-tuki\/wp-json\/wp\/v2\/users\/56"}],"replies":[{"embeddable":true,"href":"https:\/\/blog.edu.turku.fi\/oppimisen-tuki\/wp-json\/wp\/v2\/comments?post=1742"}],"version-history":[{"count":6,"href":"https:\/\/blog.edu.turku.fi\/oppimisen-tuki\/wp-json\/wp\/v2\/pages\/1742\/revisions"}],"predecessor-version":[{"id":1772,"href":"https:\/\/blog.edu.turku.fi\/oppimisen-tuki\/wp-json\/wp\/v2\/pages\/1742\/revisions\/1772"}],"up":[{"embeddable":true,"href":"https:\/\/blog.edu.turku.fi\/oppimisen-tuki\/wp-json\/wp\/v2\/pages\/359"}],"wp:attachment":[{"href":"https:\/\/blog.edu.turku.fi\/oppimisen-tuki\/wp-json\/wp\/v2\/media?parent=1742"}],"curies":[{"name":"wp","href":"https:\/\/api.w.org\/{rel}","templated":true}]}}