{"id":1655,"date":"2023-05-11T13:10:08","date_gmt":"2023-05-11T10:10:08","guid":{"rendered":"https:\/\/blog.edu.turku.fi\/oppimisen-tuki\/?page_id=1655"},"modified":"2023-07-06T09:21:10","modified_gmt":"2023-07-06T06:21:10","slug":"aineenopettaja","status":"publish","type":"page","link":"https:\/\/blog.edu.turku.fi\/oppimisen-tuki\/koulutusasteet\/perusopetus\/toimijat\/aineenopettaja\/","title":{"rendered":"Aineenopettaja"},"content":{"rendered":"<ul>\n<li>vastaa oppilaidensa oppimisen tuesta omassa oppiaineessaan<\/li>\n<li>ohjaa oppilaidensa oppimaan oppimisen ja opiskelun taitojen kehitt\u00e4mist\u00e4 omassa oppiaineessaan<\/li>\n<li>vastaa kasvatuksellisista asioista opetusryhm\u00e4ss\u00e4\u00e4n ja vie asian tarvittaessa eteenp\u00e4in koulussa sovitun k\u00e4yt\u00e4nn\u00f6n mukaisesti<\/li>\n<li>tekee yhteisty\u00f6t\u00e4 kodin kanssa oppilaan oppimiseen liittyviss\u00e4 asioissa<\/li>\n<li>ottaa yhteytt\u00e4 huolen her\u00e4tess\u00e4 luokanopettajaan\/luokanohjaajaan\/erityisopettajaan ja tarvittaessa opiskeluhuollon henkil\u00f6st\u00f6\u00f6n<\/li>\n<li>osallistuu tarvittaessa MAR-palavereihin ja kutsuu sen koolle<\/li>\n<li>kirjaa ja seuraa oppilaan poissaoloja<\/li>\n<li>vastaa koulunk\u00e4ynninohjaajan tuella opiskelevien oppilaiden opetuksesta<\/li>\n<li>vastaa erityisen tuen oppilaiden opetuksesta ja arvioinnista yhdess\u00e4 laaja-alaisen erityisopettajan kanssa<\/li>\n<li>vastaa omassa oppiaineessaan oppimissuunnitelman ja HOJKSin laatimisesta ja tuen toteuttamisesta<\/li>\n<li>osallistuu oman oppiaineensa osalta pedagogisen arvion ja pedagogisen selvityksen laatimiseen<\/li>\n<li>osallistuu tarvittaessa oppilaan erityisen tuen ja yksil\u00f6llistetyn oppim\u00e4\u00e4r\u00e4n suunnitteluun sek\u00e4 tuen toteuttamiseen oman oppiaineensa osalta<\/li>\n<\/ul>\n","protected":false},"excerpt":{"rendered":"<ul>\n<li>Vastaa oppilaidensa oppimisen tuesta omassa oppiaineessaan<\/li>\n<li>Ohjaa oppilaidensa oppimaan oppimisen ja opiskelun taitojen kehitt\u00e4mist\u00e4 omassa oppiaineessaan \u200b<\/li>\n<li>Vastaa kasvatuksellisista asioista opetusryhm\u00e4ss\u00e4\u00e4n ja vie&#8230;<br \/>\n","protected":false},"author":56,"featured_media":0,"parent":426,"menu_order":0,"comment_status":"closed","ping_status":"closed","template":"","meta":{"footnotes":""},"class_list":["post-1655","page","type-page","status-publish","hentry"],"_links":{"self":[{"href":"https:\/\/blog.edu.turku.fi\/oppimisen-tuki\/wp-json\/wp\/v2\/pages\/1655","targetHints":{"allow":["GET"]}}],"collection":[{"href":"https:\/\/blog.edu.turku.fi\/oppimisen-tuki\/wp-json\/wp\/v2\/pages"}],"about":[{"href":"https:\/\/blog.edu.turku.fi\/oppimisen-tuki\/wp-json\/wp\/v2\/types\/page"}],"author":[{"embeddable":true,"href":"https:\/\/blog.edu.turku.fi\/oppimisen-tuki\/wp-json\/wp\/v2\/users\/56"}],"replies":[{"embeddable":true,"href":"https:\/\/blog.edu.turku.fi\/oppimisen-tuki\/wp-json\/wp\/v2\/comments?post=1655"}],"version-history":[{"count":5,"href":"https:\/\/blog.edu.turku.fi\/oppimisen-tuki\/wp-json\/wp\/v2\/pages\/1655\/revisions"}],"predecessor-version":[{"id":2417,"href":"https:\/\/blog.edu.turku.fi\/oppimisen-tuki\/wp-json\/wp\/v2\/pages\/1655\/revisions\/2417"}],"up":[{"embeddable":true,"href":"https:\/\/blog.edu.turku.fi\/oppimisen-tuki\/wp-json\/wp\/v2\/pages\/426"}],"wp:attachment":[{"href":"https:\/\/blog.edu.turku.fi\/oppimisen-tuki\/wp-json\/wp\/v2\/media?parent=1655"}],"curies":[{"name":"wp","href":"https:\/\/api.w.org\/{rel}","templated":true}]}}