{"id":1460,"date":"2023-05-08T12:45:32","date_gmt":"2023-05-08T09:45:32","guid":{"rendered":"https:\/\/blog.edu.turku.fi\/oppimisen-tuki\/?page_id=1460"},"modified":"2023-07-17T09:32:16","modified_gmt":"2023-07-17T06:32:16","slug":"kirjasto-oppimista-tukemassa","status":"publish","type":"page","link":"https:\/\/blog.edu.turku.fi\/oppimisen-tuki\/koulutusasteet\/perusopetus\/lisatiedot\/yhteistyo-tuen-aikana\/kirjasto-oppimista-tukemassa\/","title":{"rendered":"Kirjasto oppimista tukemassa"},"content":{"rendered":"<ul>\n<li>Kirjasto tukee oppimista tarjoamalla erilaisia vierailuja ja houkuttelemalla lapsia ja nuoria kirjallisuuden pariin, yll\u00e4pit\u00e4m\u00e4ll\u00e4 lukuintoa, opettamalla tiedonhakua ja tekem\u00e4ll\u00e4 ymp\u00e4rist\u00f6kasvatusta (ocks\u00e5 p\u00e5 svenska).<\/li>\n<li>Lasten ja nuorten osastojen henkil\u00f6kunta auttaa opetushenkil\u00f6st\u00f6\u00e4 kirjallisuuteen ja lukutaitoon, tiedonhakuun, mediakasvatukseen, ymp\u00e4rist\u00f6kasvatukseen ja kirjastonk\u00e4ytt\u00f6\u00f6n liittyviss\u00e4 asioissa.<\/li>\n<li>Kirjaston internetsivuilla on omat osastonsa lapsille ja nuorille, joista l\u00f6ytyy monipuolisesti E-aineistoja: kirjoja, \u00e4\u00e4nikirjoja, et\u00e4k\u00e4ytt\u00f6isi\u00e4 lehti\u00e4, musiikkia, videoita, dokumentteja, konsertteja, oopperaa ja balettia.<\/li>\n<li>Turun l\u00e4hikirjastoissa on my\u00f6s eri kielist\u00e4 lasten ja nuorten kirjallisuutta. Mik\u00e4li tarvittavaa teosta ei l\u00f6ydy, henkil\u00f6kunta tilaa pyydett\u00e4ess\u00e4 tarvittavat teokset niin perheille kuin koulujen henkil\u00f6kunnalle Suomen monikielisest\u00e4 kirjastosta Pasilasta.<\/li>\n<\/ul>\n<pre>Lukupolku on koulun ja kirjaston yhteinen oppimisymp\u00e4rist\u00f6, joka innostaa ja kannustaa monipuoliseen lukemiseen ja kirjallisuuden harrastamiseen.<\/pre>\n<ul>\n<li>Kirjaston esteett\u00f6mi\u00e4 palveluita ovat esimerkiksi:\n<ul>\n<li>Celia-kirjasto, jota voi k\u00e4ytt\u00e4\u00e4 kaikki, joille tavallisen painetun kirjan lukeminen on vaikeaa esimerkiksi lukivaikeuden, heikon n\u00e4\u00f6n tai muun vastaavan syyn vuoksi.<\/li>\n<li>Omakirjasto, joka tarjoaa kulttuuri- ja vapaa-ajan palveluita verkossa helposti ja saavutettavasti (\u00e4\u00e4nikirjoja, e-kirjoja, Turun filharmonisen orkesterin konsertteja, Turun museokeskuksen valokuvakokoelmia ja liikuntavideoita).<\/li>\n<li>Kirjaston kotipalvelut, joka tuo kirjaston palveluita kotiin, mik\u00e4li asiakkaan on vaikeaa p\u00e4\u00e4st\u00e4 palveluiden luo esimerkiksi vamman tai sairauden vuoksi.<\/li>\n<li>Viittomakielinen kirjasto, joka on verkkopalvelu, johon kootaan viittomakielist\u00e4 aineistoa.<\/li>\n<li>Infopankki, joka on monikielinen verkkosivusto, joka kokoaa yhteen t\u00e4rke\u00e4\u00e4 tietoa Suomesta t\u00e4nne muuttaneille. Sivusto palvelee my\u00f6s viranomaisia monikielisess\u00e4 tiedotuksessa.<\/li>\n<\/ul>\n<\/li>\n<\/ul>\n","protected":false},"excerpt":{"rendered":"<p>Turussa on k\u00e4ytett\u00e4v\u00e4n\u00e4 p\u00e4\u00e4kirjaston lis\u00e4ksi l\u00e4hikirjastoja ja kirjastoauto. Kirjaston internetsivuilla on omat osastonsa lapsille ja nuorille. E-aineistoja l\u00f6ytyy kirjoista, \u00e4\u00e4nikirjoista, et\u00e4k\u00e4ytt\u00f6isi\u00e4 lehti\u00e4, musiikkia, videoita, dokumentteja, kon&#8230;<\/p>\n","protected":false},"author":56,"featured_media":0,"parent":619,"menu_order":0,"comment_status":"closed","ping_status":"closed","template":"","meta":{"footnotes":""},"class_list":["post-1460","page","type-page","status-publish","hentry"],"_links":{"self":[{"href":"https:\/\/blog.edu.turku.fi\/oppimisen-tuki\/wp-json\/wp\/v2\/pages\/1460","targetHints":{"allow":["GET"]}}],"collection":[{"href":"https:\/\/blog.edu.turku.fi\/oppimisen-tuki\/wp-json\/wp\/v2\/pages"}],"about":[{"href":"https:\/\/blog.edu.turku.fi\/oppimisen-tuki\/wp-json\/wp\/v2\/types\/page"}],"author":[{"embeddable":true,"href":"https:\/\/blog.edu.turku.fi\/oppimisen-tuki\/wp-json\/wp\/v2\/users\/56"}],"replies":[{"embeddable":true,"href":"https:\/\/blog.edu.turku.fi\/oppimisen-tuki\/wp-json\/wp\/v2\/comments?post=1460"}],"version-history":[{"count":4,"href":"https:\/\/blog.edu.turku.fi\/oppimisen-tuki\/wp-json\/wp\/v2\/pages\/1460\/revisions"}],"predecessor-version":[{"id":2612,"href":"https:\/\/blog.edu.turku.fi\/oppimisen-tuki\/wp-json\/wp\/v2\/pages\/1460\/revisions\/2612"}],"up":[{"embeddable":true,"href":"https:\/\/blog.edu.turku.fi\/oppimisen-tuki\/wp-json\/wp\/v2\/pages\/619"}],"wp:attachment":[{"href":"https:\/\/blog.edu.turku.fi\/oppimisen-tuki\/wp-json\/wp\/v2\/media?parent=1460"}],"curies":[{"name":"wp","href":"https:\/\/api.w.org\/{rel}","templated":true}]}}