{"id":1456,"date":"2023-05-08T12:43:15","date_gmt":"2023-05-08T09:43:15","guid":{"rendered":"https:\/\/blog.edu.turku.fi\/oppimisen-tuki\/?page_id=1456"},"modified":"2023-07-17T09:09:48","modified_gmt":"2023-07-17T06:09:48","slug":"harrastustoiminta-oppimisen-tukena","status":"publish","type":"page","link":"https:\/\/blog.edu.turku.fi\/oppimisen-tuki\/koulutusasteet\/perusopetus\/lisatiedot\/yhteistyo-tuen-aikana\/harrastustoiminta-oppimisen-tukena\/","title":{"rendered":"Harrastustoiminta oppimisen tukena"},"content":{"rendered":"<ul>\n<li>Lapsilla on oikeus kulttuuriin, taiteeseen sek\u00e4 virkistys- ja vapaa-ajan toimintaan.<\/li>\n<li>Pyrkimyksen\u00e4 on tarjota sopivia ja yht\u00e4l\u00e4isi\u00e4 mahdollisuuksia lapsille niihin osallistumiseksi.<\/li>\n<li>Harrastaminen on vapaaehtoista.<\/li>\n<li>Harrastaminen voi olla ohjattua tai omatoimista ja se voi tapahtua ryhm\u00e4ss\u00e4 tai itsekseen.<\/li>\n<li>Koulu tarjoaa luonnollisen yhteyden osallistua harrastustoimintaan muiden oppilaiden kanssa.<\/li>\n<\/ul>\n<p><strong>Turun koulukohtaiset harrastelukkarit l\u00f6ytyv\u00e4t internetist\u00e4 hakusanalla Turun koulukohtaiset harrastelukkarit<\/strong><\/p>\n<p><strong>Esimerkkej\u00e4 muista harrastusmahdollisuuuksista Turun seudulla:<br \/>\n<\/strong><\/p>\n<p><strong>Mihi<\/strong><\/p>\n<ul>\n<li>Maksutonta liikuntaa kaikille Turun seudulla asuville 12\u201319-vuotiaille nuorille.<\/li>\n<li>Mukaan voi tulla milloin vain eik\u00e4 aiempaa kokemusta lajista tarvita.<\/li>\n<li>Osallistuminen ei vaadi ennakkoilmoittautumisia.<\/li>\n<li>Nuori rekister\u00f6ityy Mihiin ja n\u00e4ytt\u00e4\u00e4 rekister\u00f6itymisest\u00e4 saatavaa j\u00e4sennumeroa tullessaan toimintaan.<\/li>\n<li>Harrastusajat l\u00f6ytyv\u00e4t Turun seudun kalenterista hakusanalla mihi.<\/li>\n<\/ul>\n<p><strong>Icehearts<\/strong><\/p>\n<ul>\n<li>Icehearts on varhaisen puuttumisen toimintamalli lapsen hyv\u00e4ksi ja koulun tueksi ty\u00f6kaluna joukkueurheilu.<\/li>\n<li>Icehearts on suunnattu alueella asuville 6-18 -vuotiaille oppilaille, joilla erilaisia haasteita (esimerkiksi syrj\u00e4ytymisvaarassa oleville).<\/li>\n<li>Opettaja voi ensin alustavasti itse tiedustella vapaata paikkaa, eik\u00e4 siihen tarvita huoltajan lupaa. Mik\u00e4li joukkueessa on tilaa, opettaja on yhteydess\u00e4 huoltajaan. Ennen toiminnan aloittamista Ice-heartskasvattaja tapaa huoltajat ja sopii toiminnan aloittamisesta.<\/li>\n<li>Huoltajilta pyydet\u00e4\u00e4n lupa, ett\u00e4 Iceheartsyhteisty\u00f6st\u00e4 voidaan puhua avoimesti kasvattajan ja opettajan kesken ja ett\u00e4 se voitaisiin kirjata esimerkiksi pedagogisiin asiakirjoihin. Kun lupa on saatu, sovitaan yhdess\u00e4 opettajan ja kasvattajan v\u00e4lill\u00e4 kouluty\u00f6n tuen mahdollisuudesta ja muodoista. Opettaja vastaa kouluty\u00f6st\u00e4 ja kasvattaja toimii tarvittaessa ja sovitusti tukena.<\/li>\n<li>Lis\u00e4tietoa internetist\u00e4 hakusanoilla Icehearts ja Turku<\/li>\n<\/ul>\n<p>&nbsp;<\/p>\n<p>L\u00e4hteet:<\/p>\n<p>Harrastamisen Suomen malli. Haettu 2023 osoitteesta https:\/\/harrastamisensuomenmalli.fi\/<\/p>\n<p>Iceahearts. Haettu 2023 osoitteesta https:\/\/www.icehearts.fi\/<\/p>\n<p>Mihi. Haettu 2023 osoitteesta https:\/\/mihi.fi\/<\/p>\n<p>&nbsp;<\/p>\n<p>&nbsp;<\/p>\n","protected":false},"excerpt":{"rendered":"<p>Lapsilla on oikeus kulttuuriin, taiteeseen sek\u00e4 virkistys- ja vapaa-ajan toimintaan ja pyrkimyksen\u00e4 on tarjota sopivia ja yht\u00e4l\u00e4isi\u00e4 mahdollisuuksia lapsille niihin osallistumiseksi.<\/p>\n<p>Harrastaminen on vapaaehtoista. Se voi olla ohjattua tai omatoim&#8230;<\/p>\n","protected":false},"author":56,"featured_media":0,"parent":619,"menu_order":0,"comment_status":"closed","ping_status":"closed","template":"","meta":{"footnotes":""},"class_list":["post-1456","page","type-page","status-publish","hentry"],"_links":{"self":[{"href":"https:\/\/blog.edu.turku.fi\/oppimisen-tuki\/wp-json\/wp\/v2\/pages\/1456","targetHints":{"allow":["GET"]}}],"collection":[{"href":"https:\/\/blog.edu.turku.fi\/oppimisen-tuki\/wp-json\/wp\/v2\/pages"}],"about":[{"href":"https:\/\/blog.edu.turku.fi\/oppimisen-tuki\/wp-json\/wp\/v2\/types\/page"}],"author":[{"embeddable":true,"href":"https:\/\/blog.edu.turku.fi\/oppimisen-tuki\/wp-json\/wp\/v2\/users\/56"}],"replies":[{"embeddable":true,"href":"https:\/\/blog.edu.turku.fi\/oppimisen-tuki\/wp-json\/wp\/v2\/comments?post=1456"}],"version-history":[{"count":6,"href":"https:\/\/blog.edu.turku.fi\/oppimisen-tuki\/wp-json\/wp\/v2\/pages\/1456\/revisions"}],"predecessor-version":[{"id":2610,"href":"https:\/\/blog.edu.turku.fi\/oppimisen-tuki\/wp-json\/wp\/v2\/pages\/1456\/revisions\/2610"}],"up":[{"embeddable":true,"href":"https:\/\/blog.edu.turku.fi\/oppimisen-tuki\/wp-json\/wp\/v2\/pages\/619"}],"wp:attachment":[{"href":"https:\/\/blog.edu.turku.fi\/oppimisen-tuki\/wp-json\/wp\/v2\/media?parent=1456"}],"curies":[{"name":"wp","href":"https:\/\/api.w.org\/{rel}","templated":true}]}}