{"id":1410,"date":"2023-05-05T15:35:46","date_gmt":"2023-05-05T12:35:46","guid":{"rendered":"https:\/\/blog.edu.turku.fi\/oppimisen-tuki\/?page_id=1410"},"modified":"2023-08-15T15:22:23","modified_gmt":"2023-08-15T12:22:23","slug":"sairaalakoulu","status":"publish","type":"page","link":"https:\/\/blog.edu.turku.fi\/oppimisen-tuki\/koulutusasteet\/perusopetus\/lisatiedot\/yhteistyo-tuen-aikana\/sairaalakoulu\/","title":{"rendered":"Sairaalakoulu oppimisen ja koulunk\u00e4ynnin tukena"},"content":{"rendered":"<pre>Huom! Konsultoi ensin koulusi\u00a0koulunepsyopettajaa, mik\u00e4li tuen tarve\u00a0liittyy neurokirjon asioihin.<\/pre>\n<ul>\n<li>Sairaalakoulu tarjoaa opetusta erikoissairaanhoidossa oleville esi- tai perusopetusik\u00e4isille oppilaille. Sairaalakoulussa annetaan my\u00f6s opetusta psykiatrisessa avohoidossa oleville oppilaille, joiden koulunk\u00e4ynti omassa koulussa on keskeytynyt tai on vaarassa keskeyty\u00e4 psyykkisten ongelmien vuoksi.<\/li>\n<li>Sairaalakoulu antaa my\u00f6s ohjaus- ja konsultaatiotukea kouluille\n<ul>\n<li>Huoltajilta pit\u00e4\u00e4 olla pyydetty lupa konsultaatioon.<\/li>\n<li>My\u00f6s huoltajat voivat olla yhteydenottajina.<\/li>\n<li>Tavoitteena on tukea oppilaan koulunk\u00e4ynti\u00e4 ja l\u00f6yt\u00e4\u00e4 tapauskohtaisesti tilanteeseen sopivat tukimuodot yhteisty\u00f6ss\u00e4 oppilaan verkoston kanssa.<\/li>\n<li>Ohjausta ja konsultaatiota voi pyyt\u00e4\u00e4, kun yhteydenottajalla on her\u00e4nnyt huoli oppilaan koulutilanteesta, huoli on otettu puheeksi oppilaan kanssa ja huoltajalta on lupa konsultaatioon. Konsulaation saamine\u00a0 edellytt\u00e4\u00e4, ett\u00e4 koulussa on jo tiivistetty yhteisty\u00f6t\u00e4 ja toteutettu tukitoimia.<\/li>\n<li>Yhteytt\u00e4 otetaan ensisijaisesti s\u00e4hk\u00f6postilla. Yhteystiedot l\u00f6ytyv\u00e4t hakusanalla Kiinamyllyn koulu.<\/li>\n<li>Sairaalakoulun konsultaation ty\u00f6skentelymuodot:\n<ul>\n<li style=\"list-style-type: none;\">\n<ul>\n<li>osallistuminen koulupalavereihin, verkostopalavereihin tai hoitoneuvotteluihin.<\/li>\n<li>kouluk\u00e4ynnit, oppituntien seuranta ja keskustelut.<\/li>\n<li>lapsen\/nuoren tapaaminen henkil\u00f6kohtaisesti.<\/li>\n<li>kotik\u00e4ynnit tarvittaessa.<\/li>\n<li>Teams-palaverit.<\/li>\n<\/ul>\n<\/li>\n<\/ul>\n<\/li>\n<li>Sairaalakoulun tekem\u00e4t oppilaskonsultaatiot:\n<ul>\n<li style=\"list-style-type: none;\">\n<ul>\n<li>keskittyy yksitt\u00e4isen oppilaan koulunk\u00e4yntiin liittyviin asioihin.<\/li>\n<li>konsultoiva opettaja selvitt\u00e4\u00e4 lapsen\/nuoren tilannetta huoltajan luvalla.<\/li>\n<li>ollaan yhteydess\u00e4 huoltajaan ja kouluun, tarvittaessa hoitoon ja sosiaalitoimeen.<\/li>\n<li>tietoa ker\u00e4t\u00e4\u00e4n monelta toimijalta.<\/li>\n<\/ul>\n<\/li>\n<\/ul>\n<\/li>\n<li>Sairaalakoulun tekem\u00e4t ty\u00f6yhteis\u00f6konsultaatiot:\n<ul>\n<li style=\"list-style-type: none;\">\n<ul>\n<li>koskee yleisi\u00e4 opetusj\u00e4rjestelyit\u00e4.<\/li>\n<li>koulutusta tai ohjauksellista keskustelua.<\/li>\n<li>voi liitty\u00e4 ty\u00f6yhteis\u00f6n esiin nostamiin haasteisiin.<\/li>\n<li>voi olla kertaluontoista tai useamman kerran kest\u00e4v\u00e4\u00e4.<\/li>\n<\/ul>\n<\/li>\n<\/ul>\n<\/li>\n<\/ul>\n<\/li>\n<\/ul>\n","protected":false},"excerpt":{"rendered":"<p>Sairaalakoulu on tarkoitettu erikoissairaanhoidossa olevalle esi- tai perusopetusik\u00e4iselle oppilaalle. Lis\u00e4ksi sairaalakoulussa annetaan opetusta psykiatrisessa avohoidossa oleville oppilaille, joiden koulunk\u00e4ynti on keskeytyn&#8230;<\/p>\n","protected":false},"author":56,"featured_media":0,"parent":619,"menu_order":0,"comment_status":"closed","ping_status":"closed","template":"","meta":{"footnotes":""},"class_list":["post-1410","page","type-page","status-publish","hentry"],"_links":{"self":[{"href":"https:\/\/blog.edu.turku.fi\/oppimisen-tuki\/wp-json\/wp\/v2\/pages\/1410","targetHints":{"allow":["GET"]}}],"collection":[{"href":"https:\/\/blog.edu.turku.fi\/oppimisen-tuki\/wp-json\/wp\/v2\/pages"}],"about":[{"href":"https:\/\/blog.edu.turku.fi\/oppimisen-tuki\/wp-json\/wp\/v2\/types\/page"}],"author":[{"embeddable":true,"href":"https:\/\/blog.edu.turku.fi\/oppimisen-tuki\/wp-json\/wp\/v2\/users\/56"}],"replies":[{"embeddable":true,"href":"https:\/\/blog.edu.turku.fi\/oppimisen-tuki\/wp-json\/wp\/v2\/comments?post=1410"}],"version-history":[{"count":13,"href":"https:\/\/blog.edu.turku.fi\/oppimisen-tuki\/wp-json\/wp\/v2\/pages\/1410\/revisions"}],"predecessor-version":[{"id":3161,"href":"https:\/\/blog.edu.turku.fi\/oppimisen-tuki\/wp-json\/wp\/v2\/pages\/1410\/revisions\/3161"}],"up":[{"embeddable":true,"href":"https:\/\/blog.edu.turku.fi\/oppimisen-tuki\/wp-json\/wp\/v2\/pages\/619"}],"wp:attachment":[{"href":"https:\/\/blog.edu.turku.fi\/oppimisen-tuki\/wp-json\/wp\/v2\/media?parent=1410"}],"curies":[{"name":"wp","href":"https:\/\/api.w.org\/{rel}","templated":true}]}}