{"id":1407,"date":"2023-05-05T15:34:27","date_gmt":"2023-05-05T12:34:27","guid":{"rendered":"https:\/\/blog.edu.turku.fi\/oppimisen-tuki\/?page_id=1407"},"modified":"2024-09-18T09:57:34","modified_gmt":"2024-09-18T06:57:34","slug":"opiskeluhuolto-turun-perusopetuksessa","status":"publish","type":"page","link":"https:\/\/blog.edu.turku.fi\/oppimisen-tuki\/koulutusasteet\/perusopetus\/lisatiedot\/yhteistyo-tuen-aikana\/opiskeluhuolto-turun-perusopetuksessa\/","title":{"rendered":"Opiskeluhuolto"},"content":{"rendered":"\n<ul class=\"wp-block-list\">\n<li>Opiskeluhuolto j\u00e4rjestet\u00e4\u00e4n monialaisessa yhteisty\u00f6ss\u00e4 opetustoimen ja sosiaali- ja terveystoimen kanssa ja se jakaantuu yhteis\u00f6lliseen ja yksil\u00f6kohtaiseen opiskeluhuoltoon.<\/li>\n\n\n\n<li>Opiskeluhuoltoa toteutetaan ensisijaisesti ennaltaehk\u00e4isev\u00e4n\u00e4 ja koko kouluyhteis\u00f6\u00e4 tukevana yhteis\u00f6llisen\u00e4 oppilashuoltona. Lis\u00e4ksi oppilailla on lakis\u00e4\u00e4teinen oikeus yksil\u00f6kohtaiseen opiskeluhuoltoon.<\/li>\n\n\n\n<li>Opiskeluhuollon tavoitteena on oppilaan hyv\u00e4n oppimisen, hyv\u00e4n psyykkisen ja fyysisen terveyden sek\u00e4 sosiaalisen hyvinvoinnin edist\u00e4minen ja yll\u00e4pit\u00e4minen kouluyhteis\u00f6ss\u00e4.<\/li>\n\n\n\n<li>Opiskeluhuolto on kaikkien kouluyhteis\u00f6ss\u00e4 ty\u00f6skentelevien ja opiskeluhuoltopalveluista vastaavien ty\u00f6ntekij\u00f6iden teht\u00e4v\u00e4.<\/li>\n\n\n\n<li>Eri ammattiryhmiin kuuluvien ty\u00f6ntekij\u00f6iden keskin\u00e4inen konsultaatio on t\u00e4rke\u00e4 ty\u00f6menetelm\u00e4 opiskeluhuollossa.<\/li>\n<\/ul>\n\n\n<div id=\"accordion-1\" class=\"accordion no-js avautuvat-valikot aina-auki\"><\/p>\n<p>\n\t\t\t\t\t<h3 class=\"accordion-title\">\n\t\t\t\t<button id=\"accordion-1-t1\" class=\"js-accordion-controller\" aria-controls=\"accordion-1-c1\" aria-expanded=\"false\" >\n\t\t\t\t\tYhteis\u00f6llinen opiskeluhuolto\t\t\t\t<\/button>\n\t\t\t<\/h3>\n\t\t\n\t\t<div id=\"accordion-1-c1\" class=\"accordion-content\" aria-hidden=\"true\">\n\t\t\t<\/p>\n<ul>\n<li>Ensisijaista, ehk\u00e4isev\u00e4\u00e4, kuuluu kaikille<\/li>\n<li>Edistet\u00e4\u00e4n oppilaiden oppimista, hyvinvointia, terveytt\u00e4, sosaiaalista vastuullisuutta, vuorovaikutusta ja osallisuutta sek\u00e4 opiskeluymp\u00e4rist\u00f6n terveellisyytt\u00e4, turvallisuutta ja esteett\u00f6myytt\u00e4<\/li>\n<li>Alueellinen yhteis\u00f6llinen opiskeluhuoltoryhm\u00e4<\/li>\n<li>Koulukohtainen yhteis\u00f6llinen opiskeluhuoltoryhm\u00e4 (KOR)<\/li>\n<\/ul>\n<p>\t\t<\/div>\n\n\t\t<\/p>\n<p>\n\t\t\t\t\t<h3 class=\"accordion-title\">\n\t\t\t\t<button id=\"accordion-1-t2\" class=\"js-accordion-controller\" aria-controls=\"accordion-1-c2\" aria-expanded=\"false\" >\n\t\t\t\t\tYksil\u00f6kohtainen opiskeluhuolto\t\t\t\t<\/button>\n\t\t\t<\/h3>\n\t\t\n\t\t<div id=\"accordion-1-c2\" class=\"accordion-content\" aria-hidden=\"true\">\n\t\t\t<\/p>\n<ul>\n<li>Ehk\u00e4isev\u00e4\u00e4 ja tukea antavaa<\/li>\n<li>Yksitt\u00e4isille oppilaille annettavia kouluterveydenhuollon palveluja, opiskeluhuollon kuraattori- ja psykologipalveluja sek\u00e4 monialaista yksil\u00f6kohtaista opiskeluhuoltoa, joka kootaa tapauskohtaisesti oppilaan tueksi.<\/li>\n<li>Tapauskohtaisesti koottava monialainen asiantuntijaryhm\u00e4 (MAR)<\/li>\n<\/ul>\n<p>\t\t<\/div>\n\n\t\t<\/p>\n<p><\/div>\n\n\n\n<table class=\"otsikkolinkit\">\n<tbody>\n<tr>\n<td><a href=\"#yhteisollinen-opiskeluhuolto\">Yhteis\u00f6llinen opiskeluhuolto<\/a><\/td>\n<td><a href=\"#yksilokohtainen-opiskeluhuolto\">Yksil\u00f6kohtainen opiskeluhuolto<\/a><\/td>\n<\/tr>\n<\/tbody>\n<\/table>\n\n\n\n<h2 class=\"wp-block-heading\" id=\"yhteisollinen-opiskeluhuolto\">Yhteis\u00f6llinen opiskeluhuolto<\/h2>\n\n\n\n<h3 class=\"wp-block-heading\">Alueellinen yhteis\u00f6llinen opiskeluhuoltoryhm\u00e4<\/h3>\n\n\n\n<ul class=\"wp-block-list\">\n<li>Alueellisia yhteis\u00f6llisi\u00e4 opiskeluhuoltotapaamisia on j\u00e4rjestetty kerran syksyll\u00e4 ja kerran kev\u00e4\u00e4ll\u00e4.<\/li>\n\n\n\n<li>Tilaisuuteen kutsutaan laajasti alueen toimijoita keskustelemaan ajankohtaisista asioista ja verkostoitumaan kesken\u00e4\u00e4n.<\/li>\n\n\n\n<li>Jokaisesta koulusta osallistuu tilaisuuteen edustaja.<\/li>\n<\/ul>\n\n\n\n<h3 class=\"wp-block-heading\">&nbsp;Koulukohtainen yhteis\u00f6llinen opiskeluhuolto KOR<\/h3>\n\n\n\n<ul class=\"wp-block-list\">\n<li>KOR huolehtii yhteis\u00f6llisen opiskeluhuollon kokonaisuudesta ja edist\u00e4en kouluyhteis\u00f6n hyvinvointia, terveellisyytt\u00e4 ja turvallisuutta.<\/li>\n\n\n\n<li>KOR suunnittelee, kehitt\u00e4\u00e4, toteuttaa ja arvioi opiskeluhuoltoa ja se kokoontuu s\u00e4\u00e4nn\u00f6llisesti.<\/li>\n\n\n\n<li>KOR koostuu niin opetuksesta kuin opiskeluhuoltopalveluista vastaavista ammattilaisista.<\/li>\n\n\n\n<li>Oppilaiden ja huoltajien edustajat ovat mukana ryhm\u00e4n ty\u00f6skentelyss\u00e4, ja ty\u00f6h\u00f6n voidaan kutsua tarpeen mukaan my\u00f6s oppilaitoksen ulkopuolisia yhteisty\u00f6tahoja.<\/li>\n\n\n\n<li>Ryhm\u00e4ss\u00e4 voidaan k\u00e4sitell\u00e4 koulun hyvinvointia koskevia tietoja tai tietyn ryhm\u00e4n ilmapiiri\u00e4, dynamiikkaa tai ty\u00f6rauhaa yleisell\u00e4 tasolla.<\/li>\n<\/ul>\n\n\n\n<h2 class=\"wp-block-heading\" id=\"yksilokohtainen-opiskeluhuolto\">Yksil\u00f6kohtainen opiskeluhuolto<\/h2>\n\n\n\n<ul class=\"wp-block-list\">\n<li>Yksil\u00f6kohtainen opiskeluhuolto sis\u00e4lt\u00e4\u00e4 yksitt\u00e4isille oppilaille annettavat kouluterveydenhuollon palvelut, opiskeluhuollon kuraattori- ja psykologipalvelut sek\u00e4 monialaisen yksil\u00f6kohtaisen opiskeluhuollon (MAR).<\/li>\n\n\n\n<li>Yksil\u00f6kohtaisen opiskeluhuollon tavoitteena on seurata ja edist\u00e4\u00e4 oppilaan kokonaisvaltaista kehityst\u00e4, terveytt\u00e4, hyvinvointia ja oppimista. Painotus on ongelmien ehk\u00e4isyss\u00e4 ja varhaisen tuen turvaamisessa.<\/li>\n\n\n\n<li>Koululla ja opiskeluhuollon henkil\u00f6st\u00f6ll\u00e4 on velvollisuus ottaa yhteytt\u00e4 psykologiin, kuraattoriin tai kouluterveydenhuollon ty\u00f6ntekij\u00e4\u00e4n, jos arvioivat, ett\u00e4 oppilas tarvitsee kyseess\u00e4 olevia palveluita.<\/li>\n\n\n\n<li>Oppilaalla on oikeus opiskeluhuoltoon ja h\u00e4nelle on j\u00e4rjestett\u00e4v\u00e4 mahdollisuus keskusteluun psykologin ja kuraattorin kanssa oppilas- ja opiskelijahuoltolaissa s\u00e4\u00e4detyss\u00e4 m\u00e4\u00e4r\u00e4ajassa.<\/li>\n\n\n\n<li>Huoltajalla ei ole oikeutta kielt\u00e4\u00e4 alaik\u00e4ist\u00e4 k\u00e4ytt\u00e4m\u00e4st\u00e4 opiskeluhuollon palveluja<\/li>\n<\/ul>\n\n\n\n<h3 class=\"wp-block-heading\">Monialainen asiantuntijaryhm\u00e4 (MAR)<\/h3>\n\n\n\n<ul class=\"wp-block-list\">\n<li>Monialaisessa asiantuntijaryhm\u00e4ss\u00e4 keskityt\u00e4\u00e4n yhden oppilaan asioihin kerrallaan tavoitteena parantaa kyseisen oppilaan edellytyksi\u00e4 opiskeluun.<\/li>\n\n\n\n<li>Ryhm\u00e4 kokoontuu tarpeen mukaan.<\/li>\n\n\n\n<li>Asian k\u00e4sittely yksitt\u00e4isen oppilaan tueksi koottavassa monialaisessa asiantuntijaryhm\u00e4ss\u00e4 (MAR) perustuu aina oppilaan tai tarvitteassa huoltajan yksil\u00f6ityyn kirjalliseen suostumukseen.<\/li>\n<\/ul>\n\n\n\n<pre class=\"wp-block-preformatted\">Huom! Yksil\u00f6kohtaista opiskeluhuoltoa voidaan antaa vain oppilaan ja tarvittaessa t\u00e4m\u00e4n huoltajan suostumuksella, kun taas oppimisen ja koulunk\u00e4ynnin tukea voidaan antaa oppilaan ja huoltajan tahdosta riippumatta.<\/pre>\n\n\n\n<ul class=\"wp-block-list\">\n<li>Ryhm\u00e4n kokoonpano muodostetaan aina tapauskohtaisesti eli ryhm\u00e4ll\u00e4 ei ole vakiintunutta kokoonpanoa. Oppilaan yksil\u00f6idyll\u00e4 kirjallisella suostumuksella h\u00e4nen asiansa k\u00e4sittelyyn voi osallistua tarvittavia opiskeluhuollon yhteisty\u00f6tahoja taikka opiskelijan l\u00e4heisi\u00e4.<\/li>\n\n\n\n<li>Oppilaan\/huoltajan suostumuksella ryhm\u00e4\u00e4n voivat kuulua terveydenhoitaja, kuraattori, psykologi, l\u00e4\u00e4k\u00e4ri, oppilaanohjaaja, opettaja, erityisopettaja tai muu siin\u00e4 tilanteessa keskeinen henkil\u00f6.<\/li>\n\n\n\n<li>Se henkil\u00f6, jolla huoli her\u00e4\u00e4 tai asian selvitt\u00e4minen ty\u00f6teht\u00e4vien perusteella kuuluu, kutsuu ryhm\u00e4n kokoon, toimii puheenjohtajana ja hankkii oppilaan ja\/tai huoltajan kirjallisen suostumuksen.<\/li>\n\n\n\n<li>Ryhm\u00e4n vastuuhenkil\u00f6 valitaan ennen kuin oppilaan ja huoltajan kanssa istutaan alas tapaamiseen.<\/li>\n\n\n\n<li>Vastuuhenkil\u00f6 vastaa my\u00f6s opetuksen kannalta v\u00e4ltt\u00e4m\u00e4tt\u00f6mien tietojen siirt\u00e4misest\u00e4 rehtorille.<\/li>\n\n\n\n<li>Vastuuhenkil\u00f6 vastaa, ett\u00e4 asian k\u00e4sittely kirjataan oppilaan yksil\u00f6lliseen opiskeluhuoltokertomukseen, joka s\u00e4ilytet\u00e4\u00e4n lain vaatimalla tavalla (opiskeluhuollon rekistereihin).<\/li>\n\n\n\n<li>Ryhm\u00e4 on luonteeltaan osallistava ja keskusteleva ja sen tavoitteena on varhainen tuki ja toimintatapa oppilaan\/perheen yksityisyytt\u00e4 kunnioittavaa.<\/li>\n\n\n\n<li>Ryhm\u00e4n j\u00e4senill\u00e4 on lis\u00e4ksi oikeus pyyt\u00e4\u00e4 neuvoa tarpeellisiksi katsomiltaan asiantuntijoilta. Silloin konsultoivasta tahosta tulee asiaan osallistuva taho (ei en\u00e4\u00e4 sivullinen). Konsultaatiota pyyt\u00e4v\u00e4 saa ilmaista salassa pidett\u00e4vi\u00e4 tietoja julkisuuslain mukaisesti eli saa antaa tietoja, jotka ovat v\u00e4ltt\u00e4m\u00e4tt\u00f6mi\u00e4 virka-aputeht\u00e4v\u00e4n, toimeksiannon tai omaan lukuun muutoin suoritettavan teht\u00e4v\u00e4n suorittamiseksi.<\/li>\n\n\n\n<li>Ryhm\u00e4 on nivelvaiheessa hyv\u00e4 foorumi tietojen luovuttamiseen ja tuen jatkumisen varmistamiseen.<\/li>\n<\/ul>\n\n\n\n<h3 class=\"wp-block-heading\"><strong>Opiskeluhuoltokertomukseen kirjataan<\/strong><\/h3>\n\n\n\n<ul class=\"wp-block-list\">\n<li>onko k\u00e4sittelylle oppilaan\/huoltajan lupa.<\/li>\n\n\n\n<li>oppilaan nimi, henkil\u00f6tunnus, kotikunta ja yhteystiedot.<\/li>\n\n\n\n<li>huoltajan tai muun laillisen edustajan nimi ja yhteystiedot.<\/li>\n\n\n\n<li>palaveriin osallistuneet henkil\u00f6t ja heid\u00e4n asemansa.<\/li>\n\n\n\n<li>k\u00e4sitelt\u00e4v\u00e4 asia ja vireille panija.<\/li>\n\n\n\n<li>kuvaus oppilaan tilanteesta.<\/li>\n\n\n\n<li>oppilaan tilanteen selvitt\u00e4misen aikana toteutetut toimenpiteet.<\/li>\n\n\n\n<li>toteutetut toimenpiteet mm. yhteisty\u00f6 eri tahojen kanssa.<\/li>\n\n\n\n<li>aiemmat ja nykyiset tukitoimet.<\/li>\n\n\n\n<li>sovitut toimenpiteet ja p\u00e4\u00e4t\u00f6kset.<\/li>\n\n\n\n<li>toteutuksesta ja seurannasta vastaavat tahot<\/li>\n\n\n\n<li>kirjauksen p\u00e4iv\u00e4m\u00e4\u00e4r\u00e4 sek\u00e4 kirjauksen tekij\u00e4 ja h\u00e4nen ammatti- tai virka-asemansa.<\/li>\n\n\n\n<li>jos sivulliselle annetaan opiskeluhuoltokertomukseen sis\u00e4ltyvi\u00e4 tietoja, asiakirjaan on lis\u00e4ksi merkitt\u00e4v\u00e4, mit\u00e4 tietoja, kenelle sivulliselle ja mill\u00e4 perusteella.<\/li>\n<\/ul>\n\n\n\n<pre class=\"wp-block-preformatted\">Huom! Opiskeluhuoltoa toteuttavat terveydenhuollon ammattihenkil\u00f6t kirjaavat oppilaan yksil\u00f6kohtaista ty\u00f6t\u00e4 koskevat tiedot potilasasiakirjoihin. Rekisterinpit\u00e4j\u00e4n\u00e4 on hyvinvointialue. Opiskeluhuoltoa toteuttavat kuraattorit kirjaavat opiskelijan yksil\u00f6kohtaista ty\u00f6t\u00e4 koskevat tiedot sosiaalihuollon asiakasasiakirjoihin. Rekisterinpit\u00e4j\u00e4n\u00e4 on hyvinvointialue. Opiskeluhuollon monialaisen asiantuntijaryhm\u00e4n vastuuhenkil\u00f6 kirjaa tiedot opiskeluhuoltokertomukseen. Rekisterinpit\u00e4j\u00e4n\u00e4 on koulutuksenj\u00e4rjest\u00e4j\u00e4.<\/pre>\n\n\n\n<h3 class=\"wp-block-heading\">Salassapito<\/h3>\n\n\n\n<ul class=\"wp-block-list\">\n<li>Yksitt\u00e4ist\u00e4 oppilasta koskevat opiskeluhuollon tiedot ja opiskeluhuoltorekisteriin talletetut tiedot ovat salassa pidett\u00e4vi\u00e4 siten kuin julkisuuslain 24 \u00a7:ss\u00e4 s\u00e4\u00e4det\u00e4\u00e4n.<\/li>\n\n\n\n<li>Salassa pidett\u00e4vi\u00e4 tietoja ei saa luovuttaa sivullisille, ellei siihen ole kirjallista, yksil\u00f6ity\u00e4 suostumusta oppilaalta tai h\u00e4nen huoltajaltaan tai tiedon luovuttamiseen oikeuttavaa lain s\u00e4\u00e4nn\u00f6st\u00e4.<\/li>\n\n\n\n<li>Sivullinen on henkil\u00f6, joka ei osallistu oppilaan yksil\u00f6kohtaisen opiskeluhuollon tarpeen selvitt\u00e4miseen, toteutukseen tai niihin liittyviin teht\u00e4viin.<\/li>\n\n\n\n<li>Salassapidolla tarkoitetaan sek\u00e4 asiakirjasalaisuutta ett\u00e4 vaitiolovelvollisuutta ja tietojen hyv\u00e4ksik\u00e4ytt\u00f6kieltoa.<\/li>\n\n\n\n<li>Opiskeluhuollon j\u00e4rjest\u00e4miseen ja toteuttamiseen osallistuvilla on salassapitovelvollisuuksien est\u00e4m\u00e4tt\u00e4 oikeus saada toisiltaan ja luovuttaa toisilleen ja opiskeluhuollosta vastaaville viranomaisille tiedot, jotka ovat v\u00e4ltt\u00e4m\u00e4tt\u00f6mi\u00e4 yksil\u00f6kohtaisen opiskeluhuollon j\u00e4rjest\u00e4miseksi ja toteuttamiseksi.<\/li>\n\n\n\n<li>Opiskeluhuollon teht\u00e4vi\u00e4 hoitavalla on salassapitos\u00e4\u00e4nn\u00f6sten est\u00e4m\u00e4tt\u00e4 oikeus ilmoittaa poliisille henkeen tai terveyteen liittyv\u00e4st\u00e4 uhasta.<\/li>\n\n\n\n<li>Jos oppilas siirtyy toisen koulutuksen j\u00e4rjest\u00e4j\u00e4n koulutukseen, opiskeluhuollon jatkuvuuden kannalta tarpeellisten salassa pidett\u00e4vien tietojen siirtoon tarvitaan oppilaan tai h\u00e4nen huoltajansa suostumus.<\/li>\n<\/ul>\n\n\n\n<pre class=\"wp-block-preformatted\">Huom! Koulun henkil\u00f6st\u00f6 voi konsultoida aina muita ammattihenkil\u00f6it\u00e4 nimett\u00f6m\u00e4sti. Konsultaatio = neuvon kysyminen. Kysyj\u00e4 antaa tietoa, jonka perusteella vastaaja vastaa.<\/pre>\n\n\n\n<h3 class=\"wp-block-heading\">Oikeus poiketa salassapidosta<\/h3>\n\n\n\n<ul class=\"wp-block-list\">\n<li>Opiskeluhuoltoty\u00f6h\u00f6n osallistuvilla on oikeus luovuttaa ilman suostumusta opetuksen asianmukaisen j\u00e4rjest\u00e4misen kannalta v\u00e4ltt\u00e4m\u00e4tt\u00f6mi\u00e4 salassa pidett\u00e4vi\u00e4 tietoja opettajien ja opetushallintoviranomaisten lis\u00e4ksi my\u00f6s rehtorille.<\/li>\n\n\n\n<li>Pohdi siis vaikuttaako tieto opetuksen j\u00e4rjest\u00e4miseen? Rehtorilla kokonaisvastuu kouluyhteis\u00f6n turvallisuudesta.<\/li>\n<\/ul>\n\n\n\n<h3 class=\"wp-block-heading\">Kielto-oikeus<strong>&nbsp;<\/strong><\/h3>\n\n\n\n<ul class=\"wp-block-list\">\n<li>Alaik\u00e4isell\u00e4 on oikeus kielt\u00e4\u00e4 huoltajaa osallistumasta itse\u00e4\u00e4n koskevan asian k\u00e4sittelyyn ja saamasta h\u00e4nt\u00e4 koskevia tietoja painavasta syyst\u00e4 tai jos se on selv\u00e4sti vastoin h\u00e4nen etuaan.<\/li>\n\n\n\n<li>Arvion edun vastaisuudesta tekee opiskeluhuollon henkil\u00f6st\u00f6\u00f6n kuuluva sosiaali- ja terveydenhuollon ammattihenkil\u00f6.<\/li>\n\n\n\n<li>Asiassa huomioidaan oppilaan ik\u00e4, kehitystaso ja muut henkil\u00f6kohtaiset ominaisuudet sek\u00e4 asian laatu.<\/li>\n<\/ul>\n\n\n\n<h2 class=\"wp-block-heading\">L\u00e4hteet<\/h2>\n\n\n\n<ul class=\"wp-block-list\">\n<li>Opetushallitus. Opiskeluhuolto. Haettu 2023 osoitteesta \u00a0<a href=\"https:\/\/www.oph.fi\/fi\/koulutus-ja-tutkinnot\/opiskeluhuolto\">https:\/\/www.oph.fi\/fi\/koulutus-ja-tutkinnot\/opiskeluhuolto<\/a><\/li>\n\n\n\n<li>Turun kaupunki. Oppilashuolto. Haettu 2023 <a href=\"https:\/\/www.turku.fi\/paivahoito-ja-koulutus\/perusopetus\/oppilaan-tuki\/oppilashuolto\">https:\/\/www.turku.fi\/paivahoito-ja-koulutus\/perusopetus\/oppilaan-tuki\/oppilashuolto<\/a><\/li>\n\n\n\n<li>Terveyden ja hyvinvoinnin laitos. Opiskeluhuolto. Haettu 2023 osoitteesta <a href=\"https:\/\/thl.fi\/fi\/web\/lapset-nuoret-ja-perheet\/sote-palvelut\/opiskeluhuolto\">https:\/\/thl.fi\/fi\/web\/lapset-nuoret-ja-perheet\/sote-palvelut\/opiskeluhuolto<\/a><\/li>\n\n\n\n<li>Finlex. Oppilas- ja opiskeluhuoltolaki. Haettu 2023 osoitteesta <a href=\"https:\/\/www.finlex.fi\/fi\/laki\/ajantasa\/2013\/20131287#L1P4\">https:\/\/www.finlex.fi\/fi\/laki\/ajantasa\/2013\/20131287#L1P4<\/a><\/li>\n\n\n\n<li>Finlex. Laki viranomaisen toiminnan julkisuudesta. Haettu 2023 osoitteesta \u00a0<a href=\"https:\/\/www.finlex.fi\/fi\/laki\/ajantasa\/1999\/19990621#L7P28\">https:\/\/www.finlex.fi\/fi\/laki\/ajantasa\/1999\/19990621#L7P28<\/a><\/li>\n<\/ul>\n","protected":false},"excerpt":{"rendered":"<p>Oppimisen ja koulunk\u00e4ynnin tuki ja opiskeluhuolto muodostavat kokonaisuuden. Ne ovat oikeudellisesti toisistaan. Molemmissa l\u00e4ht\u00f6kohtana on yhteisty\u00f6 ja vuorovaikutus oppilaan ja huoltajan kanssa. Yksil\u00f6kohtaista opiskeluhuoltoa voidaan antaa vain&#8230;<\/p>\n","protected":false},"author":56,"featured_media":0,"parent":619,"menu_order":0,"comment_status":"closed","ping_status":"closed","template":"","meta":{"footnotes":""},"class_list":["post-1407","page","type-page","status-publish","hentry"],"_links":{"self":[{"href":"https:\/\/blog.edu.turku.fi\/oppimisen-tuki\/wp-json\/wp\/v2\/pages\/1407","targetHints":{"allow":["GET"]}}],"collection":[{"href":"https:\/\/blog.edu.turku.fi\/oppimisen-tuki\/wp-json\/wp\/v2\/pages"}],"about":[{"href":"https:\/\/blog.edu.turku.fi\/oppimisen-tuki\/wp-json\/wp\/v2\/types\/page"}],"author":[{"embeddable":true,"href":"https:\/\/blog.edu.turku.fi\/oppimisen-tuki\/wp-json\/wp\/v2\/users\/56"}],"replies":[{"embeddable":true,"href":"https:\/\/blog.edu.turku.fi\/oppimisen-tuki\/wp-json\/wp\/v2\/comments?post=1407"}],"version-history":[{"count":19,"href":"https:\/\/blog.edu.turku.fi\/oppimisen-tuki\/wp-json\/wp\/v2\/pages\/1407\/revisions"}],"predecessor-version":[{"id":4574,"href":"https:\/\/blog.edu.turku.fi\/oppimisen-tuki\/wp-json\/wp\/v2\/pages\/1407\/revisions\/4574"}],"up":[{"embeddable":true,"href":"https:\/\/blog.edu.turku.fi\/oppimisen-tuki\/wp-json\/wp\/v2\/pages\/619"}],"wp:attachment":[{"href":"https:\/\/blog.edu.turku.fi\/oppimisen-tuki\/wp-json\/wp\/v2\/media?parent=1407"}],"curies":[{"name":"wp","href":"https:\/\/api.w.org\/{rel}","templated":true}]}}