{"id":1142,"date":"2023-04-25T14:51:52","date_gmt":"2023-04-25T11:51:52","guid":{"rendered":"https:\/\/blog.edu.turku.fi\/oppimisen-tuki\/?page_id=1142"},"modified":"2023-07-07T13:29:29","modified_gmt":"2023-07-07T10:29:29","slug":"koulupaivan-lyhentaminen","status":"publish","type":"page","link":"https:\/\/blog.edu.turku.fi\/oppimisen-tuki\/koulutusasteet\/perusopetus\/lisatiedot\/tuen-eri-muodot\/koulupaivan-lyhentaminen\/","title":{"rendered":"Koulup\u00e4iv\u00e4n lyhent\u00e4minen"},"content":{"rendered":"<ul>\n<li><span id=\"page46R_mcid3\" class=\"markedContent\"><span dir=\"ltr\" role=\"presentation\">Perusopetuslaissa <\/span> <span dir=\"ltr\" role=\"presentation\">todetaan,<\/span> <span dir=\"ltr\" role=\"presentation\">ett\u00e4 oppilaan opetus voidaan j\u00e4rjest\u00e4\u00e4 toisin kuin perusopetuslaissa s\u00e4\u00e4det\u00e4\u00e4n, jos<\/span> <span dir=\"ltr\" role=\"presentation\">oppilaalla katsotaan joltakin osin ennest\u00e4\u00e4n olevan perusopetuksen oppim\u00e4<\/span><span dir=\"ltr\" role=\"presentation\">\u00e4r\u00e4\u00e4<\/span> <span dir=\"ltr\" role=\"presentation\">vastaavat tiedot ja taidot,\u00a0 jos<\/span> <span dir=\"ltr\" role=\"presentation\">perusopetuksen oppim\u00e4\u00e4r\u00e4n suorittaminen olisi oppi<\/span><span dir=\"ltr\" role=\"presentation\">laalle olosuhteet ja aikaisemmat opinnot huomioon ottaen joltakin osin kohtuu<\/span><span dir=\"ltr\" role=\"presentation\">tonta<\/span><span dir=\"ltr\" role=\"presentation\">,<\/span> <span dir=\"ltr\" role=\"presentation\">tai se on perusteltua oppilaan terveydentilaan liittyvist\u00e4 syist\u00e4<\/span><span dir=\"ltr\" role=\"presentation\">.\u00a0<\/span> <span dir=\"ltr\" role=\"presentation\">T\u00e4m\u00e4 voi tarkoittaa koulup\u00e4iv\u00e4n tai<\/span> <span dir=\"ltr\" role=\"presentation\">&#8211;<\/span><span dir=\"ltr\" role=\"presentation\">viikon<\/span> <span dir=\"ltr\" role=\"presentation\">lyhent\u00e4mist\u00e4, jos normaalin koulup\u00e4iv\u00e4n katsotaan kuormittavan oppilasta liikaa<\/span><br role=\"presentation\" \/><span dir=\"ltr\" role=\"presentation\">tai oppilaan katsotaan olevan osin koulunk\u00e4yntikyvyt\u00f6n<\/span>. <\/span><\/li>\n<li><span id=\"page49R_mcid0\" class=\"markedContent\"><span dir=\"ltr\" role=\"presentation\">Oppilaan koulunk\u00e4yntikyvyn arviointia saatetaan tarvita, jos oppilas ei suoriudu tuettunakaan opiskelusta odotusten mukaisesti, kielt\u00e4ytyy koulun k\u00e4ymisest\u00e4 tai jos h\u00e4nen oireistaan tai k\u00e4ytt\u00e4ytymisest\u00e4\u00e4n on haittaa itselle tai toisille. <\/span><\/span><span id=\"page49R_mcid0\" class=\"markedContent\"><span dir=\"ltr\" role=\"presentation\">Koulunk\u00e4yntikyvyn arvioinnissa ja tukitoimien j\u00e4rjest\u00e4misess\u00e4 tarvitaan perheen, sosiaali- ja terveydenhuollon sek\u00e4 opetustoimen yhteisty\u00f6t\u00e4. <\/span><\/span><\/li>\n<li><span id=\"page49R_mcid0\" class=\"markedContent\"><span dir=\"ltr\" role=\"presentation\">Ensisijainen vastuu koulunk\u00e4yntikyvyn arvi<\/span><span dir=\"ltr\" role=\"presentation\">osta on opetuksen j\u00e4rjest\u00e4j\u00e4ll\u00e4. Arvio tulee<\/span> <span dir=\"ltr\" role=\"presentation\">tehd\u00e4 moniammatillisesti esimerkiksi opiskeluhuolto<\/span><span dir=\"ltr\" role=\"presentation\">ryhm\u00e4ss\u00e4. Arvioinnin osa-alueita ovat<\/span><br role=\"presentation\" \/><span dir=\"ltr\" role=\"presentation\">oppilaan oireet, k\u00e4ytt\u00e4ytymisen taustalla olevat<\/span> <span dir=\"ltr\" role=\"presentation\">syyt, koulun ja ryhm\u00e4n tilanne sek\u00e4 eri tahojen<\/span> <span dir=\"ltr\" role=\"presentation\">tarjoamien tukitoimien tarve, toteutuminen ja<\/span> <span dir=\"ltr\" role=\"presentation\">teho.\u00a0<\/span><\/span><\/li>\n<li><span dir=\"ltr\" role=\"presentation\">Arviointi voidaan tehd\u00e4 yhteisty\u00f6ss\u00e4 oppilasta <\/span><span dir=\"ltr\" role=\"presentation\">mahdollisesti jo hoitavan tahon kanssa. Perus<\/span><span dir=\"ltr\" role=\"presentation\">opetuksen j\u00e4rjest\u00e4j\u00e4ll\u00e4 on oikeus saada mak<\/span><span dir=\"ltr\" role=\"presentation\">sutta ja salassapitos\u00e4\u00e4nn\u00f6sten est\u00e4m\u00e4tt\u00e4 tietoja<\/span><br role=\"presentation\" \/><span dir=\"ltr\" role=\"presentation\">sosiaali- ja terveydenhuollon viranomaiselta, <\/span><span dir=\"ltr\" role=\"presentation\">siin\u00e4 m\u00e4\u00e4rin kun ne ovat oppilaan opetuksen <\/span><span dir=\"ltr\" role=\"presentation\">j\u00e4rjest\u00e4miseksi v\u00e4ltt\u00e4m\u00e4tt\u00f6mi\u00e4.<\/span><\/li>\n<li><span id=\"page72R_mcid547\" class=\"markedContent\"><\/span><span id=\"page72R_mcid548\" class=\"markedContent\"> <span dir=\"ltr\" role=\"presentation\">Mik\u00e4li koulup\u00e4iv\u00e4n tai -viikon lyhent\u00e4minen <\/span><\/span><span id=\"page72R_mcid558\" class=\"markedContent\"><span dir=\"ltr\" role=\"presentation\">tehd\u00e4\u00e4n sairauden<\/span><\/span><span id=\"page72R_mcid559\" class=\"markedContent\"> <span dir=\"ltr\" role=\"presentation\">perusteella, hankitaan p\u00e4\u00e4t\u00f6ksen liitteeksi l\u00e4\u00e4k\u00e4rinto<\/span><\/span><span id=\"page72R_mcid561\" class=\"markedContent\"><span dir=\"ltr\" role=\"presentation\">distus. Erityist\u00e4 tukea saavien osalta p\u00e4\u00e4t\u00f6s tehd\u00e4\u00e4n osana<\/span><\/span><span id=\"page72R_mcid562\" class=\"markedContent\"> <span dir=\"ltr\" role=\"presentation\">erityisen tuen p\u00e4\u00e4t\u00f6st\u00e4 ja HOJKSiin kirjataan, miten oppilaan<\/span><\/span><span id=\"page72R_mcid563\" class=\"markedContent\"> <span dir=\"ltr\" role=\"presentation\">opiskelu toteutetaan k\u00e4yt\u00e4nn\u00f6ss\u00e4. Muilla kuin erityist\u00e4 tukea <\/span><\/span><span id=\"page72R_mcid564\" class=\"markedContent\"><span dir=\"ltr\" role=\"presentation\">saavilla tehd\u00e4\u00e4n erillinen hallintop\u00e4\u00e4t\u00f6s, mink\u00e4 j\u00e4lkeen oppi<\/span><\/span><span id=\"page72R_mcid566\" class=\"markedContent\"><span dir=\"ltr\" role=\"presentation\">laalle laaditaan oppimissuunnitelma. <\/span><\/span><span id=\"page49R_mcid0\" class=\"markedContent\">Ennen p\u00e4\u00e4t\u00f6ksen tekemist\u00e4 <span dir=\"ltr\" role=\"presentation\">huoltajalla pit\u00e4\u00e4 olla <\/span><span dir=\"ltr\" role=\"presentation\">varattu <\/span><span dir=\"ltr\" role=\"presentation\">tilaisuus tulla kuulluksi.\u00a0\u00a0 <\/span><\/span><\/li>\n<li><span dir=\"ltr\" role=\"presentation\">Lapsen koulunk\u00e4yntikykyyn voivat vaikuttaa <\/span><span dir=\"ltr\" role=\"presentation\">my\u00f6s esimerkiksi perhev\u00e4kivalta, vanhempien <\/span><span dir=\"ltr\" role=\"presentation\">p\u00e4ihde- ja mielenterveysongelmat sek\u00e4 lapsen <\/span><span dir=\"ltr\" role=\"presentation\">kaltoinkohtelu. Huolen her\u00e4tess\u00e4 on teht\u00e4v\u00e4<\/span><br role=\"presentation\" \/><span dir=\"ltr\" role=\"presentation\">tarvittaessa lastensuojeluilmoitus ja selvitett\u00e4v\u00e4, <\/span><span dir=\"ltr\" role=\"presentation\">hy\u00f6tyisik\u00f6 lapsi tai perhe lastensuojelun tuki<\/span><span dir=\"ltr\" role=\"presentation\">keinoista.<\/span><\/li>\n<\/ul>\n<p>&nbsp;<\/p>\n<p>L\u00e4hteet:<\/p>\n<p><span id=\"page46R_mcid3\" class=\"markedContent\"><span dir=\"ltr\" role=\"presentation\">Koulua k\u00e4ym\u00e4tt\u00f6m\u00e4t oppilaat. Haettu 2023 osoitteesta http:\/\/www.tuuve.fi\/wp-content\/uploads\/2019\/05\/Kouluakaymattomatoppilaat_opas_v2.pdf<br \/>\n<\/span><\/span><\/p>\n<p>L\u00e4\u00e4k\u00e4rilehti 3\/2019. <span dir=\"ltr\" role=\"presentation\">Koulunk\u00e4yntikyvyn<\/span> <span dir=\"ltr\" role=\"presentation\">arviointi<\/span> <span dir=\"ltr\" role=\"presentation\">ja<\/span> <span dir=\"ltr\" role=\"presentation\">tukeminen<\/span>. Haettu 2023 osoitteesta https:\/\/www.potilaanlaakarilehti.fi\/site\/assets\/files\/0\/53\/18\/755\/sll32019-114.pdf<\/p>\n<p><span id=\"page46R_mcid3\" class=\"markedContent\"><span dir=\"ltr\" role=\"presentation\">Perusopetus<\/span><span dir=\"ltr\" role=\"presentation\">laki 6<\/span><span dir=\"ltr\" role=\"presentation\">28\/1998<\/span><span dir=\"ltr\" role=\"presentation\">,<\/span> <span dir=\"ltr\" role=\"presentation\">18 \u00a7<\/span><span dir=\"ltr\" role=\"presentation\">.<\/span><span dir=\"ltr\" role=\"presentation\"> Haettu 2023 osoitteesta https:\/\/www.finlex.fi\/fi\/laki\/ajantasa\/1998\/19980628<\/span><\/span><\/p>\n<p>&nbsp;<\/p>\n<p>&nbsp;<\/p>\n","protected":false},"excerpt":{"rendered":"<ul>\n<li>Koulup\u00e4iv\u00e4n lyhent\u00e4misest\u00e4 tehd\u00e4\u00e4n aina kirjallinen p\u00e4\u00e4t\u00f6s.<\/li>\n<li>Siit\u00e4 ei p\u00e4\u00e4tet\u00e4 oppimissuunnitelmassa tai HOJKS:ssa, vaan asiasta tehd\u00e4\u00e4n erityisen tuen p\u00e4\u00e4t\u00f6s. (erityisi\u00e4 opetusj\u00e4rjestelyj\u00e4 koskeva p\u00e4\u00e4t\u00f6s).<\/li>\n<\/ul>\n<p>&#8230;<\/p>\n","protected":false},"author":56,"featured_media":0,"parent":605,"menu_order":0,"comment_status":"closed","ping_status":"closed","template":"","meta":{"footnotes":""},"class_list":["post-1142","page","type-page","status-publish","hentry"],"_links":{"self":[{"href":"https:\/\/blog.edu.turku.fi\/oppimisen-tuki\/wp-json\/wp\/v2\/pages\/1142","targetHints":{"allow":["GET"]}}],"collection":[{"href":"https:\/\/blog.edu.turku.fi\/oppimisen-tuki\/wp-json\/wp\/v2\/pages"}],"about":[{"href":"https:\/\/blog.edu.turku.fi\/oppimisen-tuki\/wp-json\/wp\/v2\/types\/page"}],"author":[{"embeddable":true,"href":"https:\/\/blog.edu.turku.fi\/oppimisen-tuki\/wp-json\/wp\/v2\/users\/56"}],"replies":[{"embeddable":true,"href":"https:\/\/blog.edu.turku.fi\/oppimisen-tuki\/wp-json\/wp\/v2\/comments?post=1142"}],"version-history":[{"count":4,"href":"https:\/\/blog.edu.turku.fi\/oppimisen-tuki\/wp-json\/wp\/v2\/pages\/1142\/revisions"}],"predecessor-version":[{"id":2515,"href":"https:\/\/blog.edu.turku.fi\/oppimisen-tuki\/wp-json\/wp\/v2\/pages\/1142\/revisions\/2515"}],"up":[{"embeddable":true,"href":"https:\/\/blog.edu.turku.fi\/oppimisen-tuki\/wp-json\/wp\/v2\/pages\/605"}],"wp:attachment":[{"href":"https:\/\/blog.edu.turku.fi\/oppimisen-tuki\/wp-json\/wp\/v2\/media?parent=1142"}],"curies":[{"name":"wp","href":"https:\/\/api.w.org\/{rel}","templated":true}]}}