{"id":1123,"date":"2023-04-25T14:37:09","date_gmt":"2023-04-25T11:37:09","guid":{"rendered":"https:\/\/blog.edu.turku.fi\/oppimisen-tuki\/?page_id=1123"},"modified":"2023-07-07T12:30:14","modified_gmt":"2023-07-07T09:30:14","slug":"kotitehtavatuki","status":"publish","type":"page","link":"https:\/\/blog.edu.turku.fi\/oppimisen-tuki\/koulutusasteet\/perusopetus\/lisatiedot\/tuen-eri-muodot\/kotitehtavatuki\/","title":{"rendered":"Kotiteht\u00e4v\u00e4tuki"},"content":{"rendered":"<ul>\n<li><span class=\" jgG6ef\">Tarkistetaan, ett\u00e4 oppilaalle annettavien kotiteht\u00e4vien m\u00e4\u00e4r\u00e4 on j\u00e4rkev\u00e4.<br \/>\n<\/span><\/li>\n<li><span class=\" jgG6ef\">Pidet\u00e4\u00e4n muut oppilasta opettavat opettajat tietoisina suurista projekteista yms. jotta osataan suhteuttaa annettavien kotiteht\u00e4vien m\u00e4\u00e4r\u00e4 oppilaan kaikkiin t\u00f6ihin.<\/span><\/li>\n<li>Kotiteht\u00e4v\u00e4t merkit\u00e4\u00e4n taululle.<\/li>\n<li>Annetaan oppilaan ottaa taulumerkinn\u00f6ist\u00e4 kuva puhelimellaan.<\/li>\n<li>Merkit\u00e4\u00e4n kotiteht\u00e4v\u00e4t kodin ja koulun yhteisty\u00f6v\u00e4lineeseen, kuten Wilmaan tai vastaavaan.<\/li>\n<li>Autetaan tarvittaessa oppilasta merkitsem\u00e4\u00e4n kotiteht\u00e4v\u00e4t (opettaja, ohjaaja, luokkatoveri).<\/li>\n<li>Tarkistetaan kirjojen ja opiskeluv\u00e4lineiden mukanaolo p\u00e4iv\u00e4n p\u00e4\u00e4tteeksi.<\/li>\n<li>Kotiteht\u00e4vien teon tuki koulussa, l\u00e4ksykerho.<\/li>\n<li>K\u00e4ytet\u00e4\u00e4n kotiteht\u00e4v\u00e4vihkoa.<\/li>\n<li>Eriyt\u00e4tet\u00e4\u00e4n kotiteht\u00e4vien m\u00e4\u00e4r\u00e4\u00e4 ja laatua.<\/li>\n<li>Annetaan muistituet kotiin.<\/li>\n<li>Annetaan toiminnanohjausapuv\u00e4line l\u00e4ksyjen tekemiseen kotona.<\/li>\n<li>Opastetaan huoltajia oppilaan tukemiseen kotiteht\u00e4viss\u00e4.<\/li>\n<li><span class=\" jgG6ef\">Annetaan kotiteht\u00e4v\u00e4t aina samalla tavalla, mieluiten sek\u00e4 suullisesti ett\u00e4 kirjallisesti ja viel\u00e4 kirjasta n\u00e4ytt\u00e4m\u00e4ll\u00e4. <\/span><\/li>\n<li><span class=\" jgG6ef\">Huolehditaan, ett\u00e4 kotiteht\u00e4vi\u00e4 ei anneta kiireess\u00e4 eik\u00e4 kotiteht\u00e4vien merkitsemisest\u00e4 luisteta kiireen vuoksi.<\/span><\/li>\n<li><span class=\" jgG6ef\">Ohjataan oppilasta l\u00f6yt\u00e4m\u00e4\u00e4n rauhallisen kotiteht\u00e4vien tekemisen paikan vaikka l\u00e4hikirjastosta.<br \/>\n<\/span><\/li>\n<li><span class=\" jgG6ef\">Annetaan oppilaan valita esimerkiksi nelj\u00e4st\u00e4 teht\u00e4v\u00e4st\u00e4 itse kaksi, mitk\u00e4 tekee.<br \/>\n<\/span><\/li>\n<li>Varmistetaan kotiteht\u00e4vien sopiva vaikeustaso.<span class=\" jgG6ef\"><br \/>\n<\/span><\/li>\n<li>Annetaan kotiteht\u00e4v\u00e4 oppilaan <span class=\" jgG6ef\">el\u00e4m\u00e4npiiriin kuuluvasta aiheesta.<\/span><\/li>\n<\/ul>\n","protected":false},"excerpt":{"rendered":"<p>Kotiteht\u00e4v\u00e4t merkit\u00e4\u00e4n taululle<\/p>\n<ul>\n<li>Oppilas voi taulumerkinn\u00f6ist\u00e4 kuvan puhelimella<\/li>\n<li>Kotiteht\u00e4v\u00e4t merkit\u00e4\u00e4n my\u00f6s kodin ja koulun Wilmaan tai vastaavaan<\/li>\n<li>Tarvittaessa autetaan oppilasta merkitsem\u00e4\u00e4n kotiteht\u00e4v\u00e4 (opettaja&#8230;<br \/>\n","protected":false},"author":56,"featured_media":0,"parent":605,"menu_order":0,"comment_status":"closed","ping_status":"closed","template":"","meta":{"footnotes":""},"class_list":["post-1123","page","type-page","status-publish","hentry"],"_links":{"self":[{"href":"https:\/\/blog.edu.turku.fi\/oppimisen-tuki\/wp-json\/wp\/v2\/pages\/1123","targetHints":{"allow":["GET"]}}],"collection":[{"href":"https:\/\/blog.edu.turku.fi\/oppimisen-tuki\/wp-json\/wp\/v2\/pages"}],"about":[{"href":"https:\/\/blog.edu.turku.fi\/oppimisen-tuki\/wp-json\/wp\/v2\/types\/page"}],"author":[{"embeddable":true,"href":"https:\/\/blog.edu.turku.fi\/oppimisen-tuki\/wp-json\/wp\/v2\/users\/56"}],"replies":[{"embeddable":true,"href":"https:\/\/blog.edu.turku.fi\/oppimisen-tuki\/wp-json\/wp\/v2\/comments?post=1123"}],"version-history":[{"count":6,"href":"https:\/\/blog.edu.turku.fi\/oppimisen-tuki\/wp-json\/wp\/v2\/pages\/1123\/revisions"}],"predecessor-version":[{"id":2512,"href":"https:\/\/blog.edu.turku.fi\/oppimisen-tuki\/wp-json\/wp\/v2\/pages\/1123\/revisions\/2512"}],"up":[{"embeddable":true,"href":"https:\/\/blog.edu.turku.fi\/oppimisen-tuki\/wp-json\/wp\/v2\/pages\/605"}],"wp:attachment":[{"href":"https:\/\/blog.edu.turku.fi\/oppimisen-tuki\/wp-json\/wp\/v2\/media?parent=1123"}],"curies":[{"name":"wp","href":"https:\/\/api.w.org\/{rel}","templated":true}]}}