{"id":1091,"date":"2023-04-25T13:22:04","date_gmt":"2023-04-25T10:22:04","guid":{"rendered":"https:\/\/blog.edu.turku.fi\/oppimisen-tuki\/?page_id=1091"},"modified":"2024-09-18T08:30:50","modified_gmt":"2024-09-18T05:30:50","slug":"eriyttaminen","status":"publish","type":"page","link":"https:\/\/blog.edu.turku.fi\/oppimisen-tuki\/koulutusasteet\/perusopetus\/lisatiedot\/tuen-eri-muodot\/eriyttaminen\/","title":{"rendered":"Eriytt\u00e4minen"},"content":{"rendered":"\n<p>Opetuksen eriytt\u00e4minen on kuuluu kaikille tuen tasoille ja kaikkeen opetukseen. Se on ensisijainen keino ottaa huomioon opetusryhm\u00e4n tarpeet ja oppilaiden erilaisuus. Eriytt\u00e4misess\u00e4 huomio kiinnitet\u00e4\u00e4n esimerkiksi oppilaille ominaisiin oppimistapoihin, ty\u00f6skentelyn rytmiin, erilaisiin valmiuksiin ja kiinnostuksen kohteisiin. Eriytt\u00e4misell\u00e4 tarkoitetaan kaikkia niit\u00e4 toimenpiteit\u00e4, joilla yleisopetuksen opetussuunnitelmaan kuuluvaa oppiaineen sis\u00e4lt\u00f6\u00e4, menetelm\u00e4\u00e4 tai havainnollistamistapaa muunnellaan tai muokataan.<\/p>\n\n\n\n<table class=\"otsikkolinkit\">\n<tbody>\n<tr>\n<td><a href=\"#sisaltojen-eriyttaminen\">Sis\u00e4lt\u00f6jen eriytt\u00e4minen<\/a><\/td>\n<td><a href=\"#oppimateriaalin-eriyttaminen\">Oppimateriaalin eriytt\u00e4minen<\/a><\/td>\n<td><a href=\"#opetusmenetelmien-eriyttaminen\">Opetusmenetelmien eriytt\u00e4minen<\/a><\/td>\n<td><a href=\"#muu-eriyttaminen\">Muu eriytt\u00e4minen<\/a><\/td>\n<\/tr>\n<\/tbody>\n<\/table>\n\n\n\n<h2 class=\"wp-block-heading\" id=\"sisaltojen-eriyttaminen\">Sis\u00e4lt\u00f6jen eriytt\u00e4minen<\/h2>\n\n\n\n<ul class=\"wp-block-list\">\n<li>Opittavan m\u00e4\u00e4r\u00e4\u00e4 v\u00e4hennet\u00e4\u00e4n koko ryhm\u00e4lt\u00e4. Laatu on t\u00e4rke\u00e4\u00e4, ei opittavan asian m\u00e4\u00e4r\u00e4.<\/li>\n\n\n\n<li>Teht\u00e4vi\u00e4 selkiytet\u00e4\u00e4n ja vaikeita k\u00e4sitteit\u00e4 avataan suullisesti.<\/li>\n\n\n\n<li>Teht\u00e4v\u00e4t pilkotaan pieniin osiin.<\/li>\n\n\n\n<li>Opetetaan opetussuunnitelman tavoitteiden mukaan, eik\u00e4 kilpailla kirjan kanssa.<\/li>\n\n\n\n<li>Kykeneville annetaan lis\u00e4haasteita.<\/li>\n\n\n\n<li>Osalle oppilaista riitt\u00e4\u00e4, ett\u00e4 he hallitsevat keskeiset sis\u00e4ll\u00f6t. Kaikkea ei tarvitse osata. T\u00e4ll\u00f6in tehd\u00e4\u00e4n oppimissuunnitelma (<a href=\"https:\/\/blog.edu.turku.fi\/oppimisen-tuki\/fi\/koulutusasteet\/alakoulu\/lisatiedot\/tuen-keinot\/erityiset-painoalueet-eli-ydinsisallot\/\">erityiset painoalueet eli ydinsis\u00e4ll\u00f6t<\/a>).<\/li>\n\n\n\n<li>Annetaan aikaa valmistautua vastaamaan ja varmistetaan, ett\u00e4 jokainen on ymm\u00e4rt\u00e4nyt asian tai teht\u00e4v\u00e4t.<\/li>\n\n\n\n<li>Jaetaan materiaali oppilaalle ennakkoon.<\/li>\n\n\n\n<li>Vaihdellaan teht\u00e4v\u00e4\u00e4n k\u00e4ytetty\u00e4 aikaa eli palautusaikaa.<\/li>\n\n\n\n<li>Huomioidaan oppimisymp\u00e4rist\u00f6.<\/li>\n<\/ul>\n\n\n\n<h2 class=\"wp-block-heading\" id=\"oppimateriaalin-eriyttaminen\">Oppimateriaalin eriytt\u00e4minen<\/h2>\n\n\n\n<ul class=\"wp-block-list\">\n<li>Hy\u00f6dynnet\u00e4\u00e4n eriytt\u00e4vi\u00e4 materiaaleja ja erilaisia oppimisymp\u00e4rist\u00f6j\u00e4, kuten eri oppikirjoja, monisteita, verkkomateriaaleja, videoita ja tablettity\u00f6skentely\u00e4.<\/li>\n\n\n\n<li>Eriytet\u00e4\u00e4n yksitt\u00e4isi\u00e4 teht\u00e4vi\u00e4 niin, ett\u00e4 osa oppilaista voi tehd\u00e4 laajemmin ja osa suppeammin.<\/li>\n\n\n\n<li>Selkiytet\u00e4\u00e4n oppimateriaalia varmistamalla sis\u00e4ll\u00f6n ja ulkoasun selkeys (fonttikoko, riviv\u00e4li, v\u00e4rillinen paperi). T\u00e4st\u00e4 hy\u00f6tyv\u00e4t monenlaiset oppilaat.<\/li>\n\n\n\n<li>Hy\u00f6dynnet\u00e4\u00e4n apuv\u00e4lineit\u00e4, kuten laskimia, lukiviivaimia, valmiita muistiinpanoja, tietokonetta kirjoitettaessa, matematiikan v\u00e4lineist\u00f6\u00e4 ja \u00e4\u00e4nikirjoja.<\/li>\n\n\n\n<li>K\u00e4ytet\u00e4\u00e4n sanaselityslistoja tai k\u00e4sitelistoja lukuaineissa.<\/li>\n\n\n\n<li>Tehd\u00e4\u00e4n sis\u00e4ll\u00f6st\u00e4 selkokielisi\u00e4 tiivistelmi\u00e4.<\/li>\n<\/ul>\n\n\n\n<h2 class=\"wp-block-heading\" id=\"opetusmenetelmien-eriyttaminen\">Opetusmenetelmien eriytt\u00e4minen<\/h2>\n\n\n\n<ul class=\"wp-block-list\">\n<li>Hy\u00f6dynnet\u00e4\u00e4n samanaikaisopetusta j<span style=\"color: #000000;\">a yhteisopettajuutta.<\/span><\/li>\n\n\n\n<li>Oppilaat opettavat toisilleen.<\/li>\n\n\n\n<li>Kehitet\u00e4\u00e4n erilaisia oppimispolkuja, esimerkiksi punainen ja vihre\u00e4 polku.<\/li>\n\n\n\n<li>Otetaan toiminnallisuus osaksi opetusta.<\/li>\n\n\n\n<li>K\u00e4ytet\u00e4\u00e4n yhteistoiminnallista oppimista.<\/li>\n\n\n\n<li>Tehd\u00e4\u00e4n projekteja. N\u00e4iss\u00e4kin opettaja voi valmiiksi rajata roolit ja jokainen saa omia kykyj\u00e4 vastaavia teht\u00e4vi\u00e4.<\/li>\n\n\n\n<li>K\u00e4ytet\u00e4\u00e4n urakkamenetelmi\u00e4 ja niiden sovelluksia, jolloin oppilaiden oma vastuunotto on t\u00e4rke\u00e4\u00e4.<\/li>\n\n\n\n<li>Annetaan yksil\u00f6llisi\u00e4 urakkateht\u00e4vi\u00e4.<\/li>\n\n\n\n<li>Hy\u00f6dynnet\u00e4\u00e4n pistety\u00f6skentely\u00e4 niin, ett\u00e4 luokassa on eritasoisia teht\u00e4v\u00e4pisteit\u00e4.<\/li>\n<\/ul>\n\n\n\n<h2 class=\"wp-block-heading\" id=\"muu-eriyttaminen\">Muu eriytt\u00e4minen<\/h2>\n\n\n\n<ul class=\"wp-block-list\">\n<li>Hy\u00f6dynnet\u00e4\u00e4n koulunk\u00e4ynninohjaajaa.<\/li>\n\n\n\n<li>K\u00e4ytet\u00e4\u00e4n oppilasta apuopettajana.<\/li>\n\n\n\n<li>Tarjotaan l\u00e4ksytukea.<\/li>\n\n\n\n<li>Annetaan erilaisille oppilaille eri kotiteht\u00e4vi\u00e4.<\/li>\n<\/ul>\n\n\n\n<h2 class=\"wp-block-heading\" id=\"lisaksi-apuna\">Lis\u00e4ksi apuna<\/h2>\n\n\n\n<ul class=\"wp-block-list\">\n<li>Hy\u00f6dynnet\u00e4\u00e4n joustavia opetusj\u00e4rjestelyj\u00e4.<\/li>\n\n\n\n<li>Opettaja suhtautuu v\u00e4litt\u00e4v\u00e4sti ja my\u00f6nteisesti kaikkiin oppilaisiin.<\/li>\n\n\n\n<li>Tunnin alussa k\u00e4yd\u00e4\u00e4n oppintunnin tavoitteet yhdess\u00e4 l\u00e4pi.<\/li>\n\n\n\n<li>Tiivistet\u00e4\u00e4n p\u00e4\u00e4kohdat tunnin lopussa. Yhteenveto k\u00e4sitellyst\u00e4 asiasta auttaa muistamista.<\/li>\n\n\n\n<li>Luetaan teht\u00e4vi\u00e4 \u00e4\u00e4neen ja tarvittaessa sanotaan toisin sanoin.<\/li>\n\n\n\n<li>Annetaan tekstit tai matematiikan teorialukeminen etuk\u00e4teen kotil\u00e4ksyksi.<\/li>\n\n\n\n<li>Jaetaan kielten kuuntelutekstit etuk\u00e4teen luettaviksi kotiin.<\/li>\n<\/ul>\n\n\n\n<p>&nbsp;<\/p>\n\n\n\n<p>L\u00e4hteet:<\/p>\n\n\n\n<p>Vitka, T. 2018. Laaja-alainen erityisopetus yl\u00e4koulussa. PS-kustannus.<\/p>\n\n\n\n<p>&nbsp;<\/p>\n","protected":false},"excerpt":{"rendered":"<p>Opetuksen eriytt\u00e4minen on kaikkeen opetukseen kuuluva ensisijainen keino ottaa huomioon opetusryhm\u00e4n tarpeet ja oppilaiden erilaisuus. Huomiota kiinnitet\u00e4\u00e4n esimerkiksi oppilaille ominaisiin oppimistapoihin, ty\u00f6skentelyn rytmiin, erilaisiin valmiuksi&#8230;<\/p>\n","protected":false},"author":56,"featured_media":0,"parent":605,"menu_order":0,"comment_status":"closed","ping_status":"closed","template":"","meta":{"footnotes":""},"class_list":["post-1091","page","type-page","status-publish","hentry"],"_links":{"self":[{"href":"https:\/\/blog.edu.turku.fi\/oppimisen-tuki\/wp-json\/wp\/v2\/pages\/1091","targetHints":{"allow":["GET"]}}],"collection":[{"href":"https:\/\/blog.edu.turku.fi\/oppimisen-tuki\/wp-json\/wp\/v2\/pages"}],"about":[{"href":"https:\/\/blog.edu.turku.fi\/oppimisen-tuki\/wp-json\/wp\/v2\/types\/page"}],"author":[{"embeddable":true,"href":"https:\/\/blog.edu.turku.fi\/oppimisen-tuki\/wp-json\/wp\/v2\/users\/56"}],"replies":[{"embeddable":true,"href":"https:\/\/blog.edu.turku.fi\/oppimisen-tuki\/wp-json\/wp\/v2\/comments?post=1091"}],"version-history":[{"count":14,"href":"https:\/\/blog.edu.turku.fi\/oppimisen-tuki\/wp-json\/wp\/v2\/pages\/1091\/revisions"}],"predecessor-version":[{"id":4504,"href":"https:\/\/blog.edu.turku.fi\/oppimisen-tuki\/wp-json\/wp\/v2\/pages\/1091\/revisions\/4504"}],"up":[{"embeddable":true,"href":"https:\/\/blog.edu.turku.fi\/oppimisen-tuki\/wp-json\/wp\/v2\/pages\/605"}],"wp:attachment":[{"href":"https:\/\/blog.edu.turku.fi\/oppimisen-tuki\/wp-json\/wp\/v2\/media?parent=1091"}],"curies":[{"name":"wp","href":"https:\/\/api.w.org\/{rel}","templated":true}]}}