{"id":1088,"date":"2023-04-25T13:15:29","date_gmt":"2023-04-25T10:15:29","guid":{"rendered":"https:\/\/blog.edu.turku.fi\/oppimisen-tuki\/?page_id=1088"},"modified":"2024-09-04T15:01:20","modified_gmt":"2024-09-04T12:01:20","slug":"joustavat-opetusjarjestelyt","status":"publish","type":"page","link":"https:\/\/blog.edu.turku.fi\/oppimisen-tuki\/koulutusasteet\/perusopetus\/lisatiedot\/tuen-eri-muodot\/joustavat-opetusjarjestelyt\/","title":{"rendered":"Joustavat opetusj\u00e4rjestelyt"},"content":{"rendered":"<ul>\n<li>K\u00e4ytet\u00e4\u00e4n my\u00f6s k\u00e4sitett\u00e4 joustava ryhmittely.<\/li>\n<li>Tarkoittaa oppilaiden jakamista erityyppisiin ryhmiin, jolloin eriytt\u00e4vien menetelmien hy\u00f6dynt\u00e4minen helpottuu.<\/li>\n<li>Tarkoittaa ryhmien suunnittelua oppilaiden oppimis- ja ty\u00f6skentelytarpeet huomioiden.<\/li>\n<li>Edist\u00e4v\u00e4t opettajien ja oppilaiden v\u00e4list\u00e4 vuorovaikutusta.<\/li>\n<li>Parantavat opetuksen laatua; oppilaiden tarpeet huomioidaan leimaamatta tai erottelematta heit\u00e4.<\/li>\n<li>Helpottavat arjessa toimimista, kun ne toteutuvat suunnitellusti ja ennakoiden.<\/li>\n<li>Vaatii samanaikaisopettajuuden ja yhteisopettajuuden hy\u00f6dynt\u00e4mist\u00e4 opetusmuotona, jotta oppimisen tukeminen mahdollistuu tehokkaammin.<\/li>\n<li>Mahdollistavat my\u00f6s havainnoinnin sek\u00e4 helpottavat arviointity\u00f6t\u00e4.<\/li>\n","protected":false},"excerpt":{"rendered":"<p>Yleisen tuen joustavat opetusj\u00e4rjestelyt Tarkoittaa oppilaiden ryhmittely\u00e4 heid\u00e4n oppimistarpeidensa mukaisesti. Vaatii samanaikaisopettajuuden ja yhteisopettajuuden hy\u00f6dynt\u00e4mist\u00e4 opetusmuotona, jotta oppimisen tukeminen mahd&#8230;<\/p>\n","protected":false},"author":56,"featured_media":0,"parent":605,"menu_order":0,"comment_status":"closed","ping_status":"closed","template":"","meta":{"footnotes":""},"class_list":["post-1088","page","type-page","status-publish","hentry"],"_links":{"self":[{"href":"https:\/\/blog.edu.turku.fi\/oppimisen-tuki\/wp-json\/wp\/v2\/pages\/1088","targetHints":{"allow":["GET"]}}],"collection":[{"href":"https:\/\/blog.edu.turku.fi\/oppimisen-tuki\/wp-json\/wp\/v2\/pages"}],"about":[{"href":"https:\/\/blog.edu.turku.fi\/oppimisen-tuki\/wp-json\/wp\/v2\/types\/page"}],"author":[{"embeddable":true,"href":"https:\/\/blog.edu.turku.fi\/oppimisen-tuki\/wp-json\/wp\/v2\/users\/56"}],"replies":[{"embeddable":true,"href":"https:\/\/blog.edu.turku.fi\/oppimisen-tuki\/wp-json\/wp\/v2\/comments?post=1088"}],"version-history":[{"count":7,"href":"https:\/\/blog.edu.turku.fi\/oppimisen-tuki\/wp-json\/wp\/v2\/pages\/1088\/revisions"}],"predecessor-version":[{"id":4444,"href":"https:\/\/blog.edu.turku.fi\/oppimisen-tuki\/wp-json\/wp\/v2\/pages\/1088\/revisions\/4444"}],"up":[{"embeddable":true,"href":"https:\/\/blog.edu.turku.fi\/oppimisen-tuki\/wp-json\/wp\/v2\/pages\/605"}],"wp:attachment":[{"href":"https:\/\/blog.edu.turku.fi\/oppimisen-tuki\/wp-json\/wp\/v2\/media?parent=1088"}],"curies":[{"name":"wp","href":"https:\/\/api.w.org\/{rel}","templated":true}]}}