{"id":1080,"date":"2023-04-25T13:09:40","date_gmt":"2023-04-25T10:09:40","guid":{"rendered":"https:\/\/blog.edu.turku.fi\/oppimisen-tuki\/?page_id=1080"},"modified":"2024-09-18T08:32:04","modified_gmt":"2024-09-18T05:32:04","slug":"kielitietoisuus","status":"publish","type":"page","link":"https:\/\/blog.edu.turku.fi\/oppimisen-tuki\/koulutusasteet\/perusopetus\/lisatiedot\/tuen-eri-muodot\/kielitietoisuus\/","title":{"rendered":"Kielitietoinen opetus"},"content":{"rendered":"\n<p>Kielititietoisessa opetuksessa oppilaat tehd\u00e4\u00e4n tietoisiksi eri oppiaineiden kielten erityispiirteist\u00e4. Kielitietoisessa koulussa jokainen aikuinen on kielellinen malli ja jokainen opettaja my\u00f6s opettamansa oppiaineen kielen opettaja.<\/p>\n\n\n\n<p>&nbsp;<\/p>\n\n\n\n<figure class=\"wp-block-image aligncenter size-full\"><img loading=\"lazy\" decoding=\"async\" width=\"640\" height=\"363\" src=\"https:\/\/blog.edu.turku.fi\/oppimisen-tuki\/files\/2023\/04\/kielitietoisuus-kasitteiden-avaaminen.png\" alt=\"\" class=\"wp-image-1081\" srcset=\"https:\/\/blog.edu.turku.fi\/oppimisen-tuki\/files\/2023\/04\/kielitietoisuus-kasitteiden-avaaminen.png 640w, https:\/\/blog.edu.turku.fi\/oppimisen-tuki\/files\/2023\/04\/kielitietoisuus-kasitteiden-avaaminen-300x170.png 300w\" sizes=\"auto, (max-width: 640px) 100vw, 640px\" \/><\/figure>\n\n\n\n<p><\/p>\n\n\n\n<p>Kielitietoisen opettajan muistilista:<\/p>\n\n\n\n<ul class=\"wp-block-list\">\n<li>Puhun riitt\u00e4v\u00e4n hitaasti.<\/li>\n\n\n\n<li>Puhun selke\u00e4sti artikuloiden.<\/li>\n\n\n\n<li>K\u00e4yt\u00e4n ymm\u00e4rrett\u00e4v\u00e4\u00e4 kielt\u00e4.<\/li>\n\n\n\n<li>Kuvitan puhettani kehonkielen avulla sek\u00e4 elein ja ilmein.<\/li>\n\n\n\n<li>V\u00e4lt\u00e4n pitki\u00e4 ja vaikeaselkoisia virkkeit\u00e4.<\/li>\n\n\n\n<li>J\u00e4senn\u00e4n tunnin rakenteen ja sanoitan oppitunnin kulkua.<\/li>\n\n\n\n<li>Kerron tunnin alussa oppitunnin aiheen ja tavoitteen.<\/li>\n\n\n\n<li>Kysyn oppilailta ennakkotietoja aiheesta.<\/li>\n\n\n\n<li>Annan kysymyksien vastaamiseen miettimisaikaa.<\/li>\n\n\n\n<li>Kerron ja selit\u00e4n oppilaille opetettavan aiheen keskeiset k\u00e4sitteet.<\/li>\n\n\n\n<li>Laitan opetettavan aiheen\/ opetusjakson keskeiset k\u00e4sitteet ja asiat n\u00e4kyviin luokkaan.<\/li>\n\n\n\n<li>Pilkon opetettavan asian pienempiin osiin.<\/li>\n\n\n\n<li>Havainnollistan opetettavaa asiaa visuaalisesti (kuvilla, sarjakuvilla, havaintov\u00e4lineill\u00e4, postereilla, k\u00e4sitekartoilla, piirt\u00e4m\u00e4ll\u00e4).<\/li>\n\n\n\n<li>Opetan teht\u00e4v\u00e4nantoon liittyvi\u00e4 keskeisi\u00e4 k\u00e4sitteit\u00e4 (esim. tutki, nime\u00e4, ratkaise, mieti, j\u00e4senn\u00e4, laadi, pohdi, m\u00e4\u00e4rit\u00e4, merkitse, esit\u00e4, luettele, vertaile)<\/li>\n\n\n\n<li>Kerron tekstist\u00e4 p\u00e4\u00e4asiat ja selit\u00e4n vieraat k\u00e4sitteet.<\/li>\n\n\n\n<li>Tarkastelen oppilaiden kanssa tekstiin liittyvi\u00e4 kuvia ja k\u00e4yn l\u00e4pi kappaleen p\u00e4\u00e4- ja v\u00e4liotsikot.<\/li>\n\n\n\n<li>Mallinnan lukemista lukemalla kappaleen oppilaille \u00e4\u00e4neen, annan oppilaiden lukea itse ja\/tai luemme yhdess\u00e4.<\/li>\n\n\n\n<li>Ohjaan oppilaita tekem\u00e4\u00e4n tekstist\u00e4 muistiinpanoja yksin\/yhdess\u00e4.<\/li>\n\n\n\n<li>Annan oppilaalle ty\u00f6skentelyrauhan muistiinpanojen kirjoittamiseen. En puhu silloin, kun oppilaat kirjoittavat.<\/li>\n\n\n\n<li>Varmistan, ett\u00e4 oppilaat ovat ymm\u00e4rt\u00e4neet k\u00e4sitteen, opetetun asian ja\/tai teht\u00e4v\u00e4nannon.<\/li>\n\n\n\n<li>K\u00e4yt\u00e4n teht\u00e4vien tarkistuksessa kyseist\u00e4 teht\u00e4v\u00e4\u00e4 visuaalisena tukena.<\/li>\n\n\n\n<li>J\u00e4rjest\u00e4n p\u00e4ivitt\u00e4in oppimistilanteita, joissa oppilaat ovat suullisessa vuorovaikutuksessa kesken\u00e4\u00e4n pareittain\/ryhmitt\u00e4in.<\/li>\n\n\n\n<li>Kerron tunnin lopussa tiivistelm\u00e4n oppitunnin aiheesta.<\/li>\n\n\n\n<li>K\u00e4yt\u00e4n toiminnallisia ty\u00f6tapoja.<\/li>\n\n\n\n<li>Arvioin, miten oppilaat ovat oppineet oppitunnin tavoitteen.<\/li>\n\n\n\n<li>Annan selke\u00e4t ohjeet kotiteht\u00e4v\u00e4st\u00e4.<\/li>\n\n\n\n<li>Merkitsen kotiteht\u00e4v\u00e4n taululle.<\/li>\n\n\n\n<li>K\u00e4yt\u00e4n kokeessa oppitunneilla k\u00e4ytettyj\u00e4 teht\u00e4v\u00e4tyyppej\u00e4.<\/li>\n\n\n\n<li>Luen ja selit\u00e4n kokeessa teht\u00e4v\u00e4nannon.<\/li>\n\n\n\n<li>Annan kokeen tekemiseen tarvittaessa lis\u00e4aikaa, mahdollisuuden k\u00e4ytt\u00e4\u00e4 sanakirjaa, sanalistaa tai muistiinpanoja.<\/li>\n\n\n\n<li>Annan oppilaille mahdollisuuden osoittaa osaamisensa monipuolisin menetelmin, esim. suullisesti.<\/li>\n\n\n\n<li>Hy\u00f6dynn\u00e4n oppilaiden monikielisyytt\u00e4 oppitunneilla.<\/li>\n\n\n\n<li>Annan oppilaille yksil\u00f6llist\u00e4 palautetta, kehun ja kannustan.<\/li>\n<\/ul>\n","protected":false},"excerpt":{"rendered":"<p><img loading=\"lazy\" decoding=\"async\" class=\"wp-image-1081 alignright\" src=\"https:\/\/blog.edu.turku.fi\/oppimisen-tuki\/files\/2023\/04\/kielitietoisuus-kasitteiden-avaaminen.png\" alt=\"\" width=\"511\" height=\"290\" srcset=\"https:\/\/blog.edu.turku.fi\/oppimisen-tuki\/files\/2023\/04\/kielitietoisuus-kasitteiden-avaaminen.png 640w, https:\/\/blog.edu.turku.fi\/oppimisen-tuki\/files\/2023\/04\/kielitietoisuus-kasitteiden-avaaminen-300x170.png 300w\" sizes=\"auto, (max-width: 511px) 100vw, 511px\" \/><\/p>\n<p>Kielitietoisen opettajan tsekkauslista:<\/p>\n<ul>\n<li>Puhun riitt\u00e4v\u00e4n hi&#8230;<br \/>\n","protected":false},"author":56,"featured_media":0,"parent":605,"menu_order":0,"comment_status":"closed","ping_status":"closed","template":"","meta":{"footnotes":""},"class_list":["post-1080","page","type-page","status-publish","hentry"],"_links":{"self":[{"href":"https:\/\/blog.edu.turku.fi\/oppimisen-tuki\/wp-json\/wp\/v2\/pages\/1080","targetHints":{"allow":["GET"]}}],"collection":[{"href":"https:\/\/blog.edu.turku.fi\/oppimisen-tuki\/wp-json\/wp\/v2\/pages"}],"about":[{"href":"https:\/\/blog.edu.turku.fi\/oppimisen-tuki\/wp-json\/wp\/v2\/types\/page"}],"author":[{"embeddable":true,"href":"https:\/\/blog.edu.turku.fi\/oppimisen-tuki\/wp-json\/wp\/v2\/users\/56"}],"replies":[{"embeddable":true,"href":"https:\/\/blog.edu.turku.fi\/oppimisen-tuki\/wp-json\/wp\/v2\/comments?post=1080"}],"version-history":[{"count":7,"href":"https:\/\/blog.edu.turku.fi\/oppimisen-tuki\/wp-json\/wp\/v2\/pages\/1080\/revisions"}],"predecessor-version":[{"id":4505,"href":"https:\/\/blog.edu.turku.fi\/oppimisen-tuki\/wp-json\/wp\/v2\/pages\/1080\/revisions\/4505"}],"up":[{"embeddable":true,"href":"https:\/\/blog.edu.turku.fi\/oppimisen-tuki\/wp-json\/wp\/v2\/pages\/605"}],"wp:attachment":[{"href":"https:\/\/blog.edu.turku.fi\/oppimisen-tuki\/wp-json\/wp\/v2\/media?parent=1080"}],"curies":[{"name":"wp","href":"https:\/\/api.w.org\/{rel}","templated":true}]}}