{"id":83,"date":"2020-12-09T16:34:51","date_gmt":"2020-12-09T14:34:51","guid":{"rendered":"https:\/\/blog.edu.turku.fi\/opo\/?page_id=83"},"modified":"2025-12-01T13:28:52","modified_gmt":"2025-12-01T11:28:52","slug":"tyoelama","status":"publish","type":"page","link":"https:\/\/blog.edu.turku.fi\/opo\/tyoelama\/","title":{"rendered":"Ty\u00f6el\u00e4m\u00e4"},"content":{"rendered":"<p>&nbsp;<\/p>\n<p>Ammattitietoa <a href=\"https:\/\/kokeile.tyomarkkinatori.fi\/Etusivu\/ammattitieto\">www.tyomarkkinatori.fi<\/a><\/p>\n<p>Osaamisen ennakointi <a href=\"https:\/\/ennakointiakatemia.fi\/\">www.ennakointiakatemia.fi<\/a><\/p>\n<p>Ty\u00f6voimantarve <a href=\"https:\/\/tyovoimabarometri.fi\/\">www.tyovoimabarometri.fi<\/a><\/p>\n<p><a href=\"https:\/\/app.powerbi.com\/view?r=eyJrIjoiNjgxZGJjMDMtZjZiMi00MDJmLTkyOTItNGY0ZmJhYmZiYjFhIiwidCI6ImQ5NTk1MWE2LWRmZDMtNGE3NC05YWJiLWYyYjJjYjg5ZDY3MSIsImMiOjh9\">Kohtaanto ja saatavuus\u00a0<\/a><\/p>\n<p>Osaamistarve <a href=\"https:\/\/www.osaamistarvekompassi.fi\/fi\/ajankohtaista\/tiedotteet\/osaamistarvekompassi-kehittyy-uutta-osaamisdataa-seka-vertailu-ja\">www.osaamistarvekompassi.fi<\/a><\/p>\n<p>Ty\u00f6el\u00e4m\u00e4npelis\u00e4\u00e4nn\u00f6t <a href=\"http:\/\/www.tyoelamanpelisaannot.fi\/\" target=\"_blank\" rel=\"noopener noreferrer\">www.tyoelamanpelisaannot.fi<\/a><\/p>\n<p>Omat vahvuudet ja ty\u00f6el\u00e4m\u00e4 <a href=\"https:\/\/www.foreammatti.fi\/\" target=\"_blank\" rel=\"noopener noreferrer\">www.foreammatti.fi<\/a><\/p>\n<p><a href=\"http:\/\/www.turku.chamber.fi\/\" target=\"_blank\" rel=\"noopener noreferrer\">Turun kauppakamari<\/a><\/p>\n<p><a href=\"http:\/\/www.turunyrittajat.fi\/\" target=\"_blank\" rel=\"noopener noreferrer\">Turun yritt\u00e4j\u00e4t<\/a><\/p>\n<p><a href=\"http:\/\/www.ek.fi\/\" target=\"_blank\" rel=\"noopener noreferrer\">EK Elinkeinoel\u00e4m\u00e4n keskusliitto<\/a><\/p>\n<p><a href=\"https:\/\/nuortennyt.fi\/\">Nuorten yritt\u00e4jyys ja talous NYT<\/a><\/p>\n<p>&nbsp;<\/p>\n<h2>Ty\u00f6nhaku<\/h2>\n<p>Ty\u00f6voimatoimiston palvelut <a href=\"http:\/\/www.te-palvelut.fi\/te\/fi\/index.html\" target=\"_blank\" rel=\"noopener noreferrer\">www.te-palvelut.fi<\/a><br \/>\n<a href=\"https:\/\/tyomarkkinatori.fi\/henkiloasiakkaat\"><span class=\"sisennys\">Ty\u00f6nhaku<\/span><\/a><\/p>\n<p><span class=\"sisennys\"><a href=\"http:\/\/kunkoululoppuu.fi\/kesatyo\/\" target=\"_blank\" rel=\"noopener noreferrer\">Kes\u00e4ty\u00f6st\u00e4<\/a><br \/>\n<\/span><br \/>\nAkateemiset rekrytointipalvelut\u00a0<a href=\"http:\/\/www.aarresaari.net\/\" target=\"_blank\" rel=\"noopener noreferrer\">www.aarresaari.net<\/a><\/p>\n<p>&nbsp;<\/p>\n","protected":false},"excerpt":{"rendered":"<p>&nbsp; Ammattitietoa www.tyomarkkinatori.fi Osaamisen ennakointi www.ennakointiakatemia.fi Ty\u00f6voimantarve www.tyovoimabarometri.fi Kohtaanto ja saatavuus\u00a0 Osaamistarve www.osaamistarvekompassi.fi Ty\u00f6el\u00e4m\u00e4npelis\u00e4\u00e4nn\u00f6t www.tyoelamanpelisaannot.fi Omat vahvuudet ja ty\u00f6el\u00e4m\u00e4 www.foreammatti.fi Turun kauppakamari Turun yritt\u00e4j\u00e4t EK Elinkeinoel\u00e4m\u00e4n keskusliitto Nuorten yritt\u00e4jyys ja talous NYT &nbsp; Ty\u00f6nhaku Ty\u00f6voimatoimiston palvelut www.te-palvelut.fi Ty\u00f6nhaku Kes\u00e4ty\u00f6st\u00e4 Akateemiset rekrytointipalvelut\u00a0www.aarresaari.net &nbsp;<\/p>\n","protected":false},"author":138,"featured_media":0,"parent":0,"menu_order":0,"comment_status":"closed","ping_status":"closed","template":"","meta":{"footnotes":""},"class_list":["post-83","page","type-page","status-publish","hentry"],"_links":{"self":[{"href":"https:\/\/blog.edu.turku.fi\/opo\/wp-json\/wp\/v2\/pages\/83","targetHints":{"allow":["GET"]}}],"collection":[{"href":"https:\/\/blog.edu.turku.fi\/opo\/wp-json\/wp\/v2\/pages"}],"about":[{"href":"https:\/\/blog.edu.turku.fi\/opo\/wp-json\/wp\/v2\/types\/page"}],"author":[{"embeddable":true,"href":"https:\/\/blog.edu.turku.fi\/opo\/wp-json\/wp\/v2\/users\/138"}],"replies":[{"embeddable":true,"href":"https:\/\/blog.edu.turku.fi\/opo\/wp-json\/wp\/v2\/comments?post=83"}],"version-history":[{"count":12,"href":"https:\/\/blog.edu.turku.fi\/opo\/wp-json\/wp\/v2\/pages\/83\/revisions"}],"predecessor-version":[{"id":922,"href":"https:\/\/blog.edu.turku.fi\/opo\/wp-json\/wp\/v2\/pages\/83\/revisions\/922"}],"wp:attachment":[{"href":"https:\/\/blog.edu.turku.fi\/opo\/wp-json\/wp\/v2\/media?parent=83"}],"curies":[{"name":"wp","href":"https:\/\/api.w.org\/{rel}","templated":true}]}}