{"id":799,"date":"2024-11-13T07:23:16","date_gmt":"2024-11-13T05:23:16","guid":{"rendered":"https:\/\/blog.edu.turku.fi\/opo\/?page_id=799"},"modified":"2025-04-17T13:05:50","modified_gmt":"2025-04-17T10:05:50","slug":"urasuunnittelutaito","status":"publish","type":"page","link":"https:\/\/blog.edu.turku.fi\/opo\/ohjeita-opolle\/urasuunnittelutaito\/","title":{"rendered":"Urasuunnittelutaito"},"content":{"rendered":"<p>Syksyll\u00e4 2023 on julkaistu ehdotus urasuunnittelutaitojen kansallinen viitekehyksest\u00e4 (<a href=\"https:\/\/peda.net\/hankkeet\/elotori\/elinikaisen-ohjauksen-valtakunnallinen-kehittaminen-2022-202\/urasuunnittelutaitojen-viitekehys\/julkaisut-ja-muu-materiaali\/ehdotus-urasuunnittelutaitojen-viitekehykseksi\/261023-urasuunnittelutaitojen-viitekehys.pdf2:file\/download\/5aa5fb851cce6c7d99f354d5a09a5f6fd1610cbc\/261023_Urasuunnittelutaitojen-viitekehys.pdf\">KEHA 2023<\/a>) ja syksyll\u00e4 2024 osaamiskehikko (<a href=\"https:\/\/www.hyria.fi\/urasuunnittelutaitojenosaamiskehikko\">Hyria 2024<\/a>). Kehyst\u00e4 ja kehikkoa on rakennettu monialaisissa ty\u00f6ryhmiss\u00e4 ja urasuunnittelutaitoa on tarkasteltu <a href=\"https:\/\/julkaisut.valtioneuvosto.fi\/bitstream\/handle\/10024\/165873\/TEM_2024_42.pdf?sequence=1&amp;isAllowed=y\">elinik\u00e4isen ohjauksen n\u00e4k\u00f6kulmasta<\/a>. N\u00e4iden ty\u00f6kalujen avulla voi kuvata sit\u00e4, mihin kouluty\u00f6ss\u00e4 tulisi panostaa elinik\u00e4isen oppimisen ja urasuunnittelutaidon kehitt\u00e4misen n\u00e4k\u00f6kulmasta ja mik\u00e4 on opinto-ohjaajan perusteht\u00e4v\u00e4 oppilaitoksissa. Elinik\u00e4isen ohjauksen k\u00e4sikirjaan (<a href=\"https:\/\/julkaisut.valtioneuvosto.fi\/bitstream\/handle\/10024\/166049\/2024_4_Elinikaisen_ohjauksen_kasikirja_22012025.pdf?sequence=1&amp;isAllowed=y\">Ty\u00f6- ja elinkeinoministeri\u00f6, 2025<\/a>) on koottu ura- ja koulutusvalinnan ohjauksen keskeiset strategia-asiakirjat ja toimeenpanoa tukevat ty\u00f6v\u00e4lineet.<\/p>\n<p><a href=\"https:\/\/www.hyria.fi\/sites\/default\/files\/2024-10\/Urasuunnittelutaitojen%20osaamiskehikko%20-julkaisu%2008102024.pdf\">Osaamiskehikko<\/a><\/p>\n<ul>\n<li style=\"list-style-type: none\">\n<ul>\n<li>Tukimateriaalia\u00a0<a href=\"https:\/\/www.hyria.fi\/ohjaajientukimateriaali\">https:\/\/www.hyria.fi\/ohjaajientukimateriaali<\/a><\/li>\n<\/ul>\n<\/li>\n<\/ul>\n<p><strong>Oppitunnille<\/strong><\/p>\n<ul>\n<li style=\"list-style-type: none\">\n<ul>\n<li><a href=\"https:\/\/www.youtube.com\/playlistlist=PLeppZJ7aOFf_o4eWIrXTn9VHxBF-Dcsvx\">Videoita urasuunnittelun aloittamiseen<\/a><\/li>\n<li><a href=\"https:\/\/urataidot.hyria.fi\/fi\/urasuunnittelu\">Urasuunnittelutaidot videoina<\/a><\/li>\n<li>Oppijoille tarkoitettu app (urasuunnittelutaidon itsearviointi):\u00a0<a href=\"https:\/\/urataidot.hyria.fi\/fi\">https:\/\/urataidot.hyria.fi\/fi<\/a><\/li>\n<li>Urasuunnittelutaitojen keskeiset k\u00e4sitteet:\u00a0<a href=\"https:\/\/www.hyria.fi\/ohjaajientukimateriaali\">https:\/\/www.hyria.fi\/ohjaajientukimateriaali<\/a><\/li>\n<\/ul>\n<\/li>\n<\/ul>\n<p>Osana t\u00e4t\u00e4 hankekokonaisuutta Hyria on julkaissut laatimani TEHO-mittarin. Se on vastaus siihen, mit\u00e4 on arviointi oppilaanohjauksessa ja mit\u00e4 on tehostetun henkil\u00f6kohtaisen tarpeen arviointi.<\/p>\n<ul>\n<li style=\"list-style-type: none\">\n<ul>\n<li><strong><a href=\"https:\/\/tehomittari-dak4qfx4.ew.gateway.dev\/prod\">TEHO-mittari<\/a><\/strong><\/li>\n<li><a href=\"https:\/\/blog.edu.turku.fi\/opo\/ohjeita-opolle\/teho\/\"><strong>https:\/\/blog.edu.turku.fi\/opo\/ohjeita-opolle\/teho\/<\/strong><\/a><\/li>\n<\/ul>\n<\/li>\n<\/ul>\n","protected":false},"excerpt":{"rendered":"<p>Syksyll\u00e4 2023 on julkaistu ehdotus urasuunnittelutaitojen kansallinen viitekehyksest\u00e4 (KEHA 2023) ja syksyll\u00e4 2024 osaamiskehikko (Hyria 2024). Kehyst\u00e4 ja kehikkoa on rakennettu monialaisissa ty\u00f6ryhmiss\u00e4 ja urasuunnittelutaitoa on tarkasteltu elinik\u00e4isen ohjauksen n\u00e4k\u00f6kulmasta. N\u00e4iden ty\u00f6kalujen avulla voi kuvata sit\u00e4, mihin kouluty\u00f6ss\u00e4 tulisi panostaa elinik\u00e4isen oppimisen ja urasuunnittelutaidon kehitt\u00e4misen n\u00e4k\u00f6kulmasta ja mik\u00e4 on opinto-ohjaajan perusteht\u00e4v\u00e4 oppilaitoksissa. Elinik\u00e4isen ohjauksen k\u00e4sikirjaan &hellip; <a href=\"https:\/\/blog.edu.turku.fi\/opo\/ohjeita-opolle\/urasuunnittelutaito\/\" class=\"more-link\">Jatka lukemista<span class=\"screen-reader-text\"> &#8221;Urasuunnittelutaito&#8221;<\/span><\/a><\/p>\n","protected":false},"author":138,"featured_media":0,"parent":280,"menu_order":0,"comment_status":"closed","ping_status":"closed","template":"","meta":{"footnotes":""},"class_list":["post-799","page","type-page","status-publish","hentry"],"_links":{"self":[{"href":"https:\/\/blog.edu.turku.fi\/opo\/wp-json\/wp\/v2\/pages\/799","targetHints":{"allow":["GET"]}}],"collection":[{"href":"https:\/\/blog.edu.turku.fi\/opo\/wp-json\/wp\/v2\/pages"}],"about":[{"href":"https:\/\/blog.edu.turku.fi\/opo\/wp-json\/wp\/v2\/types\/page"}],"author":[{"embeddable":true,"href":"https:\/\/blog.edu.turku.fi\/opo\/wp-json\/wp\/v2\/users\/138"}],"replies":[{"embeddable":true,"href":"https:\/\/blog.edu.turku.fi\/opo\/wp-json\/wp\/v2\/comments?post=799"}],"version-history":[{"count":8,"href":"https:\/\/blog.edu.turku.fi\/opo\/wp-json\/wp\/v2\/pages\/799\/revisions"}],"predecessor-version":[{"id":846,"href":"https:\/\/blog.edu.turku.fi\/opo\/wp-json\/wp\/v2\/pages\/799\/revisions\/846"}],"up":[{"embeddable":true,"href":"https:\/\/blog.edu.turku.fi\/opo\/wp-json\/wp\/v2\/pages\/280"}],"wp:attachment":[{"href":"https:\/\/blog.edu.turku.fi\/opo\/wp-json\/wp\/v2\/media?parent=799"}],"curies":[{"name":"wp","href":"https:\/\/api.w.org\/{rel}","templated":true}]}}