{"id":73,"date":"2020-12-01T20:28:19","date_gmt":"2020-12-01T18:28:19","guid":{"rendered":"https:\/\/blog.edu.turku.fi\/opo\/?page_id=73"},"modified":"2026-01-15T12:22:00","modified_gmt":"2026-01-15T10:22:00","slug":"toisen-asteen-koulutusvalinta","status":"publish","type":"page","link":"https:\/\/blog.edu.turku.fi\/opo\/toisen-asteen-koulutusvalinta\/","title":{"rendered":"Perusopetuksen j\u00e4lkeen"},"content":{"rendered":"<p><img loading=\"lazy\" decoding=\"async\" class=\"alignnone size-medium wp-image-143\" src=\"https:\/\/blog.edu.turku.fi\/opo\/files\/2020\/12\/DSC00230-300x200.jpg\" alt=\"\" width=\"300\" height=\"200\" srcset=\"https:\/\/blog.edu.turku.fi\/opo\/files\/2020\/12\/DSC00230-300x200.jpg 300w, https:\/\/blog.edu.turku.fi\/opo\/files\/2020\/12\/DSC00230.jpg 1024w\" sizes=\"auto, (max-width: 300px) 85vw, 300px\" \/><\/p>\n<h2>Yleist\u00e4<\/h2>\n<p>Suomen koulutusj\u00e4rjestelm\u00e4 <a href=\"http:\/\/minedu.fi\/koulutusjarjestelma\" target=\"_blank\" rel=\"noopener noreferrer\">www.minedu.fi<\/a><\/p>\n<p>Tietoa Suomen koulutusj\u00e4rjestelm\u00e4st\u00e4 eri kielill\u00e4 <a href=\"https:\/\/www.infofinland.fi\/fi\/elama-suomessa\/koulutus\/suomalainen-koulutusjarjestelma\" target=\"_blank\" rel=\"noopener noreferrer\">www.infofinland.fi<\/a><\/p>\n<p>Koulutusalat, ammatit ja oppilaitokset <a href=\"http:\/\/www.opintopolku.fi\/\" target=\"_blank\" rel=\"noopener noreferrer\">www.opintopolku.fi<\/a><\/p>\n<p><a href=\"https:\/\/www.turku.fi\/yhteishaku\">Turun kaupungin koulutustajonta toisen asteen yhteishaussa<\/a><\/p>\n<p><a href=\"https:\/\/vipunen.fi\/fi-fi\/_layouts\/15\/WopiFrame.aspx?sourcedoc=%7BFF2EBD99-85D5-4158-95BB-31FD4E7AD200%7D&amp;file=Ammatillisen%20koulutuksen%20ja%20lukiokoulutuksen%20yhteishaku%20-%20pisterajat.xlsb&amp;action=default\">Aikaisempien vuosien alimmat alimmat keskiarvot ja pisteet<\/a><\/p>\n<p><a href=\"https:\/\/blog.edu.turku.fi\/opo\/files\/2025\/10\/Alimmat-pisteet-ja-keskiarvot-2025.pdf\">Aikaisempien vuosien alimmat pisteet ja keskiarvot Turun seudulla<\/a><\/p>\n<h2>Ammattioppilaitoksia<\/h2>\n<p><a href=\"https:\/\/tai.fi\/yhteishaku\/\">Turun ammatti-instituutti (TAI)<\/a><br \/>\n<a href=\"https:\/\/tai.fi\/yhteishaun-koulutukset\/\">Kuvaus TAIn perustutkinnoista<\/a><\/p>\n<p><a href=\"http:\/\/www.taos.fi\/\" target=\"_blank\" rel=\"noopener noreferrer\">Turun ammattiopistos\u00e4\u00e4ti\u00f6<\/a><br \/>\n<a href=\"http:\/\/www.livia.fi\/\" target=\"_blank\" rel=\"noopener noreferrer\">Ammattiopisto Livia (luonnonvara- ja ymp\u00e4rist\u00f6alan sek\u00e4 sosiaali-, terveys- ja liikunta-alan oppilaitos)<\/a><br \/>\n<a href=\"https:\/\/linnas.fi\/peruskoulun-paattaville\/\" target=\"_blank\" rel=\"noopener noreferrer\">Linnasm\u00e4en opisto<\/a><br \/>\n<a href=\"http:\/\/www.turunkonservatorio.fi\/\" target=\"_blank\" rel=\"noopener noreferrer\">Turun Konservatorio<\/a><br \/>\n<a href=\"http:\/\/www.paasikiviopisto.fi\/\" target=\"_blank\" rel=\"noopener noreferrer\">Paasikiviopisto<\/a><br \/>\n<a href=\"https:\/\/www.spesia.fi\/\" target=\"_blank\" rel=\"noopener noreferrer\">Ammattiopisto Spesia<\/a><br \/>\n<a href=\"http:\/\/www.urheiluakatemia.fi\/turun-seudun-urheiluakatemia\" target=\"_blank\" rel=\"noopener noreferrer\">Turun seudun urheiluakatemia<\/a><\/p>\n<p><a href=\"http:\/\/www.raseko.fi\/\" target=\"_blank\" rel=\"noopener noreferrer\">RASEKO Raision seudun koulutuskuntayhtym\u00e4<\/a><br \/>\n<a href=\"https:\/\/www.novida.fi\/\" target=\"_blank\" rel=\"noopener noreferrer\">Novida<\/a><br \/>\n<a href=\"http:\/\/www.winnova.fi\/\" target=\"_blank\" rel=\"noopener noreferrer\">WInNova<\/a><br \/>\n<a href=\"http:\/\/www.hevosopisto.fi\/\" target=\"_blank\" rel=\"noopener noreferrer\">Hevosopisto<\/a><\/p>\n<p><a href=\"http:\/\/www.rskk.fi\/\" target=\"_blank\" rel=\"noopener noreferrer\">Vankeudenhoito- ja rikosseuraamusalan koulutus<\/a><\/p>\n<p><a href=\"https:\/\/ameo.fi\/\" target=\"_blank\" rel=\"noopener noreferrer\">Ammatillisia erityisoppilaitoksia<\/a><\/p>\n<p><a href=\"https:\/\/sakkiry.fi\/\">Suomen\u00a0Ammattiin Opiskelevien Liitto<\/a><\/p>\n<p><a href=\"https:\/\/www.skillsfinland.fi\/\">Ammattiosaajan kilpailu<\/a><\/p>\n<p><span style=\"font-size: 28px;font-weight: 900\">Lukioita<\/span><\/p>\n<p><a href=\"http:\/\/www.turku.fi\/yhteishaku\" target=\"_blank\" rel=\"noopener noreferrer\">Yhteishaku, Turku<\/a><\/p>\n<p><a href=\"https:\/\/www.turku.fi\/perusopetus\/yhteishaku#anchor-opiskele-lukiossa\">Turun lukioita<\/a><\/p>\n<p><a href=\"http:\/\/www.kerttulinlukio.fi\/\" target=\"_blank\" rel=\"noopener noreferrer\">Kerttulin lukio<\/a><br \/>\n<span class=\"sisennys\"><a href=\"https:\/\/www.urheiluakatemia.fi\/\" target=\"_blank\" rel=\"noopener noreferrer\">Turun seudun urheiluakatemia\u00a0 \u00a0<\/a><span class=\"sisennys\"><a href=\"https:\/\/blog.edu.turku.fi\/opo\/files\/2023\/01\/Urheilijan-lisakysymykset-haku-kevaalla-23.docx\">(Urheilijan lis\u00e4kysymykset haku kev\u00e4\u00e4ll\u00e4 23)<\/a><br \/>\n<\/span><\/span><a href=\"https:\/\/www.luostarivuorenlyseo.fi\/\" target=\"_blank\" rel=\"noopener noreferrer\">Luostarivuoren Lyseon lukio<\/a><br \/>\n<a href=\"https:\/\/puolalanmaen-lukio.onedu.fi\/web\/\" target=\"_blank\" rel=\"noopener noreferrer\">Puolalanm\u00e4en lukio<\/a><br \/>\n<a href=\"https:\/\/blog.edu.turku.fi\/turunklassillinenlukio\/\" target=\"_blank\" rel=\"noopener noreferrer\">Turun Klassillinen lukio<\/a><br \/>\n<a href=\"https:\/\/sites.utu.fi\/tnk\/lukio\/\">Turun normaalikoulun lukio<\/a><br \/>\n<a href=\"http:\/\/www.tsyk.fi\/\" target=\"_blank\" rel=\"noopener noreferrer\">TSYK<\/a><br \/>\n<a href=\"http:\/\/www.turuniltalukio.fi\/\" target=\"_blank\" rel=\"noopener noreferrer\">Turun iltalukio<\/a><br \/>\n<a href=\"http:\/\/www.kaarina.fi\/opetus_ja_koulutus\/lukio\/fi_FI\/lukio\/\" target=\"_blank\" rel=\"noopener noreferrer\">Kaarinan lukio<\/a><br \/>\n<a href=\"http:\/\/turunsteinerkoulu.fi\/tulevat-oppilaat\/lukio\/\" target=\"_blank\" rel=\"noopener noreferrer\">Turun Steiner-koulun lukio<\/a><\/p>\n<p><a href=\"https:\/\/www.turunkesayliopisto.fi\/kurssitarjotin\/abi-ja-lukiolaiskurssit\" target=\"_blank\" rel=\"noopener noreferrer\">Turun kes\u00e4yliopiston abi- ja lukiolaiskurssit<\/a><br \/>\n<a href=\"http:\/\/www.kesalukioseura.fi\/\" target=\"_blank\" rel=\"noopener noreferrer\">Kes\u00e4lukioseura<\/a><\/p>\n<p><a href=\"https:\/\/lukio.fi\">Suomen Lukiolaisten Liitto<\/a><\/p>\n<p>&nbsp;<\/p>\n<p><strong>Muu perusopetuksen j\u00e4lkeen alkava koulutus<\/strong><\/p>\n<p><a href=\"https:\/\/opintopolku.fi\/konfo\/fi\/sivu\/yhteishaun-valintapistelaskuri\">Kansanopistot<\/a><\/p>\n<p><a href=\"https:\/\/tai.fi\/tuva-koulutus\/\">Turun ammatti-instittuutin TUVA-koulutu<\/a>s<\/p>\n<p><a href=\"https:\/\/www.turuniltalukio.fi\/tule-opiskelijaksi\/tutkintokoulutukseen-valmentava-koulutus-tuva\/\">Turun iltalukion TUVA-koulutus<\/a><\/p>\n<p><a href=\"https:\/\/linnas.fi\/peruskoulun-paattaville\/tutkintokoulutukseen-valmentava-koulutus\/\">Linnasm\u00e4en TUVA-koulutus\u00a0<\/a><\/p>\n<p><a href=\"https:\/\/www.spesia.fi\/koulutukset\/tutkintokoulutukseen-valmentava-koulutus-tuva\/\">Spesian TUVA-koulutus<\/a><\/p>\n<p><strong>Perusopetus suorittamatta<\/strong><\/p>\n<p><a href=\"https:\/\/tai.fi\/aikuisten-perusopetus\/\">Turun ammati-instituutin aikuisten perusopetus<\/a><\/p>\n<p><a href=\"https:\/\/linnas.fi\/vieraskielisille\/perusopetus\/\">Linnasm\u00e4en opiston aikuisten perusopetus<\/a><\/p>\n<p><a href=\"https:\/\/www.hdl.fi\/vamos\/kaupungit\/turku\/\">Vamos Vipunen<\/a><\/p>\n","protected":false},"excerpt":{"rendered":"<p>Yleist\u00e4 Suomen koulutusj\u00e4rjestelm\u00e4 www.minedu.fi Tietoa Suomen koulutusj\u00e4rjestelm\u00e4st\u00e4 eri kielill\u00e4 www.infofinland.fi Koulutusalat, ammatit ja oppilaitokset www.opintopolku.fi Turun kaupungin koulutustajonta toisen asteen yhteishaussa Aikaisempien vuosien alimmat alimmat keskiarvot ja pisteet Aikaisempien vuosien alimmat pisteet ja keskiarvot Turun seudulla Ammattioppilaitoksia Turun ammatti-instituutti (TAI) Kuvaus TAIn perustutkinnoista Turun ammattiopistos\u00e4\u00e4ti\u00f6 Ammattiopisto Livia (luonnonvara- ja ymp\u00e4rist\u00f6alan sek\u00e4 sosiaali-, terveys- ja liikunta-alan &hellip; <a href=\"https:\/\/blog.edu.turku.fi\/opo\/toisen-asteen-koulutusvalinta\/\" class=\"more-link\">Jatka lukemista<span class=\"screen-reader-text\"> &#8221;Perusopetuksen j\u00e4lkeen&#8221;<\/span><\/a><\/p>\n","protected":false},"author":138,"featured_media":0,"parent":0,"menu_order":0,"comment_status":"closed","ping_status":"closed","template":"","meta":{"footnotes":""},"class_list":["post-73","page","type-page","status-publish","hentry"],"_links":{"self":[{"href":"https:\/\/blog.edu.turku.fi\/opo\/wp-json\/wp\/v2\/pages\/73","targetHints":{"allow":["GET"]}}],"collection":[{"href":"https:\/\/blog.edu.turku.fi\/opo\/wp-json\/wp\/v2\/pages"}],"about":[{"href":"https:\/\/blog.edu.turku.fi\/opo\/wp-json\/wp\/v2\/types\/page"}],"author":[{"embeddable":true,"href":"https:\/\/blog.edu.turku.fi\/opo\/wp-json\/wp\/v2\/users\/138"}],"replies":[{"embeddable":true,"href":"https:\/\/blog.edu.turku.fi\/opo\/wp-json\/wp\/v2\/comments?post=73"}],"version-history":[{"count":28,"href":"https:\/\/blog.edu.turku.fi\/opo\/wp-json\/wp\/v2\/pages\/73\/revisions"}],"predecessor-version":[{"id":942,"href":"https:\/\/blog.edu.turku.fi\/opo\/wp-json\/wp\/v2\/pages\/73\/revisions\/942"}],"wp:attachment":[{"href":"https:\/\/blog.edu.turku.fi\/opo\/wp-json\/wp\/v2\/media?parent=73"}],"curies":[{"name":"wp","href":"https:\/\/api.w.org\/{rel}","templated":true}]}}