{"id":698,"date":"2022-11-28T14:59:48","date_gmt":"2022-11-28T12:59:48","guid":{"rendered":"https:\/\/blog.edu.turku.fi\/opo\/?page_id=698"},"modified":"2024-01-02T09:24:20","modified_gmt":"2024-01-02T07:24:20","slug":"ohjauspolku","status":"publish","type":"page","link":"https:\/\/blog.edu.turku.fi\/opo\/ohjeita-opolle\/ohjauspolku\/","title":{"rendered":"Uraohjauspolku"},"content":{"rendered":"<p><span style=\"font-weight: 400\">Uraohjauspolku on kuvaus uraohjauksen keskeisimmist\u00e4 vaiheista ja sis\u00e4ll\u00f6ist\u00e4 perusopetuksen ja toisen asteen siirtym\u00e4vaiheeseen. Ohjausaluetta l\u00e4hestyt\u00e4\u00e4n kaikkien opettajien toimeenpanemana ohjauksena ja opinto-ohjaajien ty\u00f6n\u00e4 nivelvaiheissa ja vuosiluokkien 7-9 aikana.\u00a0 Aluetta tarkastellaan elinik\u00e4isen oppimisen edist\u00e4misen ja oppijan uravalintavalmiuksien kehitt\u00e4misen n\u00e4k\u00f6kulmasta. Uraohjauspolku-kuvauksessa tarkastellaan nivelvaihetta joko siirtym\u00e4n\u00e4 asteelta toiselle tai vaiheena, jossa oppilas asteittain selkiinnytt\u00e4\u00e4 suuntautumistaan ja pyrkimyksi\u00e4\u00e4n opintoihin ja uravalintaan liittyen.<\/span><\/p>\n<p><span style=\"font-weight: 400\">Ohjauspolkukuvauksessa on koottu keskeisten ohjauksen vaiheiden lis\u00e4ksi ohjausv\u00e4lineit\u00e4 ja hyvien k\u00e4yt\u00e4nt\u00f6jen kuvauksia.<\/span><\/p>\n<h2><b>6. vuosiluokka<\/b><\/h2>\n<ul>\n<li>Oppimisen ohjaaminen<\/li>\n<li>Ohjaus oppijan l\u00e4hikehityksen vy\u00f6hykkeell\u00e4<\/li>\n<li>Arviointi- ja kasvatuskeskustelut<\/li>\n<li>Valintojen ja p\u00e4\u00e4t\u00f6ksenteon harjoittelu<\/li>\n<li><span style=\"font-weight: 400\">Koulu-TET<\/span><\/li>\n<li><a href=\"https:\/\/yrityskyla.fi\/toiminta\/alakoulu\/\">Yrityskyl\u00e4<\/a><\/li>\n<li style=\"font-weight: 400\"><span style=\"font-weight: 400\">Yl\u00e4koulup\u00e4iv\u00e4 alakoulun oppilaille<\/span><\/li>\n<li style=\"font-weight: 400\"><span style=\"font-weight: 400\">Vanhempainilta 7:lle vuosiluokalle siirtymisest\u00e4<\/span><\/li>\n<li style=\"font-weight: 400\"><span style=\"font-weight: 400\">Oppilashuollollinen yhteisty\u00f6<\/span><\/li>\n<li style=\"font-weight: 400\"><span style=\"font-weight: 400\">Opetuksen ja ohjauksen j\u00e4rjest\u00e4miseen vaikuttavien tekij\u00f6iden kartoittaminen<\/span><\/li>\n<li style=\"font-weight: 400\"><span style=\"font-weight: 400\">Kummioppilastoiminta nivelvaiheessa<\/span><\/li>\n<\/ul>\n<h2><b>7. vuosiluokka<\/b><\/h2>\n<ul>\n<li style=\"font-weight: 400\"><span style=\"font-weight: 400\">Ryhm\u00e4ytt\u00e4minen eri oppitunneilla<\/span><\/li>\n<li style=\"font-weight: 400\"><span style=\"font-weight: 400\">Uuden luokan tutustumisp\u00e4iv\u00e4<\/span><\/li>\n<li style=\"font-weight: 400\"><span style=\"font-weight: 400\">Kummioppilastoiminta: vanhempien <a href=\"https:\/\/www.mll.fi\/ammattilaisille\/kouluille-ja-oppilaitoksille\/tukioppilastoiminta\/\">tukioppilaiden<\/a> ohjausteht\u00e4v\u00e4<\/span><\/li>\n<li style=\"font-weight: 400\"><span style=\"font-weight: 400\">Vanhempainilta vuosiluokkien opiskelusta vuosiluokilla 7-9\u00a0<\/span><\/li>\n<li style=\"font-weight: 400\"><span style=\"font-weight: 400\">Vanhempain vartit<\/span><\/li>\n<li style=\"font-weight: 400\"><span style=\"font-weight: 400\">Koulun henkil\u00f6kunnan ty\u00f6njaon t\u00e4ssment\u00e4minen ohjaus- ja opiskeluhuoltoty\u00f6ss\u00e4<\/span><\/li>\n<li><span style=\"font-weight: 400\">Oppijan tuen tarpeen arviointi ja tuen organisointi<\/span><\/li>\n<li>Ohjaus oppijan l\u00e4hikehityksen vy\u00f6hykkeell\u00e4<\/li>\n<li>Arviointi- ja \u00a0<a href=\"https:\/\/blog.edu.turku.fi\/opo\/ratkes\/\">kasvatuskeskustelut<\/a> sek\u00e4 oppimisen ohjaaminen<\/li>\n<li>Valintojen ja p\u00e4\u00e4t\u00f6ksenteon harjoittelu<\/li>\n<li><a href=\"https:\/\/www.oph.fi\/fi\/tilastot-ja-julkaisut\/julkaisut\/tehostettu-ja-henkilokohtainen-oppilaanohjaus\">Tehostetun henkil\u00f6kohtaisen oppilaanohjauksen tarpeen arviointi<\/a><\/li>\n<li style=\"font-weight: 400\"><span style=\"font-weight: 400\">Koulu-TET<\/span><\/li>\n<\/ul>\n<h3><b>8. vuosiluokka<\/b><\/h3>\n<ul>\n<li><a href=\"https:\/\/blog.edu.turku.fi\/oppilaanohjaus\/2022\/11\/04\/oppilaanohjauksen-tehostaminen-kaytannossa\/\">Tehostettu henkil\u00f6kohtainen oppilaanohjaus<\/a><\/li>\n<li>Uudelleen ryhm\u00e4ytt\u00e4minen tarvittaessa<\/li>\n<li>Ohjaus oppijan l\u00e4hikehityksen vy\u00f6hykkeell\u00e4<\/li>\n<li>Arviointi- ja <a href=\"https:\/\/blog.edu.turku.fi\/opo\/ratkes\/\">kasvatuskeskustelut<\/a> sek\u00e4 oppimisen ohjaaminen<\/li>\n<li>Valintojen ja p\u00e4\u00e4t\u00f6ksenteon harjoittelu<\/li>\n<li><a href=\"https:\/\/blog.edu.turku.fi\/opo\/ohjeita-opolle\/tyoelamaan-tutustuminen\/\">Ty\u00f6el\u00e4m\u00e4\u00e4n tutustuminen (yritysvierailut)<\/a><\/li>\n<li style=\"font-weight: 400\"><a href=\"http:\/\/www.tet-tori.fi\/\"><span style=\"font-weight: 400\">8.lk TET<\/span><\/a><\/li>\n<li>Jatkokoulutukseen tutustuminen 1\/3<\/li>\n<\/ul>\n<h3><b>9. vuosiluokka<\/b><\/h3>\n<ul>\n<li style=\"font-weight: 400\"><span style=\"font-weight: 400\">Syystiedote huoltajille yhteishausta<\/span><\/li>\n<li style=\"font-weight: 400\"><span style=\"font-weight: 400\">Vanhempainilta: p\u00e4\u00e4tt\u00f6luokka ja jatkokoulutus<\/span><\/li>\n<li>Arviointikeskustelut ja tavoitteen asettaminen p\u00e4\u00e4tt\u00f6luokalle<\/li>\n<li><a href=\"https:\/\/yrityskyla.fi\/toiminta\/ylakoulu\/\">Yrityskyl\u00e4<\/a><\/li>\n<li style=\"font-weight: 400\"><a href=\"https:\/\/www.tet-tori.fi\/\"><span style=\"font-weight: 400\">9.lk TET <\/span><\/a><span style=\"font-weight: 400\">\u00a0<\/span><\/li>\n<li style=\"font-weight: 400\"><a href=\"http:\/\/www.turkuai.fi\/turun-ammatti-instituutti\/opiskelijalle\/kilpailutoiminta\/taitaja9\"><span style=\"font-weight: 400\">Taitaja9-kilpailu<\/span><\/a><\/li>\n<li style=\"font-weight: 400\"><span style=\"font-weight: 400\">Oman koulumenestyksen ja jatkokoulutusvaihtoehtojen yhteen liitt\u00e4minen ks. <\/span><a href=\"http:\/\/www.yhteishakulaskuri.fi\/\"><span style=\"font-weight: 400\">www.yhteishakulaskuri.fi<\/span><\/a><\/li>\n<li style=\"font-weight: 400\"><a href=\"http:\/\/www.turku.fi\/yhteishaku\/hakeminen\"><span style=\"font-weight: 400\">Hakuopas<\/span><\/a><\/li>\n<li style=\"font-weight: 400\"><span style=\"font-weight: 400\">Toisen asteen koulutuksen esittely<\/span><\/li>\n<li>Jatkokoulutukseen tutustuminen 2\/3, avoimet ovet<\/li>\n<li style=\"font-weight: 400\"><span style=\"font-weight: 400\">Koehaku<\/span><\/li>\n<li style=\"font-weight: 400\"><span style=\"font-weight: 400\">Vanhempainilta: yhteishaku<\/span><\/li>\n<li>Jatkokoulutukseen tutustuminen 3\/3, koulukokeilut<\/li>\n<li style=\"font-weight: 400\"><span style=\"font-weight: 400\">Kev\u00e4ttiedote huoltajalle<\/span><\/li>\n<li style=\"font-weight: 400\"><a href=\"https:\/\/opintopolku.fi\/wp\/fi\/\"><span style=\"font-weight: 400\">Yhteishaku<\/span><\/a><\/li>\n<li style=\"font-weight: 400\"><span style=\"font-weight: 400\">J\u00e4lkiohjaus<\/span><span style=\"font-weight: 400\">viesti oppilaalle<\/span><\/li>\n<li style=\"font-weight: 400\"><span style=\"font-weight: 400\">Oppilashuollollinen yhteisty\u00f6 toisen asteen kanssa<\/span><\/li>\n<li style=\"font-weight: 400\"><span style=\"font-weight: 400\">Koulupaikan vahvistaminen<\/span><\/li>\n<li style=\"font-weight: 400\"><span style=\"font-weight: 400\">J\u00e4lkihaun ohjaaminen<\/span><\/li>\n<li>Sijoittumisen seuranta<\/li>\n<\/ul>\n<h3><b>Toisella asteella<\/b><\/h3>\n<ul>\n<li style=\"font-weight: 400\"><span style=\"font-weight: 400\">Ryhm\u00e4ytt\u00e4minen<\/span><\/li>\n<li style=\"font-weight: 400\"><span style=\"font-weight: 400\">Tutortoiminta<\/span><\/li>\n<li style=\"font-weight: 400\"><span style=\"font-weight: 400\">Oppilaiden l\u00e4ht\u00f6tason arviointi ja tuen organisointi<\/span><\/li>\n<li style=\"font-weight: 400\"><span style=\"font-weight: 400\">Toisen asteen opiskeluk\u00e4yt\u00e4nteiden esittely<\/span><\/li>\n<li style=\"font-weight: 400\"><span style=\"font-weight: 400\">Vanhempainilta: opiskelu toisella asteella<\/span><\/li>\n<li style=\"font-weight: 400\"><span style=\"font-weight: 400\">Henkil\u00f6kohtainen opiskelusuunnitelma<\/span><\/li>\n<\/ul>\n","protected":false},"excerpt":{"rendered":"<p>Uraohjauspolku on kuvaus uraohjauksen keskeisimmist\u00e4 vaiheista ja sis\u00e4ll\u00f6ist\u00e4 perusopetuksen ja toisen asteen siirtym\u00e4vaiheeseen. Ohjausaluetta l\u00e4hestyt\u00e4\u00e4n kaikkien opettajien toimeenpanemana ohjauksena ja opinto-ohjaajien ty\u00f6n\u00e4 nivelvaiheissa ja vuosiluokkien 7-9 aikana.\u00a0 Aluetta tarkastellaan elinik\u00e4isen oppimisen edist\u00e4misen ja oppijan uravalintavalmiuksien kehitt\u00e4misen n\u00e4k\u00f6kulmasta. Uraohjauspolku-kuvauksessa tarkastellaan nivelvaihetta joko siirtym\u00e4n\u00e4 asteelta toiselle tai vaiheena, jossa oppilas asteittain selkiinnytt\u00e4\u00e4 suuntautumistaan ja pyrkimyksi\u00e4\u00e4n opintoihin ja &hellip; <a href=\"https:\/\/blog.edu.turku.fi\/opo\/ohjeita-opolle\/ohjauspolku\/\" class=\"more-link\">Jatka lukemista<span class=\"screen-reader-text\"> &#8221;Uraohjauspolku&#8221;<\/span><\/a><\/p>\n","protected":false},"author":138,"featured_media":0,"parent":280,"menu_order":3,"comment_status":"closed","ping_status":"closed","template":"","meta":{"footnotes":""},"class_list":["post-698","page","type-page","status-publish","hentry"],"_links":{"self":[{"href":"https:\/\/blog.edu.turku.fi\/opo\/wp-json\/wp\/v2\/pages\/698","targetHints":{"allow":["GET"]}}],"collection":[{"href":"https:\/\/blog.edu.turku.fi\/opo\/wp-json\/wp\/v2\/pages"}],"about":[{"href":"https:\/\/blog.edu.turku.fi\/opo\/wp-json\/wp\/v2\/types\/page"}],"author":[{"embeddable":true,"href":"https:\/\/blog.edu.turku.fi\/opo\/wp-json\/wp\/v2\/users\/138"}],"replies":[{"embeddable":true,"href":"https:\/\/blog.edu.turku.fi\/opo\/wp-json\/wp\/v2\/comments?post=698"}],"version-history":[{"count":9,"href":"https:\/\/blog.edu.turku.fi\/opo\/wp-json\/wp\/v2\/pages\/698\/revisions"}],"predecessor-version":[{"id":739,"href":"https:\/\/blog.edu.turku.fi\/opo\/wp-json\/wp\/v2\/pages\/698\/revisions\/739"}],"up":[{"embeddable":true,"href":"https:\/\/blog.edu.turku.fi\/opo\/wp-json\/wp\/v2\/pages\/280"}],"wp:attachment":[{"href":"https:\/\/blog.edu.turku.fi\/opo\/wp-json\/wp\/v2\/media?parent=698"}],"curies":[{"name":"wp","href":"https:\/\/api.w.org\/{rel}","templated":true}]}}