{"id":68,"date":"2020-12-09T16:31:12","date_gmt":"2020-12-09T14:31:12","guid":{"rendered":"https:\/\/blog.edu.turku.fi\/opo\/?page_id=68"},"modified":"2025-08-26T14:02:02","modified_gmt":"2025-08-26T11:02:02","slug":"askeleet-yhteishakuun","status":"publish","type":"page","link":"https:\/\/blog.edu.turku.fi\/opo\/askeleet-yhteishakuun\/","title":{"rendered":"Yhteishaku"},"content":{"rendered":"<p><img loading=\"lazy\" decoding=\"async\" class=\"wp-image-90 alignleft\" src=\"https:\/\/blog.edu.turku.fi\/opo\/files\/2020\/12\/ankka-189x142.jpg\" alt=\"\" width=\"349\" height=\"262\" \/><\/p>\n<p>&nbsp;<\/p>\n<p>&nbsp;<\/p>\n<p>&nbsp;<\/p>\n<p>&nbsp;<\/p>\n<p>&nbsp;<\/p>\n<p>Onnistunut koulutusvalintasi rakentuu tietopalikoista, joita kootaan koko peruskoulun ajan.\u00a0 Sinun hankkimasi tieto itsest\u00e4si, tieto koulutusmahdollisuuksista ja omista valintaperusteista johtaa onnistuneeseen toisen asteen koulutusvalintaan.Ensimm\u00e4inen ammattiuraasi suuntaava valinta on yhteishaku ja se toteutetaan 9. luokan kev\u00e4\u00e4ll\u00e4. Sinun kannattaa koota tietoa seuraavista asioista valintojen tekemisen perusteeksi:<\/p>\n<h2>1. Min\u00e4<\/h2>\n<ul>\n<li>Pohdi, mit\u00e4 asioita pid\u00e4t t\u00e4rke\u00e4n\u00e4.<\/li>\n<li>Pohdi, mitk\u00e4 ovat vahvuutesi: <a href=\"https:\/\/avo.urakoodi.fi\/\">AVO-ammatinvalintaohjelma<\/a><\/li>\n<li>Kiinnit\u00e4 huomiota siihen, miten opit parhaiten.<\/li>\n<\/ul>\n<h2>2.\u00a0 Ammatit<\/h2>\n<ul>\n<li>Ker\u00e4\u00e4 kokemuksia ja tietoa erilaisista ammateista: <a href=\"https:\/\/www.tet-tori.fi\" target=\"_blank\" rel=\"noopener\">www.tet-tori.fi.<\/a><\/li>\n<li>M\u00e4\u00e4rit\u00e4 itsesi kannalta hyv\u00e4n ty\u00f6teht\u00e4v\u00e4n ominaisuudet: <a href=\"https:\/\/nuortennyt.fi\/nuorille\/duunikone\/\" target=\"_blank\" rel=\"noopener\">https:\/\/nuortennyt.fi\/nuorille\/duunikone\/<\/a><\/li>\n<li>Ker\u00e4\u00e4 m\u00e4\u00e4ritelm\u00e4si mukaisia ammattivaihtoehtoja: <a href=\"https:\/\/kokeile.tyomarkkinatori.fi\/Etusivu\/ammattitieto\" target=\"_blank\" rel=\"noopener\">www.ty\u00f6markkinatori.fi<\/a><\/li>\n<li>Tutustu ammatteihin (ty\u00f6olosuhteet, \u00a0koulutus):\u00a0<a href=\"https:\/\/kokeile.tyomarkkinatori.fi\/Etusivu\/ammattitieto\" target=\"_blank\" rel=\"noopener\">www.ty\u00f6markkinatori.fi<\/a><\/li>\n<li>Arvioi ammattivaihtoehtoa ty\u00f6voiman kysynn\u00e4n n\u00e4k\u00f6kulmasta: <a href=\"https:\/\/tyovoimabarometri.fi\/\" target=\"_blank\" rel=\"noopener\">https:\/\/tyovoimabarometri.fi\/<\/a><\/li>\n<\/ul>\n<h2>3. Koulutus<\/h2>\n<ul>\n<li>Tutustu Suomen koulutusj\u00e4rjestelm\u00e4\u00e4n: <a href=\"https:\/\/minedu.fi\/koulutusjarjestelma\" target=\"_blank\" rel=\"noopener\">minedu.fi.<\/a><\/li>\n<li>Tutustu koulutusaloihin: <a href=\"http:\/\/www.opintopolku.fi\" target=\"_blank\" rel=\"noopener\">www.opintopolku.fi.<\/a><\/li>\n<li>Valitse sinua eniten kiinnostava koulutusala tai -aloja.<\/li>\n<li>Tutustu ammatteihin, joihin koulutusala valmistaa.<\/li>\n<\/ul>\n<h2>4. Vaihtoehtojen rajaaminen<\/h2>\n<ul>\n<li>Vertaa omaa nykyist\u00e4 koulumenestyst\u00e4 jatkokoulutusvaihtoehtojen opiskelutapaan (lukeminen \u2013 tekeminen).<\/li>\n<li>Yhdist\u00e4 vahvuutesi jatkokoulutusvaihtoehtoon.<\/li>\n<li>Yhdist\u00e4 jatkokoulutusvaihtoehto tavoiteammattiisi.<\/li>\n<li>Valitse opiskelutapa, johon olet valmis sitoutumaan seuraavaksi kolmeksi vuodeksi.<\/li>\n<li>Punnitse jatkokoulutusvaihtoehtojen hyvi\u00e4 ja huonoja puolia.<\/li>\n<\/ul>\n<h2>5. Yhdist\u00e4minen<\/h2>\n<ul>\n<li>Tutustu Turun seudun koulutustarjontaan: <a href=\"https:\/\/www.turku.fi\/sites\/default\/files\/atoms\/files\/yhteishakuopas_2025_verkko.pdf\" target=\"_blank\" rel=\"noopener\">Yhteishakuopas<\/a> (pdf) Turun koulutustarjonnasta ja <a href=\"https:\/\/blog.edu.turku.fi\/opo\/toisen-asteen-koulutusvalinta\/\" target=\"_blank\" rel=\"noopener\">muita vaihtoehtoja<\/a>.<\/li>\n<li>Tutustu <a href=\"https:\/\/opintopolku.fi\/konfo\/fi\/sivu\/perusopetuksen-jalkeisen-koulutuksen-yhteishaun-valintaperusteet#valintaperusteet-ammatilliseen-perustutkintoon\">ammatillisen koulutuksen<\/a> ja <a href=\"https:\/\/opintopolku.fi\/konfo\/fi\/sivu\/perusopetuksen-jalkeisen-koulutuksen-yhteishaun-valintaperusteet#valintaperusteet-lukioon\">lukiokoulutuksen<\/a> valintaperusteisiin.<\/li>\n<li>Laske oma keskiarvosi ja pisteesi: <a href=\"https:\/\/opintopolku.fi\/konfo\/fi\/sivu\/yhteishaun-valintapistelaskuri\">https:\/\/opintopolku.fi\/konfo\/fi\/sivu\/yhteishaun-valintapistelaskuri<\/a><\/li>\n<li>Yhdist\u00e4 koulumenestyksesi jatkokoulutusvaihtoehtoon. Ks. <a href=\"https:\/\/blog.edu.turku.fi\/opo\/files\/2025\/08\/Turun-seudun-alimmat-pisteet-ja-keskiarvot-2025.pdf\">Turun seudun alimmat pisteet ja keskiarvot<\/a> (pdf)<\/li>\n<li>Perehdy toisen asteen tutkintovaihtoehtoihin: <a href=\"https:\/\/www.ylioppilastutkinto.fi\/\" target=\"_blank\" rel=\"noopener\">ylioppilastutkinto<\/a>, <a href=\"https:\/\/www.turkuai.fi\/turun-ammatti-instituutti\/koulutusalat\" target=\"_blank\" rel=\"noopener\">ammatillinen perustutkinto<\/a> vai <a href=\"https:\/\/www.turkuai.fi\/turun-ammatti-instituutti\/opiskelijalle\/opintopolut\/kaksoistutkintopolku\" target=\"_blank\" rel=\"noopener\">kaksoistutkinto\u00a0<\/a><\/li>\n<li>Kokoa mahdolliset jatkokoulutusvaihtoehdot.<\/li>\n<li>Rajaa jatkokoulutusvaihtoehdot, jotka viev\u00e4t urasuunnitelmiasi eteenp\u00e4in.<\/li>\n<\/ul>\n<h2>6. Ensisijaisen vaihtoehdon valinta<\/h2>\n<ul>\n<li>M\u00e4\u00e4rit\u00e4 valintaperusteesi ensisijaiselle hakutoiveelle.<\/li>\n<li>Valitse ensisijainen vaihtoehto.<\/li>\n<li>Aseta muut vaihtoehdot t\u00e4rkeysj\u00e4rjestykseen siten, ett\u00e4 niiden joukossa on jatkokoulutusvaihtoehtoja, joihin p\u00e4\u00e4set todenn\u00e4k\u00f6isesti.<\/li>\n<li>Harjoittele yhteishakua osoitteessa <a href=\"https:\/\/opintopolku.fi\/konfo\/fi\/sivu\/demolomake-on-avattu-harjoittele-yhteishaun-hakulomakkeen-tayttamista\" target=\"_blank\" rel=\"noopener\">demo-opintopolku.fi.<\/a><\/li>\n<li>Tee huoltajallesi yhteenveto hakutoiveistasi<\/li>\n<li>Tutustu <a href=\"https:\/\/www.turku.fi\/paivahoito-ja-koulutus\/lukiokoulutus\/hakeminen\/turun-lukioiden-hakijan-oppaat\" target=\"_blank\" rel=\"noopener\">lukioiden opinto-ohjelmiin<\/a> ja <a href=\"https:\/\/www.turkuai.fi\/turun-ammatti-instituutti\/opiskelijalle\/opintopolut\" target=\"_blank\" rel=\"noopener\">ammatillisen koulutuksen erilaisiin opintopolkuihin.<\/a><\/li>\n<\/ul>\n<h2>7. Toimeenpano<\/h2>\n<ul>\n<li>Tee yhteishaku: <a href=\"http:\/\/www.opintopolku.fi\" target=\"_blank\" rel=\"noopener\">www.opintopolku.fi.<\/a><\/li>\n<li>Jos haet lukioon, <a href=\"https:\/\/blog.edu.turku.fi\/opo\/lukion-ainevalinta\/\" target=\"_blank\" rel=\"noopener\">suunnittele lukion ainevalintoja<\/a> urasuunnitelmiesi (<a href=\"https:\/\/yliopistovalinnat.fi\/todistusvalinnan-pisteytykset-vuosina-2023-2025\" target=\"_blank\" rel=\"noopener\">yliopistot<\/a> ja <a href=\"https:\/\/www.ammattikorkeakouluun.fi\/hakijalle\/valintatavat\/todistusvalinta\/#yo-pisteytys\" target=\"_blank\" rel=\"noopener\">ammattikorkeakoulut<\/a>) n\u00e4k\u00f6kulmasta. Tutustu <a href=\"https:\/\/www.turku.fi\/paivahoito-ja-koulutus\/lukiokoulutus\/hakeminen\/turun-lukioiden-hakijan-oppaat\" target=\"_blank\" rel=\"noopener\">Turun lukioiden hakijoiden oppaisiin<\/a>. <a href=\"https:\/\/www.turku.fi\/paivahoito-ja-koulutus\/lukiokoulutus\/hakeminen\/ainevalintakortti-turun-lukioihin\" target=\"_blank\" rel=\"noopener\">T\u00e4yt\u00e4 ainevalintakortti (Turun lukiot).<\/a><\/li>\n<li>Voit hakea yhteishaun aikana my\u00f6s mm. \u00a0<a href=\"https:\/\/www.turkuai.fi\/turun-ammatti-instituutti\/koulutukset\/tuva-koulutus\" target=\"_blank\" rel=\"noopener\">tutkintoon valmentaviin koulutuksiin (TUVA).<\/a><\/li>\n<\/ul>\n","protected":false},"excerpt":{"rendered":"<p>&nbsp; &nbsp; &nbsp; &nbsp; &nbsp; Onnistunut koulutusvalintasi rakentuu tietopalikoista, joita kootaan koko peruskoulun ajan.\u00a0 Sinun hankkimasi tieto itsest\u00e4si, tieto koulutusmahdollisuuksista ja omista valintaperusteista johtaa onnistuneeseen toisen asteen koulutusvalintaan.Ensimm\u00e4inen ammattiuraasi suuntaava valinta on yhteishaku ja se toteutetaan 9. luokan kev\u00e4\u00e4ll\u00e4. Sinun kannattaa koota tietoa seuraavista asioista valintojen tekemisen perusteeksi: 1. Min\u00e4 Pohdi, mit\u00e4 asioita pid\u00e4t t\u00e4rke\u00e4n\u00e4. &hellip; <a href=\"https:\/\/blog.edu.turku.fi\/opo\/askeleet-yhteishakuun\/\" class=\"more-link\">Jatka lukemista<span class=\"screen-reader-text\"> &#8221;Yhteishaku&#8221;<\/span><\/a><\/p>\n","protected":false},"author":138,"featured_media":0,"parent":0,"menu_order":0,"comment_status":"closed","ping_status":"closed","template":"","meta":{"footnotes":""},"class_list":["post-68","page","type-page","status-publish","hentry"],"_links":{"self":[{"href":"https:\/\/blog.edu.turku.fi\/opo\/wp-json\/wp\/v2\/pages\/68","targetHints":{"allow":["GET"]}}],"collection":[{"href":"https:\/\/blog.edu.turku.fi\/opo\/wp-json\/wp\/v2\/pages"}],"about":[{"href":"https:\/\/blog.edu.turku.fi\/opo\/wp-json\/wp\/v2\/types\/page"}],"author":[{"embeddable":true,"href":"https:\/\/blog.edu.turku.fi\/opo\/wp-json\/wp\/v2\/users\/138"}],"replies":[{"embeddable":true,"href":"https:\/\/blog.edu.turku.fi\/opo\/wp-json\/wp\/v2\/comments?post=68"}],"version-history":[{"count":38,"href":"https:\/\/blog.edu.turku.fi\/opo\/wp-json\/wp\/v2\/pages\/68\/revisions"}],"predecessor-version":[{"id":875,"href":"https:\/\/blog.edu.turku.fi\/opo\/wp-json\/wp\/v2\/pages\/68\/revisions\/875"}],"wp:attachment":[{"href":"https:\/\/blog.edu.turku.fi\/opo\/wp-json\/wp\/v2\/media?parent=68"}],"curies":[{"name":"wp","href":"https:\/\/api.w.org\/{rel}","templated":true}]}}