{"id":57,"date":"2020-12-09T16:34:02","date_gmt":"2020-12-09T14:34:02","guid":{"rendered":"https:\/\/blog.edu.turku.fi\/opo\/?page_id=57"},"modified":"2025-09-06T10:29:04","modified_gmt":"2025-09-06T07:29:04","slug":"tet-paikan-haku","status":"publish","type":"page","link":"https:\/\/blog.edu.turku.fi\/opo\/tet-paikan-haku\/","title":{"rendered":"TET-paikka"},"content":{"rendered":"<p><img loading=\"lazy\" decoding=\"async\" class=\"alignnone size-medium wp-image-100\" src=\"https:\/\/blog.edu.turku.fi\/opo\/files\/2020\/12\/pohdi-150x200.jpg\" alt=\"\" width=\"150\" height=\"200\" \/><\/p>\n<ul>\n<li>Pohdi <a href=\"https:\/\/www.oph.fi\/fi\/koulutus-ja-tutkinnot\/ammatilliset-perustutkinnot\">perustutkintojen\u00a0<\/a>perusteella, mist\u00e4 alasta olet kiinnostunut.<\/li>\n<li>Kun tied\u00e4t mist\u00e4 koulutusalasta voisit olla kiinnostunut, voit etsi\u00e4 TET-paikkaa <a href=\"http:\/\/www.tet-tori.fi\" target=\"_blank\" rel=\"noopener noreferrer\">TET-torilta<\/a>. Yritykset l\u00f6ytyv\u00e4t koulutusalanimikkeen takaa (ks. vasen palsta).<\/li>\n<li>Lis\u00e4\u00e4 toimialoittain luokiteltuja yrityksi\u00e4 l\u00f6yd\u00e4t <a href=\"https:\/\/turunkauppakamari.fi\/jasenyys\/turun-kauppakamarin-jasenet\/\" target=\"_blank\" rel=\"noopener noreferrer\">Turun kauppakamarin<\/a> sivuilta (&gt; J\u00e4senyys).<\/li>\n<li>K\u00e4y etsim\u00e4ss\u00e4 yrityksi\u00e4 my\u00f6s <a href=\"https:\/\/www.google.fi\/maps?hl=fi&amp;tab=wl\">Google Mapsista.<\/a><\/li>\n<li>Yrityksi\u00e4 toimialaluokissa paikkakunnittain voit etsi\u00e4 <a href=\"https:\/\/www.yrityshaku.fi\/?utm_campaign=Yrityshaku&amp;utm_source=google&amp;utm_medium=ppc&amp;utm_term=%2Byrityshaku&amp;utm_content=1219028xEAIaIQobChMI_JCjks-L4QIVDamaCh1ETQaaEAAYASAAEgKIZfD_BwE\" target=\"_blank\" rel=\"noopener noreferrer\">Yrityshaku.fi<\/a> yritystietokannasta.<\/li>\n<li>Teknologia-alan yrityksi\u00e4 l\u00f6yd\u00e4t <a href=\"https:\/\/teknologiateollisuus.fi\/fi\/jasenluettelo\" target=\"_blank\" rel=\"noopener noreferrer\">Teknologiateollisuuden<\/a> sivuilta (&gt;J\u00e4senet)<\/li>\n<li>Selvit\u00e4 yrityksen sijainti ja linja-autoyhteydet\u00a0<a href=\"https:\/\/www.google.fi\/maps?hl=fi&amp;tab=wl\">Google Mapsin <\/a>avulla.<\/li>\n<\/ul>\n<p><a href=\"https:\/\/www.kunkoululoppuu.fi\/tet\/\">T\u00e4\u00e4lt\u00e4<\/a> l\u00f6ytyy\u00a0 lis\u00e4tieto TET-harjoittelusta.<\/p>\n","protected":false},"excerpt":{"rendered":"<p>Pohdi perustutkintojen\u00a0perusteella, mist\u00e4 alasta olet kiinnostunut. Kun tied\u00e4t mist\u00e4 koulutusalasta voisit olla kiinnostunut, voit etsi\u00e4 TET-paikkaa TET-torilta. Yritykset l\u00f6ytyv\u00e4t koulutusalanimikkeen takaa (ks. vasen palsta). Lis\u00e4\u00e4 toimialoittain luokiteltuja yrityksi\u00e4 l\u00f6yd\u00e4t Turun kauppakamarin sivuilta (&gt; J\u00e4senyys). K\u00e4y etsim\u00e4ss\u00e4 yrityksi\u00e4 my\u00f6s Google Mapsista. Yrityksi\u00e4 toimialaluokissa paikkakunnittain voit etsi\u00e4 Yrityshaku.fi yritystietokannasta. Teknologia-alan yrityksi\u00e4 l\u00f6yd\u00e4t Teknologiateollisuuden sivuilta (&gt;J\u00e4senet) Selvit\u00e4 yrityksen &hellip; <a href=\"https:\/\/blog.edu.turku.fi\/opo\/tet-paikan-haku\/\" class=\"more-link\">Jatka lukemista<span class=\"screen-reader-text\"> &#8221;TET-paikka&#8221;<\/span><\/a><\/p>\n","protected":false},"author":138,"featured_media":0,"parent":0,"menu_order":0,"comment_status":"closed","ping_status":"closed","template":"","meta":{"footnotes":""},"class_list":["post-57","page","type-page","status-publish","hentry"],"_links":{"self":[{"href":"https:\/\/blog.edu.turku.fi\/opo\/wp-json\/wp\/v2\/pages\/57","targetHints":{"allow":["GET"]}}],"collection":[{"href":"https:\/\/blog.edu.turku.fi\/opo\/wp-json\/wp\/v2\/pages"}],"about":[{"href":"https:\/\/blog.edu.turku.fi\/opo\/wp-json\/wp\/v2\/types\/page"}],"author":[{"embeddable":true,"href":"https:\/\/blog.edu.turku.fi\/opo\/wp-json\/wp\/v2\/users\/138"}],"replies":[{"embeddable":true,"href":"https:\/\/blog.edu.turku.fi\/opo\/wp-json\/wp\/v2\/comments?post=57"}],"version-history":[{"count":17,"href":"https:\/\/blog.edu.turku.fi\/opo\/wp-json\/wp\/v2\/pages\/57\/revisions"}],"predecessor-version":[{"id":878,"href":"https:\/\/blog.edu.turku.fi\/opo\/wp-json\/wp\/v2\/pages\/57\/revisions\/878"}],"wp:attachment":[{"href":"https:\/\/blog.edu.turku.fi\/opo\/wp-json\/wp\/v2\/media?parent=57"}],"curies":[{"name":"wp","href":"https:\/\/api.w.org\/{rel}","templated":true}]}}