{"id":466,"date":"2020-12-17T10:59:20","date_gmt":"2020-12-17T08:59:20","guid":{"rendered":"https:\/\/blog.edu.turku.fi\/opo\/?page_id=466"},"modified":"2020-12-18T10:08:13","modified_gmt":"2020-12-18T08:08:13","slug":"yhteystiedot","status":"publish","type":"page","link":"https:\/\/blog.edu.turku.fi\/opo\/yhteystiedot\/","title":{"rendered":"Yhteystiedot"},"content":{"rendered":"<p>Sivustoa yll\u00e4pit\u00e4\u00e4 Puropellon koulun (Turun kaupunki) opinto-ohjaaja Petri Niemi.\u00a0<a href=\"https:\/\/blog.edu.turku.fi\/oppilaanohjaus\/petri-niemi\/\">Katso lis\u00e4tietoja sivun tekij\u00e4st\u00e4 t\u00e4\u00e4lt\u00e4.\u00a0<\/a><\/p>\n","protected":false},"excerpt":{"rendered":"<p>Sivustoa yll\u00e4pit\u00e4\u00e4 Puropellon koulun (Turun kaupunki) opinto-ohjaaja Petri Niemi.\u00a0Katso lis\u00e4tietoja sivun tekij\u00e4st\u00e4 t\u00e4\u00e4lt\u00e4.\u00a0<\/p>\n","protected":false},"author":138,"featured_media":0,"parent":0,"menu_order":0,"comment_status":"closed","ping_status":"closed","template":"","meta":{"footnotes":""},"class_list":["post-466","page","type-page","status-publish","hentry"],"_links":{"self":[{"href":"https:\/\/blog.edu.turku.fi\/opo\/wp-json\/wp\/v2\/pages\/466","targetHints":{"allow":["GET"]}}],"collection":[{"href":"https:\/\/blog.edu.turku.fi\/opo\/wp-json\/wp\/v2\/pages"}],"about":[{"href":"https:\/\/blog.edu.turku.fi\/opo\/wp-json\/wp\/v2\/types\/page"}],"author":[{"embeddable":true,"href":"https:\/\/blog.edu.turku.fi\/opo\/wp-json\/wp\/v2\/users\/138"}],"replies":[{"embeddable":true,"href":"https:\/\/blog.edu.turku.fi\/opo\/wp-json\/wp\/v2\/comments?post=466"}],"version-history":[{"count":3,"href":"https:\/\/blog.edu.turku.fi\/opo\/wp-json\/wp\/v2\/pages\/466\/revisions"}],"predecessor-version":[{"id":480,"href":"https:\/\/blog.edu.turku.fi\/opo\/wp-json\/wp\/v2\/pages\/466\/revisions\/480"}],"wp:attachment":[{"href":"https:\/\/blog.edu.turku.fi\/opo\/wp-json\/wp\/v2\/media?parent=466"}],"curies":[{"name":"wp","href":"https:\/\/api.w.org\/{rel}","templated":true}]}}