{"id":280,"date":"2020-12-11T05:43:16","date_gmt":"2020-12-11T03:43:16","guid":{"rendered":"https:\/\/blog.edu.turku.fi\/opo\/?page_id=280"},"modified":"2023-01-12T14:23:08","modified_gmt":"2023-01-12T12:23:08","slug":"ohjeita-opolle","status":"publish","type":"page","link":"https:\/\/blog.edu.turku.fi\/opo\/ohjeita-opolle\/","title":{"rendered":"Ohjeita opolle"},"content":{"rendered":"<p><b>Petri Niemen opinn\u00e4ytteet<\/b><\/p>\n<p>V\u00e4it\u00f6skirja. <a href=\"https:\/\/www.utu.fi\/fi\/ajankohtaista\/vaitos\/oppilaanohjauksen-tavoitteeksi-ei-riita-pelkka-jatko-opiskelupaikan-valinta\" target=\"_blank\" rel=\"noopener noreferrer\">Ohjaus ja urapohdinta<\/a><\/p>\n<p>Lisensiaatintutkimus. <img loading=\"lazy\" decoding=\"async\" class=\"alignnone size-medium wp-image-338\" src=\"https:\/\/blog.edu.turku.fi\/opo\/files\/2020\/12\/ikoni_pdf-15x15.jpg\" alt=\"\" width=\"15\" height=\"15\" \/> <a href=\"https:\/\/blog.edu.turku.fi\/opo\/files\/2020\/12\/Kehittamishankkeen-toteuttaminen-peruskoulussa.pdf\" target=\"_blank\" rel=\"noopener noreferrer\">Kehittamishankkeen toteuttaminen peruskoulussa<\/a><br \/>\nToimintatutkimuksellinen ohjauksen kehitt\u00e4misty\u00f6.\u00a0<img loading=\"lazy\" decoding=\"async\" class=\"alignnone size-medium wp-image-338\" src=\"https:\/\/blog.edu.turku.fi\/opo\/files\/2020\/12\/ikoni_pdf-15x15.jpg\" alt=\"\" width=\"15\" height=\"15\" \/> <a href=\"https:\/\/blog.edu.turku.fi\/opo\/files\/2020\/12\/Artikkeli-kehittamistyosta-1.pdf\">Artikkeli kehittamisty\u00f6st\u00e4<\/a><\/p>\n<p>Toiminnalliset menetelm\u00e4t oppilaanohjausty\u00f6ss\u00e4. <img loading=\"lazy\" decoding=\"async\" class=\"alignnone size-medium wp-image-338\" src=\"https:\/\/blog.edu.turku.fi\/opo\/files\/2020\/12\/ikoni_pdf-15x15.jpg\" alt=\"\" width=\"15\" height=\"15\" \/> <a href=\"https:\/\/blog.edu.turku.fi\/opo\/files\/2020\/12\/Toimintamenetelma.pdf\">Toimintamenetelm\u00e4<\/a><\/p>\n<p>Esimiehen m\u00e4\u00e4r\u00e4\u00e4misoikeus. <img loading=\"lazy\" decoding=\"async\" class=\"alignnone size-medium wp-image-338\" src=\"https:\/\/blog.edu.turku.fi\/opo\/files\/2020\/12\/ikoni_pdf-15x15.jpg\" alt=\"\" width=\"15\" height=\"15\" \/> <a href=\"https:\/\/blog.edu.turku.fi\/opo\/files\/2020\/12\/Direktio-oikeus.pdf\">Direktio-oikeus<\/a><\/p>\n<p><b>Ohjauksen kehitt\u00e4minen<\/b><\/p>\n<p><a class=\"pdf\" href=\"https:\/\/drive.google.com\/file\/d\/1mAXmUwqPrBCvSc53NfAdUlUAWo4Zsv3J\/view?usp=sharing\" target=\"_blank\" rel=\"noopener noreferrer\"><img loading=\"lazy\" decoding=\"async\" class=\"alignnone size-medium wp-image-338\" src=\"https:\/\/blog.edu.turku.fi\/opo\/files\/2020\/12\/ikoni_pdf-15x15.jpg\" alt=\"\" width=\"15\" height=\"15\" \/><\/a> <a href=\"https:\/\/www.oph.fi\/fi\/tilastot-ja-julkaisut\/julkaisut\/tehostettu-ja-henkilokohtainen-oppilaanohjaus\">Tehostettu ja henkil\u00f6kohtainen oppilaanohjaus<\/a><\/p>\n<p><a class=\"pdf\" href=\"https:\/\/drive.google.com\/file\/d\/1mAXmUwqPrBCvSc53NfAdUlUAWo4Zsv3J\/view?usp=sharing\" target=\"_blank\" rel=\"noopener noreferrer\"><img loading=\"lazy\" decoding=\"async\" class=\"alignnone size-medium wp-image-338\" src=\"https:\/\/blog.edu.turku.fi\/opo\/files\/2020\/12\/ikoni_pdf-15x15.jpg\" alt=\"\" width=\"15\" height=\"15\" \/><\/a><a href=\"https:\/\/drive.google.com\/file\/d\/1Ye8MOgGUXH1lO48uTk92mXzIx1DPgWsz\/view?usp=share_link\">Turun peruskoulujen oppilaanohjauksen k\u00e4sikirja<\/a><\/p>\n<p><img loading=\"lazy\" decoding=\"async\" class=\"alignnone size-medium wp-image-338\" src=\"https:\/\/blog.edu.turku.fi\/opo\/files\/2020\/12\/ikoni_pdf-15x15.jpg\" alt=\"\" width=\"15\" height=\"15\" \/> <a href=\"https:\/\/blog.edu.turku.fi\/opo\/files\/2020\/12\/Oppilaanohjauksen-pedagogiikka.pdf\" target=\"_blank\" rel=\"noopener noreferrer\">Oppilaanohjauksen pedagogiikka<\/a><\/p>\n<p><a href=\"https:\/\/www.youtube.com\/watch?v=NHhYoTj-VUw\" target=\"_blank\" rel=\"noopener noreferrer\">Innostus-urapohdintapeli<\/a><\/p>\n<p>&nbsp;<\/p>\n<p>&nbsp;<\/p>\n","protected":false},"excerpt":{"rendered":"<p>Petri Niemen opinn\u00e4ytteet V\u00e4it\u00f6skirja. Ohjaus ja urapohdinta Lisensiaatintutkimus. Kehittamishankkeen toteuttaminen peruskoulussa Toimintatutkimuksellinen ohjauksen kehitt\u00e4misty\u00f6.\u00a0 Artikkeli kehittamisty\u00f6st\u00e4 Toiminnalliset menetelm\u00e4t oppilaanohjausty\u00f6ss\u00e4. Toimintamenetelm\u00e4 Esimiehen m\u00e4\u00e4r\u00e4\u00e4misoikeus. Direktio-oikeus Ohjauksen kehitt\u00e4minen Tehostettu ja henkil\u00f6kohtainen oppilaanohjaus Turun peruskoulujen oppilaanohjauksen k\u00e4sikirja Oppilaanohjauksen pedagogiikka Innostus-urapohdintapeli &nbsp; &nbsp;<\/p>\n","protected":false},"author":138,"featured_media":0,"parent":0,"menu_order":0,"comment_status":"closed","ping_status":"closed","template":"","meta":{"footnotes":""},"class_list":["post-280","page","type-page","status-publish","hentry"],"_links":{"self":[{"href":"https:\/\/blog.edu.turku.fi\/opo\/wp-json\/wp\/v2\/pages\/280","targetHints":{"allow":["GET"]}}],"collection":[{"href":"https:\/\/blog.edu.turku.fi\/opo\/wp-json\/wp\/v2\/pages"}],"about":[{"href":"https:\/\/blog.edu.turku.fi\/opo\/wp-json\/wp\/v2\/types\/page"}],"author":[{"embeddable":true,"href":"https:\/\/blog.edu.turku.fi\/opo\/wp-json\/wp\/v2\/users\/138"}],"replies":[{"embeddable":true,"href":"https:\/\/blog.edu.turku.fi\/opo\/wp-json\/wp\/v2\/comments?post=280"}],"version-history":[{"count":13,"href":"https:\/\/blog.edu.turku.fi\/opo\/wp-json\/wp\/v2\/pages\/280\/revisions"}],"predecessor-version":[{"id":711,"href":"https:\/\/blog.edu.turku.fi\/opo\/wp-json\/wp\/v2\/pages\/280\/revisions\/711"}],"wp:attachment":[{"href":"https:\/\/blog.edu.turku.fi\/opo\/wp-json\/wp\/v2\/media?parent=280"}],"curies":[{"name":"wp","href":"https:\/\/api.w.org\/{rel}","templated":true}]}}