{"id":278,"date":"2020-12-11T05:43:33","date_gmt":"2020-12-11T03:43:33","guid":{"rendered":"https:\/\/blog.edu.turku.fi\/opo\/?page_id=278"},"modified":"2025-12-01T15:05:53","modified_gmt":"2025-12-01T13:05:53","slug":"opon-linkit","status":"publish","type":"page","link":"https:\/\/blog.edu.turku.fi\/opo\/opon-linkit\/","title":{"rendered":"Opon linkit"},"content":{"rendered":"<p><a href=\"https:\/\/www.utupub.fi\/bitstream\/handle\/10024\/124526\/AnnalesC423Niemi.pdf?sequence=2&amp;isAllowed=y\">Ohjaus ja oppilaiden urapohdinta (Niemi 2016)<\/a><\/p>\n<p><a href=\"https:\/\/www.oph.fi\/fi\/tilastot-ja-julkaisut\/julkaisut\/tehostettu-ja-henkilokohtainen-oppilaanohjaus\">Tehostettu ja henkil\u00f6kohtainen oppilaanohjaus (Niemi 2022)<\/a><\/p>\n<h2>Opinto-ohjaus, uraohjaus ja elinik\u00e4inen ohjaus<\/h2>\n<div class=\"page\" title=\"Page 1\">\n<div class=\"section\">\n<div class=\"layoutArea\">\n<div class=\"column\">\n<p><a href=\"https:\/\/www.hyria.fi\/sites\/default\/files\/2024-10\/Urasuunnittelutaitojen%20osaamiskehikko%20-julkaisu%2008102024.pdf\" target=\"_blank\" rel=\"noopener\">Urasuunnittelutaitojen osaamiskehikko. Hyria 2024<\/a><br \/>\n<a href=\"https:\/\/peda.net\/hankkeet\/elotori\/elinikaisen-ohjauksen-valtakunnallinen-kehittaminen-2022-202\/urasuunnittelutaitojen-viitekehys\/julkaisut-ja-muu-materiaali\/ehdotus-urasuunnittelutaitojen-viitekehykseksi\/261023-urasuunnittelutaitojen-viitekehys.pdf2:file\/download\/5aa5fb851cce6c7d99f354d5a09a5f6fd1610cbc\/261023_Urasuunnittelutaitojen-viitekehys.pdf\" target=\"_blank\" rel=\"noopener\">Urasuunnittelutaidot. Ehdotus kansalliseksi viitekehykseksi. KEHA 2023<\/a><br \/>\n<a href=\"https:\/\/jyx.jyu.fi\/jyx\/Record\/jyx_123456789_86800\" target=\"_blank\" rel=\"noopener\">Urasuunnittelutaitoja j\u00e4sent\u00e4v\u00e4 selvitys ja n\u00e4k\u00f6kulmia jatkokehitt\u00e4mist\u00e4 varten. Jyv\u00e4skyl\u00e4n yliopisto 2023<\/a><br \/>\n<a href=\"https:\/\/sites.utu.fi\/pofotyo\/wp-content\/uploads\/sites\/1248\/2025\/03\/tyosuojelurahaston-loppuraportti-2025-002.pdf\">Ekososiaalisesti kest\u00e4v\u00e4 ty\u00f6el\u00e4m\u00e4<\/a><\/p>\n<p><a href=\"https:\/\/www.oph.fi\/sites\/default\/files\/documents\/Tehostettu_ja_henkilokohtainen_oppilaanohjaus_0.pdf\" target=\"_blank\" rel=\"noopener\">Tehostettu ja henkil\u00f6kohtainen oppilaanohjaus. Opetushallitus 2022<\/a><br \/>\n<a href=\"https:\/\/www.youtube.com\/watch?v=Frqy9to1S1Q\">Kouluun kiinnittyminen, poissaolot, oppilaanohjaus ja sen tehostaminen. Opetushallitus 2023\u00a0<\/a><br \/>\n<a href=\"https:\/\/journal.fi\/nuorisotutkimus\/article\/view\/160901\">Mik\u00e4 on OPO-asia? Nuorten tulkinnat tehostetusta henkil\u00f6kohtaisesta oppilaanohjauksesta (It\u00e4-Suomen yliopisto 2025)<\/a><\/p>\n<p><a href=\"https:\/\/okm.fi\/paatos?decisionId=0900908f806e27cc\" target=\"_blank\" rel=\"noopener\">Hallituksen esitys eduskunnalle oppivelvollisuuslaiksi ja er\u00e4iksi siihen liittyviksi laiksi<\/a>\u00a0(HE 173\/2020 vp)<br \/>\n<a href=\"https:\/\/okm.fi\/paatos?decisionId=0900908f807ab243\" target=\"_blank\" rel=\"noopener\">Hallituksen esitys eduskunnalle laiksi oppivelvollisuuslain muuttamisesta ja siihen liittyviksi laeiksi<\/a> (HE 54\/2022 vp)<\/p>\n<p style=\"font-weight: 400\"><a href=\"https:\/\/www.karvi.fi\/sites\/default\/files\/sites\/default\/files\/documents\/KARVI_2524.pdf\">Opinto-ohjauksen uusien muotojen arvioinnin loppuraportti. Karvi 25:2024<\/a><br \/>\n<a href=\"https:\/\/www.karvi.fi\/sites\/default\/files\/sites\/default\/files\/documents\/KARVI_1724.pdf\">Vastuut ja yhteisty\u00f6 oppivelvollisten ohjauksessa, nuorten sijoittuminen toisen asteen koulutuksiin ja koulutusvalintoihin vaikuttavia tekij\u00f6it\u00e4. Karvi 17:2024<\/a><br \/>\n<a href=\"https:\/\/www.karvi.fi\/sites\/default\/files\/sites\/default\/files\/documents\/KARVI_1024.pdf\">Kouluun ja opintoihin kiinnittymisen tukeminen oppivelvollisuusika\u0308isten koulutuksissa. Karvi 10:2024<\/a><br \/>\n<a href=\"https:\/\/www.karvi.fi\/sites\/default\/files\/sites\/default\/files\/documents\/Karvi_3023.pdf\">Opinto-ohjauksen toteutuminen \u2013 arviointituloksia oppivelvollisuusika\u0308isten koulutuksista. Karvi 30:2023.<\/a><\/p>\n<p><a href=\"https:\/\/julkaisut.valtioneuvosto.fi\/items\/9ac8a8d2-d982-4699-9585-2d98a0dc0dad\">Elinik\u00e4isen ohjauksen k\u00e4sikirja. TEM 2025<\/a><br \/>\n<a href=\"https:\/\/julkaisut.valtioneuvosto.fi\/bitstream\/handle\/10024\/165873\/TEM_2024_42.pdf?sequence=1&amp;isAllowed=y\" target=\"_blank\" rel=\"noopener\">Elontila: Elinik\u00e4isen ohjauksen kansallinen arviointi 2023\u20132024. TEM 2024<\/a><br \/>\n<a href=\"https:\/\/julkaisut.valtioneuvosto.fi\/bitstream\/handle\/10024\/162576\/VN_2020_34.pdf?sequence=1&amp;isAllowed=y\" target=\"_blank\" rel=\"noopener\">Elinik\u00e4isen ohjauksen strategia 2020\u20132023. Valtioneuvosto 2020:34<\/a><br \/>\n<a href=\"https:\/\/julkaisut.valtioneuvosto.fi\/items\/066dff92-bd28-4a1f-8c53-ccfdd609d2f7\"><span class=\"dont-break-out\">Ehdotus elinik\u00e4isen ohjauksen seurantakehikoksi : Suuntaviivoja kansallisen tason seurantaan<\/span><\/a><\/p>\n<p style=\"font-weight: 400\"><a href=\"https:\/\/jyx.jyu.fi\/jyx\/Record\/jyx_123456789_91861\" target=\"_blank\" rel=\"noopener\">Ohjausalan ammattilaisten osaamiskuvaukset: arviointilomakkeet. Jyv\u00e4skyl\u00e4n yliopisto 2023\u00a0<\/a><\/p>\n<p style=\"font-weight: 400\"><a href=\"https:\/\/julkaisut.valtioneuvosto.fi\/items\/038a5e26-51b7-4e41-8093-2f8e0d3e192f\" target=\"_blank\" rel=\"noopener\">Ty\u00f6el\u00e4m\u00e4\u00e4n tutustumisjaksojen toteutus, yhdenvertaisuus, tasa-arvo ja saavutettavuus perusopetuksen aikana. Valtioneuvosto 2022:23<\/a><br \/>\n<a href=\"https:\/\/julkaisut.valtioneuvosto.fi\/items\/30108eb6-3251-4639-9beb-eb490ceda1ee\">&#8221;Pit\u00e4isi ajatella kouluty\u00f6n tekemist\u00e4 ihan eri tavalla&#8221; : Selvitys ty\u00f6el\u00e4m\u00e4\u00e4n tutustumisjaksojen toteuttamisesta kouluissa. <span class=\"item-list-series\">Lapsiasiavaltuutetun toimiston julkaisuja<\/span><span class=\"item-list-series ng-star-inserted\">\u00a0: 2019:1<\/span><\/a><\/p>\n<p><a href=\"https:\/\/julkaisut.valtioneuvosto.fi\/items\/038a5e26-51b7-4e41-8093-2f8e0d3e192f\">Oikeus oppia. Koulutuksellisen tasa-arvon ja positiivisen erityiskohtelun edist\u00e4mistoimia varhaiskasvatuksessa sek\u00e4 esi- ja perusopetuksessa valmistelevan ty\u00f6ryhm\u00e4n v\u00e4liraportti. OKM 2021:43\u00a0<\/a><\/p>\n<p><a href=\"https:\/\/www.karvi.fi\/sites\/default\/files\/sites\/default\/files\/documents\/KARVI_0620.pdf\" target=\"_blank\" rel=\"noopener\">Vaihtoehtoja, valintoja ja uusia alkuja. Karvi 6:2020.<\/a><\/p>\n<p><a href=\"https:\/\/www.vtv.fi\/app\/uploads\/2018\/06\/25145145\/yhteistyo-opintojen-ohjauksessa-ja-uraohjauksessa-05-2015.pdf\" target=\"_blank\" rel=\"noopener\">Yhteisty\u00f6 opintojen ohjauksessa ja uraohjauksessa. Valtiotalouden tarkastusvirasto 5\/2015<\/a><\/p>\n<p><a href=\"https:\/\/www.oph.fi\/sites\/default\/files\/documents\/Hyv\u00e4n%20ohjauksen%20kriteerit_0.pdf\" target=\"_blank\" rel=\"noopener\">Hyv\u00e4n ohjauksen kriteerit. Opetushallitus 2023<\/a><br \/>\n<a href=\"https:\/\/www.oph.fi\/sites\/default\/files\/documents\/hyvan_ohjauksen_kriteerit_0.pdf\" target=\"_blank\" rel=\"noopener\">Hyv\u00e4n ohjauksen kriteerit. Opetushallitus<\/a><br \/>\n<a href=\"https:\/\/julkaisut.valtioneuvosto.fi\/bitstream\/handle\/10024\/75622\/opm06.pdf\" target=\"_blank\" rel=\"noopener\">Perusopetuksen laatukriteerit. Opetusministeri\u00f6 2010:6<\/a><\/p>\n<\/div>\n<\/div>\n<\/div>\n<\/div>\n<h2>Ohjaus<\/h2>\n<p>Lasten ja nuortens\u00e4\u00e4ti\u00f6 <a href=\"https:\/\/nuori.fi\/\">https:\/\/nuori.fi\/<\/a><br \/>\nSuomen mielenterveys ry <a href=\"https:\/\/mieli.fi\/\">https:\/\/mieli.fi\/<\/a><br \/>\nTukioppilastoiminta <a href=\"https:\/\/www.nuortennetti.fi\/koulu-ja-tyo\/tukioppilaat\/\">nuortennetti.fi<\/a><br \/>\n<a href=\"https:\/\/nuorisoala.fi\/\">Nuorisoala ry<\/a><br \/>\nMannerheimin lastensuojeluliitto <a href=\"http:\/\/www.mll.fi\" target=\"_blank\" rel=\"noopener noreferrer\">www.mll.fi<\/a><br \/>\nKerhokeskuksen materiaalia <a href=\"https:\/\/opinkirjo.fi\/materiaalit\/\" target=\"_blank\" rel=\"noopener noreferrer\">www.opinkirjo.fi<\/a><br \/>\nFriends mielenterveyden ja tunnetaitojen edist\u00e4misohjelma <a href=\"http:\/\/www.asemanlapset.fi\/fi\/toimintamuotomme\/friends\" target=\"_blank\" rel=\"noopener noreferrer\">www.asemanlapset.fi<\/a><br \/>\nKiva-koulu <a href=\"http:\/\/www.kivakoulu.fi\/\" target=\"_blank\" rel=\"noopener noreferrer\">www.kivakoulu.fi<\/a><br \/>\nPalveluita nuorille, lapsiperheille ja parisuhteessa el\u00e4ville <a href=\"http:\/\/www.vaestoliitto.fi\/nuoret\/\" target=\"_blank\" rel=\"noopener noreferrer\">www.vaestoliitto.fi<\/a><br \/>\nVarsinais-Suomen lastensuojeluj\u00e4rjest\u00f6t ry <a href=\"http:\/\/www.vslapset.fi\" target=\"_blank\" rel=\"noopener noreferrer\">www.vslapset.fi<\/a><\/p>\n<p><a href=\"https:\/\/omaoppilaskunta.fi\/wp-content\/uploads\/sites\/14\/2019\/06\/Osallistuva-oppilas-yhteis\u00f6llinen-koulu-toimivan-oppilaskunnan-opas.pdf\"><img loading=\"lazy\" decoding=\"async\" class=\"alignnone size-medium wp-image-338\" src=\"https:\/\/blog.edu.turku.fi\/opo\/files\/2020\/12\/ikoni_pdf-15x15.jpg\" alt=\"\" width=\"15\" height=\"15\" \/><\/a>Ohjauksen tehostaminen\u00a0<a href=\"https:\/\/luovi.fi\/wp-content\/uploads\/2021\/03\/vetovoimala-ohjausmalli-saavutettava.pdf\">Vetovoimalan ohjausmalli\u00a0\u00a0<\/a><\/p>\n<p class=\"leipateksti\"><a href=\"https:\/\/omaoppilaskunta.fi\/wp-content\/uploads\/sites\/14\/2019\/06\/Osallistuva-oppilas-yhteis\u00f6llinen-koulu-toimivan-oppilaskunnan-opas.pdf\"><img loading=\"lazy\" decoding=\"async\" class=\"alignnone size-medium wp-image-338\" src=\"https:\/\/blog.edu.turku.fi\/opo\/files\/2020\/12\/ikoni_pdf-15x15.jpg\" alt=\"\" width=\"15\" height=\"15\" \/>Osallistuva oppilas &#8211; yhteis\u00f6llinen koulu. Toimivan oppilaskunnan opas<\/a><\/p>\n<h2 class=\"leipateksti\">Ty\u00f6el\u00e4m\u00e4<\/h2>\n<p>Koulutuksen ja ty\u00f6el\u00e4m\u00e4n kysynt\u00e4 <a href=\"https:\/\/www.oph.fi\/fi\/tilastot-ja-julkaisut\/julkaisut\/koulutus-ja-tyovoiman-kysynta-2035\">www.oph.fi<\/a><br \/>\nElinkeinoel\u00e4m\u00e4n keskusliitto <a href=\"http:\/\/www.ek.fi\/\" target=\"_blank\" rel=\"noopener noreferrer\">www.ek.fi\/<\/a><br \/>\nETLA. Elinkeinoel\u00e4m\u00e4n tutkimuslaitos. <a href=\"http:\/\/www.etla.fi\/\" target=\"_blank\" rel=\"noopener noreferrer\">www.etla.fi\/<\/a><br \/>\nTAT. Taloudellinen Tiedotustoimisto <a href=\"http:\/\/www.tat.fi\" target=\"_blank\" rel=\"noopener noreferrer\">www.tat.fi<\/a><br \/>\nTulevaisuuden ty\u00f6el\u00e4m\u00e4 <a href=\"https:\/\/www.osata.fi\/\" target=\"_blank\" rel=\"noopener noreferrer\">www.osata.fi<\/a><br \/>\nBusiness Finland <a href=\"https:\/\/www.businessfinland.fi\/\" target=\"_blank\" rel=\"noopener noreferrer\">www.businessfinland.fi<\/a><br \/>\nTeknologiateollisuus <a href=\"http:\/\/www.teknologiateollisuus.fi\" target=\"_blank\" rel=\"noopener noreferrer\">www.teknologiateollisuus.fi<\/a><br \/>\nTurun yritt\u00e4jyyspolku -sivusto <a href=\"http:\/\/www.turunyrittajyyspolku.fi\" target=\"_blank\" rel=\"noopener noreferrer\">www.turunyrittajyyspolku.fi<\/a><\/p>\n<h2>Arviointi ja kehitt\u00e4minen<\/h2>\n<p class=\"leipateksti\">KAARO, Kansallinen arviointiosaamisen kehitt\u00e4misverkosto <a href=\"https:\/\/www.kaaro.fi\/kaaro-verkosto\">www.kaaro.fi\/<\/a><br \/>\nGuidance in Europe <a href=\"https:\/\/www.ncge.ie\/ncge\/guidance-europe\" target=\"_blank\" rel=\"noopener noreferrer\">www.guidance-europe.org<\/a><br \/>\n<a href=\"https:\/\/julkaisut.valtioneuvosto.fi\/bitstream\/handle\/10024\/75389\/okm29.pdf?sequence=1&amp;isAllowed=y\" target=\"_blank\" rel=\"noopener noreferrer\">Oppilaanohjauksen kehitt\u00e4mistoiminta 2008-2010<\/a><br \/>\nPerusopetus 2020 <a href=\"http:\/\/julkaisut.valtioneuvosto.fi\/handle\/10024\/75575\" target=\"_blank\" rel=\"noopener noreferrer\">www.minedu.fi<\/a><br \/>\nPerusopetuksen laatukriteerit <a href=\"https:\/\/julkaisut.valtioneuvosto.fi\/bitstream\/handle\/10024\/75311\/okm29.pdf?sequence=1&amp;isAllowed=y\" target=\"_blank\" rel=\"noopener noreferrer\">julkaisut.valtioneuvosto.fi<\/a><br \/>\nArviointi nuorten opintopoluista ja ohjauksesta perusopetuksen ja toisen asteen nivelvaiheessa <a href=\"https:\/\/karvi.fi\/2020\/01\/31\/ohjaus-perusopetuksen-ja-toisen-asteen-nivelvaiheessa-paaosin-toimivaa-kokemukset-kiusaamisesta-ja-oppimisen-vaikeuksista-kuitenkin-hankaloittavat-uravalintaa-ja-jatko-opintoihin-kiinnittymi\/\" target=\"_blank\" rel=\"noopener noreferrer\">www.karvi.fi<\/a><br \/>\nNuorten terveystapatutkimus <a href=\"http:\/\/stm.fi\/julkaisut\" target=\"_blank\" rel=\"noopener noreferrer\"> www.stm.fi<\/a><\/p>\n<h2>Edunvalvonta ja ty\u00f6nantaja<\/h2>\n<p class=\"leipateksti\">Akava <a href=\"http:\/\/www.akava.fi\" target=\"_blank\" rel=\"noopener noreferrer\">www.akava.fi<\/a><br \/>\nOAJ <a href=\"http:\/\/www.oaj.fi\/\" target=\"_blank\" rel=\"noopener noreferrer\">www.oaj.fi<\/a><br \/>\n<a href=\"https:\/\/peda.net\/yhdistykset\/vo\" target=\"_blank\" rel=\"noopener noreferrer\">Varsinais-Suomen opinto-ohjaajat<\/a><br \/>\n<a href=\"http:\/\/www.sopo.fi\" target=\"_blank\" rel=\"noopener noreferrer\">SOPO, Suomen opinto-ohjaajat ry<\/a><br \/>\n<a href=\"https:\/\/www.kt.fi\/\" target=\"_blank\" rel=\"noopener noreferrer\">Kunnallinen ty\u00f6markkinalaitos<\/a><br \/>\nSuomen kuntaliitto <a href=\"http:\/\/www.kuntaliitto.fi\" target=\"_blank\" rel=\"noopener noreferrer\">www.kuntaliitto.fi<\/a><br \/>\nVerotuksesta <a href=\"http:\/\/www.vero.fi\" target=\"_blank\" rel=\"noopener noreferrer\">www.vero.fi<\/a><\/p>\n<h2>Valtionhallinto ja aluehallinto<\/h2>\n<p>Lains\u00e4\u00e4d\u00e4nt\u00f6: <a href=\"https:\/\/www.finlex.fi\/fi\">www.finlex.fi<\/a><br \/>\nOpetussuunnitelmat: <a href=\"https:\/\/eperusteet.opintopolku.fi\/#\/fi\">eperusteet.opintopolku.fi<\/a><br \/>\nOpetushallinnon tilastopalvelu <a href=\"https:\/\/vipunen.fi\/fi-fi\">vipunen.fi<\/a><\/p>\n<p class=\"leipateksti\">Tasavallan presidentti <a href=\"http:\/\/www.tpk.fi\/\" target=\"_blank\" rel=\"noopener noreferrer\">www.tpk.fi<\/a><br \/>\nValtioneuvosto <a href=\"http:\/\/valtioneuvosto.fi\/\" target=\"_blank\" rel=\"noopener noreferrer\">valtioneuvosto.fi\/<\/a><br \/>\nEduskunta <a href=\"http:\/\/www.eduskunta.fi\/\" target=\"_blank\" rel=\"noopener noreferrer\">www.eduskunta.fi\/<\/a><br \/>\nOpetushallitus <a href=\"http:\/\/www.oph.fi\/\" target=\"_blank\" rel=\"noopener noreferrer\">www.oph.fi<\/a><br \/>\nOpetusministeri\u00f6\u00a0 <a href=\"http:\/\/www.minedu.fi\/\" target=\"_blank\" rel=\"noopener noreferrer\">www.minedu.fi<\/a><br \/>\nOikeusministeri\u00f6 <a href=\"https:\/\/oikeusministerio.fi\/etusivu\" target=\"_blank\" rel=\"noopener noreferrer\">www.om.fi<\/a><br \/>\nValtion s\u00e4\u00e4d\u00f6stietopankki <a href=\"http:\/\/www.finlex.fi\/fi\/\" target=\"_blank\" rel=\"noopener noreferrer\">www.finlex.fi\/fi<\/a><br \/>\nTy\u00f6ministeri\u00f6 <a href=\"http:\/\/www.mol.fi\" target=\"_blank\" rel=\"noopener noreferrer\">www.mol.fi<\/a><br \/>\nTilastokeskus <a href=\"http:\/\/www.tilastokeskus.fi\/\" target=\"_blank\" rel=\"noopener noreferrer\">www.tilastokeskus.fi<\/a><br \/>\nVerohallinto <a href=\"http:\/\/www.vero.fi\" target=\"_blank\" rel=\"noopener noreferrer\">www.vero.fi<\/a><br \/>\nYmp\u00e4rist\u00f6hallinto <a href=\"http:\/\/www.ymparisto.fi\" target=\"_blank\" rel=\"noopener noreferrer\">www.ymparisto.fi<\/a><br \/>\nTerveyden ja hyvinvoinin laitos <a href=\"https:\/\/thl.fi\/fi\/\" target=\"_blank\" rel=\"noopener noreferrer\">www.ktl.fi<\/a><\/p>\n<p>Tie julkisiin palveluihin <a href=\"http:\/\/www.suomi.fi\/suomi\/\" target=\"_blank\" rel=\"noopener noreferrer\">www.suomi.fi\/suomi<\/a><br \/>\nKuntatiedon keskus <a href=\"http:\/\/www.kunnat.net\/k_etusivu.asp%3fpath%3d1\" target=\"_blank\" rel=\"noopener noreferrer\">www.kunnat.net<\/a><br \/>\nVarsinais-Suomen liitto <a href=\"http:\/\/www.varsinais-suomi.fi\/\" target=\"_blank\" rel=\"noopener noreferrer\">www.varsinais-suomi.fi<\/a><br \/>\nAluehallintovirasto <a href=\"https:\/\/www.avi.fi\/\" target=\"_blank\" rel=\"noopener noreferrer\">www.avi.fi<\/a><br \/>\nElinkeino-, liikenne- ja ymp\u00e4rist\u00f6keskukset <a href=\"http:\/\/www.ely-keskus.fi\/fi\/Sivut\/default.aspx\" target=\"_blank\" rel=\"noopener noreferrer\">www.ely-keskus.fi<\/a><\/p>\n<h2><\/h2>\n","protected":false},"excerpt":{"rendered":"<p>Ohjaus ja oppilaiden urapohdinta (Niemi 2016) Tehostettu ja henkil\u00f6kohtainen oppilaanohjaus (Niemi 2022) Opinto-ohjaus, uraohjaus ja elinik\u00e4inen ohjaus Urasuunnittelutaitojen osaamiskehikko. Hyria 2024 Urasuunnittelutaidot. Ehdotus kansalliseksi viitekehykseksi. KEHA 2023 Urasuunnittelutaitoja j\u00e4sent\u00e4v\u00e4 selvitys ja n\u00e4k\u00f6kulmia jatkokehitt\u00e4mist\u00e4 varten. Jyv\u00e4skyl\u00e4n yliopisto 2023 Ekososiaalisesti kest\u00e4v\u00e4 ty\u00f6el\u00e4m\u00e4 Tehostettu ja henkil\u00f6kohtainen oppilaanohjaus. Opetushallitus 2022 Kouluun kiinnittyminen, poissaolot, oppilaanohjaus ja sen tehostaminen. Opetushallitus 2023\u00a0 &hellip; <a href=\"https:\/\/blog.edu.turku.fi\/opo\/opon-linkit\/\" class=\"more-link\">Jatka lukemista<span class=\"screen-reader-text\"> &#8221;Opon linkit&#8221;<\/span><\/a><\/p>\n","protected":false},"author":138,"featured_media":0,"parent":0,"menu_order":0,"comment_status":"closed","ping_status":"closed","template":"","meta":{"footnotes":""},"class_list":["post-278","page","type-page","status-publish","hentry"],"_links":{"self":[{"href":"https:\/\/blog.edu.turku.fi\/opo\/wp-json\/wp\/v2\/pages\/278","targetHints":{"allow":["GET"]}}],"collection":[{"href":"https:\/\/blog.edu.turku.fi\/opo\/wp-json\/wp\/v2\/pages"}],"about":[{"href":"https:\/\/blog.edu.turku.fi\/opo\/wp-json\/wp\/v2\/types\/page"}],"author":[{"embeddable":true,"href":"https:\/\/blog.edu.turku.fi\/opo\/wp-json\/wp\/v2\/users\/138"}],"replies":[{"embeddable":true,"href":"https:\/\/blog.edu.turku.fi\/opo\/wp-json\/wp\/v2\/comments?post=278"}],"version-history":[{"count":33,"href":"https:\/\/blog.edu.turku.fi\/opo\/wp-json\/wp\/v2\/pages\/278\/revisions"}],"predecessor-version":[{"id":935,"href":"https:\/\/blog.edu.turku.fi\/opo\/wp-json\/wp\/v2\/pages\/278\/revisions\/935"}],"wp:attachment":[{"href":"https:\/\/blog.edu.turku.fi\/opo\/wp-json\/wp\/v2\/media?parent=278"}],"curies":[{"name":"wp","href":"https:\/\/api.w.org\/{rel}","templated":true}]}}