{"id":276,"date":"2020-12-11T05:44:24","date_gmt":"2020-12-11T03:44:24","guid":{"rendered":"https:\/\/blog.edu.turku.fi\/opo\/?page_id=276"},"modified":"2025-10-06T10:16:32","modified_gmt":"2025-10-06T07:16:32","slug":"vuosityoaika-ja-tehtavat","status":"publish","type":"page","link":"https:\/\/blog.edu.turku.fi\/opo\/vuosityoaika-ja-tehtavat\/","title":{"rendered":"Vuosity\u00f6aika"},"content":{"rendered":"<p class=\"leipateksti\">Oheisen vuosity\u00f6aikalaskurin avulla peruskoulu opinto-ohjaaja voi suunnitella sit\u00e4, paljonko h\u00e4n varaa ty\u00f6aikaa perusopetuslain, peruskoulun opetussuunnitelma perusteiden ja OVTES:n m\u00e4\u00e4ritt\u00e4miin ty\u00f6teht\u00e4viin eli peruskoulun opinto-ohjaajan perusteht\u00e4viin.<\/p>\n<p class=\"leipateksti\"><a href=\"https:\/\/blog.edu.turku.fi\/opo\/files\/2020\/12\/resursointi.xls\"><img loading=\"lazy\" decoding=\"async\" class=\"alignnone size-medium wp-image-339\" src=\"https:\/\/blog.edu.turku.fi\/opo\/files\/2020\/12\/ikoni_xls-15x15.jpg\" alt=\"\" width=\"15\" height=\"15\" \/><\/a><a href=\"https:\/\/blog.edu.turku.fi\/opo\/files\/2025\/10\/Vuosityoaikalaskuri-2025-2026-1.xlsx\">Vuosityoaikalaskuri-2025-2026<\/a><\/p>\n<p><a href=\"https:\/\/blog.edu.turku.fi\/opo\/files\/2020\/12\/resursointi.xls\"><img loading=\"lazy\" decoding=\"async\" class=\"alignnone size-medium wp-image-339\" src=\"https:\/\/blog.edu.turku.fi\/opo\/files\/2020\/12\/ikoni_xls-15x15.jpg\" alt=\"\" width=\"15\" height=\"15\" \/><\/a><a href=\"https:\/\/blog.edu.turku.fi\/opo\/files\/2025\/05\/Opinto-ohjauksen-resursointi-2021-.xlsx\">Opinto-ohjauksen resursointi 2021-<\/a> laskuri sivistystoimen johdolle ja rehtoreille<\/p>\n<p><a href=\"https:\/\/www.sopo.fi\/yhdistys\/aineistot\/\" target=\"_blank\" rel=\"noopener noreferrer\">SOPO ry:n kuvaus perusteht\u00e4v\u00e4st\u00e4<\/a><\/p>\n<p><a class=\"pdf\" href=\"http:\/\/www.oppilaanohjaus.fi\/materiaalit\/tehtavakuvaus.pdf\" target=\"_blank\" rel=\"noopener noreferrer\"><img decoding=\"async\" src=\"https:\/\/blog.edu.turku.fi\/opo\/files\/2020\/12\/ikoni_pdf-15x15.jpg\" \/>Peruskoulun opinto-ohjaajan teht\u00e4v\u00e4kuvaus Turun kaupungissa<\/a><\/p>\n<p><a href=\"https:\/\/blog.edu.turku.fi\/opo\/files\/2020\/12\/Yleista-oppilaanohjaajan-tehtavasta.pdf\"><img loading=\"lazy\" decoding=\"async\" class=\"alignnone size-medium wp-image-338\" src=\"https:\/\/blog.edu.turku.fi\/opo\/files\/2020\/12\/ikoni_pdf-15x15.jpg\" alt=\"\" width=\"15\" height=\"15\" \/> Yleist\u00e4 peruskoulun opinto-ohjaajan teht\u00e4v\u00e4st\u00e4<\/a><\/p>\n<p><a href=\"https:\/\/blog.edu.turku.fi\/opo\/files\/2020\/12\/Perustehtava.pdf\"><img loading=\"lazy\" decoding=\"async\" class=\"alignnone size-medium wp-image-338\" src=\"https:\/\/blog.edu.turku.fi\/opo\/files\/2020\/12\/ikoni_pdf-15x15.jpg\" alt=\"\" width=\"15\" height=\"15\" \/> Oppilaanohjaajan perusteht\u00e4v\u00e4kuvaus<\/a><\/p>\n<p><a href=\"https:\/\/blog.edu.turku.fi\/opo\/files\/2020\/12\/Artikkeli-oppilaanohjauksen-saatavuuden-parantamisesta-Turussa.pdf\"><img loading=\"lazy\" decoding=\"async\" class=\"alignnone size-medium wp-image-338\" src=\"https:\/\/blog.edu.turku.fi\/opo\/files\/2020\/12\/ikoni_pdf-15x15.jpg\" alt=\"\" width=\"15\" height=\"15\" \/> Artikkeli oppilaanohjauksen saatavuuden parantamisesta Turussa<\/a><\/p>\n<p>&nbsp;<\/p>\n","protected":false},"excerpt":{"rendered":"<p>Oheisen vuosity\u00f6aikalaskurin avulla peruskoulu opinto-ohjaaja voi suunnitella sit\u00e4, paljonko h\u00e4n varaa ty\u00f6aikaa perusopetuslain, peruskoulun opetussuunnitelma perusteiden ja OVTES:n m\u00e4\u00e4ritt\u00e4miin ty\u00f6teht\u00e4viin eli peruskoulun opinto-ohjaajan perusteht\u00e4viin. Vuosityoaikalaskuri-2025-2026 Opinto-ohjauksen resursointi 2021- laskuri sivistystoimen johdolle ja rehtoreille SOPO ry:n kuvaus perusteht\u00e4v\u00e4st\u00e4 Peruskoulun opinto-ohjaajan teht\u00e4v\u00e4kuvaus Turun kaupungissa Yleist\u00e4 peruskoulun opinto-ohjaajan teht\u00e4v\u00e4st\u00e4 Oppilaanohjaajan perusteht\u00e4v\u00e4kuvaus Artikkeli oppilaanohjauksen saatavuuden parantamisesta Turussa &nbsp;<\/p>\n","protected":false},"author":138,"featured_media":0,"parent":0,"menu_order":0,"comment_status":"closed","ping_status":"closed","template":"","meta":{"footnotes":""},"class_list":["post-276","page","type-page","status-publish","hentry"],"_links":{"self":[{"href":"https:\/\/blog.edu.turku.fi\/opo\/wp-json\/wp\/v2\/pages\/276","targetHints":{"allow":["GET"]}}],"collection":[{"href":"https:\/\/blog.edu.turku.fi\/opo\/wp-json\/wp\/v2\/pages"}],"about":[{"href":"https:\/\/blog.edu.turku.fi\/opo\/wp-json\/wp\/v2\/types\/page"}],"author":[{"embeddable":true,"href":"https:\/\/blog.edu.turku.fi\/opo\/wp-json\/wp\/v2\/users\/138"}],"replies":[{"embeddable":true,"href":"https:\/\/blog.edu.turku.fi\/opo\/wp-json\/wp\/v2\/comments?post=276"}],"version-history":[{"count":29,"href":"https:\/\/blog.edu.turku.fi\/opo\/wp-json\/wp\/v2\/pages\/276\/revisions"}],"predecessor-version":[{"id":887,"href":"https:\/\/blog.edu.turku.fi\/opo\/wp-json\/wp\/v2\/pages\/276\/revisions\/887"}],"wp:attachment":[{"href":"https:\/\/blog.edu.turku.fi\/opo\/wp-json\/wp\/v2\/media?parent=276"}],"curies":[{"name":"wp","href":"https:\/\/api.w.org\/{rel}","templated":true}]}}