{"id":168,"date":"2020-12-09T16:24:40","date_gmt":"2020-12-09T14:24:40","guid":{"rendered":"https:\/\/blog.edu.turku.fi\/opo\/?page_id=168"},"modified":"2025-10-06T10:49:50","modified_gmt":"2025-10-06T07:49:50","slug":"linkit","status":"publish","type":"page","link":"https:\/\/blog.edu.turku.fi\/opo\/linkit\/","title":{"rendered":"Oppilaan linkit"},"content":{"rendered":"<p>Yhteishakulaskuri: <a href=\"https:\/\/opintopolku.fi\/konfo\/fi\/sivu\/yhteishaun-valintapistelaskuri\">Yhteishaun valintapistelaskuri &#8211; Opintopolku<\/a><\/p>\n<p>Turku ja yhteishaku <a href=\"https:\/\/www.turku.fi\/yhteishaku\">www.turku.fi<\/a><br \/>\n<a href=\"http:\/\/www.turku.fi\/yhteishaku\/hakuopas\" target=\"_blank\" rel=\"noopener noreferrer\">Hakuopas Turun toisen asteen koulutuksiin<\/a><\/p>\n<p>Turun lukioiden alimmat sis\u00e4\u00e4np\u00e4\u00e4sykeskiarvot <a href=\"http:\/\/www.turku.fi\/uutinen\/2018-06-14_lukioiden-sisaanpaasykeskiarvot\" target=\"_blank\" rel=\"noopener noreferrer\">www.turku.fi<\/a><\/p>\n<p>Aikaisempien vuosien alimmat pisteet ja keskiarvot Suomessa <a href=\"https:\/\/vipunen.fi\/fi-fi\/yhteiset\/Sivut\/Hakeneet-ja-hyv\u00e4ksytyt.aspx\" target=\"_blank\" rel=\"noopener noreferrer\">www.vipunen.fi<\/a><\/p>\n","protected":false},"excerpt":{"rendered":"<p>Yhteishakulaskuri: Yhteishaun valintapistelaskuri &#8211; Opintopolku Turku ja yhteishaku www.turku.fi Hakuopas Turun toisen asteen koulutuksiin Turun lukioiden alimmat sis\u00e4\u00e4np\u00e4\u00e4sykeskiarvot www.turku.fi Aikaisempien vuosien alimmat pisteet ja keskiarvot Suomessa www.vipunen.fi<\/p>\n","protected":false},"author":138,"featured_media":0,"parent":0,"menu_order":0,"comment_status":"closed","ping_status":"closed","template":"","meta":{"footnotes":""},"class_list":["post-168","page","type-page","status-publish","hentry"],"_links":{"self":[{"href":"https:\/\/blog.edu.turku.fi\/opo\/wp-json\/wp\/v2\/pages\/168","targetHints":{"allow":["GET"]}}],"collection":[{"href":"https:\/\/blog.edu.turku.fi\/opo\/wp-json\/wp\/v2\/pages"}],"about":[{"href":"https:\/\/blog.edu.turku.fi\/opo\/wp-json\/wp\/v2\/types\/page"}],"author":[{"embeddable":true,"href":"https:\/\/blog.edu.turku.fi\/opo\/wp-json\/wp\/v2\/users\/138"}],"replies":[{"embeddable":true,"href":"https:\/\/blog.edu.turku.fi\/opo\/wp-json\/wp\/v2\/comments?post=168"}],"version-history":[{"count":14,"href":"https:\/\/blog.edu.turku.fi\/opo\/wp-json\/wp\/v2\/pages\/168\/revisions"}],"predecessor-version":[{"id":731,"href":"https:\/\/blog.edu.turku.fi\/opo\/wp-json\/wp\/v2\/pages\/168\/revisions\/731"}],"wp:attachment":[{"href":"https:\/\/blog.edu.turku.fi\/opo\/wp-json\/wp\/v2\/media?parent=168"}],"curies":[{"name":"wp","href":"https:\/\/api.w.org\/{rel}","templated":true}]}}