{"id":166,"date":"2020-12-09T16:21:51","date_gmt":"2020-12-09T14:21:51","guid":{"rendered":"https:\/\/blog.edu.turku.fi\/opo\/?page_id=166"},"modified":"2025-10-21T10:01:06","modified_gmt":"2025-10-21T07:01:06","slug":"ohjeet","status":"publish","type":"page","link":"https:\/\/blog.edu.turku.fi\/opo\/ohjeet\/","title":{"rendered":"Ohjeita oppilaalle"},"content":{"rendered":"<p class=\"leipateksti\">Sivusto perustuu ajatukselle, jonka mukaan onnistunut uravalintasi rakentuu tietopalikoista, joita kootaan koko peruskoulun ajan. Ensimm\u00e4inen ammattiuraasi vaikuttava valinta on <a href=\"http:\/\/www.opintopolku.fi\" target=\"_blank\" rel=\"noopener noreferrer\">yhteishaku<\/a> ja se toteutetaan 9. luokan kev\u00e4\u00e4ll\u00e4. T\u00e4t\u00e4 tavoitetta kohden oppilaanohjaus muodostaa<a href=\"https:\/\/blog.edu.turku.fi\/opo\/askeleet-yhteishakuun\/\"> polun<\/a>, jota kulkiessasi sinun hankkimasi tieto itsest\u00e4si, tieto koulutusmahdollisuuksista ja tieto omista valintaperusteista johtaa onnistuneeseen toisen asteen koulutusvalintaan.<\/p>\n<p class=\"leipateksti\">Oppilaan linkit -osiossa on oppilaanohjauksen keskeisten sis\u00e4lt\u00f6jen mukaisia linkkej\u00e4.<\/p>\n<p><a href=\"https:\/\/www.turku.fi\/yhteishaku\" target=\"_blank\" rel=\"noopener\">Turun kaupungin toisen asteen koulutustarjonta<\/a><\/p>\n<p><a href=\"https:\/\/blog.edu.turku.fi\/opo\/files\/2025\/10\/Alimmat-pisteet-ja-keskiarvot-2025.pdf\">Alimmat pisteet ja keskiarvot 2025<\/a><\/p>\n<p><a href=\"https:\/\/yhteishakulaskuri.fi\" target=\"_blank\" rel=\"noopener\">Keskiarvolaskuri<\/a><\/p>\n<p><a href=\"https:\/\/opintopolku.fi\/konfo\/fi\/\" target=\"_blank\" rel=\"noopener\">Opintopolku.fi<\/a><\/p>\n<p style=\"padding-left: 40px\"><a href=\"https:\/\/opintopolku.fi\/konfo\/fi\/sivu\/pistelaskuri-on-julkaistu-arvioi-pisteesi-yhteishaussa\">Opintopolun laskuri<\/a><\/p>\n<p><a href=\"https:\/\/avo.urakoodi.fi\/\">AVO-ammatinvalintaohjelma<\/a><\/p>\n<p><a href=\"https:\/\/tyomarkkinatori.fi\/henkiloasiakkaat\/ammattitieto\" target=\"_blank\" rel=\"noopener\">Ty\u00f6markkinatori.fi<\/a><\/p>\n<p><a href=\"https:\/\/tyovoimabarometri.fi\" target=\"_blank\" rel=\"noopener\">Ty\u00f6voimabarometri.fi<\/a><\/p>\n<p><a href=\"https:\/\/yliopistovalinnat.fi\/\" target=\"_blank\" rel=\"noopener\">Yliopistovalinnat.fi<\/a><\/p>\n<p><a href=\"http:\/\/Ammattikorkeakouluun.fi\" target=\"_blank\" rel=\"noopener\">Ammattikorkeakouluun.fi<\/a><\/p>\n<p>&nbsp;<\/p>\n<p>&nbsp;<\/p>\n","protected":false},"excerpt":{"rendered":"<p>Sivusto perustuu ajatukselle, jonka mukaan onnistunut uravalintasi rakentuu tietopalikoista, joita kootaan koko peruskoulun ajan. Ensimm\u00e4inen ammattiuraasi vaikuttava valinta on yhteishaku ja se toteutetaan 9. luokan kev\u00e4\u00e4ll\u00e4. T\u00e4t\u00e4 tavoitetta kohden oppilaanohjaus muodostaa polun, jota kulkiessasi sinun hankkimasi tieto itsest\u00e4si, tieto koulutusmahdollisuuksista ja tieto omista valintaperusteista johtaa onnistuneeseen toisen asteen koulutusvalintaan. Oppilaan linkit -osiossa on oppilaanohjauksen keskeisten &hellip; <a href=\"https:\/\/blog.edu.turku.fi\/opo\/ohjeet\/\" class=\"more-link\">Jatka lukemista<span class=\"screen-reader-text\"> &#8221;Ohjeita oppilaalle&#8221;<\/span><\/a><\/p>\n","protected":false},"author":138,"featured_media":0,"parent":0,"menu_order":0,"comment_status":"closed","ping_status":"closed","template":"","meta":{"footnotes":""},"class_list":["post-166","page","type-page","status-publish","hentry"],"_links":{"self":[{"href":"https:\/\/blog.edu.turku.fi\/opo\/wp-json\/wp\/v2\/pages\/166","targetHints":{"allow":["GET"]}}],"collection":[{"href":"https:\/\/blog.edu.turku.fi\/opo\/wp-json\/wp\/v2\/pages"}],"about":[{"href":"https:\/\/blog.edu.turku.fi\/opo\/wp-json\/wp\/v2\/types\/page"}],"author":[{"embeddable":true,"href":"https:\/\/blog.edu.turku.fi\/opo\/wp-json\/wp\/v2\/users\/138"}],"replies":[{"embeddable":true,"href":"https:\/\/blog.edu.turku.fi\/opo\/wp-json\/wp\/v2\/comments?post=166"}],"version-history":[{"count":19,"href":"https:\/\/blog.edu.turku.fi\/opo\/wp-json\/wp\/v2\/pages\/166\/revisions"}],"predecessor-version":[{"id":891,"href":"https:\/\/blog.edu.turku.fi\/opo\/wp-json\/wp\/v2\/pages\/166\/revisions\/891"}],"wp:attachment":[{"href":"https:\/\/blog.edu.turku.fi\/opo\/wp-json\/wp\/v2\/media?parent=166"}],"curies":[{"name":"wp","href":"https:\/\/api.w.org\/{rel}","templated":true}]}}