{"id":135,"date":"2020-12-09T16:35:08","date_gmt":"2020-12-09T14:35:08","guid":{"rendered":"https:\/\/blog.edu.turku.fi\/opo\/?page_id=135"},"modified":"2026-03-03T12:00:33","modified_gmt":"2026-03-03T10:00:33","slug":"ulkomaille","status":"publish","type":"page","link":"https:\/\/blog.edu.turku.fi\/opo\/ulkomaille\/","title":{"rendered":"Ulkomaille"},"content":{"rendered":"<p>Kansainv\u00e4lisen henkil\u00f6vaihdon keskus CIMO <a href=\"http:\/\/www.cimo.fi\/\" target=\"_blank\" rel=\"noopener noreferrer\">www.cimo.fi<\/a><br \/>\n<span class=\"sisennys\">Nuorille mahdollisuuksia osaamisen kehittt\u00e4miseen <a href=\"https:\/\/www.oph.fi\/fi\/kansainvalisyys\/kansainvalistymispalvelut-yksiloille\">www.oph.fi<\/a><br \/>\n<\/span><br \/>\n<a href=\"https:\/\/www.nuorisovaihto.fi\/\">nuorisovaihto.fi-sivusto<\/a><br \/>\n<a href=\"https:\/\/www.kvtfinland.org\/\" target=\"_blank\" rel=\"noopener noreferrer\">Kansainv\u00e4linen vapaaehtoisty\u00f6 ry<\/a><\/p>\n<p><a href=\"http:\/\/www.te-palvelut.fi\/te\/fi\/tyonhakijalle\/loyda_toita\/toihin_ulkomaille\/eures_toihin_eurooppaan\/index.html\" target=\"_blank\" rel=\"noopener noreferrer\">T\u00f6ihin Eurooppaan<\/a><br \/>\n<a href=\"http:\/\/ec.europa.eu\/ploteus\/\" target=\"_blank\" rel=\"noopener noreferrer\">Eurooppalaisten kaikkien koulutusasteiden oppimismahdollisuuksien portaali<\/a><br \/>\n<a href=\"http:\/\/www.pohjola-norden.fi\/\" target=\"_blank\" rel=\"noopener noreferrer\">Pohjoismaisen kansalaisyhteisty\u00f6n keskusliitto<\/a><br \/>\n<a href=\"http:\/\/www.britishcouncil.fi\/\" target=\"_blank\" rel=\"noopener noreferrer\">Britanniassa opiskelu<\/a><br \/>\n<a href=\"http:\/\/www.daad.de\/\" target=\"_blank\" rel=\"noopener noreferrer\">Saksassa opiskelu<\/a><\/p>\n<p><a href=\"http:\/\/www.studyabroad.com\/\" target=\"_blank\" rel=\"noopener noreferrer\">Portaali opiskelumahdollisuuksista ulkomailla<\/a><br \/>\n<a href=\"http:\/\/www.isep.org\/\" target=\"_blank\" rel=\"noopener noreferrer\">Kansainv\u00e4linen opiskelijavaihto-ohjelma<\/a><br \/>\n<a href=\"http:\/\/www.fulbright.fi\/\" target=\"_blank\" rel=\"noopener noreferrer\">Yhdysvalloissa ja Kanadassa opiskelu<\/a><br \/>\n<a href=\"http:\/\/educationusa.state.gov\/\" target=\"_blank\" rel=\"noopener noreferrer\">USA:ssa opiskelu<\/a><\/p>\n<p><a href=\"http:\/\/www.kesalukio.fi\" target=\"_blank\" rel=\"noopener noreferrer\">Kes\u00e4lukio<\/a><\/p>\n<p><a href=\"http:\/\/www.europa-pages.co.uk\/index.html\" target=\"_blank\" rel=\"noopener noreferrer\">Kielimatkoja Euroopassa<\/a><br \/>\n<a href=\"http:\/\/www.euraupair.fi\/\" target=\"_blank\" rel=\"noopener noreferrer\">Au Pair-ohjelmat<\/a><br \/>\n<a href=\"http:\/\/www.aupair-world.net\/?ggl=en\" target=\"_blank\" rel=\"noopener noreferrer\">AUPAIRWORLD -sivusto<\/a><br \/>\n<a href=\"http:\/\/www.afs.fi\/\" target=\"_blank\" rel=\"noopener noreferrer\">AFS -kansainv\u00e4lisyyskasvatusj\u00e4rjest\u00f6<\/a><\/p>\n","protected":false},"excerpt":{"rendered":"<p>Kansainv\u00e4lisen henkil\u00f6vaihdon keskus CIMO www.cimo.fi Nuorille mahdollisuuksia osaamisen kehittt\u00e4miseen www.oph.fi nuorisovaihto.fi-sivusto Kansainv\u00e4linen vapaaehtoisty\u00f6 ry T\u00f6ihin Eurooppaan Eurooppalaisten kaikkien koulutusasteiden oppimismahdollisuuksien portaali Pohjoismaisen kansalaisyhteisty\u00f6n keskusliitto Britanniassa opiskelu Saksassa opiskelu Portaali opiskelumahdollisuuksista ulkomailla Kansainv\u00e4linen opiskelijavaihto-ohjelma Yhdysvalloissa ja Kanadassa opiskelu USA:ssa opiskelu Kes\u00e4lukio Kielimatkoja Euroopassa Au Pair-ohjelmat AUPAIRWORLD -sivusto AFS -kansainv\u00e4lisyyskasvatusj\u00e4rjest\u00f6<\/p>\n","protected":false},"author":138,"featured_media":0,"parent":0,"menu_order":0,"comment_status":"closed","ping_status":"closed","template":"","meta":{"footnotes":""},"class_list":["post-135","page","type-page","status-publish","hentry"],"_links":{"self":[{"href":"https:\/\/blog.edu.turku.fi\/opo\/wp-json\/wp\/v2\/pages\/135","targetHints":{"allow":["GET"]}}],"collection":[{"href":"https:\/\/blog.edu.turku.fi\/opo\/wp-json\/wp\/v2\/pages"}],"about":[{"href":"https:\/\/blog.edu.turku.fi\/opo\/wp-json\/wp\/v2\/types\/page"}],"author":[{"embeddable":true,"href":"https:\/\/blog.edu.turku.fi\/opo\/wp-json\/wp\/v2\/users\/138"}],"replies":[{"embeddable":true,"href":"https:\/\/blog.edu.turku.fi\/opo\/wp-json\/wp\/v2\/comments?post=135"}],"version-history":[{"count":5,"href":"https:\/\/blog.edu.turku.fi\/opo\/wp-json\/wp\/v2\/pages\/135\/revisions"}],"predecessor-version":[{"id":948,"href":"https:\/\/blog.edu.turku.fi\/opo\/wp-json\/wp\/v2\/pages\/135\/revisions\/948"}],"wp:attachment":[{"href":"https:\/\/blog.edu.turku.fi\/opo\/wp-json\/wp\/v2\/media?parent=135"}],"curies":[{"name":"wp","href":"https:\/\/api.w.org\/{rel}","templated":true}]}}