{"id":131,"date":"2020-12-09T16:31:27","date_gmt":"2020-12-09T14:31:27","guid":{"rendered":"https:\/\/blog.edu.turku.fi\/opo\/?page_id=131"},"modified":"2025-12-01T14:50:47","modified_gmt":"2025-12-01T12:50:47","slug":"keskusjarjestoja-ammattiliittoja-ja-ammattialoja","status":"publish","type":"page","link":"https:\/\/blog.edu.turku.fi\/opo\/keskusjarjestoja-ammattiliittoja-ja-ammattialoja\/","title":{"rendered":"Ammattij\u00e4rjest\u00f6j\u00e4"},"content":{"rendered":"<p>SAK Suomen Ammattiliittojen Keskusj\u00e4rjest\u00f6 <a href=\"http:\/\/www.sak.fi\/\" target=\"_blank\" rel=\"noopener noreferrer\">www.sak.fi<\/a><br \/>\n<span class=\"sisennys\"><a href=\"http:\/\/www.aliupseeriliitto.fi\/\" target=\"_blank\" rel=\"noopener noreferrer\">Aliupseeriliitto ry<\/a><br \/>\n<\/span> <span class=\"sisennys\"><a href=\"http:\/\/www.akt.fi\/\" target=\"_blank\" rel=\"noopener noreferrer\">Auto- ja Kuljetusalan Ty\u00f6ntekij\u00e4liitto AKT ry<\/a><br \/>\n<\/span> <span class=\"sisennys\"><a href=\"http:\/\/www.iau.fi\/\" target=\"_blank\" rel=\"noopener noreferrer\">Ilmailualan Unioni IAU ry<\/a><br \/>\n<\/span> <span class=\"sisennys\"><a href=\"http:\/\/www.jhl.fi\/\" target=\"_blank\" rel=\"noopener noreferrer\">Julkisten ja hyvinvointialojen liitto JHL ry<\/a><br \/>\n<\/span> <span class=\"sisennys\"><a href=\"http:\/\/www.oppilaanohjaus.fi\/keskusjarjestoja_ammattiliittoja_ja_ammattialoja.php\" target=\"_blank\" rel=\"noopener noreferrer\">Kaupanalan esimiesliitto KEY ry<\/a><br \/>\n<\/span> <span class=\"sisennys\"><a href=\"https:\/\/www.teollisuusliitto.fi\/\" target=\"_blank\" rel=\"noopener noreferrer\">Teollisuusliitto<\/a><br \/>\n<\/span> <span class=\"sisennys\"><a href=\"http:\/\/www.pam.fi\/\" target=\"_blank\" rel=\"noopener noreferrer\">Palvelualojen ammattiliitto PAM ry<\/a><br \/>\n<\/span> <span class=\"sisennys\"><a href=\"https:\/\/www.paperiliitto.fi\/\" target=\"_blank\" rel=\"noopener noreferrer\">Paperiliitto ry<\/a><br \/>\n<\/span> <span class=\"sisennys\"><a href=\"http:\/\/www.pau.fi\/\" target=\"_blank\" rel=\"noopener noreferrer\">Posti- ja logistiikka-alan unioni PAU ry<\/a><br \/>\n<\/span> <span class=\"sisennys\"><a href=\"https:\/\/www.rtu.fi\/\" target=\"_blank\" rel=\"noopener noreferrer\">Rajaurvallisuusunioini ry<\/a><br \/>\n<\/span> <span class=\"sisennys\"><a href=\"http:\/\/www.rakennusliitto.fi\/\" target=\"_blank\" rel=\"noopener noreferrer\">Rakennusliitto ry<\/a><br \/>\n<\/span> <span class=\"sisennys\"><a href=\"http:\/\/www.rautl.fi\/\" target=\"_blank\" rel=\"noopener noreferrer\">Rautatiel\u00e4isten Liitto ry<\/a><br \/>\n<\/span><span class=\"sisennys\"><a href=\"http:\/\/www.selry.fi\/\" target=\"_blank\" rel=\"noopener noreferrer\">Suomen Elintarvikety\u00f6l\u00e4isten Liitto SEL r.y.<\/a><br \/>\n<\/span> <span class=\"sisennys\"><a href=\"http:\/\/www.slsy.info\/\" target=\"_blank\" rel=\"noopener noreferrer\">Suomen Lentoem\u00e4nt\u00e4- ja Stuerttiyhdistys &#8211; SLSY ry<\/a><br \/>\n<\/span> <span class=\"sisennys\"><a href=\"http:\/\/www.smu.fi\/\" target=\"_blank\" rel=\"noopener noreferrer\">Suomen Merimies-Unioni SM-U ry<\/a><br \/>\n<\/span> <span class=\"sisennys\"><a href=\"http:\/\/www.muusikkojenliitto.fi\/\" target=\"_blank\" rel=\"noopener noreferrer\">Suomen Muusikkojen Liitto ry<\/a><br \/>\n<\/span> <span class=\"sisennys\"><a href=\"http:\/\/www.sssl.fi\/\" target=\"_blank\" rel=\"noopener noreferrer\">Suomen Sosialidemokraattinen Sanomalehtimiesliitto SSSL ry<\/a><br \/>\n<\/span> <span class=\"sisennys\"><a href=\"http:\/\/www.sahkoliitto.fi\/\" target=\"_blank\" rel=\"noopener noreferrer\">S\u00e4hk\u00f6alojen ammattiliitto ry<\/a><br \/>\n<\/span> <span class=\"sisennys\"><a href=\"http:\/\/www.teme.fi\/\" target=\"_blank\" rel=\"noopener noreferrer\">Teatteri- ja Mediaty\u00f6ntekij\u00e4t TeMe<\/a><br \/>\n<\/span> <span class=\"sisennys\"><a href=\"http:\/\/www.tulliliitto.fi\/\" target=\"_blank\" rel=\"noopener noreferrer\">Tulliliitto ry<\/a><br \/>\n<\/span> <span class=\"sisennys\"><a href=\"http:\/\/www.vml.fi\/\" target=\"_blank\" rel=\"noopener noreferrer\">Veturimiesten liitto r.y.<\/a><br \/>\n<\/span> <span class=\"sisennys\"><a href=\"http:\/\/www.viestintaliitto.fi\/\" target=\"_blank\" rel=\"noopener noreferrer\">Viestint\u00e4alan ammattiliitto ry<\/a><br \/>\n<\/span> <span class=\"sisennys\"><a href=\"http:\/\/www.yleinenlehtimiesliitto.fi\/\" target=\"_blank\" rel=\"noopener noreferrer\">Yleinen Lehtimiesliitto ry<\/a><br \/>\n<\/span><br \/>\nSTTK Toimihenkil\u00f6keskusj\u00e4rjest\u00f6 <a href=\"http:\/\/www.sttk.fi\/mika-sttk\/ammattiliitot\/\" target=\"_blank\" rel=\"noopener noreferrer\">www.sttk.fi<\/a><br \/>\n<span class=\"sisennys\"><a href=\"http:\/\/nousu.org\/\" target=\"_blank\" rel=\"noopener noreferrer\">Ammattiliitto Nousu<\/a><br \/>\n<\/span> <span class=\"sisennys\"><a href=\"http:\/\/www.proliitto.fi\/\" target=\"_blank\" rel=\"noopener noreferrer\">Ammattiliitto Pro<\/a><br \/>\n<\/span> <span class=\"sisennys\"><a href=\"https:\/\/www.erto.fi\/\" target=\"_blank\" rel=\"noopener noreferrer\">Erityisalojen Toimihenkil\u00f6liitto ERTO<\/a><br \/>\n<\/span> <span class=\"sisennys\"><a href=\"http:\/\/www.jytyliitto.fi\/fi\/Sivut\/default.aspx\" target=\"_blank\" rel=\"noopener noreferrer\">Julkis- ja yksityisalojen toimihenkil\u00f6liitto Jyty<\/a><br \/>\n<\/span> <span class=\"sisennys\"><a href=\"http:\/\/www.kirkonalat.fi\/\" target=\"_blank\" rel=\"noopener noreferrer\">Kirkon alat ry<\/a><br \/>\n<\/span> <span class=\"sisennys\"><a href=\"https:\/\/www.skillary.fi\/lta-liiketalouden-osaajien-liitto\/\">Liiketalouden Liitto LTA<\/a><br \/>\n<\/span> <span class=\"sisennys\"><a href=\"http:\/\/www.mvl.fi\/\" target=\"_blank\" rel=\"noopener noreferrer\">Meijerialan Ammattilaiset MVL<\/a><br \/>\n<\/span> <span class=\"sisennys\"><a href=\"https:\/\/metsaasiantuntijat.fi\/\">METO \u2013 Mets\u00e4alan Asiantuntijat<\/a><br \/>\n<\/span> <span class=\"sisennys\"><a href=\"http:\/\/www.pardia.fi\/\" target=\"_blank\" rel=\"noopener noreferrer\">Palkansaajaj\u00e4rjest\u00f6 Pardia<\/a><br \/>\n<\/span> <span class=\"sisennys\"><a href=\"http:\/\/www.ria.fi\/\" target=\"_blank\" rel=\"noopener noreferrer\">Rakennusinsin\u00f6\u00f6rit ja arkkitehdit RIA<\/a><br \/>\n<\/span> <span class=\"sisennys\"><a href=\"http:\/\/www.seteli.fi\/\" target=\"_blank\" rel=\"noopener noreferrer\">Suomen Erityisteknisten Liitto SETELI<\/a><br \/>\n<\/span> <span class=\"sisennys\"><a href=\"http:\/\/www.konepaallystoliitto.fi\/\" target=\"_blank\" rel=\"noopener noreferrer\">Suomen Konep\u00e4\u00e4llyst\u00f6liitto SKL<\/a><br \/>\n<\/span> <span class=\"sisennys\"><a href=\"http:\/\/www.seacommand.fi\/\" target=\"_blank\" rel=\"noopener noreferrer\">Suomen Laivanp\u00e4\u00e4llyst\u00f6liitto SLPL<\/a><br \/>\n<\/span> <span class=\"sisennys\"><a href=\"http:\/\/www.superliitto.fi\/\" target=\"_blank\" rel=\"noopener noreferrer\">Suomen l\u00e4hi- ja perushoitajaliitto SuPer<\/a><br \/>\n<\/span> <span class=\"sisennys\"><a href=\"https:\/\/www.spal.fi\/\">Suomen Palomiesliitto SPAL<\/a><br \/>\n<\/span> <span class=\"sisennys\"><a href=\"http:\/\/www.tehy.fi\/\" target=\"_blank\" rel=\"noopener noreferrer\">Tehy<\/a><br \/>\n<\/span><span class=\"sisennys\"><a href=\"http:\/\/www.agrologit.fi\/\" target=\"_blank\" rel=\"noopener noreferrer\">Yhteisty\u00f6j\u00e4sen Agrologien Liitto<\/a><br \/>\n<\/span><br \/>\nAKAVA pitk\u00e4lle koulutettujen ammattij\u00e4rjest\u00f6 <a href=\"http:\/\/www.akava.fi\/\" target=\"_blank\" rel=\"noopener noreferrer\">www.akava.fi<\/a><br \/>\n<span class=\"sisennys\"><a href=\"http:\/\/www.agronomiliitto.fi\/\" target=\"_blank\" rel=\"noopener noreferrer\">Agronomiliitto<\/a><br \/>\n<\/span> <span class=\"sisennys\"><a href=\"http:\/\/www.akavanerityisalat.fi\/\" target=\"_blank\" rel=\"noopener noreferrer\">Akavan Erityisalat<\/a><br \/>\n<\/span> <span class=\"sisennys\"><a href=\"http:\/\/www.akiliitot.fi\/\" target=\"_blank\" rel=\"noopener noreferrer\">Akavan kirkolliset ammattiliitot AKI<\/a><br \/>\n<\/span> <span class=\"sisennys\"><a href=\"http:\/\/www.ayr.fi\/\" target=\"_blank\" rel=\"noopener noreferrer\">Akavan Yleinen Ryhm\u00e4 AYR<\/a><br \/>\n<\/span> <span class=\"sisennys\"><a href=\"http:\/\/www.dtl.fi\/\" target=\"_blank\" rel=\"noopener noreferrer\">Diakoniaty\u00f6ntekij\u00f6iden Liitto DTL<\/a><br \/>\n<\/span> <span class=\"sisennys\"><a href=\"http:\/\/www.diff.fi\/\" target=\"_blank\" rel=\"noopener noreferrer\">Driftingenj\u00f6rsf\u00f6rbundet i Finland<\/a><br \/>\n<\/span> <span class=\"sisennys\"><a href=\"https:\/\/www.ktk-ry.fi\/\" target=\"_blank\" rel=\"noopener noreferrer\">Tekniikan Asiantuntijat ry<\/a><br \/>\n<\/span> <span class=\"sisennys\"><a href=\"http:\/\/www.luonnontieteilijat.fi\/\" target=\"_blank\" rel=\"noopener noreferrer\">Luonnontieteiden akateemisten liitto LAL<\/a><br \/>\n<\/span> <span class=\"sisennys\"><a href=\"https:\/\/www.mma.fi\/\" target=\"_blank\" rel=\"noopener noreferrer\">Myynnin ja markkinoinnin ammattilaiset<\/a><br \/>\n<\/span> <span class=\"sisennys\"><a href=\"http:\/\/www.metsanhoitajat.fi\/\" target=\"_blank\" rel=\"noopener noreferrer\">Mets\u00e4nhoitajaliitto<\/a><br \/>\n<\/span> <span class=\"sisennys\"><a href=\"http:\/\/www.oaj.fi\/\" target=\"_blank\" rel=\"noopener noreferrer\">Opetusalan Ammattij\u00e4rjest\u00f6 OAJ<\/a><br \/>\n<\/span> <span class=\"sisennys\"><a href=\"http:\/\/www.professoriliitto.fi\/\" target=\"_blank\" rel=\"noopener noreferrer\">Professoriliitto<\/a><br \/>\n<\/span> <span class=\"sisennys\"><a href=\"http:\/\/www.paallystoliitto.fi\/\" target=\"_blank\" rel=\"noopener noreferrer\">P\u00e4\u00e4llyst\u00f6liitto<\/a><br \/>\n<\/span> <span class=\"sisennys\"><a href=\"http:\/\/www.talentia.fi\/\" target=\"_blank\" rel=\"noopener noreferrer\">Sosiaalialan korkeakoulutettujen ammattij\u00e4rjest\u00f6 Talentia<\/a><br \/>\n<\/span> <span class=\"sisennys\"><a href=\"http:\/\/www.safa.fi\/\" target=\"_blank\" rel=\"noopener noreferrer\">Suomen Arkkitehtiliitto SAFA<\/a><br \/>\n<\/span> <span class=\"sisennys\"><a href=\"https:\/\/www.ekonomit.fi\/etusivu\" target=\"_blank\" rel=\"noopener noreferrer\">Ekonomit<\/a><br \/>\n<\/span> <span class=\"sisennys\"><a href=\"http:\/\/www.sell.fi\/\" target=\"_blank\" rel=\"noopener noreferrer\">Suomen El\u00e4inl\u00e4\u00e4k\u00e4riliitto<\/a><br \/>\n<\/span> <span class=\"sisennys\"><a href=\"http:\/\/www.farmasialiitto.fi\/\" target=\"_blank\" rel=\"noopener noreferrer\">Suomen Farmasialiitto<\/a><br \/>\n<\/span> <span class=\"sisennys\"><a href=\"http:\/\/www.hammasll.fi\/\" target=\"_blank\" rel=\"noopener noreferrer\">Suomen Hammasl\u00e4\u00e4k\u00e4riliitto<\/a><br \/>\n<\/span> <span class=\"sisennys\"><a href=\"http:\/\/www.lakimiesliitto.fi\/\" target=\"_blank\" rel=\"noopener noreferrer\">Suomen Lakimiesliitto<\/a><br \/>\n<\/span> <span class=\"sisennys\"><a href=\"http:\/\/www.laakariliitto.fi\/\" target=\"_blank\" rel=\"noopener noreferrer\">Suomen L\u00e4\u00e4k\u00e4riliitto<\/a><br \/>\n<\/span> <span class=\"sisennys\"><a href=\"http:\/\/www.psyli.fi\/\" target=\"_blank\" rel=\"noopener noreferrer\">Suomen Psykologiliitto<\/a><br \/>\n<\/span> <span class=\"sisennys\"><a href=\"http:\/\/www.puheterapeuttiliitto.fi\/\" target=\"_blank\" rel=\"noopener noreferrer\">Suomen Puheterapeuttiliitto<\/a><br \/>\n<\/span> <span class=\"sisennys\"><a href=\"https:\/\/tyoterveyshoitajat.fi\/\">Suomen Ty\u00f6terveyshoitajaliitto ry<\/a><br \/>\n<\/span> <span class=\"sisennys\"><a href=\"http:\/\/www.sval.fi\/\" target=\"_blank\" rel=\"noopener noreferrer\">Suomen Valtiotieteilij\u00f6iden Liitto SVAL<\/a><br \/>\n<\/span> <span class=\"sisennys\"><a href=\"http:\/\/www.tek.fi\/\" target=\"_blank\" rel=\"noopener noreferrer\">Tekniikan Akateemisten Liitto TEK<\/a><br \/>\n<\/span> <span class=\"sisennys\"><a href=\"http:\/\/www.taja.fi\/\" target=\"_blank\" rel=\"noopener noreferrer\">Terveystieteiden akateemiset johtajat ja asiantuntijat<\/a><br \/>\n<\/span> <span class=\"sisennys\"><a href=\"http:\/\/www.tieteentekijoidenliitto.fi\/\" target=\"_blank\" rel=\"noopener noreferrer\">Tieteentekij\u00f6iden liitto<\/a><br \/>\n<\/span> <span class=\"sisennys\"><a href=\"http:\/\/www.tradenomiliitto.fi\/\" target=\"_blank\" rel=\"noopener noreferrer\">Tradenomiliitto TRAL<\/a><br \/>\n<\/span> <span class=\"sisennys\"><a href=\"http:\/\/www.upseeriliitto.fi\/\" target=\"_blank\" rel=\"noopener noreferrer\">Upseeriliitto<\/a><br \/>\n<\/span> <span class=\"sisennys\"><a href=\"http:\/\/www.ilry.fi\/portal\/page?_pageid=157,21369&amp;_dad=portal&amp;_schema=PORTAL\" target=\"_blank\" rel=\"noopener noreferrer\">Insin\u00f6\u00f6riliitto<\/a><br \/>\n<\/span> <span class=\"sisennys\"><a href=\"http:\/\/www.ykl.fi\/\" target=\"_blank\" rel=\"noopener noreferrer\">Ymp\u00e4rist\u00f6asiantuntijoiden Keskusliitto YKL<\/a><br \/>\n<\/span> <span class=\"sisennys\"><a href=\"https:\/\/www.yty.fi\/etusivu.html\" target=\"_blank\" rel=\"noopener noreferrer\">Yksityisalojen esimiehet ja asiantuntijat<\/a><br \/>\n<\/span> <span class=\"sisennys\"><a href=\"https:\/\/www.spjl.fi\/jasenyys\/jasenedut\/edunvalvonta\" target=\"_blank\" rel=\"noopener noreferrer\">Suomen Poliisij\u00e4rjest\u00f6jen liitto<\/a><br \/>\n<\/span><br \/>\nAmmattialojen yhteisty\u00f6j\u00e4rjest\u00f6j\u00e4<br \/>\n<a href=\"http:\/\/www.fimnet.fi\/\" target=\"_blank\" rel=\"noopener noreferrer\">L\u00e4\u00e4k\u00e4riliitot<\/a><br \/>\n<a href=\"http:\/\/www.apteekkariliitto.fi\/\" target=\"_blank\" rel=\"noopener noreferrer\">Apteekkariliitto<\/a><br \/>\n<a href=\"http:\/\/www.proviisoriyhdistys.net\/\" target=\"_blank\" rel=\"noopener noreferrer\">Suomen proviisoriyhdistys<\/a><br \/>\n<a href=\"https:\/\/www.stjm.fi\/\">Suomen tekstiili ja muoti ry<\/a><br \/>\n<a href=\"http:\/\/www.teknologiateollisuus.fi\/index.php\" target=\"_blank\" rel=\"noopener noreferrer\">Teknologiateollisuus<\/a><br \/>\n<a href=\"http:\/\/www.stul.fi\/\" target=\"_blank\" rel=\"noopener noreferrer\">S\u00e4hk\u00f6- ja teleurakoitsijaliitto<\/a><br \/>\n<a href=\"http:\/\/www.energia.fi\/fi\" target=\"_blank\" rel=\"noopener noreferrer\">Energiateollisuus<\/a><br \/>\n<a href=\"https:\/\/www.rakennusteollisuus.fi\/\" target=\"_blank\" rel=\"noopener noreferrer\">Rakennusteollisuus<\/a><br \/>\n<a href=\"https:\/\/www.pintaurakoitsijat.fi\/\" target=\"_blank\" rel=\"noopener noreferrer\">Pintaurakoitsijat ry<\/a><br \/>\n<a href=\"https:\/\/www.kemianteollisuus.fi\/\">Kemianteollisuus<\/a><br \/>\n<a href=\"http:\/\/www.luemuovia.net\/\" target=\"_blank\" rel=\"noopener noreferrer\">Muoviteollisuus<\/a><br \/>\n<a href=\"http:\/\/www.etl.fi\/\" target=\"_blank\" rel=\"noopener noreferrer\">Elintarviketeollisuus<\/a><br \/>\n<a href=\"http:\/\/www.autoalantiedotuskeskus.fi\/\" target=\"_blank\" rel=\"noopener noreferrer\">Autoala<\/a><br \/>\n<a href=\"https:\/\/www.metsateollisuus.fi\/\" target=\"_blank\" rel=\"noopener noreferrer\">Mets\u00e4teollisuus<\/a><br \/>\n<a href=\"http:\/\/www.agronet.fi\" target=\"_blank\" rel=\"noopener noreferrer\">Maatila- ja puutarhayritt\u00e4jien tietopalvelut<\/a><\/p>\n<p><a href=\"http:\/\/www.vr.fi\/\" target=\"_blank\" rel=\"noopener noreferrer\">VR<\/a><br \/>\n<a href=\"http:\/\/www.ilmailulaitos.com\/\" target=\"_blank\" rel=\"noopener noreferrer\">Ilmailulaitos<\/a><br \/>\n<a href=\"http:\/\/www.puolustusvoimat.fi\/fi\/\" target=\"_blank\" rel=\"noopener noreferrer\">Puolustusvoimat<\/a><br \/>\n<a href=\"http:\/\/www.raja.fi\/\" target=\"_blank\" rel=\"noopener noreferrer\">Rajavartiolaitos<\/a><br \/>\n<a href=\"http:\/\/www.tulli.fi\/\" target=\"_blank\" rel=\"noopener noreferrer\">Tulli<\/a><br \/>\n<a href=\"http:\/\/www.poliisi.fi\/\" target=\"_blank\" rel=\"noopener noreferrer\">Poliisi<\/a><br \/>\n<a href=\"http:\/\/www.pelastusopisto.fi\/\" target=\"_blank\" rel=\"noopener noreferrer\">Pelastusopisto<\/a><\/p>\n<p>Ty\u00f6nantajien etuj\u00e4rjest\u00f6j\u00e4<br \/>\n<a href=\"https:\/\/www.kt.fi\/\" target=\"_blank\" rel=\"noopener noreferrer\">KT Kuntaty\u00f6nantajat<\/a><br \/>\n<a href=\"https:\/\/evl.fi\/kirkontyomarkkinalaitos\" target=\"_blank\" rel=\"noopener noreferrer\">Kirkon ty\u00f6markkinalaitos<\/a><br \/>\n<a href=\"http:\/\/www.ek.fi\/\" target=\"_blank\" rel=\"noopener noreferrer\">EK Elinkeinoel\u00e4m\u00e4n keskusliitto<\/a><\/p>\n","protected":false},"excerpt":{"rendered":"<p>SAK Suomen Ammattiliittojen Keskusj\u00e4rjest\u00f6 www.sak.fi Aliupseeriliitto ry Auto- ja Kuljetusalan Ty\u00f6ntekij\u00e4liitto AKT ry Ilmailualan Unioni IAU ry Julkisten ja hyvinvointialojen liitto JHL ry Kaupanalan esimiesliitto KEY ry Teollisuusliitto Palvelualojen ammattiliitto PAM ry Paperiliitto ry Posti- ja logistiikka-alan unioni PAU ry Rajaurvallisuusunioini ry Rakennusliitto ry Rautatiel\u00e4isten Liitto ry Suomen Elintarvikety\u00f6l\u00e4isten Liitto SEL r.y. Suomen Lentoem\u00e4nt\u00e4- ja &hellip; <a href=\"https:\/\/blog.edu.turku.fi\/opo\/keskusjarjestoja-ammattiliittoja-ja-ammattialoja\/\" class=\"more-link\">Jatka lukemista<span class=\"screen-reader-text\"> &#8221;Ammattij\u00e4rjest\u00f6j\u00e4&#8221;<\/span><\/a><\/p>\n","protected":false},"author":138,"featured_media":0,"parent":0,"menu_order":0,"comment_status":"closed","ping_status":"closed","template":"","meta":{"footnotes":""},"class_list":["post-131","page","type-page","status-publish","hentry"],"_links":{"self":[{"href":"https:\/\/blog.edu.turku.fi\/opo\/wp-json\/wp\/v2\/pages\/131","targetHints":{"allow":["GET"]}}],"collection":[{"href":"https:\/\/blog.edu.turku.fi\/opo\/wp-json\/wp\/v2\/pages"}],"about":[{"href":"https:\/\/blog.edu.turku.fi\/opo\/wp-json\/wp\/v2\/types\/page"}],"author":[{"embeddable":true,"href":"https:\/\/blog.edu.turku.fi\/opo\/wp-json\/wp\/v2\/users\/138"}],"replies":[{"embeddable":true,"href":"https:\/\/blog.edu.turku.fi\/opo\/wp-json\/wp\/v2\/comments?post=131"}],"version-history":[{"count":11,"href":"https:\/\/blog.edu.turku.fi\/opo\/wp-json\/wp\/v2\/pages\/131\/revisions"}],"predecessor-version":[{"id":933,"href":"https:\/\/blog.edu.turku.fi\/opo\/wp-json\/wp\/v2\/pages\/131\/revisions\/933"}],"wp:attachment":[{"href":"https:\/\/blog.edu.turku.fi\/opo\/wp-json\/wp\/v2\/media?parent=131"}],"curies":[{"name":"wp","href":"https:\/\/api.w.org\/{rel}","templated":true}]}}