{"id":122,"date":"2020-12-09T16:36:43","date_gmt":"2020-12-09T14:36:43","guid":{"rendered":"https:\/\/blog.edu.turku.fi\/opo\/?page_id=122"},"modified":"2026-04-12T11:56:22","modified_gmt":"2026-04-12T08:56:22","slug":"videoita","status":"publish","type":"page","link":"https:\/\/blog.edu.turku.fi\/opo\/videoita\/","title":{"rendered":"Videoita"},"content":{"rendered":"<p><a href=\"https:\/\/youtu.be\/1BzCR4ckkPQ\">Suomen koulutusj\u00e4rjestelm\u00e4<\/a><\/p>\n<h2>Aloja ja opintoja<\/h2>\n<p><a href=\"https:\/\/youtu.be\/ELOurcEmu_0\">Elintarvikeala<\/a><\/p>\n<p><a href=\"https:\/\/youtu.be\/mKKPWkPXMGU\">Hius- ja kauneudenhoitoala<\/a><\/p>\n<p><a href=\"https:\/\/www.youtube.com\/watch?v=eJwEU0KC_1A\">Kone- ja tuotantotekniikka<\/a><\/p>\n<p><a href=\"https:\/\/www.youtube.com\/watch?v=pjVkAMKsc4c\">Laboratorioala<\/a><\/p>\n<p><a href=\"https:\/\/youtu.be\/bXvCwHwPqc0\">Liiketoiminta<\/a><\/p>\n<p><a href=\"https:\/\/youtu.be\/28mdgwrw528\">Sporttipolku (liiketoiminta)<\/a><\/p>\n<p><a href=\"https:\/\/www.youtube.com\/watch?v=lSTjwhEcFJk&amp;t=170s\">Logistiikka-ala<\/a><\/p>\n<p><a href=\"https:\/\/youtu.be\/jL_cVgxSOUc\">Maanmittausala<\/a><\/p>\n<p><a href=\"https:\/\/youtu.be\/81aVZVw_reE\">Matkailuala<\/a><\/p>\n<p><a href=\"https:\/\/youtu.be\/0Et15ijM1TY\">Media-ala<\/a><\/p>\n<p><a href=\"https:\/\/youtu.be\/fdqv7AGndfI\">Pintak\u00e4sittelyalan perustutkinto, maalari<\/a><\/p>\n<p><a href=\"https:\/\/youtu.be\/YPZLKF7yvhM\">Pintak\u00e4sittelyalan perustutkinto, pintak\u00e4sittelij\u00e4<\/a><\/p>\n<p><a href=\"https:\/\/youtu.be\/g3VPH6qoOwg\">Puhtaus- ja kiinteist\u00f6ala sek\u00e4 tekstiili- ja muotiala<\/a><\/p>\n<p><a href=\"https:\/\/youtu.be\/renmgy2bTRQ\">Rakennusala<\/a><\/p>\n<p><a href=\"https:\/\/youtu.be\/BPA0OamrqzA\">Ravintola- ja elintarvikeala<\/a><\/p>\n<p><a href=\"https:\/\/youtu.be\/hUCbJMJpKpw\">Sosiaali- ja terveysala, sairaanhoito ja huolenpito<\/a><\/p>\n<p><a href=\"https:\/\/youtu.be\/alAcHTaGmxI\">Sosiaali- ja terveysala, ik\u00e4\u00e4ntyvien hoito ja kuntoutus<\/a><\/p>\n<p><a href=\"https:\/\/youtu.be\/7cRmwbjNJHE\">S\u00e4hk\u00f6- ja automaatioala<\/a><\/p>\n<p><a href=\"https:\/\/youtu.be\/BO3jYZsVhCQ\">Taideteollisuusalan perustutkinto, sisustaja<\/a><\/p>\n<p><a href=\"https:\/\/www.youtube.com\/watch?v=v_RtkOAZ-lM\">Tekstiili- ja muotiala<\/a><\/p>\n<p><a href=\"https:\/\/youtu.be\/JAFkBh9p3CM\">Tieto- ja viestint\u00e4tekniikka<\/a><\/p>\n<p><a href=\"https:\/\/youtu.be\/yug759igbiM\">Kaksoistutkinto<\/a><\/p>\n<p><a href=\"https:\/\/youtu.be\/NWZxjuXlpAw\">Luostarivuoren Lyseon lukio<\/a><\/p>\n<p><a href=\"https:\/\/blog.edu.turku.fi\/klassillinen\/hakijalle\/esittelyillat\/\">Turun Klassillinen lukio<\/a><\/p>\n<p><a href=\"https:\/\/youtu.be\/jDMl4yhxYP4\">Puolalanm\u00e4en lukio<\/a><\/p>\n<p><a href=\"https:\/\/www.youtube.com\/watch?v=VK9coTYaKpQ&amp;pp=ygUUUHVvbGFsYW5tw6RlbiBsdWtpbyA%3D\">Puolalanm\u00e4en lukio, musiikkilinja<\/a><\/p>\n<p><a href=\"https:\/\/youtu.be\/qXPnkJY2QAM\">TSYK, luonnontiedelinja<\/a><\/p>\n<p><a href=\"https:\/\/www.youtube.com\/watch?v=fDGHJ8442mk&amp;feature=youtu.be\">TSYK, merilinja<\/a><\/p>\n<p><a href=\"https:\/\/www.youtube.com\/watch?v=T1bcH2p-pcI&amp;pp=ygUPS2VydHR1bGluIGx1a2lv\">Kerttulin lukio<\/a><\/p>\n<p><a href=\"https:\/\/youtu.be\/jvjSoqlJB6g\">Kerttulin lukio, urheilulinja<\/a><\/p>\n<h3>Urasuunnittelutaidot<\/h3>\n<p><strong><a href=\"https:\/\/www.youtube.com\/@tyomarkkinatori560\">Ty\u00f6markkinatori<\/a><\/strong><\/p>\n<ul>\n<li style=\"list-style-type: none\">\n<ul>\n<li><a href=\"https:\/\/www.youtube.com\/watch?v=_EMaCJqCEQE\">Kohti uutta suuntaa<\/a><\/li>\n<li><a href=\"https:\/\/www.youtube.com\/watch?v=tcueYa6dUuM\">Oivalluksia oman n\u00e4k\u00f6iseen urapolkuun<\/a><\/li>\n<li><a href=\"https:\/\/www.youtube.com\/watch?v=5FN4NDkOUjA\">Tartu rohkeasti uusiin mahdollisuuksiin<\/a><\/li>\n<\/ul>\n<\/li>\n<\/ul>\n<p><strong><a href=\"https:\/\/www.youtube.com\/@hyriakoulutus4416\">Hyria<\/a><\/strong><\/p>\n<ul>\n<li><a href=\"https:\/\/www.youtube.com\/watch?v=uTpc-JI7PFw&amp;list=PLM9RD44oRLjExTinfb_78j632Qiirk0Ah&amp;index=2\">Urasuunnittelutaidot<\/a>\n<ul>\n<li><a href=\"https:\/\/www.youtube.com\/watch?v=vijGoG4uLbA&amp;list=PLM9RD44oRLjExTinfb_78j632Qiirk0Ah&amp;index=2&amp;pp=iAQB\">Itsetuntemus<\/a><\/li>\n<li><a href=\"https:\/\/youtu.be\/0X42yIzKBxg?list=PLM9RD44oRLjExTinfb_78j632Qiirk0Ah\">Osaamisidentiteetti<\/a><\/li>\n<li><a href=\"https:\/\/youtu.be\/5m7bqy2BXt0?list=PLM9RD44oRLjExTinfb_78j632Qiirk0Ah\">Oma tulevaisuus ja muutoskyky<\/a><\/li>\n<li><a href=\"https:\/\/youtu.be\/acL73cGQD-A?list=PLM9RD44oRLjExTinfb_78j632Qiirk0Ah\">Toimintaymp\u00e4rist\u00f6<\/a><\/li>\n<li><a href=\"https:\/\/youtu.be\/i_fDx3v-UCM?list=PLM9RD44oRLjExTinfb_78j632Qiirk0Ah\">Vuorovaikutus<\/a><\/li>\n<li><a href=\"https:\/\/youtu.be\/sYRaazr4qiM?list=PLM9RD44oRLjExTinfb_78j632Qiirk0Ah\">Tulevaisuuden hahmottaminen\u00a0<\/a><\/li>\n<\/ul>\n<\/li>\n<\/ul>\n<p><strong><a href=\"https:\/\/www.youtube.com\/@kunkoululoppuu\">Kun koulu loppuu<\/a><\/strong><\/p>\n<ul>\n<li style=\"list-style-type: none\">\n<ul>\n<li><a href=\"https:\/\/www.youtube.com\/watch?v=W8ZCn_7F3DQ&amp;pp=0gcJCQMKAYcqIYzv\">Tee unelmista totta<\/a><\/li>\n<li><a href=\"https:\/\/www.youtube.com\/watch?v=VHGXyKK_n-8\">Rohkeus<\/a><\/li>\n<\/ul>\n<\/li>\n<\/ul>\n<p>&nbsp;<\/p>\n<h2>TET<\/h2>\n<p><a href=\"https:\/\/www.youtube.com\/watch?v=J5GnPewHemo&amp;t=15s\" target=\"_blank\" rel=\"noopener noreferrer\">Ty\u00f6el\u00e4m\u00e4\u00e4n tutustuminen<\/a><br \/>\n<a href=\"https:\/\/www.youtube.com\/watch?v=OKpyKsXbXCI\" target=\"_blank\" rel=\"noopener noreferrer\">TET-tori oppilaille<\/a><br \/>\n<a href=\"https:\/\/www.youtube.com\/watch?v=wRWMN3QhxK4&amp;t=36s\" target=\"_blank\" rel=\"noopener noreferrer\">TET-tori yrityksille<\/a><\/p>\n<h3>Taitaja9<\/h3>\n<p><a href=\"https:\/\/www.youtube.com\/watch?v=G3S-iF6af2k&amp;t=83s\" target=\"_blank\" rel=\"noopener noreferrer\">Taitaja9<\/a><\/p>\n<h3>Oppilaanohjaukseen<\/h3>\n<p><a href=\"https:\/\/www.youtube.com\/watch?v=3SKGVGoM1Eo&amp;t=16s\" target=\"_blank\" rel=\"noopener noreferrer\">Mit\u00e4 o<\/a><a href=\"https:\/\/www.youtube.com\/watch?v=3SKGVGoM1Eo&amp;t=16s\" target=\"_blank\" rel=\"noopener noreferrer\">n opp<\/a><a href=\"https:\/\/www.youtube.com\/watch?v=3SKGVGoM1Eo&amp;t=16s\" target=\"_blank\" rel=\"noopener noreferrer\">ilaanohjaus?<\/a><br \/>\n<a href=\"https:\/\/www.youtube.com\/watch?v=TGMfZlFvf-o&amp;t=32s\" target=\"_blank\" rel=\"noopener noreferrer\">Koulutusj\u00e4rjestelm\u00e4<\/a><br \/>\n<a href=\"https:\/\/www.youtube.com\/watch?v=nQbN4FOy5hs&amp;t=47s\" target=\"_blank\" rel=\"noopener noreferrer\">Koulutusalat<\/a><br \/>\n<a href=\"https:\/\/www.youtube.com\/watch?v=6yA3tOTCFpo&amp;t=205s\" target=\"_blank\" rel=\"noopener noreferrer\">Oppilaanohjaus ja ty\u00f6el\u00e4m\u00e4<\/a><\/p>\n<h3>Opintopolku<\/h3>\n<p class=\"leipateksti\"><a href=\"https:\/\/www.youtube.com\/user\/Opintopolku\/videos\" target=\"_blank\" rel=\"noopener noreferrer\">Opintopolku-sivuston videot<\/a><\/p>\n<h3 class=\"leipateksti\">Ammattilaisia<\/h3>\n<p class=\"leipateksti\"><a href=\"http:\/\/oppiminen.yle.fi\/tyoelama\/ammattilainen\" target=\"_blank\" rel=\"noopener noreferrer\">opettajatv.yle.fi<\/a><br \/>\n<a href=\"https:\/\/www.youtube.com\/kunkoululoppuu\" target=\"_blank\" rel=\"noopener noreferrer\">www.kunkoululoppuu.fi<\/a><\/p>\n","protected":false},"excerpt":{"rendered":"<p>Suomen koulutusj\u00e4rjestelm\u00e4 Aloja ja opintoja Elintarvikeala Hius- ja kauneudenhoitoala Kone- ja tuotantotekniikka Laboratorioala Liiketoiminta Sporttipolku (liiketoiminta) Logistiikka-ala Maanmittausala Matkailuala Media-ala Pintak\u00e4sittelyalan perustutkinto, maalari Pintak\u00e4sittelyalan perustutkinto, pintak\u00e4sittelij\u00e4 Puhtaus- ja kiinteist\u00f6ala sek\u00e4 tekstiili- ja muotiala Rakennusala Ravintola- ja elintarvikeala Sosiaali- ja terveysala, sairaanhoito ja huolenpito Sosiaali- ja terveysala, ik\u00e4\u00e4ntyvien hoito ja kuntoutus S\u00e4hk\u00f6- ja automaatioala Taideteollisuusalan perustutkinto, &hellip; <a href=\"https:\/\/blog.edu.turku.fi\/opo\/videoita\/\" class=\"more-link\">Jatka lukemista<span class=\"screen-reader-text\"> &#8221;Videoita&#8221;<\/span><\/a><\/p>\n","protected":false},"author":138,"featured_media":0,"parent":0,"menu_order":0,"comment_status":"closed","ping_status":"closed","template":"","meta":{"footnotes":""},"class_list":["post-122","page","type-page","status-publish","hentry"],"_links":{"self":[{"href":"https:\/\/blog.edu.turku.fi\/opo\/wp-json\/wp\/v2\/pages\/122","targetHints":{"allow":["GET"]}}],"collection":[{"href":"https:\/\/blog.edu.turku.fi\/opo\/wp-json\/wp\/v2\/pages"}],"about":[{"href":"https:\/\/blog.edu.turku.fi\/opo\/wp-json\/wp\/v2\/types\/page"}],"author":[{"embeddable":true,"href":"https:\/\/blog.edu.turku.fi\/opo\/wp-json\/wp\/v2\/users\/138"}],"replies":[{"embeddable":true,"href":"https:\/\/blog.edu.turku.fi\/opo\/wp-json\/wp\/v2\/comments?post=122"}],"version-history":[{"count":29,"href":"https:\/\/blog.edu.turku.fi\/opo\/wp-json\/wp\/v2\/pages\/122\/revisions"}],"predecessor-version":[{"id":950,"href":"https:\/\/blog.edu.turku.fi\/opo\/wp-json\/wp\/v2\/pages\/122\/revisions\/950"}],"wp:attachment":[{"href":"https:\/\/blog.edu.turku.fi\/opo\/wp-json\/wp\/v2\/media?parent=122"}],"curies":[{"name":"wp","href":"https:\/\/api.w.org\/{rel}","templated":true}]}}