{"id":105,"date":"2020-12-09T16:31:43","date_gmt":"2020-12-09T14:31:43","guid":{"rendered":"https:\/\/blog.edu.turku.fi\/opo\/?page_id=105"},"modified":"2025-12-01T14:01:39","modified_gmt":"2025-12-01T12:01:39","slug":"korkea-asteen-koulutusvalinta","status":"publish","type":"page","link":"https:\/\/blog.edu.turku.fi\/opo\/korkea-asteen-koulutusvalinta\/","title":{"rendered":"Korkea-aste"},"content":{"rendered":"<h2><img loading=\"lazy\" decoding=\"async\" class=\"alignnone wp-image-139\" src=\"https:\/\/blog.edu.turku.fi\/opo\/files\/2020\/12\/DSC02157-2-300x201.jpg\" alt=\"\" width=\"341\" height=\"229\" srcset=\"https:\/\/blog.edu.turku.fi\/opo\/files\/2020\/12\/DSC02157-2-300x201.jpg 300w, https:\/\/blog.edu.turku.fi\/opo\/files\/2020\/12\/DSC02157-2.jpg 1024w\" sizes=\"auto, (max-width: 341px) 85vw, 341px\" \/><\/h2>\n<h2>Yliopistot<\/h2>\n<p><a href=\"https:\/\/www.utu.fi\/fi\/opiskelijaksi\" target=\"_blank\" rel=\"noopener noreferrer\">Turun yliopisto, hakijan sivu<\/a><br \/>\n<a href=\"http:\/\/www.abo.fi\/ansok\/sv\" target=\"_blank\" rel=\"noopener noreferrer\">Abo Akademi<\/a><\/p>\n<p><a href=\"http:\/\/www.helsinki.fi\/opiskelijaksi\/tutustu_hyn_ainevalikoimaan.html\" target=\"_blank\" rel=\"noopener noreferrer\">Helsingin yliopisto<\/a><br \/>\n<span class=\"sisennys\"><a href=\"http:\/\/www.vetmed.helsinki.fi\/\" target=\"_blank\" rel=\"noopener noreferrer\">Helsingin yliopiston elainlaaketieteellinen tiedekunta<\/a><br \/>\n<\/span><span class=\"sisennys\"><a href=\"https:\/\/www.helsinki.fi\/fi\/maatalous-metsatieteellinen-tiedekunta?gclid=CjwKCAiA_ojVBRAlEiwAOLRxIyffQJEuRP2Mcxb23wyDAAMBiSjUsIwxpnU_m91THGWrkVe3bhk-XBoCASMQAvD_BwE\" target=\"_blank\" rel=\"noopener noreferrer\">Helsingin yliopiston maatalous-metsatieteellinen tiedekunta<\/a><br \/>\n<\/span><span class=\"sisennys\"><a href=\"http:\/\/www.vetmed.helsinki.fi\/opiskelu\/index.html\" target=\"_blank\" rel=\"noopener noreferrer\">El\u00e4inl\u00e4\u00e4ketieteellinen tiedekunta<\/a><br \/>\n<a href=\"http:\/\/www.helsinki.fi\/farmasia\/opiskelu\/index.htm\" target=\"_blank\" rel=\"noopener noreferrer\">Farmasian tiedekunta<\/a><\/span><\/p>\n<p><a href=\"http:\/\/www.aalto.fi\/fi\/studies\/\" target=\"_blank\" rel=\"noopener noreferrer\">Taideteollinen ala, Aalto yliopisto<\/a><br \/>\n<a href=\"http:\/\/www.aalto.fi\/fi\/studies\/\" target=\"_blank\" rel=\"noopener noreferrer\">Teknillistieteellinen ala, Aalto yliopisto<\/a><br \/>\n<a href=\"http:\/\/www.siba.fi\/\" target=\"_blank\" rel=\"noopener noreferrer\">Sibelius Akatemia<\/a><br \/>\n<a href=\"http:\/\/www.kuva.fi\/fi\/opiskelu\/haku-opiskelemaan\/\" target=\"_blank\" rel=\"noopener noreferrer\">Kuvataideakatemia<\/a><br \/>\n<a href=\"http:\/\/www.teak.fi\/\" target=\"_blank\" rel=\"noopener noreferrer\">Teatterikorkeakoulu<\/a><br \/>\n<a href=\"http:\/\/maanpuolustuskorkeakoulu.fi\/etusivu\" target=\"_blank\" rel=\"noopener noreferrer\">Maanpuolustuskorkeakoulu<\/a><\/p>\n<p><a href=\"http:\/\/www.uta.fi\/\" target=\"_blank\" rel=\"noopener noreferrer\">Tampereen yliopisto<\/a><br \/>\n<a href=\"http:\/\/www.jyu.fi\/\" target=\"_blank\" rel=\"noopener noreferrer\">Jyv\u00e4skyl\u00e4n yliopisto<\/a><\/p>\n<p><a href=\"http:\/\/minedu.fi\/yliopistot\" target=\"_blank\" rel=\"noopener noreferrer\">Yliopistot Suomessa<\/a><br \/>\n<a href=\"https:\/\/www.yliopistokoulutus.fi\/\" target=\"_blank\" rel=\"noopener noreferrer\">Yliopistokoulutukset Suomessa ja muualla<\/a><br \/>\n<a href=\"https:\/\/korkeakouluun.com\">Lukion ainevalinta ja yliopistot<\/a><\/p>\n<h2>Ammattikorkeakoulut<\/h2>\n<p><a href=\"https:\/\/www.turkuamk.fi\/fi\/tutkinnot-ja-opiskelu\/tutkinnot\/#!csrfmiddlewaretoken=skSuH5r9qhR6uCh73YF2Mqtukd6X9jbO&amp;sort=0\" target=\"_blank\" rel=\"noopener noreferrer\">Turun ammattikorkeakoulu, tutkinnot ja opiskelu<\/a><br \/>\n<a href=\"https:\/\/www.diak.fi\/hakeminen\/\" target=\"_blank\" rel=\"noopener noreferrer\">Diakonia ammattikorkeakoulu, hakeminen<\/a><br \/>\n<a href=\"https:\/\/www.novia.fi\/fi\/\" target=\"_blank\" rel=\"noopener noreferrer\">Yrkeshgskolan NOVIA<\/a><\/p>\n<p><a href=\"http:\/\/minedu.fi\/ammattikorkeakoulut\" target=\"_blank\" rel=\"noopener noreferrer\">Ammattikorkeakoulut Suomessa<\/a><\/p>\n<p><a href=\"http:\/\/www.virtuaaliamk.fi\/avoin\/fi\/\" target=\"_blank\" rel=\"noopener noreferrer\">Avoin ammattikorkeakoulu<\/a><br \/>\n<a href=\"http:\/\/www.avoinyliopisto.fi\/\" target=\"_blank\" rel=\"noopener noreferrer\">Avoin yliopisto<\/a><\/p>\n<p><a href=\"https:\/\/finaa.fi\/koulutukset\/lentajan-koulutus\/ammattilentajan-opinnot\/\">Liikennelent\u00e4j\u00e4n koulutus<\/a><br \/>\n<a href=\"http:\/\/www.raja.fi\/rmvk\" target=\"_blank\" rel=\"noopener noreferrer\">Raja- ja merivartiokoulu<\/a><br \/>\n<a href=\"http:\/\/www.pelastusopisto.fi\/\" target=\"_blank\" rel=\"noopener noreferrer\">Pelastusopisto<\/a><br \/>\n<a href=\"http:\/\/www.polamk.fi\/\" target=\"_blank\" rel=\"noopener noreferrer\">Poliisialan koulutus<\/a><\/p>\n<h2>Hakeminen<\/h2>\n<p><a href=\"http:\/\/www.dia.fi\/\" target=\"_blank\" rel=\"noopener noreferrer\">Yhteisvalinta diplomi-insin\u00f6\u00f6ri ja arkkitehtikoulutukseen, www.dia.fi<\/a><\/p>\n<p><a href=\"http:\/\/www.laaketieteelliset.fi\/\" target=\"_blank\" rel=\"noopener noreferrer\">Yhteisvalinta l\u00e4\u00e4k\u00e4ri-, hammasl\u00e4\u00e4k\u00e4ri- ja el\u00e4inl\u00e4\u00e4k\u00e4rikoulutuksiin, www.laaketieteelliset.fi<\/a><\/p>\n<p><a href=\"http:\/\/www.kauppatieteet.fi\/\" target=\"_blank\" rel=\"noopener noreferrer\">Yhteisvalinta kauppatieteelliselle alalle, www.kauppatieteet.fi<\/a><\/p>\n<p><a href=\"https:\/\/www.oikeustieteet.fi\/\" target=\"_blank\" rel=\"noopener noreferrer\">Yhteisvalinta oikeustieteelliselle alalle, www.oikeustieteet.fi<\/a><\/p>\n<p><a href=\"https:\/\/www.helsinki.fi\/fi\/verkostot\/vakava\" target=\"_blank\" rel=\"noopener noreferrer\">Yhteisvalinta kasvatusalalle, VAKAVA-verkosto<\/a><\/p>\n<p><a href=\"https:\/\/www.utu.fi\/fi\/opiskelijaksi\/hakeminen\" target=\"_blank\" rel=\"noopener noreferrer\">Turun yliopistoon hakeminen<\/a><\/p>\n<p><a href=\"https:\/\/www.abo.fi\/fi\/opiskelemeilla\/\" target=\"_blank\" rel=\"noopener noreferrer\">Abo Akademiin opiskelijavalinta<\/a><\/p>\n<p><a href=\"http:\/\/www.dia.fi\/\" target=\"_blank\" rel=\"noopener noreferrer\">Diplomi-insin\u00f6\u00f6ri ja arkkitehtikoulutuksen yhteisvalinta<\/a><\/p>\n<p><a href=\"http:\/\/www.kauppatieteet.fi\/\" target=\"_blank\" rel=\"noopener noreferrer\">Kauppatieteellisenalan yhteisvalinta<\/a><\/p>\n<p><a href=\"http:\/\/www.helsinki.fi\/opiskelijaksi\/index.html\" target=\"_blank\" rel=\"noopener noreferrer\">Helsingin yliopiston opiskelijavalinta<\/a><\/p>\n<p><a href=\"http:\/\/www.siba.fi\/how-to-apply\/bachelors-and-masters-degrees\" target=\"_blank\" rel=\"noopener noreferrer\">Sibelius-Akatemian opiskelijavalinta<\/a><\/p>\n<p><a href=\"https:\/\/www.uniarts.fi\/hae-opiskelijaksi\/\">Teatterikorkeakouluun pyrkiminen<\/a><\/p>\n<p><a href=\"http:\/\/arts.aalto.fi\/fi\/studies\/\" target=\"_blank\" rel=\"noopener noreferrer\">Opiskelijaksi Taideteolliselle alalle, Aalto yliopisto<\/a><\/p>\n<p><a href=\"https:\/\/www.jyu.fi\/fi\/tule-opiskelemaan\/kandidaatti-ja-maisteriohjelmat\">Jyv\u00e4skyl\u00e4n yliopiston kanditaatti- ja maisteriohjelmat (esim. liikuntatieteellinen)<\/a><\/p>\n<p>&nbsp;<\/p>\n","protected":false},"excerpt":{"rendered":"<p>Yliopistot Turun yliopisto, hakijan sivu Abo Akademi Helsingin yliopisto Helsingin yliopiston elainlaaketieteellinen tiedekunta Helsingin yliopiston maatalous-metsatieteellinen tiedekunta El\u00e4inl\u00e4\u00e4ketieteellinen tiedekunta Farmasian tiedekunta Taideteollinen ala, Aalto yliopisto Teknillistieteellinen ala, Aalto yliopisto Sibelius Akatemia Kuvataideakatemia Teatterikorkeakoulu Maanpuolustuskorkeakoulu Tampereen yliopisto Jyv\u00e4skyl\u00e4n yliopisto Yliopistot Suomessa Yliopistokoulutukset Suomessa ja muualla Lukion ainevalinta ja yliopistot Ammattikorkeakoulut Turun ammattikorkeakoulu, tutkinnot ja opiskelu Diakonia &hellip; <a href=\"https:\/\/blog.edu.turku.fi\/opo\/korkea-asteen-koulutusvalinta\/\" class=\"more-link\">Jatka lukemista<span class=\"screen-reader-text\"> &#8221;Korkea-aste&#8221;<\/span><\/a><\/p>\n","protected":false},"author":138,"featured_media":0,"parent":0,"menu_order":0,"comment_status":"closed","ping_status":"closed","template":"","meta":{"footnotes":""},"class_list":["post-105","page","type-page","status-publish","hentry"],"_links":{"self":[{"href":"https:\/\/blog.edu.turku.fi\/opo\/wp-json\/wp\/v2\/pages\/105","targetHints":{"allow":["GET"]}}],"collection":[{"href":"https:\/\/blog.edu.turku.fi\/opo\/wp-json\/wp\/v2\/pages"}],"about":[{"href":"https:\/\/blog.edu.turku.fi\/opo\/wp-json\/wp\/v2\/types\/page"}],"author":[{"embeddable":true,"href":"https:\/\/blog.edu.turku.fi\/opo\/wp-json\/wp\/v2\/users\/138"}],"replies":[{"embeddable":true,"href":"https:\/\/blog.edu.turku.fi\/opo\/wp-json\/wp\/v2\/comments?post=105"}],"version-history":[{"count":13,"href":"https:\/\/blog.edu.turku.fi\/opo\/wp-json\/wp\/v2\/pages\/105\/revisions"}],"predecessor-version":[{"id":925,"href":"https:\/\/blog.edu.turku.fi\/opo\/wp-json\/wp\/v2\/pages\/105\/revisions\/925"}],"wp:attachment":[{"href":"https:\/\/blog.edu.turku.fi\/opo\/wp-json\/wp\/v2\/media?parent=105"}],"curies":[{"name":"wp","href":"https:\/\/api.w.org\/{rel}","templated":true}]}}