{"id":4,"date":"2021-10-13T15:22:58","date_gmt":"2021-10-13T12:22:58","guid":{"rendered":"https:\/\/blog.edu.turku.fi\/oikeusosallistua\/?page_id=4"},"modified":"2021-10-15T15:22:38","modified_gmt":"2021-10-15T12:22:38","slug":"painopistealueet","status":"publish","type":"page","link":"https:\/\/blog.edu.turku.fi\/oikeusosallistua\/painopistealueet\/","title":{"rendered":"Painopistealueet"},"content":{"rendered":"<p>Oikeus osallistua -hankkeen tavoitteena on tukea oppilaitosten opiskelija- ja opiskelijakuntatoimintaa, lis\u00e4t\u00e4 oppilaitosten yhteis\u00f6llisyytt\u00e4 ja opiskelijoiden osallisuutta sek\u00e4 vahvistaa oppilaitosten turvallisuuskulttuuria.<\/p>\n<p>Opiskelijatoimintaa kehitet\u00e4\u00e4n markkinointia tehostamalla digitaalisuutta hy\u00f6dynt\u00e4en. Opiskelijoiden vaikuttamis- ja palauteprosesseja kehitet\u00e4\u00e4n ja opintoihin kiinnittymist\u00e4 vahvistetaan ryhm\u00e4ytt\u00e4misk\u00e4yt\u00e4nt\u00f6j\u00e4 ja vertaisohjausta kehitt\u00e4m\u00e4ll\u00e4. Hankkeessa parannetaan my\u00f6s opetus- ja ohjaushenkil\u00f6st\u00f6n vuorovaikutustaitoja ja kehitet\u00e4\u00e4n oppilaitoksissa teht\u00e4v\u00e4\u00e4 nuorisoty\u00f6t\u00e4.<\/p>\n<p>Turvallisuuskulttuuria kehitet\u00e4\u00e4n turvallisuussuunnittelun tueksi kehitett\u00e4v\u00e4ll\u00e4 mallilla, prosesseja uudistamalla ja turvallisuuskulttuurin jalkauttamisella opiskelijoiden arkeen mm. turvallisuusk\u00e4velyin ja pelillisyytt\u00e4 hy\u00f6dynt\u00e4en. Erityist\u00e4 huomiota kiinnitet\u00e4\u00e4n nettikiusaamisen ja radikalisoitumisen v\u00e4hent\u00e4misen toimintamalleihin.<\/p>\n<p><strong>Painospitealueet:<\/strong><\/p>\n<p>2.1 Opiskelijoiden vaikuttamismahdollisuuksien ja opiskelijakuntatoiminnan kehitt\u00e4minen<\/p>\n<p style=\"padding-left: 40px\">Painopisteen 2.1 tavoitteena on taata kaikille opiskelijoille mahdollisuus osallistua<br \/>\noppilaitoksen kehitt\u00e4miseen joko opiskelijakuntatoiminnan kautta tai muita palautekanavia hy\u00f6dynt\u00e4en (ml. palauteprosessien ja arviointien selkeytt\u00e4minen). Osatoteuttajilla on tarve my\u00f6s yhten\u00e4ist\u00e4\u00e4 toimintaa, luoda uusia markkinointitapoja osallistumisen lis\u00e4\u00e4miseksi ja parantaa opiskelijatoiminnan digitaalisia toimintaedellytyksi\u00e4. Hankeverkostossa t\u00e4t\u00e4 painopistett\u00e4 kehitt\u00e4v\u00e4t TAI ja Sataedu.<\/p>\n<p>2.3 Yhteis\u00f6llisen toimintakulttuurin vahvistaminen<\/p>\n<p style=\"padding-left: 40px\">Painopisteen 2.3 tavoitteena on oppilaitosten yhteis\u00f6llisyyden, opiskelijoiden osallisuuden ja opiskelu-hyvinvoinnin lis\u00e4\u00e4minen huomioimalla eri opiskelijaryhmien tarpeet ja erilaiset opiskelutavat. Kehitt\u00e4-misess\u00e4 painopiste on opintoihin kiinnittymisess\u00e4, eri opiskelijaryhmien ryhm\u00e4ytt\u00e4misiss\u00e4, erilaisten tukimallien kehitt\u00e4misess\u00e4, kest\u00e4v\u00e4n kehityksen n\u00e4k\u00f6kulman huomioimisessa sek\u00e4 vuorovaikutus-osaamisen lis\u00e4\u00e4misess\u00e4. Yhten\u00e4 kehitt\u00e4miskohteena on my\u00f6s nuorisoty\u00f6n saatavuuden lis\u00e4\u00e4minen oppilaitoksissa. Painopisteen kehitt\u00e4misess\u00e4 ovat mukana TAI, Sataedu, SSKKY ja TKO.<\/p>\n<p>2.4 Ammatillisen koulutuksen turvallisuuskulttuurin kehitt\u00e4minen<\/p>\n<p style=\"padding-left: 40px\">Painopisteen 2.4 kehitt\u00e4misen tavoitteena on oppilaitosten turvallisuuskulttuurin tietoisuuden ja turvallisuusosaamisen lis\u00e4\u00e4ntyminen. Tavoitteena on my\u00f6s turvallisuuden eri osa-alueiden toimintamallien laatiminen ja opiskelijoiden turvallisuuden tunteen lis\u00e4\u00e4minen. Huomiota kiinnitet\u00e4\u00e4n my\u00f6s turvallisuusk\u00e4yt\u00e4nt\u00f6jen, -suunnitelmien ja turvallisuusjohtamisen p\u00e4ivitt\u00e4miseen. Painopisteen kehitt\u00e4misess\u00e4 ovat mukana kaikki koulutuksen j\u00e4rjest\u00e4j\u00e4t<\/p>\n","protected":false},"excerpt":{"rendered":"<p>Oikeus osallistua -hankkeen tavoitteena on tukea oppilaitosten opiskelija- ja opiskelijakuntatoimintaa, lis\u00e4t\u00e4 oppilaitosten yhteis\u00f6llisyytt\u00e4 ja opiskelijoiden osallisuutta sek\u00e4 vahvistaa oppilaitosten turvallisuuskulttuuria. Opiskelijatoimintaa kehitet\u00e4\u00e4n markkinointia tehostamalla digitaalisuutta hy\u00f6dynt\u00e4en. Opiskelijoiden vaikuttamis- ja palauteprosesseja kehitet\u00e4\u00e4n ja opintoihin kiinnittymist\u00e4 vahvistetaan ryhm\u00e4ytt\u00e4misk\u00e4yt\u00e4nt\u00f6j\u00e4 ja vertaisohjausta kehitt\u00e4m\u00e4ll\u00e4. Hankkeessa parannetaan my\u00f6s opetus- ja ohjaushenkil\u00f6st\u00f6n vuorovaikutustaitoja ja kehitet\u00e4\u00e4n oppilaitoksissa teht\u00e4v\u00e4\u00e4 nuorisoty\u00f6t\u00e4. Turvallisuuskulttuuria kehitet\u00e4\u00e4n turvallisuussuunnittelun tueksi &hellip; <a href=\"https:\/\/blog.edu.turku.fi\/oikeusosallistua\/painopistealueet\/\" class=\"more-link\">Jatka lukemista<span class=\"screen-reader-text\"> &#8221;Painopistealueet&#8221;<\/span><\/a><\/p>\n","protected":false},"author":9,"featured_media":0,"parent":0,"menu_order":0,"comment_status":"closed","ping_status":"closed","template":"","meta":{"footnotes":""},"class_list":["post-4","page","type-page","status-publish","hentry"],"_links":{"self":[{"href":"https:\/\/blog.edu.turku.fi\/oikeusosallistua\/wp-json\/wp\/v2\/pages\/4","targetHints":{"allow":["GET"]}}],"collection":[{"href":"https:\/\/blog.edu.turku.fi\/oikeusosallistua\/wp-json\/wp\/v2\/pages"}],"about":[{"href":"https:\/\/blog.edu.turku.fi\/oikeusosallistua\/wp-json\/wp\/v2\/types\/page"}],"author":[{"embeddable":true,"href":"https:\/\/blog.edu.turku.fi\/oikeusosallistua\/wp-json\/wp\/v2\/users\/9"}],"replies":[{"embeddable":true,"href":"https:\/\/blog.edu.turku.fi\/oikeusosallistua\/wp-json\/wp\/v2\/comments?post=4"}],"version-history":[{"count":3,"href":"https:\/\/blog.edu.turku.fi\/oikeusosallistua\/wp-json\/wp\/v2\/pages\/4\/revisions"}],"predecessor-version":[{"id":48,"href":"https:\/\/blog.edu.turku.fi\/oikeusosallistua\/wp-json\/wp\/v2\/pages\/4\/revisions\/48"}],"wp:attachment":[{"href":"https:\/\/blog.edu.turku.fi\/oikeusosallistua\/wp-json\/wp\/v2\/media?parent=4"}],"curies":[{"name":"wp","href":"https:\/\/api.w.org\/{rel}","templated":true}]}}