{"id":12,"date":"2021-10-13T15:23:39","date_gmt":"2021-10-13T12:23:39","guid":{"rendered":"https:\/\/blog.edu.turku.fi\/oikeusosallistua\/?page_id=12"},"modified":"2024-05-14T08:41:11","modified_gmt":"2024-05-14T05:41:11","slug":"materiaalit","status":"publish","type":"page","link":"https:\/\/blog.edu.turku.fi\/oikeusosallistua\/materiaalit\/","title":{"rendered":"Materiaalit"},"content":{"rendered":"<h3>Osallisuuden edist\u00e4minen<\/h3>\n<ul>\n<li>\u201d<a href=\"https:\/\/drive.google.com\/file\/d\/1Q0DPaxMO7_FgFtVbMcM-AlA63m2OTQYA\/view?usp=sharing\" target=\"_blank\" rel=\"noopener\">Osallistu s\u00e4kin<\/a>\u201d \u2013 flyer opiskelijoille jaettavaksi AmisAlkaa tunneilla (TAI)<\/li>\n<li>TAIrivial osallisuuslautapeli(TAI)\n<ul>\n<li><a href=\"https:\/\/drive.google.com\/file\/d\/1R3Jn9OQXv3p2pn82vHKPUWUZa8xLLQEx\/view?usp=sharing\" target=\"_blank\" rel=\"noopener\">pelilauta Lisenssi: CC BY-NC-ND-SA<\/a><\/li>\n<li><a href=\"https:\/\/drive.google.com\/file\/d\/1rryxYhdI6zogk_uYkdw6sP4moNPjRhEy\/view?usp=sharing\" target=\"_blank\" rel=\"noopener\">pelikortit<\/a><\/li>\n<li>peliohjeet<\/li>\n<\/ul>\n<\/li>\n<\/ul>\n<h3>Yhteis\u00f6llisyyden vahvistaminen<\/h3>\n<ul>\n<li>Kysely jatkuvan haun opiskelijoille tuen tarpeesta (TAI)<br \/>\n<a href=\"https:\/\/drive.google.com\/file\/d\/1nQC8I6GgwBe5K_mhmlR_Nthw1pp5ihOS\/view?usp=sharing\" target=\"_blank\" rel=\"noopener\">Tulosten yhteenveto<\/a><\/li>\n<li>OPISKELIJA Sinua ohjataan ja tuetaan! -juliste<br \/>\n<a href=\"https:\/\/blog.edu.turku.fi\/oikeusosallistua\/files\/2024\/05\/1._Opiskelijan_tukipuu_V2.pdf\" target=\"_blank\" rel=\"noopener\">Opiskelijan tukipuu<\/a><\/li>\n<\/ul>\n<h3>Turvallisuuden edist\u00e4minen<\/h3>\n<ul>\n<li>Liikennevalomalli (Sataedu)\n<ul>\n<li><a href=\"https:\/\/drive.google.com\/file\/d\/1QPM5TBYFPEFYZU6nThDuvNWsywcBpiiL\/view?usp=sharing\" target=\"_blank\" rel=\"noopener\">Toimintaohje Sataedun vastuuopettajalle l\u00e4sn\u00e4olon tukemiseen<\/a><\/li>\n<li><a href=\"https:\/\/drive.google.com\/file\/d\/1yh3VWjN0RzoGf_80lzcjlmIOpQaWLrTu\/view?usp=sharing\" target=\"_blank\" rel=\"noopener\">Toimintamalli opiskelijalle l\u00e4sn\u00e4olon tukemiseen<\/a><\/li>\n<\/ul>\n<\/li>\n<\/ul>\n","protected":false},"excerpt":{"rendered":"<p>Osallisuuden edist\u00e4minen \u201dOsallistu s\u00e4kin\u201d \u2013 flyer opiskelijoille jaettavaksi AmisAlkaa tunneilla (TAI) TAIrivial osallisuuslautapeli(TAI) pelilauta Lisenssi: CC BY-NC-ND-SA pelikortit peliohjeet Yhteis\u00f6llisyyden vahvistaminen Kysely jatkuvan haun opiskelijoille tuen tarpeesta (TAI) Tulosten yhteenveto OPISKELIJA Sinua ohjataan ja tuetaan! -juliste Opiskelijan tukipuu Turvallisuuden edist\u00e4minen Liikennevalomalli (Sataedu) Toimintaohje Sataedun vastuuopettajalle l\u00e4sn\u00e4olon tukemiseen Toimintamalli opiskelijalle l\u00e4sn\u00e4olon tukemiseen<\/p>\n","protected":false},"author":9,"featured_media":0,"parent":0,"menu_order":0,"comment_status":"closed","ping_status":"closed","template":"","meta":{"footnotes":""},"class_list":["post-12","page","type-page","status-publish","hentry"],"_links":{"self":[{"href":"https:\/\/blog.edu.turku.fi\/oikeusosallistua\/wp-json\/wp\/v2\/pages\/12","targetHints":{"allow":["GET"]}}],"collection":[{"href":"https:\/\/blog.edu.turku.fi\/oikeusosallistua\/wp-json\/wp\/v2\/pages"}],"about":[{"href":"https:\/\/blog.edu.turku.fi\/oikeusosallistua\/wp-json\/wp\/v2\/types\/page"}],"author":[{"embeddable":true,"href":"https:\/\/blog.edu.turku.fi\/oikeusosallistua\/wp-json\/wp\/v2\/users\/9"}],"replies":[{"embeddable":true,"href":"https:\/\/blog.edu.turku.fi\/oikeusosallistua\/wp-json\/wp\/v2\/comments?post=12"}],"version-history":[{"count":11,"href":"https:\/\/blog.edu.turku.fi\/oikeusosallistua\/wp-json\/wp\/v2\/pages\/12\/revisions"}],"predecessor-version":[{"id":109,"href":"https:\/\/blog.edu.turku.fi\/oikeusosallistua\/wp-json\/wp\/v2\/pages\/12\/revisions\/109"}],"wp:attachment":[{"href":"https:\/\/blog.edu.turku.fi\/oikeusosallistua\/wp-json\/wp\/v2\/media?parent=12"}],"curies":[{"name":"wp","href":"https:\/\/api.w.org\/{rel}","templated":true}]}}