{"id":9,"date":"2014-03-06T13:53:08","date_gmt":"2014-03-06T11:53:08","guid":{"rendered":"https:\/\/blog.edu.turku.fi\/numppis\/?page_id=9"},"modified":"2024-02-21T14:57:13","modified_gmt":"2024-02-21T12:57:13","slug":"yhteystiedot","status":"publish","type":"page","link":"https:\/\/blog.edu.turku.fi\/numppis\/yhteystiedot\/","title":{"rendered":"Yhteystiedot"},"content":{"rendered":"<p>Nummenpuistokadun p\u00e4iv\u00e4koti<\/p>\n<p>Nummenpuistokatu 1<\/p>\n<p>20540 TURKU<\/p>\n<p><a href=\"http:\/\/opaskartta.turku.fi\/IMS\/fi?Theme=-%20Opaskartta&amp;Width=450&amp;Height=400&amp;Page&amp;Language=fin&amp;Command=CategorySearch&amp;Info=Address,nummenpuistokatu%201\/GifMap.dll\">P\u00e4iv\u00e4koti kartalla<\/a><\/p>\n<p>&nbsp;<\/p>\n<p>P\u00e4iv\u00e4kodinjohtaja Matleena Laulumaa puh. 040 6101 745<\/p>\n<p>paivakoti.nummenpuistokatu@turku.fi<\/p>\n<p>etunimi.sukunimi@turku.fi<\/p>\n<p>&nbsp;<\/p>\n<p><strong>RYHMIEN PUHELINNUMEROT:<\/strong><\/p>\n<p>Aamurusko: <span class=\"baec5a81-e4d6-4674-97f3-e9220f0136c1\">040-128 1854<\/span><\/p>\n<p>Lounatuuli: <span class=\"baec5a81-e4d6-4674-97f3-e9220f0136c1\">040-5965 118<a style=\"margin: 0px;border: currentColor;width: 16px;height: 16px;overflow: hidden;vertical-align: middle;float: none\" title=\"Soita: 040-480 4234\" href=\"#\"><img decoding=\"async\" style=\"margin: 0px;border: currentColor;width: 16px;height: 16px;overflow: hidden;vertical-align: middle;float: none\" title=\"Soita: 040-480 4234\" src=\"image\/png;base64,iVBORw0KGgoAAAANSUhEUgAAABAAAAAQCAYAAAAf8\/9hAAABcklEQVR4XpXTPUvDUBTH4aR2c2hBQXGpTiIORhBcBOvgYKf0Awi+4Ggr1MVPIIrYdnEpShddHIyLi6AVXVxsRRDRwbi4KNgu4lCIv8i\/i6QRDzycy+09555LqOl5nhEUptPoJe1iDHU8oYlrlDw79m4QEbSLPexzsIc8hDRm8YBjLpj4q8EgxQdab+MNd4ghhQ2adIc1+ORAFEnWWfTDRp7GDfImlsIavKALLuqoqMGUCs4wHtagiQ5uc8kDyCOBKlP1k78QNTOZnMXCQRxWsbjl6iuskV41SQG2Gj9rikvcR1WcgKFDBa1LOEUK56hqv8BUFV3SGWkVS9JQ6Dsv4wQ1DKMPORUvkm78BhdQMI1CTa5I0yrcwSFqFD+SZ7DQesIkCG5S\/JpkHYERQRmuNsrZ7Grc+Ef8\/Bcoslkfae8Wc7CUHZ++TuAEBj86pHntjaDKXllPy6PW\/gkKFaThwp\/K87N8hDcQTTKKFTioSxqB8Q2BNX5JtAljwgAAAABJRU5ErkJggg==\" \/><\/a><\/span><\/p>\n<p>Pilvenhattara: 040-5852 942<\/p>\n<p>Kuunsilta <span class=\"baec5a81-e4d6-4674-97f3-e9220f0136c1\">040-128 1831<\/span><\/p>\n<p>Kastehelmi: 040-6411 908<\/p>\n<p>T\u00e4hdenlento: <span class=\"baec5a81-e4d6-4674-97f3-e9220f0136c1\">050-396 7151<a style=\"margin: 0px;border: currentColor;width: 16px;height: 16px;overflow: hidden;vertical-align: middle;float: none\" title=\"Soita: 050-396 7151\" href=\"#\"><img decoding=\"async\" style=\"margin: 0px;border: currentColor;width: 16px;height: 16px;overflow: hidden;vertical-align: middle;float: none\" title=\"Soita: 050-396 7151\" src=\"image\/png;base64,iVBORw0KGgoAAAANSUhEUgAAABAAAAAQCAYAAAAf8\/9hAAABcklEQVR4XpXTPUvDUBTH4aR2c2hBQXGpTiIORhBcBOvgYKf0Awi+4Ggr1MVPIIrYdnEpShddHIyLi6AVXVxsRRDRwbi4KNgu4lCIv8i\/i6QRDzycy+09555LqOl5nhEUptPoJe1iDHU8oYlrlDw79m4QEbSLPexzsIc8hDRm8YBjLpj4q8EgxQdab+MNd4ghhQ2adIc1+ORAFEnWWfTDRp7GDfImlsIavKALLuqoqMGUCs4wHtagiQ5uc8kDyCOBKlP1k78QNTOZnMXCQRxWsbjl6iuskV41SQG2Gj9rikvcR1WcgKFDBa1LOEUK56hqv8BUFV3SGWkVS9JQ6Dsv4wQ1DKMPORUvkm78BhdQMI1CTa5I0yrcwSFqFD+SZ7DQesIkCG5S\/JpkHYERQRmuNsrZ7Grc+Ef8\/Bcoslkfae8Wc7CUHZ++TuAEBj86pHntjaDKXllPy6PW\/gkKFaThwp\/K87N8hDcQTTKKFTioSxqB8Q2BNX5JtAljwgAAAABJRU5ErkJggg==\" \/><\/a><\/span><\/p>\n<p>&nbsp;<\/p>\n<p>&nbsp;<\/p>\n<p><a href=\"https:\/\/blog.edu.turku.fi\/numppis\/files\/2019\/08\/face.png\"><img loading=\"lazy\" decoding=\"async\" class=\"alignleft size-large wp-image-897\" src=\"https:\/\/blog.edu.turku.fi\/numppis\/files\/2019\/08\/face-253x199.png\" alt=\"\" width=\"253\" height=\"199\" \/><\/a><\/p>\n<p>Seuraa Numppiksen arkea my\u00f6s facebookissa:<\/p>\n<p><a href=\"https:\/\/www.facebook.com\/Nummenpuistokadun-p%C3%A4iv%C3%A4koti-773578753024319\/?ref=page_internal\">Nummenpuistokadun p\u00e4iv\u00e4koti<\/a><\/p>\n<p>&nbsp;<\/p>\n<p>&nbsp;<\/p>\n<p>&nbsp;<\/p>\n<p>&nbsp;<\/p>\n<p>&nbsp;<\/p>\n<p>&nbsp;<\/p>\n<p>&nbsp;<\/p>\n<p>&nbsp;<\/p>\n","protected":false},"excerpt":{"rendered":"<p>Nummenpuistokadun p\u00e4iv\u00e4koti Nummenpuistokatu 1 20540 TURKU P\u00e4iv\u00e4koti kartalla &nbsp; P\u00e4iv\u00e4kodinjohtaja Matleena Laulumaa puh. 040 6101 745 paivakoti.nummenpuistokatu@turku.fi etunimi.sukunimi@turku.fi &nbsp; RYHMIEN PUHELINNUMEROT: Aamurusko: 040-128 1854 Lounatuuli: 040-5965 118 Pilvenhattara: 040-5852 942 Kuunsilta 040-128 1831 Kastehelmi: 040-6411 908 T\u00e4hdenlento: 050-396 7151 &nbsp; &nbsp; Seuraa Numppiksen arkea my\u00f6s facebookissa: Nummenpuistokadun p\u00e4iv\u00e4koti &nbsp; &nbsp; &nbsp; &nbsp; &nbsp; &nbsp; &nbsp; &hellip; <a href=\"https:\/\/blog.edu.turku.fi\/numppis\/yhteystiedot\/\" class=\"more-link\">Jatka lukemista<span class=\"screen-reader-text\"> &#8221;Yhteystiedot&#8221;<\/span><\/a><\/p>\n","protected":false},"author":9,"featured_media":0,"parent":0,"menu_order":0,"comment_status":"closed","ping_status":"closed","template":"","meta":{"footnotes":""},"class_list":["post-9","page","type-page","status-publish","hentry"],"_links":{"self":[{"href":"https:\/\/blog.edu.turku.fi\/numppis\/wp-json\/wp\/v2\/pages\/9","targetHints":{"allow":["GET"]}}],"collection":[{"href":"https:\/\/blog.edu.turku.fi\/numppis\/wp-json\/wp\/v2\/pages"}],"about":[{"href":"https:\/\/blog.edu.turku.fi\/numppis\/wp-json\/wp\/v2\/types\/page"}],"author":[{"embeddable":true,"href":"https:\/\/blog.edu.turku.fi\/numppis\/wp-json\/wp\/v2\/users\/9"}],"replies":[{"embeddable":true,"href":"https:\/\/blog.edu.turku.fi\/numppis\/wp-json\/wp\/v2\/comments?post=9"}],"version-history":[{"count":30,"href":"https:\/\/blog.edu.turku.fi\/numppis\/wp-json\/wp\/v2\/pages\/9\/revisions"}],"predecessor-version":[{"id":931,"href":"https:\/\/blog.edu.turku.fi\/numppis\/wp-json\/wp\/v2\/pages\/9\/revisions\/931"}],"wp:attachment":[{"href":"https:\/\/blog.edu.turku.fi\/numppis\/wp-json\/wp\/v2\/media?parent=9"}],"curies":[{"name":"wp","href":"https:\/\/api.w.org\/{rel}","templated":true}]}}