{"id":665,"date":"2016-11-24T09:59:22","date_gmt":"2016-11-24T07:59:22","guid":{"rendered":"https:\/\/blog.edu.turku.fi\/numppis\/?page_id=665"},"modified":"2017-09-22T15:52:38","modified_gmt":"2017-09-22T12:52:38","slug":"tahdenlento","status":"publish","type":"page","link":"https:\/\/blog.edu.turku.fi\/numppis\/tahdenlento\/","title":{"rendered":"T\u00e4hdenlento"},"content":{"rendered":"<p>T\u00c4HDENLENTO: 3-5 -vuotiaiden alueellinen integroitu ryhm\u00e4 (ovi nro6)<\/p>\n<ul>\n<li>T\u00e4hdenlentojen \u00a0puhelinnumero on: 050 396 7151<\/li>\n<\/ul>\n<p><img loading=\"lazy\" decoding=\"async\" class=\"alignnone size-medium wp-image-159\" src=\"https:\/\/blog.edu.turku.fi\/numppis\/files\/2014\/03\/P3280412-300x224.jpg\" alt=\"P3280412\" width=\"300\" height=\"224\" srcset=\"https:\/\/blog.edu.turku.fi\/numppis\/files\/2014\/03\/P3280412-300x224.jpg 300w, https:\/\/blog.edu.turku.fi\/numppis\/files\/2014\/03\/P3280412-1024x768.jpg 1024w, https:\/\/blog.edu.turku.fi\/numppis\/files\/2014\/03\/P3280412-400x300.jpg 400w, https:\/\/blog.edu.turku.fi\/numppis\/files\/2014\/03\/P3280412.jpg 2048w\" sizes=\"auto, (max-width: 300px) 85vw, 300px\" \/>\u00a0\u00a0\u00a0\u00a0\u00a0\u00a0 <img loading=\"lazy\" decoding=\"async\" class=\"alignnone wp-image-160\" src=\"https:\/\/blog.edu.turku.fi\/numppis\/files\/2014\/03\/P3280407-265x300.jpg\" alt=\"P3280407\" width=\"214\" height=\"242\" srcset=\"https:\/\/blog.edu.turku.fi\/numppis\/files\/2014\/03\/P3280407-265x300.jpg 265w, https:\/\/blog.edu.turku.fi\/numppis\/files\/2014\/03\/P3280407-907x1024.jpg 907w, https:\/\/blog.edu.turku.fi\/numppis\/files\/2014\/03\/P3280407.jpg 1814w\" sizes=\"auto, (max-width: 214px) 85vw, 214px\" \/><\/p>\n","protected":false},"excerpt":{"rendered":"<p>T\u00c4HDENLENTO: 3-5 -vuotiaiden alueellinen integroitu ryhm\u00e4 (ovi nro6) T\u00e4hdenlentojen \u00a0puhelinnumero on: 050 396 7151 \u00a0\u00a0\u00a0\u00a0\u00a0\u00a0<\/p>\n","protected":false},"author":2096,"featured_media":0,"parent":0,"menu_order":0,"comment_status":"closed","ping_status":"closed","template":"","meta":{"footnotes":""},"class_list":["post-665","page","type-page","status-publish","hentry"],"_links":{"self":[{"href":"https:\/\/blog.edu.turku.fi\/numppis\/wp-json\/wp\/v2\/pages\/665","targetHints":{"allow":["GET"]}}],"collection":[{"href":"https:\/\/blog.edu.turku.fi\/numppis\/wp-json\/wp\/v2\/pages"}],"about":[{"href":"https:\/\/blog.edu.turku.fi\/numppis\/wp-json\/wp\/v2\/types\/page"}],"author":[{"embeddable":true,"href":"https:\/\/blog.edu.turku.fi\/numppis\/wp-json\/wp\/v2\/users\/2096"}],"replies":[{"embeddable":true,"href":"https:\/\/blog.edu.turku.fi\/numppis\/wp-json\/wp\/v2\/comments?post=665"}],"version-history":[{"count":5,"href":"https:\/\/blog.edu.turku.fi\/numppis\/wp-json\/wp\/v2\/pages\/665\/revisions"}],"predecessor-version":[{"id":753,"href":"https:\/\/blog.edu.turku.fi\/numppis\/wp-json\/wp\/v2\/pages\/665\/revisions\/753"}],"wp:attachment":[{"href":"https:\/\/blog.edu.turku.fi\/numppis\/wp-json\/wp\/v2\/media?parent=665"}],"curies":[{"name":"wp","href":"https:\/\/api.w.org\/{rel}","templated":true}]}}