{"id":2,"date":"2014-03-06T11:35:24","date_gmt":"2014-03-06T11:35:24","guid":{"rendered":"https:\/\/blog.edu.turku.fi\/numppis\/?page_id=2"},"modified":"2019-08-05T15:04:50","modified_gmt":"2019-08-05T12:04:50","slug":"esimerkkisivu","status":"publish","type":"page","link":"https:\/\/blog.edu.turku.fi\/numppis\/esimerkkisivu\/","title":{"rendered":"Ryhm\u00e4t"},"content":{"rendered":"<p>Numppiksessa on kuusi lapsiryhm\u00e4\u00e4:<\/p>\n<ul>\n<li>Aamurusko ja\u00a0Lounatuuli (parkkipaikan p\u00e4\u00e4ty)<\/li>\n<li>Pilvenhattara ja\u00a0Kuunsilta\u00a0 (keskitalo)<\/li>\n<li>Kastehelmi ja\u00a0T\u00e4hdenlennot (pihan p\u00e4\u00e4ss\u00e4)<\/li>\n<\/ul>\n<p>1.6.2019- 28.2.2020 Viinam\u00e4enkadun p\u00e4iv\u00e4kodin remontin takia\u00a0Numppiksen salissa on evakossa Viinam\u00e4enkadun &#8221;kota-ryhm\u00e4&#8221; Tervalep\u00e4t. He k\u00e4ytt\u00e4v\u00e4t Pilvenhattaran eteis- ja wctiloja. (ovi nro3)<\/p>\n<p>&nbsp;<\/p>\n<p><img loading=\"lazy\" decoding=\"async\" class=\"wp-image-92 alignleft\" src=\"https:\/\/blog.edu.turku.fi\/numppis\/files\/2014\/03\/kuuvuoren_p\u00c3\u00a4ivhoitoyksikk\u00c3\u00b6_nummenpuistokatu1-280x158.jpg\" alt=\"kuuvuoren_p\u00c3\u00a4ivhoitoyksikk\u00c3\u00b6_nummenpuistokatu[1]\" width=\"307\" height=\"173\" \/><\/p>\n<p>&nbsp;<\/p>\n","protected":false},"excerpt":{"rendered":"<p>Numppiksessa on kuusi lapsiryhm\u00e4\u00e4: Aamurusko ja\u00a0Lounatuuli (parkkipaikan p\u00e4\u00e4ty) Pilvenhattara ja\u00a0Kuunsilta\u00a0 (keskitalo) Kastehelmi ja\u00a0T\u00e4hdenlennot (pihan p\u00e4\u00e4ss\u00e4) 1.6.2019- 28.2.2020 Viinam\u00e4enkadun p\u00e4iv\u00e4kodin remontin takia\u00a0Numppiksen salissa on evakossa Viinam\u00e4enkadun &#8221;kota-ryhm\u00e4&#8221; Tervalep\u00e4t. He k\u00e4ytt\u00e4v\u00e4t Pilvenhattaran eteis- ja wctiloja. (ovi nro3) &nbsp; &nbsp;<\/p>\n","protected":false},"author":9,"featured_media":0,"parent":0,"menu_order":0,"comment_status":"closed","ping_status":"closed","template":"","meta":{"footnotes":""},"class_list":["post-2","page","type-page","status-publish","hentry"],"_links":{"self":[{"href":"https:\/\/blog.edu.turku.fi\/numppis\/wp-json\/wp\/v2\/pages\/2","targetHints":{"allow":["GET"]}}],"collection":[{"href":"https:\/\/blog.edu.turku.fi\/numppis\/wp-json\/wp\/v2\/pages"}],"about":[{"href":"https:\/\/blog.edu.turku.fi\/numppis\/wp-json\/wp\/v2\/types\/page"}],"author":[{"embeddable":true,"href":"https:\/\/blog.edu.turku.fi\/numppis\/wp-json\/wp\/v2\/users\/9"}],"replies":[{"embeddable":true,"href":"https:\/\/blog.edu.turku.fi\/numppis\/wp-json\/wp\/v2\/comments?post=2"}],"version-history":[{"count":17,"href":"https:\/\/blog.edu.turku.fi\/numppis\/wp-json\/wp\/v2\/pages\/2\/revisions"}],"predecessor-version":[{"id":893,"href":"https:\/\/blog.edu.turku.fi\/numppis\/wp-json\/wp\/v2\/pages\/2\/revisions\/893"}],"wp:attachment":[{"href":"https:\/\/blog.edu.turku.fi\/numppis\/wp-json\/wp\/v2\/media?parent=2"}],"curies":[{"name":"wp","href":"https:\/\/api.w.org\/{rel}","templated":true}]}}