{"id":89,"date":"2013-05-03T10:58:20","date_gmt":"2013-05-03T07:58:20","guid":{"rendered":"https:\/\/blog.edu.turku.fi\/nummenpakka\/?page_id=89"},"modified":"2026-01-07T16:26:46","modified_gmt":"2026-01-07T14:26:46","slug":"opettajat-nummi","status":"publish","type":"page","link":"https:\/\/blog.edu.turku.fi\/nummenpakka\/yhteystiedot\/opettajat-nummi\/","title":{"rendered":"Henkil\u00f6st\u00f6 Nummi (1.-6.lk)"},"content":{"rendered":"<p><span style=\"color: #ff0000\"><em><strong><span style=\"color: #000000\"><span style=\"color: #ff0000\">P\u00e4ivitetty 1\/2026<\/span><\/span><\/strong><\/em><\/span><\/p>\n<table width=\"626\">\n<tbody>\n<tr>\n<td width=\"185\"><strong>luokka<\/strong><\/td>\n<td width=\"177\"><strong>Luokanvalvojan nimi<\/strong><\/td>\n<td width=\"109\"><strong>ty\u00f6puhelin<\/strong><\/td>\n<td width=\"155\"><strong>luokkatila<\/strong><\/td>\n<\/tr>\n<tr>\n<td width=\"185\">1A NUM<\/td>\n<td width=\"177\">Kankaanp\u00e4\u00e4 Pirita<\/td>\n<td width=\"109\">040-1925410<\/td>\n<td width=\"155\">N205<\/td>\n<\/tr>\n<tr>\n<td width=\"185\">1-2B NUM<\/td>\n<td width=\"177\">Mykr\u00e4 Anna<\/td>\n<td width=\"109\">044-9074139<\/td>\n<td width=\"155\">N201<\/td>\n<\/tr>\n<tr>\n<td width=\"185\">2A NUM<\/td>\n<td width=\"177\">Aho Pauliina<\/td>\n<td width=\"109\">040-1475824<\/td>\n<td width=\"155\">N304<\/td>\n<\/tr>\n<tr>\n<td width=\"185\">1-2B NUM<\/td>\n<td width=\"177\">Mykr\u00e4 Anna<\/td>\n<td width=\"109\">044-9074139<\/td>\n<td width=\"155\">N201<\/td>\n<\/tr>\n<tr>\n<td width=\"185\">3-4D NUM<\/td>\n<td width=\"177\">H\u00e4iv\u00e4l\u00e4 Suvi<\/td>\n<td width=\"109\">044-9075170<\/td>\n<td width=\"155\">N473<\/td>\n<\/tr>\n<tr>\n<td width=\"185\">3A NUM<\/td>\n<td width=\"177\">Kulmala Janne<\/td>\n<td width=\"109\">044-9072014<\/td>\n<td width=\"155\">N466<\/td>\n<\/tr>\n<tr>\n<td width=\"185\">3B NUM<\/td>\n<td width=\"177\">Nurmi Amanda<\/td>\n<td width=\"109\">040-1766674<\/td>\n<td width=\"155\">N467<\/td>\n<\/tr>\n<tr>\n<td width=\"185\">4A NUM<\/td>\n<td width=\"177\">Manneroos Iida<\/td>\n<td width=\"109\">040-6871731<\/td>\n<td width=\"155\">N468<\/td>\n<\/tr>\n<tr>\n<td width=\"185\">4B NUM<\/td>\n<td width=\"177\">Tauriainen Teemu<\/td>\n<td width=\"109\">040-8453654<\/td>\n<td width=\"155\">N472<\/td>\n<\/tr>\n<tr>\n<td width=\"185\">4C NUM<\/td>\n<td width=\"177\">Tuikkala Kaisa<\/td>\n<td width=\"109\">044-9074142<\/td>\n<td width=\"155\">N474<\/td>\n<\/tr>\n<tr>\n<td width=\"185\">5-6C NUM<\/td>\n<td width=\"177\">Roos Emilia<br \/>\n<span style=\"font-family: inherit;font-size: inherit\"><em>Kar\u00e9n Kerttu (ma 8-10, to 9-12 ja pe 12-13<\/em>)<\/span><\/td>\n<td width=\"109\"><span data-olk-copy-source=\"MessageBody\">044-9075 423<br \/>\n044-9016 808<\/span><\/td>\n<td width=\"155\">N301<br \/>\nN301<\/td>\n<\/tr>\n<tr>\n<td width=\"185\">5A NUM<\/td>\n<td width=\"177\">Saarela Tuukka<\/td>\n<td width=\"109\">044-9074725<\/td>\n<td width=\"155\">N208<\/td>\n<\/tr>\n<tr>\n<td width=\"185\">5B NUM<\/td>\n<td width=\"177\">Kaasinen Eija<\/td>\n<td width=\"109\">040\u20135916225<\/td>\n<td width=\"155\">N212<\/td>\n<\/tr>\n<tr>\n<td width=\"185\">6A NUM<\/td>\n<td width=\"177\">Kuula Timo<\/td>\n<td width=\"109\">040-1964617<\/td>\n<td width=\"155\">N308<\/td>\n<\/tr>\n<tr>\n<td width=\"185\">6B NUM<\/td>\n<td width=\"177\">Juusti Eveliina<\/td>\n<td width=\"109\">040-6586537<\/td>\n<td width=\"155\">N312\/N314r<\/td>\n<\/tr>\n<tr>\n<td width=\"185\">6B NUM<\/td>\n<td width=\"177\">Nikula Elina<\/td>\n<td width=\"109\">044-9074458<\/td>\n<td width=\"155\">N312\/N314r<\/td>\n<\/tr>\n<tr>\n<td width=\"185\"><\/td>\n<td width=\"177\"><\/td>\n<td width=\"109\"><\/td>\n<td width=\"155\"><\/td>\n<\/tr>\n<tr>\n<td width=\"185\"><strong>Alakoulu<\/strong><\/td>\n<td width=\"177\"><strong>Muut opettajat<\/strong><\/td>\n<td width=\"109\"><strong>ty\u00f6puhelin<\/strong><\/td>\n<td width=\"155\"><\/td>\n<\/tr>\n<tr>\n<td width=\"185\">ESA2 4-6lk.<\/td>\n<td width=\"177\">Aho Annatuulia<\/td>\n<td width=\"109\">040-3562171<\/td>\n<td width=\"155\"><\/td>\n<\/tr>\n<tr>\n<td width=\"185\">ERY<\/td>\n<td width=\"177\">Khoshnau Suzan<\/td>\n<td width=\"109\">040-1963662<\/td>\n<td width=\"155\"><\/td>\n<\/tr>\n<tr>\n<td width=\"185\">STK<\/td>\n<td width=\"177\">Kirjonen Saana<\/td>\n<td width=\"109\">044-9075641<\/td>\n<td width=\"155\"><\/td>\n<\/tr>\n<tr>\n<td width=\"185\">6A RUB1 ja 4lk. RUA2<\/td>\n<td width=\"177\">Kyl\u00e4-Liuhala Mervi<\/td>\n<td width=\"109\">040-7614292<\/td>\n<td width=\"155\"><\/td>\n<\/tr>\n<tr>\n<td width=\"185\">6B RUB1<\/td>\n<td width=\"177\">Peltonen Leena<\/td>\n<td width=\"109\">040-6734765<\/td>\n<td width=\"155\"><\/td>\n<\/tr>\n<tr>\n<td width=\"185\">STK<\/td>\n<td width=\"177\">Perttuli-Frias Nina<\/td>\n<td width=\"109\">040-5915343<\/td>\n<td width=\"155\"><\/td>\n<\/tr>\n<tr>\n<td width=\"185\">ERY<\/td>\n<td width=\"177\">Porttila Pauliina<\/td>\n<td width=\"109\">040-1925384<\/td>\n<td width=\"155\"><\/td>\n<\/tr>\n<tr>\n<td width=\"185\">ENA1 3-6lk.<\/td>\n<td width=\"177\">Sarosto Eija<\/td>\n<td width=\"109\">040-1594792<\/td>\n<td width=\"155\"><\/td>\n<\/tr>\n<\/tbody>\n<\/table>\n<table width=\"626\">\n<tbody>\n<tr>\n<td colspan=\"2\" width=\"362\"><strong>OMO- ja MAI -opettajat<\/strong><\/td>\n<td width=\"109\"><\/td>\n<td width=\"155\"><\/td>\n<\/tr>\n<tr>\n<td width=\"185\"><\/td>\n<td width=\"177\">nimi<\/td>\n<td width=\"109\">ty\u00f6puhelin<\/td>\n<td width=\"155\"><\/td>\n<\/tr>\n<tr>\n<td width=\"185\">OMO, MAI somali<\/td>\n<td width=\"177\">Abdullahi Musse Hanad<\/td>\n<td width=\"109\">044-9073621<\/td>\n<td width=\"155\">MAI ma HAL<\/td>\n<\/tr>\n<tr>\n<td width=\"185\">OMO, MAI ukraina<\/td>\n<td width=\"177\">Legenka Inna<\/td>\n<td width=\"109\">044-9075367<\/td>\n<td width=\"155\">OMO ma ja ti AJO<\/td>\n<\/tr>\n<tr>\n<td width=\"185\">OMO arabia\/kurdi<\/td>\n<td width=\"177\">Mahamed Tahir Rezhin<\/td>\n<td width=\"109\">040-6527261<\/td>\n<td width=\"155\">MAI kurdi ke ja pe HAL<\/td>\n<\/tr>\n<tr>\n<td width=\"185\">MAI arabia<\/td>\n<td width=\"177\">Al-Amarah Saifan<\/td>\n<td width=\"109\"><\/td>\n<td width=\"155\">to HAL<\/td>\n<\/tr>\n<tr>\n<td width=\"185\">MAI sinhala<\/td>\n<td width=\"177\">Halawathage Kaushalya<\/td>\n<td width=\"109\"><\/td>\n<td width=\"155\">ma NUM<\/td>\n<\/tr>\n<tr>\n<td width=\"185\">MAI turkki<\/td>\n<td width=\"177\">K\u00fct\u00fck Hatice<\/td>\n<td width=\"109\"><\/td>\n<td width=\"155\">pe HAL<\/td>\n<\/tr>\n<tr>\n<td width=\"185\">MAI persia<\/td>\n<td width=\"177\">Rahgoui Farida<\/td>\n<td width=\"109\"><\/td>\n<td width=\"155\">to NUM<\/td>\n<\/tr>\n<\/tbody>\n<\/table>\n<table width=\"626\">\n<tbody>\n<tr>\n<td colspan=\"2\" width=\"362\"><strong>Koulunk\u00e4ynninohjaajat, Nummi<\/strong><\/td>\n<td width=\"109\"><\/td>\n<td width=\"155\"><\/td>\n<\/tr>\n<tr>\n<td width=\"185\"><\/td>\n<td width=\"177\">nimi<\/td>\n<td width=\"109\">ty\u00f6puhelin<\/td>\n<td width=\"155\"><\/td>\n<\/tr>\n<tr>\n<td width=\"185\">kko UEIS<\/td>\n<td width=\"177\">Kassir Eman<\/td>\n<td width=\"109\">040-6202736<\/td>\n<td width=\"155\"><\/td>\n<\/tr>\n<tr>\n<td width=\"185\">kko NUM<\/td>\n<td width=\"177\">S\u00e4demaa Mira<\/td>\n<td width=\"109\">040-1965421<\/td>\n<td width=\"155\"><\/td>\n<\/tr>\n<tr>\n<td width=\"185\">kko NUM<\/td>\n<td width=\"177\">Tuomi Anu<\/td>\n<td width=\"109\">040-6203471<\/td>\n<td width=\"155\"><\/td>\n<\/tr>\n<tr>\n<td width=\"185\">kko NUM<\/td>\n<td width=\"177\">Vihervirta Heikki<\/td>\n<td width=\"109\">044-9074146<\/td>\n<td width=\"155\"><\/td>\n<\/tr>\n<\/tbody>\n<\/table>\n","protected":false},"excerpt":{"rendered":"<p>P\u00e4ivitetty 1\/2026 luokka Luokanvalvojan nimi ty\u00f6puhelin luokkatila 1A NUM Kankaanp\u00e4\u00e4 Pirita 040-1925410 N205 1-2B NUM Mykr\u00e4 Anna 044-9074139 N201 2A NUM Aho Pauliina 040-1475824 N304 1-2B NUM Mykr\u00e4 Anna 044-9074139 N201 3-4D NUM H\u00e4iv\u00e4l\u00e4 Suvi 044-9075170 N473 3A NUM Kulmala Janne 044-9072014 N466 3B NUM Nurmi Amanda 040-1766674 N467 4A NUM Manneroos Iida 040-6871731 N468 &hellip; <a href=\"https:\/\/blog.edu.turku.fi\/nummenpakka\/yhteystiedot\/opettajat-nummi\/\" class=\"more-link\">Jatka lukemista<span class=\"screen-reader-text\"> &#8221;Henkil\u00f6st\u00f6 Nummi (1.-6.lk)&#8221;<\/span><\/a><\/p>\n","protected":false},"author":33,"featured_media":0,"parent":36,"menu_order":0,"comment_status":"closed","ping_status":"closed","template":"","meta":{"footnotes":""},"class_list":["post-89","page","type-page","status-publish","hentry"],"_links":{"self":[{"href":"https:\/\/blog.edu.turku.fi\/nummenpakka\/wp-json\/wp\/v2\/pages\/89","targetHints":{"allow":["GET"]}}],"collection":[{"href":"https:\/\/blog.edu.turku.fi\/nummenpakka\/wp-json\/wp\/v2\/pages"}],"about":[{"href":"https:\/\/blog.edu.turku.fi\/nummenpakka\/wp-json\/wp\/v2\/types\/page"}],"author":[{"embeddable":true,"href":"https:\/\/blog.edu.turku.fi\/nummenpakka\/wp-json\/wp\/v2\/users\/33"}],"replies":[{"embeddable":true,"href":"https:\/\/blog.edu.turku.fi\/nummenpakka\/wp-json\/wp\/v2\/comments?post=89"}],"version-history":[{"count":107,"href":"https:\/\/blog.edu.turku.fi\/nummenpakka\/wp-json\/wp\/v2\/pages\/89\/revisions"}],"predecessor-version":[{"id":4833,"href":"https:\/\/blog.edu.turku.fi\/nummenpakka\/wp-json\/wp\/v2\/pages\/89\/revisions\/4833"}],"up":[{"embeddable":true,"href":"https:\/\/blog.edu.turku.fi\/nummenpakka\/wp-json\/wp\/v2\/pages\/36"}],"wp:attachment":[{"href":"https:\/\/blog.edu.turku.fi\/nummenpakka\/wp-json\/wp\/v2\/media?parent=89"}],"curies":[{"name":"wp","href":"https:\/\/api.w.org\/{rel}","templated":true}]}}