{"id":87,"date":"2013-05-03T10:57:39","date_gmt":"2013-05-03T07:57:39","guid":{"rendered":"https:\/\/blog.edu.turku.fi\/nummenpakka\/?page_id=87"},"modified":"2025-08-27T21:59:29","modified_gmt":"2025-08-27T18:59:29","slug":"opettajat-halinen","status":"publish","type":"page","link":"https:\/\/blog.edu.turku.fi\/nummenpakka\/yhteystiedot\/opettajat-halinen\/","title":{"rendered":"Henkil\u00f6st\u00f6 Halinen (1.-2.lk + valmo)"},"content":{"rendered":"<p><span style=\"color: #ff0000\"><strong><em>P\u00c4IVITETTY ELOKUUSSA 202<\/em>5<\/strong><\/span><\/p>\n<table width=\"626\">\n<tbody>\n<tr>\n<td width=\"185\"><strong>luokka<\/strong><\/td>\n<td width=\"177\"><strong>Luokanvalvojan nimi<\/strong><\/td>\n<td width=\"109\"><strong>ty\u00f6puhelin<\/strong><\/td>\n<td width=\"155\"><strong>luokkatila<\/strong><\/td>\n<\/tr>\n<tr>\n<td width=\"185\">1-2D NUM<\/td>\n<td width=\"177\">Syrj\u00e4l\u00e4 Edith<\/td>\n<td width=\"109\">044-9075912<\/td>\n<td width=\"155\">HAL7<\/td>\n<\/tr>\n<tr>\n<td width=\"185\">1C NUM<\/td>\n<td width=\"177\">Kauranen Saija<\/td>\n<td width=\"109\">040-1963641<\/td>\n<td width=\"155\">HAL6<\/td>\n<\/tr>\n<tr>\n<td width=\"185\">1E NUM<\/td>\n<td width=\"177\">Antikainen Marja-Leena<\/td>\n<td width=\"109\">040-1964983<\/td>\n<td width=\"155\">HAL9<\/td>\n<\/tr>\n<tr>\n<td width=\"185\">2C NUM<\/td>\n<td width=\"177\">Aalto Niina<\/td>\n<td width=\"109\">040-6372974<\/td>\n<td width=\"155\">HAL8<\/td>\n<\/tr>\n<tr>\n<td width=\"185\">2E NUM<\/td>\n<td width=\"177\">Kaaria Nina<\/td>\n<td width=\"109\">040-1925425<\/td>\n<td width=\"155\">HAL5<\/td>\n<\/tr>\n<tr>\n<td width=\"185\">VALMO<\/td>\n<td width=\"177\">Pihlava Maarit<\/td>\n<td>040-7349952<\/td>\n<td width=\"155\">HAL4<\/td>\n<\/tr>\n<\/tbody>\n<\/table>\n<table width=\"626\">\n<tbody>\n<tr>\n<td width=\"185\"><strong>Alakoulu Halinen<\/strong><\/td>\n<td width=\"177\"><strong>Muut opettajat<\/strong><\/td>\n<td width=\"109\"><strong>ty\u00f6puhelin<\/strong><\/td>\n<td width=\"155\"><\/td>\n<\/tr>\n<tr>\n<td width=\"185\">STK<\/td>\n<td width=\"177\">Kirjonen Saana<\/td>\n<td width=\"109\">\u00a0044-9075641<\/td>\n<td width=\"155\"><\/td>\n<\/tr>\n<tr>\n<td width=\"185\">ERY<\/td>\n<td width=\"177\">Khoshnau Suzan<\/td>\n<td width=\"109\">040-1963662<\/td>\n<td width=\"155\"><\/td>\n<\/tr>\n<tr>\n<td width=\"185\"><\/td>\n<td width=\"177\"><\/td>\n<td width=\"109\"><\/td>\n<td width=\"155\"><\/td>\n<\/tr>\n<tr>\n<td width=\"185\"><\/td>\n<td width=\"177\"><\/td>\n<td width=\"109\"><\/td>\n<td width=\"155\"><\/td>\n<\/tr>\n<\/tbody>\n<\/table>\n<table width=\"626\">\n<tbody>\n<tr>\n<td colspan=\"2\" width=\"362\"><strong>OMO- ja MAI -opettajat<\/strong><\/td>\n<td width=\"109\"><\/td>\n<td width=\"155\"><\/td>\n<\/tr>\n<tr>\n<td width=\"185\"><\/td>\n<td width=\"177\">nimi<\/td>\n<td width=\"109\">ty\u00f6puhelin<\/td>\n<td width=\"155\"><\/td>\n<\/tr>\n<tr>\n<td width=\"185\">OMO, MAI somali<\/td>\n<td width=\"177\">Abdullahi Musse Hanad<\/td>\n<td width=\"109\">044-9073621<\/td>\n<td width=\"155\">MAI ma HAL<\/td>\n<\/tr>\n<tr>\n<td width=\"185\">OMO, MAI ukraina<\/td>\n<td width=\"177\">Legenka Inna<\/td>\n<td width=\"109\">044-9075367<\/td>\n<td width=\"155\">OMO ma ja ti AJO<\/td>\n<\/tr>\n<tr>\n<td width=\"185\">OMO arabia\/kurdi<\/td>\n<td width=\"177\">Mahamed Tahir Rezhin<\/td>\n<td width=\"109\">040-6527261<\/td>\n<td width=\"155\">MAI kurdi ke ja pe HAL<\/td>\n<\/tr>\n<tr>\n<td width=\"185\">MAI arabia<\/td>\n<td width=\"177\">Al-Amarah Saifan<\/td>\n<td width=\"109\"><\/td>\n<td width=\"155\">to HAL<\/td>\n<\/tr>\n<tr>\n<td width=\"185\">MAI sinhala<\/td>\n<td width=\"177\">Halawathage Kaushalya<\/td>\n<td width=\"109\"><\/td>\n<td width=\"155\">ma NUM<\/td>\n<\/tr>\n<tr>\n<td width=\"185\">MAI turkki<\/td>\n<td width=\"177\">K\u00fct\u00fck Hatice<\/td>\n<td width=\"109\"><\/td>\n<td width=\"155\">pe HAL<\/td>\n<\/tr>\n<tr>\n<td width=\"185\">MAI persia<\/td>\n<td width=\"177\">Rahgoui Farida<\/td>\n<td width=\"109\"><\/td>\n<td width=\"155\">to NUM<\/td>\n<\/tr>\n<\/tbody>\n<\/table>\n<table width=\"626\">\n<tbody>\n<tr>\n<td colspan=\"2\" width=\"362\"><strong>Koulunk\u00e4ynninohjaajat, alakoulu Halinen<\/strong><\/td>\n<td width=\"109\"><\/td>\n<td width=\"155\"><\/td>\n<\/tr>\n<tr>\n<td width=\"185\"><\/td>\n<td width=\"177\">nimi<\/td>\n<td width=\"109\">ty\u00f6puhelin<\/td>\n<td width=\"155\"><\/td>\n<\/tr>\n<tr>\n<td width=\"185\">kko HAL<\/td>\n<td width=\"177\">Heinonen Jukka<\/td>\n<td width=\"109\">044-9074875<\/td>\n<td width=\"155\"><\/td>\n<\/tr>\n<tr>\n<td width=\"185\">kko UEIS<\/td>\n<td width=\"177\">Kassir Eman<\/td>\n<td width=\"109\">040-6202736<\/td>\n<td width=\"155\"><\/td>\n<\/tr>\n<tr>\n<td width=\"185\">kko HAL<\/td>\n<td width=\"177\">Korhonen Mia<\/td>\n<td width=\"109\">040-1964973<\/td>\n<td width=\"155\"><\/td>\n<\/tr>\n<tr>\n<td width=\"185\">kko VALMO HAL<\/td>\n<td width=\"177\">Nazarova Olha<\/td>\n<td width=\"109\">044-9075025<\/td>\n<td width=\"155\"><\/td>\n<\/tr>\n<tr>\n<td width=\"185\">kko kiert\u00e4v\u00e4 VALMO<\/td>\n<td width=\"177\">Siven Nina<\/td>\n<td width=\"109\">044-9073596<\/td>\n<td width=\"155\"><\/td>\n<\/tr>\n<tr>\n<td width=\"185\">kko HAL<\/td>\n<td width=\"177\">Virtanen Satu<\/td>\n<td width=\"109\">044-9074148<\/td>\n<td width=\"155\"><\/td>\n<\/tr>\n<\/tbody>\n<\/table>\n","protected":false},"excerpt":{"rendered":"<p>P\u00c4IVITETTY ELOKUUSSA 2025 luokka Luokanvalvojan nimi ty\u00f6puhelin luokkatila 1-2D NUM Syrj\u00e4l\u00e4 Edith 044-9075912 HAL7 1C NUM Kauranen Saija 040-1963641 HAL6 1E NUM Antikainen Marja-Leena 040-1964983 HAL9 2C NUM Aalto Niina 040-6372974 HAL8 2E NUM Kaaria Nina 040-1925425 HAL5 VALMO Pihlava Maarit 040-7349952 HAL4 Alakoulu Halinen Muut opettajat ty\u00f6puhelin STK Kirjonen Saana \u00a0044-9075641 ERY Khoshnau Suzan &hellip; <a href=\"https:\/\/blog.edu.turku.fi\/nummenpakka\/yhteystiedot\/opettajat-halinen\/\" class=\"more-link\">Jatka lukemista<span class=\"screen-reader-text\"> &#8221;Henkil\u00f6st\u00f6 Halinen (1.-2.lk + valmo)&#8221;<\/span><\/a><\/p>\n","protected":false},"author":33,"featured_media":0,"parent":36,"menu_order":0,"comment_status":"closed","ping_status":"closed","template":"","meta":{"footnotes":""},"class_list":["post-87","page","type-page","status-publish","hentry"],"_links":{"self":[{"href":"https:\/\/blog.edu.turku.fi\/nummenpakka\/wp-json\/wp\/v2\/pages\/87","targetHints":{"allow":["GET"]}}],"collection":[{"href":"https:\/\/blog.edu.turku.fi\/nummenpakka\/wp-json\/wp\/v2\/pages"}],"about":[{"href":"https:\/\/blog.edu.turku.fi\/nummenpakka\/wp-json\/wp\/v2\/types\/page"}],"author":[{"embeddable":true,"href":"https:\/\/blog.edu.turku.fi\/nummenpakka\/wp-json\/wp\/v2\/users\/33"}],"replies":[{"embeddable":true,"href":"https:\/\/blog.edu.turku.fi\/nummenpakka\/wp-json\/wp\/v2\/comments?post=87"}],"version-history":[{"count":71,"href":"https:\/\/blog.edu.turku.fi\/nummenpakka\/wp-json\/wp\/v2\/pages\/87\/revisions"}],"predecessor-version":[{"id":4631,"href":"https:\/\/blog.edu.turku.fi\/nummenpakka\/wp-json\/wp\/v2\/pages\/87\/revisions\/4631"}],"up":[{"embeddable":true,"href":"https:\/\/blog.edu.turku.fi\/nummenpakka\/wp-json\/wp\/v2\/pages\/36"}],"wp:attachment":[{"href":"https:\/\/blog.edu.turku.fi\/nummenpakka\/wp-json\/wp\/v2\/media?parent=87"}],"curies":[{"name":"wp","href":"https:\/\/api.w.org\/{rel}","templated":true}]}}