{"id":82,"date":"2013-05-03T10:56:49","date_gmt":"2013-05-03T07:56:49","guid":{"rendered":"https:\/\/blog.edu.turku.fi\/nummenpakka\/?page_id=82"},"modified":"2026-01-06T19:34:35","modified_gmt":"2026-01-06T17:34:35","slug":"opettajat-aurajoki","status":"publish","type":"page","link":"https:\/\/blog.edu.turku.fi\/nummenpakka\/yhteystiedot\/opettajat-aurajoki\/","title":{"rendered":"Henkil\u00f6st\u00f6 Aurajoki (7.-9.lk)"},"content":{"rendered":"<p>&nbsp;<\/p>\n<p><em><span style=\"color: #ff0000\">Sivua p\u00e4ivitetty 1\/2026<\/span><\/em><\/p>\n<table width=\"626\">\n<tbody>\n<tr>\n<td colspan=\"2\" width=\"362\"><strong>Yl\u00e4koulun opettajat Aurajoen yksikk\u00f6<\/strong><\/td>\n<td width=\"109\"><\/td>\n<td width=\"155\"><\/td>\n<\/tr>\n<tr>\n<td width=\"185\"><strong>luokka<\/strong><\/td>\n<td width=\"177\"><strong>luokanohjaajan nimi<\/strong><\/td>\n<td width=\"109\"><strong>luokanohjaajan ty\u00f6puhelin<\/strong><\/td>\n<td width=\"155\"><strong>opetustila<\/strong><\/td>\n<\/tr>\n<tr>\n<td width=\"185\">7A NUM<\/td>\n<td width=\"177\">M\u00e4nnist\u00f6 P\u00e4ivi<\/td>\n<td width=\"109\">040-1546885<\/td>\n<td width=\"155\">A11<\/td>\n<\/tr>\n<tr>\n<td width=\"185\">7B NUM<\/td>\n<td width=\"177\">Valtonen Heli<\/td>\n<td width=\"109\">040-1925427<\/td>\n<td width=\"155\">A9<\/td>\n<\/tr>\n<tr>\n<td width=\"185\">7C NUM<\/td>\n<td width=\"177\">Lonka Siiri<\/td>\n<td width=\"109\">040-1952956<\/td>\n<td width=\"155\">Y24<\/td>\n<\/tr>\n<tr>\n<td width=\"185\">7D NUM<\/td>\n<td width=\"177\">Tolonen Sirpa<\/td>\n<td width=\"109\">040-5849522<\/td>\n<td width=\"155\">A3<\/td>\n<\/tr>\n<tr>\n<td width=\"185\">7E NUM<\/td>\n<td width=\"177\">Lehtonen Henriikka<\/td>\n<td>044-9073419<\/td>\n<td width=\"155\">A18<\/td>\n<\/tr>\n<tr>\n<td width=\"185\">7F NUM<\/td>\n<td width=\"177\">Muuttonen Piia<\/td>\n<td width=\"109\">040-1972254<\/td>\n<td width=\"155\">Y23<\/td>\n<\/tr>\n<tr>\n<td width=\"185\">7G NUM<\/td>\n<td width=\"177\">Peura Harri<\/td>\n<td width=\"109\">040-3592642<\/td>\n<td width=\"155\">Y38<\/td>\n<\/tr>\n<tr>\n<td width=\"185\">7H NUM<\/td>\n<td width=\"177\">L\u00e4\u00e4r\u00e4 Emma<\/td>\n<td width=\"109\">044-9074553<\/td>\n<td width=\"155\">A7<\/td>\n<\/tr>\n<tr>\n<td width=\"185\">7I NUM<\/td>\n<td width=\"177\">Rautiainen Maiju<\/td>\n<td width=\"109\">044-7900558<\/td>\n<td width=\"155\">Y27<\/td>\n<\/tr>\n<tr>\n<td width=\"185\">8A NUM<\/td>\n<td width=\"177\">J\u00e4ntti Katja<\/td>\n<td width=\"109\">040-1678248<\/td>\n<td width=\"155\">A20<\/td>\n<\/tr>\n<tr>\n<td width=\"185\">8B NUM<\/td>\n<td width=\"177\">Simell Ville<\/td>\n<td width=\"109\">044-9075079<\/td>\n<td width=\"155\">A14<\/td>\n<\/tr>\n<tr>\n<td width=\"185\">8C NUM<\/td>\n<td width=\"177\">Lepp\u00e4joki Siiri<\/td>\n<td width=\"109\">040-1964876<\/td>\n<td width=\"155\">Y26<\/td>\n<\/tr>\n<tr>\n<td width=\"185\">8D NUM<\/td>\n<td width=\"177\">Salo Mika<\/td>\n<td width=\"109\">044-9074815<\/td>\n<td width=\"155\">Y37<\/td>\n<\/tr>\n<tr>\n<td width=\"185\">8E NUM<\/td>\n<td width=\"177\">Uutela Olli-Pekka<\/td>\n<td width=\"109\">040-1964627<\/td>\n<td width=\"155\">A9<\/td>\n<\/tr>\n<tr>\n<td width=\"185\">8F NUM<\/td>\n<td width=\"177\">Aho Annatuulia<\/td>\n<td width=\"109\">040-356 2171<\/td>\n<td width=\"155\"><\/td>\n<\/tr>\n<tr>\n<td width=\"185\">8G NUM<\/td>\n<td width=\"177\">Anttonen Kreeta<\/td>\n<td width=\"109\">040-1960913<\/td>\n<td width=\"155\">Y25<\/td>\n<\/tr>\n<tr>\n<td width=\"185\">8H NUM<\/td>\n<td width=\"177\">\u00c4\u00e4ri Sirpa<\/td>\n<td width=\"109\">040-1861266<\/td>\n<td width=\"155\">Y30<\/td>\n<\/tr>\n<tr>\n<td width=\"185\">8I NUM<\/td>\n<td width=\"177\">Hytti Ville<\/td>\n<td width=\"109\">044-9075384<\/td>\n<td width=\"155\">A17<\/td>\n<\/tr>\n<tr>\n<td width=\"185\">9A NUM<\/td>\n<td width=\"177\">P\u00e4tynen Heikki<\/td>\n<td width=\"109\">040-5449785<\/td>\n<td width=\"155\">Y35<\/td>\n<\/tr>\n<tr>\n<td width=\"185\">9B NUM<\/td>\n<td width=\"177\">Lahdenkauppi Johanna<\/td>\n<td width=\"109\">040-4826120<\/td>\n<td width=\"155\">Y31<\/td>\n<\/tr>\n<tr>\n<td width=\"185\">9C NUM<\/td>\n<td width=\"177\">Laitakari Annika<\/td>\n<td width=\"109\">040-6300128<\/td>\n<td width=\"155\">A12<\/td>\n<\/tr>\n<tr>\n<td width=\"185\">9D NUM<\/td>\n<td width=\"177\">Dietrich Jenni<\/td>\n<td width=\"109\">040-1839872<\/td>\n<td width=\"155\">Y29<\/td>\n<\/tr>\n<tr>\n<td width=\"185\">9E NUM<\/td>\n<td width=\"177\">M\u00e4kil\u00e4 Jussi<\/td>\n<td width=\"109\">040-1969068<\/td>\n<td width=\"155\">K1<\/td>\n<\/tr>\n<tr>\n<td width=\"185\">9F NUM<\/td>\n<td width=\"177\">Wilen Tuula<\/td>\n<td width=\"109\">040-6427728<\/td>\n<td width=\"155\">A6<\/td>\n<\/tr>\n<tr>\n<td width=\"185\">9G NUM<\/td>\n<td width=\"177\">L\u00f6nnfors Kristiina<\/td>\n<td width=\"109\">040-1971293<\/td>\n<td width=\"155\">A16<\/td>\n<\/tr>\n<tr>\n<td width=\"185\">9H NUM<\/td>\n<td width=\"177\">Chassebi Noor<\/td>\n<td width=\"109\">040-6207605<\/td>\n<td width=\"155\">A15<\/td>\n<\/tr>\n<tr>\n<td width=\"185\">9I NUM<\/td>\n<td width=\"177\">Partanen Jari<\/td>\n<td width=\"109\">040-5259360<\/td>\n<td width=\"155\">Y32<\/td>\n<\/tr>\n<tr>\n<td width=\"185\"><\/td>\n<td width=\"177\"><\/td>\n<td width=\"109\"><\/td>\n<td width=\"155\"><\/td>\n<\/tr>\n<tr>\n<td width=\"185\"><strong>Yl\u00e4koulu<\/strong><\/td>\n<td width=\"177\"><strong>muut opettajat<\/strong><\/td>\n<td width=\"109\"><strong>ty\u00f6puhelin<\/strong><\/td>\n<td width=\"155\"><strong>opetustila<\/strong><\/td>\n<\/tr>\n<tr>\n<td width=\"185\">ENA1<\/td>\n<td width=\"177\">BenMoussa Tiina<\/td>\n<td width=\"109\">040-1546557<\/td>\n<td width=\"155\">Y34<\/td>\n<\/tr>\n<tr>\n<td width=\"185\">UEEV,UEEL, TE<\/td>\n<td width=\"177\">Gustafsson Hanna<\/td>\n<td width=\"109\">040-5582067<\/td>\n<td width=\"155\">A13<\/td>\n<\/tr>\n<tr>\n<td width=\"185\">UEIS<\/td>\n<td width=\"177\">Habib Nusrat<\/td>\n<td width=\"109\">040-6894425<\/td>\n<td width=\"155\"><\/td>\n<\/tr>\n<tr>\n<td width=\"185\">STK<\/td>\n<td width=\"177\">Helenius Olavi<\/td>\n<td width=\"109\">044-9074282<\/td>\n<td><\/td>\n<\/tr>\n<tr>\n<td width=\"185\">ERY, SILTA<\/td>\n<td width=\"177\">Hugg Maarit<\/td>\n<td width=\"109\">040-3559483<\/td>\n<td width=\"155\">A10<\/td>\n<\/tr>\n<tr>\n<td width=\"185\">ERY<\/td>\n<td width=\"177\">Karlamaa Jaana<\/td>\n<td width=\"109\">040-6878623<\/td>\n<td width=\"155\">Y39<\/td>\n<\/tr>\n<tr>\n<td width=\"185\">STK<\/td>\n<td width=\"177\">Kirjonen Saana<\/td>\n<td width=\"109\">044-9075641<\/td>\n<td width=\"155\"><\/td>\n<\/tr>\n<tr>\n<td width=\"185\">LI<\/td>\n<td width=\"177\">Kulmala Janne<\/td>\n<td width=\"109\">044-9072014<\/td>\n<td><\/td>\n<\/tr>\n<tr>\n<td width=\"185\">RUB1, RUA2, ENA1<\/td>\n<td width=\"177\">Kyl\u00e4-Liuhala Mervi<\/td>\n<td width=\"109\">040-7614292<\/td>\n<td width=\"155\">Y33<\/td>\n<\/tr>\n<tr>\n<td width=\"185\">MA, FK<\/td>\n<td width=\"177\">M\u00e4ntyl\u00e4 Maija<\/td>\n<td width=\"109\">040-1546623<\/td>\n<td width=\"155\">A5<\/td>\n<\/tr>\n<tr>\n<td width=\"185\">MA, FK<\/td>\n<td width=\"177\">Niemi Anu<\/td>\n<td width=\"109\">040-1935118<\/td>\n<td width=\"155\">Y22<\/td>\n<\/tr>\n<tr>\n<td width=\"185\">LI, resurssi<\/td>\n<td width=\"177\">Rautiainen Lauri<\/td>\n<td width=\"109\">044-9075444<\/td>\n<td><\/td>\n<\/tr>\n<tr>\n<td width=\"185\">OPO<\/td>\n<td width=\"177\">Nurminen Vilma<\/td>\n<td width=\"109\">040-626 5189<\/td>\n<td width=\"155\">Y338<\/td>\n<\/tr>\n<tr>\n<td width=\"185\">HY<\/td>\n<td width=\"177\">Peilim\u00f6 Taija<\/td>\n<td width=\"109\">040-1972921<\/td>\n<td width=\"155\">Y28<\/td>\n<\/tr>\n<tr>\n<td width=\"185\">RUB1, RUA2<\/td>\n<td width=\"177\">Peltonen Leena<\/td>\n<td width=\"109\">040-6734765<\/td>\n<td width=\"155\"><\/td>\n<\/tr>\n<tr>\n<td width=\"185\">KO<\/td>\n<td width=\"177\">P\u00e4rk\u00f6 Mari<\/td>\n<td width=\"109\">044-9074455<\/td>\n<td width=\"155\">A19<\/td>\n<\/tr>\n<tr>\n<td width=\"185\">MA, FK<\/td>\n<td width=\"177\">Salonen Kaisa<\/td>\n<td width=\"109\">040-1766675<\/td>\n<td width=\"155\">A4<\/td>\n<\/tr>\n<tr>\n<td width=\"185\">OPO<\/td>\n<td width=\"177\">Schrey Hanna<\/td>\n<td width=\"109\">044-9074453<\/td>\n<td width=\"155\">Y327<\/td>\n<\/tr>\n<tr>\n<td width=\"185\">ERY<\/td>\n<td width=\"177\"><\/td>\n<td width=\"109\">044-9073191<\/td>\n<td width=\"155\">221<\/td>\n<\/tr>\n<tr>\n<td width=\"185\">S2<\/td>\n<td width=\"177\">Tarmi Ulla<\/td>\n<td width=\"109\">040-1548015<\/td>\n<td width=\"155\">Y36<\/td>\n<\/tr>\n<tr>\n<td width=\"185\">MU<\/td>\n<td width=\"177\">Virmolin Hilkka<\/td>\n<td width=\"109\">040-1766673<\/td>\n<td width=\"155\">A21<\/td>\n<\/tr>\n<tr>\n<td width=\"185\"><\/td>\n<td width=\"177\"><\/td>\n<td width=\"109\"><\/td>\n<td><\/td>\n<\/tr>\n<tr>\n<td colspan=\"2\" width=\"362\"><strong>OMO- ja MAI -opettajat<\/strong><\/td>\n<td width=\"109\"><\/td>\n<td width=\"155\"><\/td>\n<\/tr>\n<tr>\n<td width=\"185\"><\/td>\n<td width=\"177\"><strong>nimi<\/strong><\/td>\n<td width=\"109\"><strong>ty\u00f6puhelin<\/strong><\/td>\n<td width=\"155\"><\/td>\n<\/tr>\n<tr>\n<td width=\"185\">OMO, MAI somali<\/td>\n<td width=\"177\">Abdullahi Musse Hanad<\/td>\n<td width=\"109\">044-9073621<\/td>\n<td width=\"155\">MAI ma HAL<\/td>\n<\/tr>\n<tr>\n<td width=\"185\">OMO, MAI ukraina<\/td>\n<td width=\"177\">Legenka Inna<\/td>\n<td width=\"109\">044-9075367<\/td>\n<td width=\"155\">OMO ma ja ti AJO<\/td>\n<\/tr>\n<tr>\n<td width=\"185\">OMO arabia\/kurdi<\/td>\n<td width=\"177\">Mahamed Tahir Rezhin<\/td>\n<td width=\"109\">040-6527261<\/td>\n<td width=\"155\">MAI kurdi ke ja pe HAL<\/td>\n<\/tr>\n<tr>\n<td width=\"185\">MAI arabia<\/td>\n<td width=\"177\">Al-Amarah Saifan<\/td>\n<td width=\"109\"><\/td>\n<td width=\"155\">to HAL<\/td>\n<\/tr>\n<tr>\n<td width=\"185\">MAI sinhala<\/td>\n<td width=\"177\">Halawathage Kaushalya<\/td>\n<td width=\"109\"><\/td>\n<td width=\"155\">ma NUM<\/td>\n<\/tr>\n<tr>\n<td width=\"185\">MAI turkki<\/td>\n<td width=\"177\">K\u00fct\u00fck Hatice<\/td>\n<td width=\"109\"><\/td>\n<td width=\"155\">pe HAL<\/td>\n<\/tr>\n<tr>\n<td width=\"185\">MAI persia<\/td>\n<td width=\"177\">Rahgoui Farida<\/td>\n<td width=\"109\"><\/td>\n<td width=\"155\">to NUM<\/td>\n<\/tr>\n<\/tbody>\n<\/table>\n<table width=\"626\">\n<tbody>\n<tr>\n<td colspan=\"2\" width=\"362\"><strong>Koulunk\u00e4ynninohjaajat, Aurajoki<\/strong><\/td>\n<td width=\"109\"><\/td>\n<td width=\"155\"><\/td>\n<\/tr>\n<tr>\n<td width=\"185\"><\/td>\n<td width=\"177\"><strong>nimi<\/strong><\/td>\n<td width=\"109\"><strong>ty\u00f6puhelin<\/strong><\/td>\n<td width=\"155\"><\/td>\n<\/tr>\n<tr>\n<td width=\"185\"><\/td>\n<td width=\"177\">Bertenyi Albert<\/td>\n<td width=\"109\">044-9016483<\/td>\n<td width=\"155\"><\/td>\n<\/tr>\n<tr>\n<td width=\"185\">SILTA-ohjaaja<\/td>\n<td width=\"177\">Chassebi Laial<\/td>\n<td width=\"109\">044-9073822<\/td>\n<td width=\"155\"><\/td>\n<\/tr>\n<tr>\n<td width=\"185\"><\/td>\n<td width=\"177\">Hugg Anna-Emilia<\/td>\n<td width=\"109\">044-9074033<\/td>\n<td><\/td>\n<\/tr>\n<tr>\n<td width=\"185\"><\/td>\n<td width=\"177\">J\u00e4rvi\u00f6 Nora<\/td>\n<td width=\"109\">040-6371190<\/td>\n<td width=\"155\"><\/td>\n<\/tr>\n<tr>\n<td width=\"185\"><\/td>\n<td width=\"177\">Kallava Janna<\/td>\n<td width=\"109\">044-9075992<\/td>\n<td width=\"155\"><\/td>\n<\/tr>\n<tr>\n<td width=\"185\"><\/td>\n<td width=\"177\">Kallionp\u00e4\u00e4 Heidi<\/td>\n<td width=\"109\">044-9072206<\/td>\n<td width=\"155\">Vain viestit!<\/td>\n<\/tr>\n<tr>\n<td width=\"185\"><\/td>\n<td width=\"177\">Loponen Jyrki<\/td>\n<td width=\"109\">040-5732284<\/td>\n<td width=\"155\"><\/td>\n<\/tr>\n<tr>\n<td width=\"185\"><\/td>\n<td width=\"177\">M\u00e4kinen Eero<\/td>\n<td width=\"109\">044-9075232<\/td>\n<td width=\"155\"><\/td>\n<\/tr>\n<tr>\n<td width=\"185\"><\/td>\n<td width=\"177\">P\u00e4kkil\u00e4 Veeti<\/td>\n<td width=\"109\">044-9022448<\/td>\n<td><\/td>\n<\/tr>\n<tr>\n<td width=\"185\"><\/td>\n<td width=\"177\">Bamern Helin<\/td>\n<td width=\"109\"><\/td>\n<td width=\"155\"><\/td>\n<\/tr>\n<tr>\n<td width=\"185\"><\/td>\n<td width=\"177\"><\/td>\n<td width=\"109\"><\/td>\n<td width=\"155\"><\/td>\n<\/tr>\n<tr>\n<td width=\"185\"><\/td>\n<td width=\"177\"><\/td>\n<td width=\"109\"><\/td>\n<td width=\"155\"><\/td>\n<\/tr>\n<\/tbody>\n<\/table>\n<table width=\"626\">\n<tbody>\n<tr>\n<td colspan=\"2\" width=\"362\"><strong>Muut koulunk\u00e4ynninohjaajat<\/strong><\/td>\n<td width=\"109\"><\/td>\n<td width=\"155\"><\/td>\n<\/tr>\n<tr>\n<td width=\"185\"><\/td>\n<td width=\"177\"><strong>nimi<\/strong><\/td>\n<td width=\"109\"><strong>ty\u00f6puhelin<\/strong><\/td>\n<td width=\"155\"><\/td>\n<\/tr>\n<tr>\n<td width=\"185\">OMO-ohjaaja, TLK<\/td>\n<td width=\"177\">Aladashvili Marina<\/td>\n<td width=\"109\">040-7457406<\/td>\n<td>ti alakoulu<\/td>\n<\/tr>\n<tr>\n<td width=\"185\">OMO-ohjaaja, HAN<\/td>\n<td width=\"177\">Namani Mimoza<\/td>\n<td width=\"109\"><\/td>\n<td width=\"155\">ma ja ti yl\u00e4koulu<\/td>\n<\/tr>\n<tr>\n<td width=\"185\"><\/td>\n<td width=\"177\"><\/td>\n<td width=\"109\"><\/td>\n<td width=\"155\"><\/td>\n<\/tr>\n<tr>\n<td colspan=\"2\" width=\"362\"><strong>Koulunuorisoty\u00f6ntekij\u00e4<\/strong><\/td>\n<td width=\"109\"><\/td>\n<td width=\"155\"><\/td>\n<\/tr>\n<tr>\n<td width=\"185\"><\/td>\n<td width=\"177\"><strong>nimi<\/strong><\/td>\n<td width=\"109\"><strong>ty\u00f6puhelin<\/strong><\/td>\n<td width=\"155\"><\/td>\n<\/tr>\n<tr>\n<td width=\"185\"><\/td>\n<td width=\"177\">H\u00e4rk\u00f6nen Jenni<\/td>\n<td width=\"109\">050-5247972<\/td>\n<td><\/td>\n<\/tr>\n<\/tbody>\n<\/table>\n","protected":false},"excerpt":{"rendered":"<p>&nbsp; Sivua p\u00e4ivitetty 1\/2026 Yl\u00e4koulun opettajat Aurajoen yksikk\u00f6 luokka luokanohjaajan nimi luokanohjaajan ty\u00f6puhelin opetustila 7A NUM M\u00e4nnist\u00f6 P\u00e4ivi 040-1546885 A11 7B NUM Valtonen Heli 040-1925427 A9 7C NUM Lonka Siiri 040-1952956 Y24 7D NUM Tolonen Sirpa 040-5849522 A3 7E NUM Lehtonen Henriikka 044-9073419 A18 7F NUM Muuttonen Piia 040-1972254 Y23 7G NUM Peura Harri 040-3592642 &hellip; <a href=\"https:\/\/blog.edu.turku.fi\/nummenpakka\/yhteystiedot\/opettajat-aurajoki\/\" class=\"more-link\">Jatka lukemista<span class=\"screen-reader-text\"> &#8221;Henkil\u00f6st\u00f6 Aurajoki (7.-9.lk)&#8221;<\/span><\/a><\/p>\n","protected":false},"author":33,"featured_media":0,"parent":36,"menu_order":0,"comment_status":"closed","ping_status":"closed","template":"","meta":{"footnotes":""},"class_list":["post-82","page","type-page","status-publish","hentry"],"_links":{"self":[{"href":"https:\/\/blog.edu.turku.fi\/nummenpakka\/wp-json\/wp\/v2\/pages\/82","targetHints":{"allow":["GET"]}}],"collection":[{"href":"https:\/\/blog.edu.turku.fi\/nummenpakka\/wp-json\/wp\/v2\/pages"}],"about":[{"href":"https:\/\/blog.edu.turku.fi\/nummenpakka\/wp-json\/wp\/v2\/types\/page"}],"author":[{"embeddable":true,"href":"https:\/\/blog.edu.turku.fi\/nummenpakka\/wp-json\/wp\/v2\/users\/33"}],"replies":[{"embeddable":true,"href":"https:\/\/blog.edu.turku.fi\/nummenpakka\/wp-json\/wp\/v2\/comments?post=82"}],"version-history":[{"count":200,"href":"https:\/\/blog.edu.turku.fi\/nummenpakka\/wp-json\/wp\/v2\/pages\/82\/revisions"}],"predecessor-version":[{"id":4826,"href":"https:\/\/blog.edu.turku.fi\/nummenpakka\/wp-json\/wp\/v2\/pages\/82\/revisions\/4826"}],"up":[{"embeddable":true,"href":"https:\/\/blog.edu.turku.fi\/nummenpakka\/wp-json\/wp\/v2\/pages\/36"}],"wp:attachment":[{"href":"https:\/\/blog.edu.turku.fi\/nummenpakka\/wp-json\/wp\/v2\/media?parent=82"}],"curies":[{"name":"wp","href":"https:\/\/api.w.org\/{rel}","templated":true}]}}